{"id":397819,"date":"2024-03-19T07:35:32","date_gmt":"2024-03-19T07:35:36","guid":{"rendered":"https:\/\/www.erresse-shop.it\/?post_type=product&#038;p=397819"},"modified":"2024-03-19T07:51:29","modified_gmt":"2024-03-19T07:51:29","slug":"ninja-woodifire-carro-plegable-para-barbacoa-electrica","status":"publish","type":"product","link":"https:\/\/www.erresse-shop.it\/es\/shop\/pequenos-electrodomesticos\/hornos\/ninja-woodifire-carro-plegable-para-barbacoa-electrica\/","title":{"rendered":"NINJA Woodifire Carro plegable para barbacoa el\u00e9ctrica"},"content":{"rendered":"<p>Este carro plegable est\u00e1 hecho a medida para la barbacoa el\u00e9ctrica Ninja Woodfire. Dise\u00f1ado para mantener la parrilla en su sitio, tambi\u00e9n cuenta con un pr\u00e1ctico portaherramientas y se pliega para facilitar su transporte a donde desee.<\/p>\n<p><b><u><strong>No a la venta fuera de Europa<\/strong><\/u><\/b><\/p>\n","protected":false},"excerpt":{"rendered":"<p>Este carro plegable est\u00e1 hecho a medida para la barbacoa el\u00e9ctrica Ninja Woodfire. Dise\u00f1ado para mantener la parrilla en su<\/p>\n","protected":false},"featured_media":437165,"template":"","meta":{"_acf_changed":false,"inline_featured_image":false},"product_cat":[16079,16073],"product_tag":[16167,22592],"acf":[],"yoast_head":"<!-- This site is optimized with the Yoast SEO Premium plugin v18.6 (Yoast SEO v19.13) - https:\/\/yoast.com\/wordpress\/plugins\/seo\/ -->\n<title>NINJA Woodifire Carro plegable para barbacoa el\u00e9ctrica - Erresse Shop<\/title>\n<meta name=\"description\" content=\"Este carro plegable est\u00e1 hecho a medida para la barbacoa el\u00e9ctrica Ninja Woodfire. Dise\u00f1ado para mantener la parrilla en su sitio, tambi\u00e9n cuenta con un\" \/>\n<meta name=\"robots\" content=\"index, follow, max-snippet:-1, max-image-preview:large, max-video-preview:-1\" \/>\n<link rel=\"canonical\" href=\"https:\/\/www.erresse-shop.it\/es\/shop\/pequenos-electrodomesticos\/hornos\/ninja-woodifire-carro-plegable-para-barbacoa-electrica\/\" \/>\n<meta property=\"og:locale\" content=\"es_ES\" \/>\n<meta property=\"og:type\" content=\"article\" \/>\n<meta property=\"og:title\" content=\"NINJA Woodifire Carro plegable para barbacoa el\u00e9ctrica\" \/>\n<meta property=\"og:description\" content=\"Este carro plegable est\u00e1 hecho a medida para la barbacoa el\u00e9ctrica Ninja Woodfire. Dise\u00f1ado para mantener la parrilla en su sitio, tambi\u00e9n cuenta con un\" \/>\n<meta property=\"og:url\" content=\"https:\/\/www.erresse-shop.it\/es\/shop\/pequenos-electrodomesticos\/hornos\/ninja-woodifire-carro-plegable-para-barbacoa-electrica\/\" \/>\n<meta property=\"og:site_name\" content=\"Erresse Shop\" \/>\n<meta property=\"article:modified_time\" content=\"2024-03-19T07:51:29+00:00\" \/>\n<meta property=\"og:image\" content=\"https:\/\/www.erresse-shop.it\/wp-content\/uploads\/2024\/03\/NINJA-Woodifire-Carrello-Pieghevole-per-Barbecue-Elettrico.jpg\" \/>\n\t<meta property=\"og:image:width\" content=\"1200\" \/>\n\t<meta property=\"og:image:height\" content=\"1200\" \/>\n\t<meta property=\"og:image:type\" content=\"image\/jpeg\" \/>\n<meta name=\"twitter:card\" content=\"summary_large_image\" \/>\n<script type=\"application\/ld+json\" class=\"yoast-schema-graph\">{\"@context\":\"https:\/\/schema.org\",\"@graph\":[{\"@type\":\"WebPage\",\"@id\":\"https:\/\/www.erresse-shop.it\/es\/shop\/pequenos-electrodomesticos\/hornos\/ninja-woodifire-carro-plegable-para-barbacoa-electrica\/\",\"url\":\"https:\/\/www.erresse-shop.it\/es\/shop\/pequenos-electrodomesticos\/hornos\/ninja-woodifire-carro-plegable-para-barbacoa-electrica\/\",\"name\":\"NINJA Woodifire Carro plegable para barbacoa el\u00e9ctrica - Erresse Shop\",\"isPartOf\":{\"@id\":\"https:\/\/www.erresse-shop.it\/es\/#website\"},\"datePublished\":\"2024-03-19T07:35:36+00:00\",\"dateModified\":\"2024-03-19T07:51:29+00:00\",\"description\":\"Este carro plegable est\u00e1 hecho a medida para la barbacoa el\u00e9ctrica Ninja Woodfire. Dise\u00f1ado para mantener la parrilla en su sitio, tambi\u00e9n cuenta con un\",\"breadcrumb\":{\"@id\":\"https:\/\/www.erresse-shop.it\/es\/shop\/pequenos-electrodomesticos\/hornos\/ninja-woodifire-carro-plegable-para-barbacoa-electrica\/#breadcrumb\"},\"inLanguage\":\"es\",\"potentialAction\":[{\"@type\":\"ReadAction\",\"target\":[\"https:\/\/www.erresse-shop.it\/es\/shop\/pequenos-electrodomesticos\/hornos\/ninja-woodifire-carro-plegable-para-barbacoa-electrica\/\"]}]},{\"@type\":\"BreadcrumbList\",\"@id\":\"https:\/\/www.erresse-shop.it\/es\/shop\/pequenos-electrodomesticos\/hornos\/ninja-woodifire-carro-plegable-para-barbacoa-electrica\/#breadcrumb\",\"itemListElement\":[{\"@type\":\"ListItem\",\"position\":1,\"name\":\"Home\",\"item\":\"https:\/\/www.erresse-shop.it\/es\/\"},{\"@type\":\"ListItem\",\"position\":2,\"name\":\"Shop\",\"item\":\"https:\/\/www.erresse-shop.it\/es\/shop\/\"},{\"@type\":\"ListItem\",\"position\":3,\"name\":\"NINJA Woodifire Carro plegable para barbacoa el\u00e9ctrica\"}]},{\"@type\":\"WebSite\",\"@id\":\"https:\/\/www.erresse-shop.it\/es\/#website\",\"url\":\"https:\/\/www.erresse-shop.it\/es\/\",\"name\":\"Erresse Shop\",\"description\":\"Articoli di qualit\u00e0 per la casa\",\"potentialAction\":[{\"@type\":\"SearchAction\",\"target\":{\"@type\":\"EntryPoint\",\"urlTemplate\":\"https:\/\/www.erresse-shop.it\/es\/?s={search_term_string}\"},\"query-input\":\"required name=search_term_string\"}],\"inLanguage\":\"es\"}]}<\/script>\n<!-- \/ Yoast SEO Premium plugin. -->","yoast_head_json":{"title":"NINJA Woodifire Carro plegable para barbacoa el\u00e9ctrica - Erresse Shop","description":"Este carro plegable est\u00e1 hecho a medida para la barbacoa el\u00e9ctrica Ninja Woodfire. Dise\u00f1ado para mantener la parrilla en su sitio, tambi\u00e9n cuenta con un","robots":{"index":"index","follow":"follow","max-snippet":"max-snippet:-1","max-image-preview":"max-image-preview:large","max-video-preview":"max-video-preview:-1"},"canonical":"https:\/\/www.erresse-shop.it\/es\/shop\/pequenos-electrodomesticos\/hornos\/ninja-woodifire-carro-plegable-para-barbacoa-electrica\/","og_locale":"es_ES","og_type":"article","og_title":"NINJA Woodifire Carro plegable para barbacoa el\u00e9ctrica","og_description":"Este carro plegable est\u00e1 hecho a medida para la barbacoa el\u00e9ctrica Ninja Woodfire. Dise\u00f1ado para mantener la parrilla en su sitio, tambi\u00e9n cuenta con un","og_url":"https:\/\/www.erresse-shop.it\/es\/shop\/pequenos-electrodomesticos\/hornos\/ninja-woodifire-carro-plegable-para-barbacoa-electrica\/","og_site_name":"Erresse Shop","article_modified_time":"2024-03-19T07:51:29+00:00","og_image":[{"width":1200,"height":1200,"url":"https:\/\/www.erresse-shop.it\/wp-content\/uploads\/2024\/03\/NINJA-Woodifire-Carrello-Pieghevole-per-Barbecue-Elettrico.jpg","type":"image\/jpeg"}],"twitter_card":"summary_large_image","schema":{"@context":"https:\/\/schema.org","@graph":[{"@type":"WebPage","@id":"https:\/\/www.erresse-shop.it\/es\/shop\/pequenos-electrodomesticos\/hornos\/ninja-woodifire-carro-plegable-para-barbacoa-electrica\/","url":"https:\/\/www.erresse-shop.it\/es\/shop\/pequenos-electrodomesticos\/hornos\/ninja-woodifire-carro-plegable-para-barbacoa-electrica\/","name":"NINJA Woodifire Carro plegable para barbacoa el\u00e9ctrica - Erresse Shop","isPartOf":{"@id":"https:\/\/www.erresse-shop.it\/es\/#website"},"datePublished":"2024-03-19T07:35:36+00:00","dateModified":"2024-03-19T07:51:29+00:00","description":"Este carro plegable est\u00e1 hecho a medida para la barbacoa el\u00e9ctrica Ninja Woodfire. Dise\u00f1ado para mantener la parrilla en su sitio, tambi\u00e9n cuenta con un","breadcrumb":{"@id":"https:\/\/www.erresse-shop.it\/es\/shop\/pequenos-electrodomesticos\/hornos\/ninja-woodifire-carro-plegable-para-barbacoa-electrica\/#breadcrumb"},"inLanguage":"es","potentialAction":[{"@type":"ReadAction","target":["https:\/\/www.erresse-shop.it\/es\/shop\/pequenos-electrodomesticos\/hornos\/ninja-woodifire-carro-plegable-para-barbacoa-electrica\/"]}]},{"@type":"BreadcrumbList","@id":"https:\/\/www.erresse-shop.it\/es\/shop\/pequenos-electrodomesticos\/hornos\/ninja-woodifire-carro-plegable-para-barbacoa-electrica\/#breadcrumb","itemListElement":[{"@type":"ListItem","position":1,"name":"Home","item":"https:\/\/www.erresse-shop.it\/es\/"},{"@type":"ListItem","position":2,"name":"Shop","item":"https:\/\/www.erresse-shop.it\/es\/shop\/"},{"@type":"ListItem","position":3,"name":"NINJA Woodifire Carro plegable para barbacoa el\u00e9ctrica"}]},{"@type":"WebSite","@id":"https:\/\/www.erresse-shop.it\/es\/#website","url":"https:\/\/www.erresse-shop.it\/es\/","name":"Erresse Shop","description":"Articoli di qualit\u00e0 per la casa","potentialAction":[{"@type":"SearchAction","target":{"@type":"EntryPoint","urlTemplate":"https:\/\/www.erresse-shop.it\/es\/?s={search_term_string}"},"query-input":"required name=search_term_string"}],"inLanguage":"es"}]}},"df_price":129.99,"df_sale_price":129.99,"df_regular_price":129.99,"df_image_link":"https:\/\/www.erresse-shop.it\/wp-content\/uploads\/2024\/03\/NINJA-Woodifire-Carrello-Pieghevole-per-Barbecue-Elettrico-300x300.jpg","_links":{"self":[{"href":"https:\/\/www.erresse-shop.it\/es\/wp-json\/wp\/v2\/product\/397819"}],"collection":[{"href":"https:\/\/www.erresse-shop.it\/es\/wp-json\/wp\/v2\/product"}],"about":[{"href":"https:\/\/www.erresse-shop.it\/es\/wp-json\/wp\/v2\/types\/product"}],"wp:featuredmedia":[{"embeddable":true,"href":"https:\/\/www.erresse-shop.it\/es\/wp-json\/wp\/v2\/media\/437165"}],"wp:attachment":[{"href":"https:\/\/www.erresse-shop.it\/es\/wp-json\/wp\/v2\/media?parent=397819"}],"wp:term":[{"taxonomy":"product_cat","embeddable":true,"href":"https:\/\/www.erresse-shop.it\/es\/wp-json\/wp\/v2\/product_cat?post=397819"},{"taxonomy":"product_tag","embeddable":true,"href":"https:\/\/www.erresse-shop.it\/es\/wp-json\/wp\/v2\/product_tag?post=397819"}],"curies":[{"name":"wp","href":"https:\/\/api.w.org\/{rel}","templated":true}]}}