{"id":397800,"date":"2024-03-19T07:25:11","date_gmt":"2024-03-19T07:25:15","guid":{"rendered":"https:\/\/www.erresse-shop.it\/?post_type=product&#038;p=397800"},"modified":"2024-03-19T07:31:50","modified_gmt":"2024-03-19T07:31:50","slug":"ninja-estuche-para-barbacoa-electrica-woodfire","status":"publish","type":"product","link":"https:\/\/www.erresse-shop.it\/es\/shop\/pequenos-electrodomesticos\/parrillas-y-barbacoas\/ninja-estuche-para-barbacoa-electrica-woodfire\/","title":{"rendered":"NINJA Estuche para barbacoa el\u00e9ctrica Woodfire"},"content":{"rendered":"<p>Aumente la protecci\u00f3n de su barbacoa el\u00e9ctrica Ninja Woodfire con esta funda para mantenerla en su mejor estado.<\/p>\n<p>Tejido antidescoloramiento: tratado con inhibidores de rayos UV para bloquear los rayos del sol<\/p>\n<p>Resistente al agua: material ligero que protege contra los elementos<\/p>\n<p>Cierre perfecto: el cord\u00f3n el\u00e1stico mantiene la funda firmemente en su sitio<\/p>\n<p><u><strong>No se vende fuera de Europa<\/strong><\/u><\/p>\n","protected":false},"excerpt":{"rendered":"<p>Aumente la protecci\u00f3n de su barbacoa el\u00e9ctrica Ninja Woodfire con esta funda para mantenerla en su mejor estado. Tejido antidescoloramiento:<\/p>\n","protected":false},"featured_media":492519,"template":"","meta":{"_acf_changed":false,"inline_featured_image":false},"product_cat":[16083,16073],"product_tag":[16402],"acf":[],"yoast_head":"<!-- This site is optimized with the Yoast SEO Premium plugin v18.6 (Yoast SEO v19.13) - https:\/\/yoast.com\/wordpress\/plugins\/seo\/ -->\n<title>NINJA Estuche para barbacoa el\u00e9ctrica Woodfire - Erresse Shop<\/title>\n<meta name=\"description\" content=\"Aumente la protecci\u00f3n de su barbacoa el\u00e9ctrica Ninja Woodfire con esta funda para mantenerla en su mejor estado. Tejido antidescoloramiento: tratado con\" \/>\n<meta name=\"robots\" content=\"index, follow, max-snippet:-1, max-image-preview:large, max-video-preview:-1\" \/>\n<link rel=\"canonical\" href=\"https:\/\/www.erresse-shop.it\/es\/shop\/pequenos-electrodomesticos\/parrillas-y-barbacoas\/ninja-estuche-para-barbacoa-electrica-woodfire\/\" \/>\n<meta property=\"og:locale\" content=\"es_ES\" \/>\n<meta property=\"og:type\" content=\"article\" \/>\n<meta property=\"og:title\" content=\"NINJA Estuche para barbacoa el\u00e9ctrica Woodfire\" \/>\n<meta property=\"og:description\" content=\"Aumente la protecci\u00f3n de su barbacoa el\u00e9ctrica Ninja Woodfire con esta funda para mantenerla en su mejor estado. Tejido antidescoloramiento: tratado con\" \/>\n<meta property=\"og:url\" content=\"https:\/\/www.erresse-shop.it\/es\/shop\/pequenos-electrodomesticos\/parrillas-y-barbacoas\/ninja-estuche-para-barbacoa-electrica-woodfire\/\" \/>\n<meta property=\"og:site_name\" content=\"Erresse Shop\" \/>\n<meta property=\"article:modified_time\" content=\"2024-03-19T07:31:50+00:00\" \/>\n<meta property=\"og:image\" content=\"https:\/\/www.erresse-shop.it\/wp-content\/uploads\/2024\/03\/NINJA-CUSTODIA-PER-BARBECUE-ELETTRICO-NINJA-WOODFIRE-XSKCOVEREUUK.png\" \/>\n\t<meta property=\"og:image:width\" content=\"800\" \/>\n\t<meta property=\"og:image:height\" content=\"800\" \/>\n\t<meta property=\"og:image:type\" content=\"image\/png\" \/>\n<meta name=\"twitter:card\" content=\"summary_large_image\" \/>\n<script type=\"application\/ld+json\" class=\"yoast-schema-graph\">{\"@context\":\"https:\/\/schema.org\",\"@graph\":[{\"@type\":\"WebPage\",\"@id\":\"https:\/\/www.erresse-shop.it\/es\/shop\/pequenos-electrodomesticos\/parrillas-y-barbacoas\/ninja-estuche-para-barbacoa-electrica-woodfire\/\",\"url\":\"https:\/\/www.erresse-shop.it\/es\/shop\/pequenos-electrodomesticos\/parrillas-y-barbacoas\/ninja-estuche-para-barbacoa-electrica-woodfire\/\",\"name\":\"NINJA Estuche para barbacoa el\u00e9ctrica Woodfire - Erresse Shop\",\"isPartOf\":{\"@id\":\"https:\/\/www.erresse-shop.it\/es\/#website\"},\"datePublished\":\"2024-03-19T07:25:15+00:00\",\"dateModified\":\"2024-03-19T07:31:50+00:00\",\"description\":\"Aumente la protecci\u00f3n de su barbacoa el\u00e9ctrica Ninja Woodfire con esta funda para mantenerla en su mejor estado. Tejido antidescoloramiento: tratado con\",\"breadcrumb\":{\"@id\":\"https:\/\/www.erresse-shop.it\/es\/shop\/pequenos-electrodomesticos\/parrillas-y-barbacoas\/ninja-estuche-para-barbacoa-electrica-woodfire\/#breadcrumb\"},\"inLanguage\":\"es\",\"potentialAction\":[{\"@type\":\"ReadAction\",\"target\":[\"https:\/\/www.erresse-shop.it\/es\/shop\/pequenos-electrodomesticos\/parrillas-y-barbacoas\/ninja-estuche-para-barbacoa-electrica-woodfire\/\"]}]},{\"@type\":\"BreadcrumbList\",\"@id\":\"https:\/\/www.erresse-shop.it\/es\/shop\/pequenos-electrodomesticos\/parrillas-y-barbacoas\/ninja-estuche-para-barbacoa-electrica-woodfire\/#breadcrumb\",\"itemListElement\":[{\"@type\":\"ListItem\",\"position\":1,\"name\":\"Home\",\"item\":\"https:\/\/www.erresse-shop.it\/es\/\"},{\"@type\":\"ListItem\",\"position\":2,\"name\":\"Shop\",\"item\":\"https:\/\/www.erresse-shop.it\/es\/shop\/\"},{\"@type\":\"ListItem\",\"position\":3,\"name\":\"NINJA Estuche para barbacoa el\u00e9ctrica Woodfire\"}]},{\"@type\":\"WebSite\",\"@id\":\"https:\/\/www.erresse-shop.it\/es\/#website\",\"url\":\"https:\/\/www.erresse-shop.it\/es\/\",\"name\":\"Erresse Shop\",\"description\":\"Articoli di qualit\u00e0 per la casa\",\"potentialAction\":[{\"@type\":\"SearchAction\",\"target\":{\"@type\":\"EntryPoint\",\"urlTemplate\":\"https:\/\/www.erresse-shop.it\/es\/?s={search_term_string}\"},\"query-input\":\"required name=search_term_string\"}],\"inLanguage\":\"es\"}]}<\/script>\n<!-- \/ Yoast SEO Premium plugin. -->","yoast_head_json":{"title":"NINJA Estuche para barbacoa el\u00e9ctrica Woodfire - Erresse Shop","description":"Aumente la protecci\u00f3n de su barbacoa el\u00e9ctrica Ninja Woodfire con esta funda para mantenerla en su mejor estado. Tejido antidescoloramiento: tratado con","robots":{"index":"index","follow":"follow","max-snippet":"max-snippet:-1","max-image-preview":"max-image-preview:large","max-video-preview":"max-video-preview:-1"},"canonical":"https:\/\/www.erresse-shop.it\/es\/shop\/pequenos-electrodomesticos\/parrillas-y-barbacoas\/ninja-estuche-para-barbacoa-electrica-woodfire\/","og_locale":"es_ES","og_type":"article","og_title":"NINJA Estuche para barbacoa el\u00e9ctrica Woodfire","og_description":"Aumente la protecci\u00f3n de su barbacoa el\u00e9ctrica Ninja Woodfire con esta funda para mantenerla en su mejor estado. Tejido antidescoloramiento: tratado con","og_url":"https:\/\/www.erresse-shop.it\/es\/shop\/pequenos-electrodomesticos\/parrillas-y-barbacoas\/ninja-estuche-para-barbacoa-electrica-woodfire\/","og_site_name":"Erresse Shop","article_modified_time":"2024-03-19T07:31:50+00:00","og_image":[{"width":800,"height":800,"url":"https:\/\/www.erresse-shop.it\/wp-content\/uploads\/2024\/03\/NINJA-CUSTODIA-PER-BARBECUE-ELETTRICO-NINJA-WOODFIRE-XSKCOVEREUUK.png","type":"image\/png"}],"twitter_card":"summary_large_image","schema":{"@context":"https:\/\/schema.org","@graph":[{"@type":"WebPage","@id":"https:\/\/www.erresse-shop.it\/es\/shop\/pequenos-electrodomesticos\/parrillas-y-barbacoas\/ninja-estuche-para-barbacoa-electrica-woodfire\/","url":"https:\/\/www.erresse-shop.it\/es\/shop\/pequenos-electrodomesticos\/parrillas-y-barbacoas\/ninja-estuche-para-barbacoa-electrica-woodfire\/","name":"NINJA Estuche para barbacoa el\u00e9ctrica Woodfire - Erresse Shop","isPartOf":{"@id":"https:\/\/www.erresse-shop.it\/es\/#website"},"datePublished":"2024-03-19T07:25:15+00:00","dateModified":"2024-03-19T07:31:50+00:00","description":"Aumente la protecci\u00f3n de su barbacoa el\u00e9ctrica Ninja Woodfire con esta funda para mantenerla en su mejor estado. Tejido antidescoloramiento: tratado con","breadcrumb":{"@id":"https:\/\/www.erresse-shop.it\/es\/shop\/pequenos-electrodomesticos\/parrillas-y-barbacoas\/ninja-estuche-para-barbacoa-electrica-woodfire\/#breadcrumb"},"inLanguage":"es","potentialAction":[{"@type":"ReadAction","target":["https:\/\/www.erresse-shop.it\/es\/shop\/pequenos-electrodomesticos\/parrillas-y-barbacoas\/ninja-estuche-para-barbacoa-electrica-woodfire\/"]}]},{"@type":"BreadcrumbList","@id":"https:\/\/www.erresse-shop.it\/es\/shop\/pequenos-electrodomesticos\/parrillas-y-barbacoas\/ninja-estuche-para-barbacoa-electrica-woodfire\/#breadcrumb","itemListElement":[{"@type":"ListItem","position":1,"name":"Home","item":"https:\/\/www.erresse-shop.it\/es\/"},{"@type":"ListItem","position":2,"name":"Shop","item":"https:\/\/www.erresse-shop.it\/es\/shop\/"},{"@type":"ListItem","position":3,"name":"NINJA Estuche para barbacoa el\u00e9ctrica Woodfire"}]},{"@type":"WebSite","@id":"https:\/\/www.erresse-shop.it\/es\/#website","url":"https:\/\/www.erresse-shop.it\/es\/","name":"Erresse Shop","description":"Articoli di qualit\u00e0 per la casa","potentialAction":[{"@type":"SearchAction","target":{"@type":"EntryPoint","urlTemplate":"https:\/\/www.erresse-shop.it\/es\/?s={search_term_string}"},"query-input":"required name=search_term_string"}],"inLanguage":"es"}]}},"df_price":14.95,"df_sale_price":14.95,"df_regular_price":19.99,"df_image_link":"https:\/\/www.erresse-shop.it\/wp-content\/uploads\/2024\/03\/NINJA-Woodfire-Custodia-per-Barbecue-Elettrico-300x300.jpg","_links":{"self":[{"href":"https:\/\/www.erresse-shop.it\/es\/wp-json\/wp\/v2\/product\/397800"}],"collection":[{"href":"https:\/\/www.erresse-shop.it\/es\/wp-json\/wp\/v2\/product"}],"about":[{"href":"https:\/\/www.erresse-shop.it\/es\/wp-json\/wp\/v2\/types\/product"}],"wp:featuredmedia":[{"embeddable":true,"href":"https:\/\/www.erresse-shop.it\/es\/wp-json\/wp\/v2\/media\/492519"}],"wp:attachment":[{"href":"https:\/\/www.erresse-shop.it\/es\/wp-json\/wp\/v2\/media?parent=397800"}],"wp:term":[{"taxonomy":"product_cat","embeddable":true,"href":"https:\/\/www.erresse-shop.it\/es\/wp-json\/wp\/v2\/product_cat?post=397800"},{"taxonomy":"product_tag","embeddable":true,"href":"https:\/\/www.erresse-shop.it\/es\/wp-json\/wp\/v2\/product_tag?post=397800"}],"curies":[{"name":"wp","href":"https:\/\/api.w.org\/{rel}","templated":true}]}}