{"id":397778,"date":"2024-03-19T07:08:44","date_gmt":"2024-03-19T07:08:49","guid":{"rendered":"https:\/\/www.erresse-shop.it\/?post_type=product&#038;p=397778"},"modified":"2024-06-24T00:00:09","modified_gmt":"2024-06-24T00:00:09","slug":"ninja-foodi-max-grill-y-freidora-de-aire","status":"publish","type":"product","link":"https:\/\/www.erresse-shop.it\/es\/shop\/pequenos-electrodomesticos\/procesadores-de-alimentos\/ninja-foodi-max-grill-y-freidora-de-aire\/","title":{"rendered":"NINJA Foodi Max grill y freidora de aire"},"content":{"rendered":"<p>Grill y freidora de aire con 6 funciones de cocci\u00f3n: fre\u00edr con aire, hornear, asar, calentar, secar y gratinar. Sistema Smart Cook con sonda digital. Placa de grill con control de temperatura, protecci\u00f3n contra salpicaduras y zona de aire fr\u00edo para reducir los humos durante la cocci\u00f3n. Libro de recetas incluido.<\/p>\n<p>M\u00e1s que un grill. 6 funciones de cocci\u00f3n: fre\u00edr al aire, hornear, asar, recalentar, secar y gratinar. \u00bfC\u00f3mo le gusta su filete? Poco hecho, medio, bien hecho: \u00a1elige tu cocci\u00f3n favorita y deja que el sistema Smart Cook haga todo el trabajo! No hay lugar para el error, s\u00f3lo pescado y carne cocinados a la perfecci\u00f3n, \u00a1exactamente como a usted le gustan! La sonda de cocci\u00f3n digital fija controla constantemente la temperatura de los alimentos durante la cocci\u00f3n y le indica cu\u00e1ndo est\u00e1n listos.<\/p>\n<p>Desde pollo asado a pescado, desde kebabs a patatas fritas, cocina tanto ingredientes frescos como congelados de forma uniforme y r\u00e1pida utilizando poco o nada de aceite. Saboree el sabor de una aut\u00e9ntica barbacoa sin necesidad de darle la vuelta.<\/p>\n<p><b><strong>FICHA T\u00c9CNICA:<\/strong><\/b><\/p>\n<p>Dimensiones del producto (cm): 27 x 39 x 41 cm<\/p>\n<p>Potencia nominal: 2460W<\/p>\n<p>Garant\u00eda: 2 a\u00f1os<\/p>\n<p>Capacidad: 3,8 L<\/p>\n<p>Pared fr\u00eda exterior: S\u00ed<\/p>\n<p>Peso del producto: 10,18 kg<\/p>\n<p>Pies antideslizantes: S\u00ed<\/p>\n<p>Temporizador: S\u00ed<\/p>\n<p>Funciones preestablecidas: Grill Air Fry Bake Roast Dehydrate Reheat<\/p>\n<p><b><strong>CONTIENE:<\/strong><\/b><\/p>\n<p>1 Unidad Air Grill de 1760W<\/p>\n<p>1 Sonda de cocci\u00f3n digital<\/p>\n<p>1 Olla con revestimiento cer\u00e1mico<\/p>\n<p>1 Cesta de fre\u00edr revestida de cer\u00e1mica<\/p>\n<p>1 Placa grill revestida de cer\u00e1mica<\/p>\n<p>1 Cepillo de limpieza con esp\u00e1tula<\/p>\n<p>1 Protector contra salpicaduras<\/p>\n<p>Manual de instrucciones<\/p>\n<p>Libro de cocina<\/p>\n<p>Gu\u00eda r\u00e1pida de uso<\/p>\n<p><b><u><strong>No se vende fuera de Europa<\/strong><\/u><\/b><\/p>\n","protected":false},"excerpt":{"rendered":"<p>Grill y freidora de aire con 6 funciones de cocci\u00f3n: fre\u00edr con aire, hornear, asar, calentar, secar y gratinar. Sistema<\/p>\n","protected":false},"featured_media":520239,"template":"","meta":{"_acf_changed":false,"inline_featured_image":false},"product_cat":[21504,16073,16077],"product_tag":[20949,16402,24605],"acf":[],"yoast_head":"<!-- This site is optimized with the Yoast SEO Premium plugin v18.6 (Yoast SEO v19.13) - https:\/\/yoast.com\/wordpress\/plugins\/seo\/ -->\n<title>NINJA Foodi Max grill y freidora de aire - Erresse Shop<\/title>\n<meta name=\"description\" content=\"Grill y freidora de aire con 6 funciones de cocci\u00f3n: fre\u00edr con aire, hornear, asar, calentar, secar y gratinar. Sistema Smart Cook con sonda digital.\" \/>\n<meta name=\"robots\" content=\"index, follow, max-snippet:-1, max-image-preview:large, max-video-preview:-1\" \/>\n<link rel=\"canonical\" href=\"https:\/\/www.erresse-shop.it\/es\/shop\/pequenos-electrodomesticos\/procesadores-de-alimentos\/ninja-foodi-max-grill-y-freidora-de-aire\/\" \/>\n<meta property=\"og:locale\" content=\"es_ES\" \/>\n<meta property=\"og:type\" content=\"article\" \/>\n<meta property=\"og:title\" content=\"NINJA Foodi Max grill y freidora de aire\" \/>\n<meta property=\"og:description\" content=\"Grill y freidora de aire con 6 funciones de cocci\u00f3n: fre\u00edr con aire, hornear, asar, calentar, secar y gratinar. Sistema Smart Cook con sonda digital.\" \/>\n<meta property=\"og:url\" content=\"https:\/\/www.erresse-shop.it\/es\/shop\/pequenos-electrodomesticos\/procesadores-de-alimentos\/ninja-foodi-max-grill-y-freidora-de-aire\/\" \/>\n<meta property=\"og:site_name\" content=\"Erresse Shop\" \/>\n<meta property=\"article:modified_time\" content=\"2024-06-24T00:00:09+00:00\" \/>\n<meta property=\"og:image\" content=\"https:\/\/www.erresse-shop.it\/wp-content\/uploads\/2024\/03\/NINJA-GRIGLIA-E-FRIGGITRICE-AD-ARIA-NINJA-FOODI-MAX-AG551EU.png\" \/>\n\t<meta property=\"og:image:width\" content=\"800\" \/>\n\t<meta property=\"og:image:height\" content=\"800\" \/>\n\t<meta property=\"og:image:type\" content=\"image\/png\" \/>\n<meta name=\"twitter:card\" content=\"summary_large_image\" \/>\n<script type=\"application\/ld+json\" class=\"yoast-schema-graph\">{\"@context\":\"https:\/\/schema.org\",\"@graph\":[{\"@type\":\"WebPage\",\"@id\":\"https:\/\/www.erresse-shop.it\/es\/shop\/pequenos-electrodomesticos\/procesadores-de-alimentos\/ninja-foodi-max-grill-y-freidora-de-aire\/\",\"url\":\"https:\/\/www.erresse-shop.it\/es\/shop\/pequenos-electrodomesticos\/procesadores-de-alimentos\/ninja-foodi-max-grill-y-freidora-de-aire\/\",\"name\":\"NINJA Foodi Max grill y freidora de aire - Erresse Shop\",\"isPartOf\":{\"@id\":\"https:\/\/www.erresse-shop.it\/es\/#website\"},\"datePublished\":\"2024-03-19T07:08:49+00:00\",\"dateModified\":\"2024-06-24T00:00:09+00:00\",\"description\":\"Grill y freidora de aire con 6 funciones de cocci\u00f3n: fre\u00edr con aire, hornear, asar, calentar, secar y gratinar. Sistema Smart Cook con sonda digital.\",\"breadcrumb\":{\"@id\":\"https:\/\/www.erresse-shop.it\/es\/shop\/pequenos-electrodomesticos\/procesadores-de-alimentos\/ninja-foodi-max-grill-y-freidora-de-aire\/#breadcrumb\"},\"inLanguage\":\"es\",\"potentialAction\":[{\"@type\":\"ReadAction\",\"target\":[\"https:\/\/www.erresse-shop.it\/es\/shop\/pequenos-electrodomesticos\/procesadores-de-alimentos\/ninja-foodi-max-grill-y-freidora-de-aire\/\"]}]},{\"@type\":\"BreadcrumbList\",\"@id\":\"https:\/\/www.erresse-shop.it\/es\/shop\/pequenos-electrodomesticos\/procesadores-de-alimentos\/ninja-foodi-max-grill-y-freidora-de-aire\/#breadcrumb\",\"itemListElement\":[{\"@type\":\"ListItem\",\"position\":1,\"name\":\"Home\",\"item\":\"https:\/\/www.erresse-shop.it\/es\/\"},{\"@type\":\"ListItem\",\"position\":2,\"name\":\"Shop\",\"item\":\"https:\/\/www.erresse-shop.it\/es\/shop\/\"},{\"@type\":\"ListItem\",\"position\":3,\"name\":\"NINJA Foodi Max grill y freidora de aire\"}]},{\"@type\":\"WebSite\",\"@id\":\"https:\/\/www.erresse-shop.it\/es\/#website\",\"url\":\"https:\/\/www.erresse-shop.it\/es\/\",\"name\":\"Erresse Shop\",\"description\":\"Articoli di qualit\u00e0 per la casa\",\"potentialAction\":[{\"@type\":\"SearchAction\",\"target\":{\"@type\":\"EntryPoint\",\"urlTemplate\":\"https:\/\/www.erresse-shop.it\/es\/?s={search_term_string}\"},\"query-input\":\"required name=search_term_string\"}],\"inLanguage\":\"es\"}]}<\/script>\n<!-- \/ Yoast SEO Premium plugin. -->","yoast_head_json":{"title":"NINJA Foodi Max grill y freidora de aire - Erresse Shop","description":"Grill y freidora de aire con 6 funciones de cocci\u00f3n: fre\u00edr con aire, hornear, asar, calentar, secar y gratinar. Sistema Smart Cook con sonda digital.","robots":{"index":"index","follow":"follow","max-snippet":"max-snippet:-1","max-image-preview":"max-image-preview:large","max-video-preview":"max-video-preview:-1"},"canonical":"https:\/\/www.erresse-shop.it\/es\/shop\/pequenos-electrodomesticos\/procesadores-de-alimentos\/ninja-foodi-max-grill-y-freidora-de-aire\/","og_locale":"es_ES","og_type":"article","og_title":"NINJA Foodi Max grill y freidora de aire","og_description":"Grill y freidora de aire con 6 funciones de cocci\u00f3n: fre\u00edr con aire, hornear, asar, calentar, secar y gratinar. Sistema Smart Cook con sonda digital.","og_url":"https:\/\/www.erresse-shop.it\/es\/shop\/pequenos-electrodomesticos\/procesadores-de-alimentos\/ninja-foodi-max-grill-y-freidora-de-aire\/","og_site_name":"Erresse Shop","article_modified_time":"2024-06-24T00:00:09+00:00","og_image":[{"width":800,"height":800,"url":"https:\/\/www.erresse-shop.it\/wp-content\/uploads\/2024\/03\/NINJA-GRIGLIA-E-FRIGGITRICE-AD-ARIA-NINJA-FOODI-MAX-AG551EU.png","type":"image\/png"}],"twitter_card":"summary_large_image","schema":{"@context":"https:\/\/schema.org","@graph":[{"@type":"WebPage","@id":"https:\/\/www.erresse-shop.it\/es\/shop\/pequenos-electrodomesticos\/procesadores-de-alimentos\/ninja-foodi-max-grill-y-freidora-de-aire\/","url":"https:\/\/www.erresse-shop.it\/es\/shop\/pequenos-electrodomesticos\/procesadores-de-alimentos\/ninja-foodi-max-grill-y-freidora-de-aire\/","name":"NINJA Foodi Max grill y freidora de aire - Erresse Shop","isPartOf":{"@id":"https:\/\/www.erresse-shop.it\/es\/#website"},"datePublished":"2024-03-19T07:08:49+00:00","dateModified":"2024-06-24T00:00:09+00:00","description":"Grill y freidora de aire con 6 funciones de cocci\u00f3n: fre\u00edr con aire, hornear, asar, calentar, secar y gratinar. Sistema Smart Cook con sonda digital.","breadcrumb":{"@id":"https:\/\/www.erresse-shop.it\/es\/shop\/pequenos-electrodomesticos\/procesadores-de-alimentos\/ninja-foodi-max-grill-y-freidora-de-aire\/#breadcrumb"},"inLanguage":"es","potentialAction":[{"@type":"ReadAction","target":["https:\/\/www.erresse-shop.it\/es\/shop\/pequenos-electrodomesticos\/procesadores-de-alimentos\/ninja-foodi-max-grill-y-freidora-de-aire\/"]}]},{"@type":"BreadcrumbList","@id":"https:\/\/www.erresse-shop.it\/es\/shop\/pequenos-electrodomesticos\/procesadores-de-alimentos\/ninja-foodi-max-grill-y-freidora-de-aire\/#breadcrumb","itemListElement":[{"@type":"ListItem","position":1,"name":"Home","item":"https:\/\/www.erresse-shop.it\/es\/"},{"@type":"ListItem","position":2,"name":"Shop","item":"https:\/\/www.erresse-shop.it\/es\/shop\/"},{"@type":"ListItem","position":3,"name":"NINJA Foodi Max grill y freidora de aire"}]},{"@type":"WebSite","@id":"https:\/\/www.erresse-shop.it\/es\/#website","url":"https:\/\/www.erresse-shop.it\/es\/","name":"Erresse Shop","description":"Articoli di qualit\u00e0 per la casa","potentialAction":[{"@type":"SearchAction","target":{"@type":"EntryPoint","urlTemplate":"https:\/\/www.erresse-shop.it\/es\/?s={search_term_string}"},"query-input":"required name=search_term_string"}],"inLanguage":"es"}]}},"df_price":279.99,"df_sale_price":279.99,"df_regular_price":279.99,"df_image_link":"https:\/\/www.erresse-shop.it\/wp-content\/uploads\/2024\/03\/NINJA-Foodi-Max-Griglia-e-Friggitrice-ad-Aria-AG551EU-300x300.jpg","_links":{"self":[{"href":"https:\/\/www.erresse-shop.it\/es\/wp-json\/wp\/v2\/product\/397778"}],"collection":[{"href":"https:\/\/www.erresse-shop.it\/es\/wp-json\/wp\/v2\/product"}],"about":[{"href":"https:\/\/www.erresse-shop.it\/es\/wp-json\/wp\/v2\/types\/product"}],"wp:featuredmedia":[{"embeddable":true,"href":"https:\/\/www.erresse-shop.it\/es\/wp-json\/wp\/v2\/media\/520239"}],"wp:attachment":[{"href":"https:\/\/www.erresse-shop.it\/es\/wp-json\/wp\/v2\/media?parent=397778"}],"wp:term":[{"taxonomy":"product_cat","embeddable":true,"href":"https:\/\/www.erresse-shop.it\/es\/wp-json\/wp\/v2\/product_cat?post=397778"},{"taxonomy":"product_tag","embeddable":true,"href":"https:\/\/www.erresse-shop.it\/es\/wp-json\/wp\/v2\/product_tag?post=397778"}],"curies":[{"name":"wp","href":"https:\/\/api.w.org\/{rel}","templated":true}]}}