{"id":397556,"date":"2024-03-18T11:14:47","date_gmt":"2024-03-18T11:14:52","guid":{"rendered":"https:\/\/www.erresse-shop.it\/?post_type=product&#038;p=397556"},"modified":"2024-07-16T00:00:12","modified_gmt":"2024-07-16T00:00:12","slug":"ninja-barbecue-electrico-con-ahumador-de-lena","status":"publish","type":"product","link":"https:\/\/www.erresse-shop.it\/es\/shop\/pequenos-electrodomesticos\/hornos\/ninja-barbecue-electrico-con-ahumador-de-lena\/","title":{"rendered":"NINJA Barbecue El\u00e9ctrico con ahumador de le\u00f1a"},"content":{"rendered":"<p>Barbacoa el\u00e9ctrica, ahumador y freidora de aire exterior con 7 funciones de cocci\u00f3n. F\u00e1cil de usar: sin carb\u00f3n, gas ni llamas.<\/p>\n<p><b><strong>UNA NUEVA FORMA DE COCINAR AL AIRE LIBRE<\/strong><\/b>: barbacoa, ahumador y freidora de aire para exteriores con 7 funciones de cocci\u00f3n.<\/p>\n<p>EL <b><strong>SABOR DE LA PARRILLA, LA SENCILLEZ DE UN APARATO EL\u00c9CTRICO<\/strong><\/b>: Gracias a su alimentaci\u00f3n el\u00e9ctrica, siempre est\u00e1 listo para usar. Disfrute del sabor del carb\u00f3n y de aut\u00e9nticos aromas ahumados con la tecnolog\u00eda Woodfire<\/p>\n<p><b><strong>TECNOLOG\u00cdA WOODFIRE:<\/strong><\/b> Realce los sabores con el ahumador integrado que quema aut\u00e9nticos pellets de madera para ofrecerle el aut\u00e9ntico sabor de la cocina de le\u00f1a<\/p>\n<p><b><strong>PARRILLA DONDE QUIERAS<\/strong><\/b>: Perfecta para jardines, balcones, porches y campings. Resistente a la intemperie, puede guardarse al aire libre todo el a\u00f1o.<\/p>\n<p><b><strong>FICHA T\u00c9CNICA:<\/strong><\/b><\/p>\n<p>Color: Gris\/Negro<\/p>\n<p>Longitud del cable: 1,6 metros<\/p>\n<p>Temporizador: S\u00ed<\/p>\n<p>7 programas\/funciones: Grill-Ahumador-Aire Fre\u00edr-Asar-Hornear-Recalentar-Deshidratar<\/p>\n<p>Temperatura: Hasta 260\u00b0C<\/p>\n<p>Tama\u00f1o de la parrilla: 28 cm x 38 cm<\/p>\n<p><b><strong>PAQUETE:<\/strong><\/b><\/p>\n<p>Barbacoa Ninja Woodfire<\/p>\n<p>1 placa de parrilla<\/p>\n<p>2 paquetes de pellets (2 sabores diferentes)<\/p>\n<p>Cuchara para pellets<\/p>\n<p>1 ahumador extra\u00edble<\/p>\n<p>1 bandeja de goteo<\/p>\n<p>1 cesta para fre\u00edr<\/p>\n<p>Gu\u00eda r\u00e1pida y libro de recetas<\/p>\n<p>Manual de instrucciones<\/p>\n<p><b><u><strong>No se vende fuera de Europa<\/strong><\/u><\/b><\/p>\n","protected":false},"excerpt":{"rendered":"<p>Barbacoa el\u00e9ctrica, ahumador y freidora de aire exterior con 7 funciones de cocci\u00f3n. F\u00e1cil de usar: sin carb\u00f3n, gas ni<\/p>\n","protected":false},"featured_media":437047,"template":"","meta":{"_acf_changed":false,"inline_featured_image":false},"product_cat":[16079,16073],"product_tag":[16402,24605],"acf":[],"yoast_head":"<!-- This site is optimized with the Yoast SEO Premium plugin v18.6 (Yoast SEO v19.13) - https:\/\/yoast.com\/wordpress\/plugins\/seo\/ -->\n<title>NINJA Barbecue El\u00e9ctrico con ahumador de le\u00f1a - Erresse Shop<\/title>\n<meta name=\"description\" content=\"Barbacoa el\u00e9ctrica, ahumador y freidora de aire exterior con 7 funciones de cocci\u00f3n. F\u00e1cil de usar: sin carb\u00f3n, gas ni llamas. UNA NUEVA FORMA DE COCINAR\" \/>\n<meta name=\"robots\" content=\"index, follow, max-snippet:-1, max-image-preview:large, max-video-preview:-1\" \/>\n<link rel=\"canonical\" href=\"https:\/\/www.erresse-shop.it\/es\/shop\/pequenos-electrodomesticos\/hornos\/ninja-barbecue-electrico-con-ahumador-de-lena\/\" \/>\n<meta property=\"og:locale\" content=\"es_ES\" \/>\n<meta property=\"og:type\" content=\"article\" \/>\n<meta property=\"og:title\" content=\"NINJA Barbecue El\u00e9ctrico con ahumador de le\u00f1a\" \/>\n<meta property=\"og:description\" content=\"Barbacoa el\u00e9ctrica, ahumador y freidora de aire exterior con 7 funciones de cocci\u00f3n. F\u00e1cil de usar: sin carb\u00f3n, gas ni llamas. UNA NUEVA FORMA DE COCINAR\" \/>\n<meta property=\"og:url\" content=\"https:\/\/www.erresse-shop.it\/es\/shop\/pequenos-electrodomesticos\/hornos\/ninja-barbecue-electrico-con-ahumador-de-lena\/\" \/>\n<meta property=\"og:site_name\" content=\"Erresse Shop\" \/>\n<meta property=\"article:modified_time\" content=\"2024-07-16T00:00:12+00:00\" \/>\n<meta property=\"og:image\" content=\"https:\/\/www.erresse-shop.it\/wp-content\/uploads\/2024\/03\/NINJA-Woodfire-Barbecue-Elettrico-Con-Affumicatore.jpg\" \/>\n\t<meta property=\"og:image:width\" content=\"1200\" \/>\n\t<meta property=\"og:image:height\" content=\"1200\" \/>\n\t<meta property=\"og:image:type\" content=\"image\/jpeg\" \/>\n<meta name=\"twitter:card\" content=\"summary_large_image\" \/>\n<script type=\"application\/ld+json\" class=\"yoast-schema-graph\">{\"@context\":\"https:\/\/schema.org\",\"@graph\":[{\"@type\":\"WebPage\",\"@id\":\"https:\/\/www.erresse-shop.it\/es\/shop\/pequenos-electrodomesticos\/hornos\/ninja-barbecue-electrico-con-ahumador-de-lena\/\",\"url\":\"https:\/\/www.erresse-shop.it\/es\/shop\/pequenos-electrodomesticos\/hornos\/ninja-barbecue-electrico-con-ahumador-de-lena\/\",\"name\":\"NINJA Barbecue El\u00e9ctrico con ahumador de le\u00f1a - Erresse Shop\",\"isPartOf\":{\"@id\":\"https:\/\/www.erresse-shop.it\/es\/#website\"},\"datePublished\":\"2024-03-18T11:14:52+00:00\",\"dateModified\":\"2024-07-16T00:00:12+00:00\",\"description\":\"Barbacoa el\u00e9ctrica, ahumador y freidora de aire exterior con 7 funciones de cocci\u00f3n. F\u00e1cil de usar: sin carb\u00f3n, gas ni llamas. UNA NUEVA FORMA DE COCINAR\",\"breadcrumb\":{\"@id\":\"https:\/\/www.erresse-shop.it\/es\/shop\/pequenos-electrodomesticos\/hornos\/ninja-barbecue-electrico-con-ahumador-de-lena\/#breadcrumb\"},\"inLanguage\":\"es\",\"potentialAction\":[{\"@type\":\"ReadAction\",\"target\":[\"https:\/\/www.erresse-shop.it\/es\/shop\/pequenos-electrodomesticos\/hornos\/ninja-barbecue-electrico-con-ahumador-de-lena\/\"]}]},{\"@type\":\"BreadcrumbList\",\"@id\":\"https:\/\/www.erresse-shop.it\/es\/shop\/pequenos-electrodomesticos\/hornos\/ninja-barbecue-electrico-con-ahumador-de-lena\/#breadcrumb\",\"itemListElement\":[{\"@type\":\"ListItem\",\"position\":1,\"name\":\"Home\",\"item\":\"https:\/\/www.erresse-shop.it\/es\/\"},{\"@type\":\"ListItem\",\"position\":2,\"name\":\"Shop\",\"item\":\"https:\/\/www.erresse-shop.it\/es\/shop\/\"},{\"@type\":\"ListItem\",\"position\":3,\"name\":\"NINJA Barbecue El\u00e9ctrico con ahumador de le\u00f1a\"}]},{\"@type\":\"WebSite\",\"@id\":\"https:\/\/www.erresse-shop.it\/es\/#website\",\"url\":\"https:\/\/www.erresse-shop.it\/es\/\",\"name\":\"Erresse Shop\",\"description\":\"Articoli di qualit\u00e0 per la casa\",\"potentialAction\":[{\"@type\":\"SearchAction\",\"target\":{\"@type\":\"EntryPoint\",\"urlTemplate\":\"https:\/\/www.erresse-shop.it\/es\/?s={search_term_string}\"},\"query-input\":\"required name=search_term_string\"}],\"inLanguage\":\"es\"}]}<\/script>\n<!-- \/ Yoast SEO Premium plugin. -->","yoast_head_json":{"title":"NINJA Barbecue El\u00e9ctrico con ahumador de le\u00f1a - Erresse Shop","description":"Barbacoa el\u00e9ctrica, ahumador y freidora de aire exterior con 7 funciones de cocci\u00f3n. F\u00e1cil de usar: sin carb\u00f3n, gas ni llamas. UNA NUEVA FORMA DE COCINAR","robots":{"index":"index","follow":"follow","max-snippet":"max-snippet:-1","max-image-preview":"max-image-preview:large","max-video-preview":"max-video-preview:-1"},"canonical":"https:\/\/www.erresse-shop.it\/es\/shop\/pequenos-electrodomesticos\/hornos\/ninja-barbecue-electrico-con-ahumador-de-lena\/","og_locale":"es_ES","og_type":"article","og_title":"NINJA Barbecue El\u00e9ctrico con ahumador de le\u00f1a","og_description":"Barbacoa el\u00e9ctrica, ahumador y freidora de aire exterior con 7 funciones de cocci\u00f3n. F\u00e1cil de usar: sin carb\u00f3n, gas ni llamas. UNA NUEVA FORMA DE COCINAR","og_url":"https:\/\/www.erresse-shop.it\/es\/shop\/pequenos-electrodomesticos\/hornos\/ninja-barbecue-electrico-con-ahumador-de-lena\/","og_site_name":"Erresse Shop","article_modified_time":"2024-07-16T00:00:12+00:00","og_image":[{"width":1200,"height":1200,"url":"https:\/\/www.erresse-shop.it\/wp-content\/uploads\/2024\/03\/NINJA-Woodfire-Barbecue-Elettrico-Con-Affumicatore.jpg","type":"image\/jpeg"}],"twitter_card":"summary_large_image","schema":{"@context":"https:\/\/schema.org","@graph":[{"@type":"WebPage","@id":"https:\/\/www.erresse-shop.it\/es\/shop\/pequenos-electrodomesticos\/hornos\/ninja-barbecue-electrico-con-ahumador-de-lena\/","url":"https:\/\/www.erresse-shop.it\/es\/shop\/pequenos-electrodomesticos\/hornos\/ninja-barbecue-electrico-con-ahumador-de-lena\/","name":"NINJA Barbecue El\u00e9ctrico con ahumador de le\u00f1a - Erresse Shop","isPartOf":{"@id":"https:\/\/www.erresse-shop.it\/es\/#website"},"datePublished":"2024-03-18T11:14:52+00:00","dateModified":"2024-07-16T00:00:12+00:00","description":"Barbacoa el\u00e9ctrica, ahumador y freidora de aire exterior con 7 funciones de cocci\u00f3n. F\u00e1cil de usar: sin carb\u00f3n, gas ni llamas. UNA NUEVA FORMA DE COCINAR","breadcrumb":{"@id":"https:\/\/www.erresse-shop.it\/es\/shop\/pequenos-electrodomesticos\/hornos\/ninja-barbecue-electrico-con-ahumador-de-lena\/#breadcrumb"},"inLanguage":"es","potentialAction":[{"@type":"ReadAction","target":["https:\/\/www.erresse-shop.it\/es\/shop\/pequenos-electrodomesticos\/hornos\/ninja-barbecue-electrico-con-ahumador-de-lena\/"]}]},{"@type":"BreadcrumbList","@id":"https:\/\/www.erresse-shop.it\/es\/shop\/pequenos-electrodomesticos\/hornos\/ninja-barbecue-electrico-con-ahumador-de-lena\/#breadcrumb","itemListElement":[{"@type":"ListItem","position":1,"name":"Home","item":"https:\/\/www.erresse-shop.it\/es\/"},{"@type":"ListItem","position":2,"name":"Shop","item":"https:\/\/www.erresse-shop.it\/es\/shop\/"},{"@type":"ListItem","position":3,"name":"NINJA Barbecue El\u00e9ctrico con ahumador de le\u00f1a"}]},{"@type":"WebSite","@id":"https:\/\/www.erresse-shop.it\/es\/#website","url":"https:\/\/www.erresse-shop.it\/es\/","name":"Erresse Shop","description":"Articoli di qualit\u00e0 per la casa","potentialAction":[{"@type":"SearchAction","target":{"@type":"EntryPoint","urlTemplate":"https:\/\/www.erresse-shop.it\/es\/?s={search_term_string}"},"query-input":"required name=search_term_string"}],"inLanguage":"es"}]}},"df_price":349.99,"df_sale_price":349.99,"df_regular_price":349.99,"df_image_link":"https:\/\/www.erresse-shop.it\/wp-content\/uploads\/2024\/03\/NINJA-Woodfire-Barbecue-Elettrico-Con-Affumicatore-300x300.jpg","_links":{"self":[{"href":"https:\/\/www.erresse-shop.it\/es\/wp-json\/wp\/v2\/product\/397556"}],"collection":[{"href":"https:\/\/www.erresse-shop.it\/es\/wp-json\/wp\/v2\/product"}],"about":[{"href":"https:\/\/www.erresse-shop.it\/es\/wp-json\/wp\/v2\/types\/product"}],"wp:featuredmedia":[{"embeddable":true,"href":"https:\/\/www.erresse-shop.it\/es\/wp-json\/wp\/v2\/media\/437047"}],"wp:attachment":[{"href":"https:\/\/www.erresse-shop.it\/es\/wp-json\/wp\/v2\/media?parent=397556"}],"wp:term":[{"taxonomy":"product_cat","embeddable":true,"href":"https:\/\/www.erresse-shop.it\/es\/wp-json\/wp\/v2\/product_cat?post=397556"},{"taxonomy":"product_tag","embeddable":true,"href":"https:\/\/www.erresse-shop.it\/es\/wp-json\/wp\/v2\/product_tag?post=397556"}],"curies":[{"name":"wp","href":"https:\/\/api.w.org\/{rel}","templated":true}]}}