{"id":397429,"date":"2024-03-18T08:19:05","date_gmt":"2024-03-18T08:19:10","guid":{"rendered":"https:\/\/www.erresse-shop.it\/?post_type=product&#038;p=397429"},"modified":"2024-07-16T00:00:10","modified_gmt":"2024-07-16T00:00:10","slug":"ninja-horno-multifuncion-8-en-1-10-litros","status":"publish","type":"product","link":"https:\/\/www.erresse-shop.it\/es\/shop\/pequenos-electrodomesticos\/hornos\/ninja-horno-multifuncion-8-en-1-10-litros\/","title":{"rendered":"NINJA Horno Multifunci\u00f3n 8 en 1 10 Litros"},"content":{"rendered":"<p>Horno multifunci\u00f3n para 8 tipos de cocci\u00f3n: freidora de aire, asado, horno, grill, secador, tostado, bagel y Keep Warm. Tecnolog\u00eda Digital Crisp Control. Pantalla digital, temporizador y luz interior. Se puede guardar en vertical para ahorrar espacio y facilitar la limpieza. Bandeja extra\u00edble.<br \/>\nEl horno con funci\u00f3n Crisp que se puede almacenar verticalmente.<br \/>\nCocina hasta un 50% m\u00e1s r\u00e1pido que los hornos de convecci\u00f3n*, para que puedas preparar f\u00e1cilmente deliciosos platos para toda la familia en 20 minutos con un precalentamiento ultrarr\u00e1pido de 60 segundos.<br \/>\nM\u00e1s creatividad en la cocina con este horno multifunci\u00f3n. Nada menos que 8 funciones de cocci\u00f3n: freidora de aire, asar, hornear, gratinar, secar, tostar, bagel y mantener caliente.<br \/>\nCree deliciosos platos al horno, desde salm\u00f3n a la plancha hasta coliflor picante, pasando por pechugas de pollo con lim\u00f3n y hierbas y una guarnici\u00f3n de crujientes patatas fritas. Prepare f\u00e1cilmente pizza casera, estupendas tostadas, patatas doradas, pescado a la plancha y verduras asadas. Disfrute de s\u00e1ndwiches tostados y bagels con sus ingredientes favoritos, satisfaga sus antojos de dulce con galletas y pasteles caseros, o utilice el secador para preparar aperitivos con carne, fruta deshidratada y hierbas.<\/p>\n<p>Hasta un 75% menos de grasa que la fritura tradicional** &#8211; Fre\u00edr al aire para obtener el mismo sabor pero a\u00f1adiendo poco o nada de aceite<br \/>\nTecnolog\u00eda Digital Crisp Control<br \/>\nCon la velocidad del ventilador y la temperatura controladas, la tecnolog\u00eda Digital Crisp Control le permite hornear alimentos cocinados a la perfecci\u00f3n por dentro y crujientes por fuera.<br \/>\nLos 6 elementos de calentamiento por infrarrojos cubren un amplio rango de temperatura, mientras que el flujo variable hace circular el aire caliente alrededor de los alimentos a diferentes velocidades para conseguir una cocci\u00f3n y un dorado uniformes. Elija entre 8 programas digitales que ajustan autom\u00e1ticamente la temperatura, la fuente de calor y el flujo de aire para obtener los mejores resultados de cocci\u00f3n.<br \/>\nHornea f\u00e1cilmente una pizza de 33 cm, 1 kg de patatas fritas o 6 rebanadas de pan en este horno ultracompacto. Incluye bandeja de horno, cesta de aire para fre\u00edr y grill para la m\u00e1xima versatilidad en la cocina.<br \/>\nLibera espacio en las estanter\u00edas: gracias a su dise\u00f1o especial, el aparato puede guardarse verticalmente para minimizar el desorden y facilitar la limpieza. G\u00edrelo de lado y libere hasta un 50% del espacio.<\/p>\n<p>La bandeja recogemigas extra\u00edble y el acceso desde el panel trasero facilitan la limpieza.<\/p>\n<p>F\u00e1cil de usar, con pantalla digital, temporizador y luz interior. En el paquete se incluye un libro de recetas del chef con un mont\u00f3n de sabrosas ideas para probar de inmediato.<\/p>\n<p>* Probado contra palitos de pescado y salchichas.<\/p>\n<p>** Probado contra patatas fritas cortadas a mano y fritas en aceite caliente.<\/p>\n<p><b><strong>FICHA T\u00c9CNICA:<\/strong><\/b><\/p>\n<p>Dimensiones del producto: 19,2 x 38 x 50,1 cm<\/p>\n<p>Potencia nominal: 2400W<\/p>\n<p>Garant\u00eda: 2 a\u00f1os<\/p>\n<p>Pies antideslizantes: S\u00ed<\/p>\n<p>Capacidad: Cocina f\u00e1cilmente una pizza de 33 cm, 1 kg de patatas fritas o 6 rebanadas de pan<\/p>\n<p>Pared exterior fr\u00eda<\/p>\n<p>Peso del producto: 8,5 kg<\/p>\n<p>Temporizador: S\u00ed<\/p>\n<p>Componentes aptos para lavavajillas<\/p>\n<p>Programas\/Funciones: Air Fry, Asar, Grill, Hornear, Tostar, Bagel, Deshidratar<\/p>\n<p>Otras funciones: Mantener caliente<\/p>\n<p><b><strong>PAQUETE:<\/strong><\/b><\/p>\n<ul>\n<li>Cesta para fre\u00edr al aire<\/li>\n<li>Bandeja de horno<\/li>\n<li>Bandeja met\u00e1lica<\/li>\n<li>Bandeja recogemigas extra\u00edble<\/li>\n<li>Manual de instrucciones<\/li>\n<li>Libro de cocina<\/li>\n<li>Gu\u00eda r\u00e1pida del usuario<\/li>\n<\/ul>\n<p><b><u><strong>No se vende fuera de Europa<\/strong><\/u><\/b><\/p>\n","protected":false},"excerpt":{"rendered":"<p>Horno multifunci\u00f3n para 8 tipos de cocci\u00f3n: freidora de aire, asado, horno, grill, secador, tostado, bagel y Keep Warm. Tecnolog\u00eda<\/p>\n","protected":false},"featured_media":397446,"template":"","meta":{"_acf_changed":false,"inline_featured_image":false},"product_cat":[16079,16073],"product_tag":[16402,24605],"acf":[],"yoast_head":"<!-- This site is optimized with the Yoast SEO Premium plugin v18.6 (Yoast SEO v19.13) - https:\/\/yoast.com\/wordpress\/plugins\/seo\/ -->\n<title>NINJA Horno Multifunci\u00f3n 8 en 1 10 Litros - Erresse Shop<\/title>\n<meta name=\"description\" content=\"Horno multifunci\u00f3n para 8 tipos de cocci\u00f3n: freidora de aire, asado, horno, grill, secador, tostado, bagel y Keep Warm. Tecnolog\u00eda Digital Crisp Control.\" \/>\n<meta name=\"robots\" content=\"index, follow, max-snippet:-1, max-image-preview:large, max-video-preview:-1\" \/>\n<link rel=\"canonical\" href=\"https:\/\/www.erresse-shop.it\/es\/shop\/pequenos-electrodomesticos\/hornos\/ninja-horno-multifuncion-8-en-1-10-litros\/\" \/>\n<meta property=\"og:locale\" content=\"es_ES\" \/>\n<meta property=\"og:type\" content=\"article\" \/>\n<meta property=\"og:title\" content=\"NINJA Horno Multifunci\u00f3n 8 en 1 10 Litros\" \/>\n<meta property=\"og:description\" content=\"Horno multifunci\u00f3n para 8 tipos de cocci\u00f3n: freidora de aire, asado, horno, grill, secador, tostado, bagel y Keep Warm. Tecnolog\u00eda Digital Crisp Control.\" \/>\n<meta property=\"og:url\" content=\"https:\/\/www.erresse-shop.it\/es\/shop\/pequenos-electrodomesticos\/hornos\/ninja-horno-multifuncion-8-en-1-10-litros\/\" \/>\n<meta property=\"og:site_name\" content=\"Erresse Shop\" \/>\n<meta property=\"article:modified_time\" content=\"2024-07-16T00:00:10+00:00\" \/>\n<meta property=\"og:image\" content=\"https:\/\/www.erresse-shop.it\/wp-content\/uploads\/2024\/03\/ninja-forno-multifunzione-8-in-1.jpg\" \/>\n\t<meta property=\"og:image:width\" content=\"800\" \/>\n\t<meta property=\"og:image:height\" content=\"800\" \/>\n\t<meta property=\"og:image:type\" content=\"image\/jpeg\" \/>\n<meta name=\"twitter:card\" content=\"summary_large_image\" \/>\n<script type=\"application\/ld+json\" class=\"yoast-schema-graph\">{\"@context\":\"https:\/\/schema.org\",\"@graph\":[{\"@type\":\"WebPage\",\"@id\":\"https:\/\/www.erresse-shop.it\/es\/shop\/pequenos-electrodomesticos\/hornos\/ninja-horno-multifuncion-8-en-1-10-litros\/\",\"url\":\"https:\/\/www.erresse-shop.it\/es\/shop\/pequenos-electrodomesticos\/hornos\/ninja-horno-multifuncion-8-en-1-10-litros\/\",\"name\":\"NINJA Horno Multifunci\u00f3n 8 en 1 10 Litros - Erresse Shop\",\"isPartOf\":{\"@id\":\"https:\/\/www.erresse-shop.it\/es\/#website\"},\"datePublished\":\"2024-03-18T08:19:10+00:00\",\"dateModified\":\"2024-07-16T00:00:10+00:00\",\"description\":\"Horno multifunci\u00f3n para 8 tipos de cocci\u00f3n: freidora de aire, asado, horno, grill, secador, tostado, bagel y Keep Warm. Tecnolog\u00eda Digital Crisp Control.\",\"breadcrumb\":{\"@id\":\"https:\/\/www.erresse-shop.it\/es\/shop\/pequenos-electrodomesticos\/hornos\/ninja-horno-multifuncion-8-en-1-10-litros\/#breadcrumb\"},\"inLanguage\":\"es\",\"potentialAction\":[{\"@type\":\"ReadAction\",\"target\":[\"https:\/\/www.erresse-shop.it\/es\/shop\/pequenos-electrodomesticos\/hornos\/ninja-horno-multifuncion-8-en-1-10-litros\/\"]}]},{\"@type\":\"BreadcrumbList\",\"@id\":\"https:\/\/www.erresse-shop.it\/es\/shop\/pequenos-electrodomesticos\/hornos\/ninja-horno-multifuncion-8-en-1-10-litros\/#breadcrumb\",\"itemListElement\":[{\"@type\":\"ListItem\",\"position\":1,\"name\":\"Home\",\"item\":\"https:\/\/www.erresse-shop.it\/es\/\"},{\"@type\":\"ListItem\",\"position\":2,\"name\":\"Shop\",\"item\":\"https:\/\/www.erresse-shop.it\/es\/shop\/\"},{\"@type\":\"ListItem\",\"position\":3,\"name\":\"NINJA Horno Multifunci\u00f3n 8 en 1 10 Litros\"}]},{\"@type\":\"WebSite\",\"@id\":\"https:\/\/www.erresse-shop.it\/es\/#website\",\"url\":\"https:\/\/www.erresse-shop.it\/es\/\",\"name\":\"Erresse Shop\",\"description\":\"Articoli di qualit\u00e0 per la casa\",\"potentialAction\":[{\"@type\":\"SearchAction\",\"target\":{\"@type\":\"EntryPoint\",\"urlTemplate\":\"https:\/\/www.erresse-shop.it\/es\/?s={search_term_string}\"},\"query-input\":\"required name=search_term_string\"}],\"inLanguage\":\"es\"}]}<\/script>\n<!-- \/ Yoast SEO Premium plugin. -->","yoast_head_json":{"title":"NINJA Horno Multifunci\u00f3n 8 en 1 10 Litros - Erresse Shop","description":"Horno multifunci\u00f3n para 8 tipos de cocci\u00f3n: freidora de aire, asado, horno, grill, secador, tostado, bagel y Keep Warm. Tecnolog\u00eda Digital Crisp Control.","robots":{"index":"index","follow":"follow","max-snippet":"max-snippet:-1","max-image-preview":"max-image-preview:large","max-video-preview":"max-video-preview:-1"},"canonical":"https:\/\/www.erresse-shop.it\/es\/shop\/pequenos-electrodomesticos\/hornos\/ninja-horno-multifuncion-8-en-1-10-litros\/","og_locale":"es_ES","og_type":"article","og_title":"NINJA Horno Multifunci\u00f3n 8 en 1 10 Litros","og_description":"Horno multifunci\u00f3n para 8 tipos de cocci\u00f3n: freidora de aire, asado, horno, grill, secador, tostado, bagel y Keep Warm. Tecnolog\u00eda Digital Crisp Control.","og_url":"https:\/\/www.erresse-shop.it\/es\/shop\/pequenos-electrodomesticos\/hornos\/ninja-horno-multifuncion-8-en-1-10-litros\/","og_site_name":"Erresse Shop","article_modified_time":"2024-07-16T00:00:10+00:00","og_image":[{"width":800,"height":800,"url":"https:\/\/www.erresse-shop.it\/wp-content\/uploads\/2024\/03\/ninja-forno-multifunzione-8-in-1.jpg","type":"image\/jpeg"}],"twitter_card":"summary_large_image","schema":{"@context":"https:\/\/schema.org","@graph":[{"@type":"WebPage","@id":"https:\/\/www.erresse-shop.it\/es\/shop\/pequenos-electrodomesticos\/hornos\/ninja-horno-multifuncion-8-en-1-10-litros\/","url":"https:\/\/www.erresse-shop.it\/es\/shop\/pequenos-electrodomesticos\/hornos\/ninja-horno-multifuncion-8-en-1-10-litros\/","name":"NINJA Horno Multifunci\u00f3n 8 en 1 10 Litros - Erresse Shop","isPartOf":{"@id":"https:\/\/www.erresse-shop.it\/es\/#website"},"datePublished":"2024-03-18T08:19:10+00:00","dateModified":"2024-07-16T00:00:10+00:00","description":"Horno multifunci\u00f3n para 8 tipos de cocci\u00f3n: freidora de aire, asado, horno, grill, secador, tostado, bagel y Keep Warm. Tecnolog\u00eda Digital Crisp Control.","breadcrumb":{"@id":"https:\/\/www.erresse-shop.it\/es\/shop\/pequenos-electrodomesticos\/hornos\/ninja-horno-multifuncion-8-en-1-10-litros\/#breadcrumb"},"inLanguage":"es","potentialAction":[{"@type":"ReadAction","target":["https:\/\/www.erresse-shop.it\/es\/shop\/pequenos-electrodomesticos\/hornos\/ninja-horno-multifuncion-8-en-1-10-litros\/"]}]},{"@type":"BreadcrumbList","@id":"https:\/\/www.erresse-shop.it\/es\/shop\/pequenos-electrodomesticos\/hornos\/ninja-horno-multifuncion-8-en-1-10-litros\/#breadcrumb","itemListElement":[{"@type":"ListItem","position":1,"name":"Home","item":"https:\/\/www.erresse-shop.it\/es\/"},{"@type":"ListItem","position":2,"name":"Shop","item":"https:\/\/www.erresse-shop.it\/es\/shop\/"},{"@type":"ListItem","position":3,"name":"NINJA Horno Multifunci\u00f3n 8 en 1 10 Litros"}]},{"@type":"WebSite","@id":"https:\/\/www.erresse-shop.it\/es\/#website","url":"https:\/\/www.erresse-shop.it\/es\/","name":"Erresse Shop","description":"Articoli di qualit\u00e0 per la casa","potentialAction":[{"@type":"SearchAction","target":{"@type":"EntryPoint","urlTemplate":"https:\/\/www.erresse-shop.it\/es\/?s={search_term_string}"},"query-input":"required name=search_term_string"}],"inLanguage":"es"}]}},"df_price":229.99,"df_sale_price":229.99,"df_regular_price":229.99,"df_image_link":"https:\/\/www.erresse-shop.it\/wp-content\/uploads\/2024\/03\/ninja-forno-multifunzione-8-in-1-300x300.jpg","_links":{"self":[{"href":"https:\/\/www.erresse-shop.it\/es\/wp-json\/wp\/v2\/product\/397429"}],"collection":[{"href":"https:\/\/www.erresse-shop.it\/es\/wp-json\/wp\/v2\/product"}],"about":[{"href":"https:\/\/www.erresse-shop.it\/es\/wp-json\/wp\/v2\/types\/product"}],"wp:featuredmedia":[{"embeddable":true,"href":"https:\/\/www.erresse-shop.it\/es\/wp-json\/wp\/v2\/media\/397446"}],"wp:attachment":[{"href":"https:\/\/www.erresse-shop.it\/es\/wp-json\/wp\/v2\/media?parent=397429"}],"wp:term":[{"taxonomy":"product_cat","embeddable":true,"href":"https:\/\/www.erresse-shop.it\/es\/wp-json\/wp\/v2\/product_cat?post=397429"},{"taxonomy":"product_tag","embeddable":true,"href":"https:\/\/www.erresse-shop.it\/es\/wp-json\/wp\/v2\/product_tag?post=397429"}],"curies":[{"name":"wp","href":"https:\/\/api.w.org\/{rel}","templated":true}]}}