{"id":397201,"date":"2024-03-15T09:52:13","date_gmt":"2024-03-15T09:52:17","guid":{"rendered":"https:\/\/www.erresse-shop.it\/?post_type=product&#038;p=397201"},"modified":"2024-05-09T23:30:27","modified_gmt":"2024-05-09T23:30:27","slug":"mauviel-1830-cacerola-2-asas-24-cm","status":"publish","type":"product","link":"https:\/\/www.erresse-shop.it\/es\/shop\/sartenes-y-ollas\/ollas-y-cacerolas\/mauviel-1830-cacerola-2-asas-24-cm\/","title":{"rendered":"MAUVIEL 1830 Cacerola 2 Asas 24 cm"},"content":{"rendered":"<p>Cacerola de cobre con interior de acero inoxidable bilaminado, marco de acero inoxidable fundido Tapa de cobre de la colecci\u00f3n M&#8217;150S.<\/p>\n<p>La cacerola es el utensilio de cocina ideal para cocinar platos generosos a fuego lento. Tiene las mismas dimensiones que la cacerola pero dispone de dos asas. La forma cil\u00edndrica alta de la cazuela permite que las impurezas suban a la superficie y que los jugos se aclaren durante la cocci\u00f3n. Es el utensilio perfecto para cocinar a fuego lento. Las asas remachadas permiten un agarre perfecto gracias a su ergonom\u00eda y garantizan la longevidad del producto gracias a sus materiales de primera calidad.<\/p>\n<p>La colecci\u00f3n M&#8217;H\u00e9ritage es la sutil fusi\u00f3n de dos materiales tradicionales y de alto rendimiento. El cobre pulido combinado con el acero inoxidable renueva el placer de cocinar. Su interior de acero inoxidable 18\/10 es ideal para cocinar a diario. El cobre garantiza una excelente conducci\u00f3n del calor de forma r\u00e1pida y uniforme, lo que confiere a la l\u00ednea una excelente calidad de cocci\u00f3n. La colecci\u00f3n, compuesta por un 90% de cobre y un 10% de acero inoxidable, se ofrece en diferentes marcos y en dos grosores, para que todos puedan encontrar el utensilio culinario que se adapte a sus usos y gustos.<\/p>\n<p><b><strong>CARACTER\u00cdSTICAS T\u00c9CNICAS:<\/strong><\/b><\/p>\n<p>Di\u00e1metro: 24 cm<\/p>\n<p>Altura: 13,5 cm<\/p>\n<p>Capacidad: 6,1 L<\/p>\n<p>Dimensiones: 37&#215;25,5 cm<\/p>\n<p><b><strong>Uso<\/strong><\/b>:<\/p>\n<p>Todos los quemadores excepto inducci\u00f3n &#8211; Compatible con horno &#8211; No apta para lavavajillas<\/p>\n","protected":false},"excerpt":{"rendered":"<p>Cacerola de cobre con interior de acero inoxidable bilaminado, marco de acero inoxidable fundido Tapa de cobre de la colecci\u00f3n<\/p>\n","protected":false},"featured_media":463443,"template":"","meta":{"_acf_changed":false,"inline_featured_image":false},"product_cat":[16067,16058],"product_tag":[16111,16307,16476],"acf":[],"yoast_head":"<!-- This site is optimized with the Yoast SEO Premium plugin v18.6 (Yoast SEO v19.13) - https:\/\/yoast.com\/wordpress\/plugins\/seo\/ -->\n<title>MAUVIEL 1830 Cacerola 2 Asas 24 cm - Erresse Shop<\/title>\n<meta name=\"description\" content=\"Cacerola de cobre con interior de acero inoxidable bilaminado, marco de acero inoxidable fundido Tapa de cobre de la colecci\u00f3n M&#039;150S. La cacerola es el\" \/>\n<meta name=\"robots\" content=\"index, follow, max-snippet:-1, max-image-preview:large, max-video-preview:-1\" \/>\n<link rel=\"canonical\" href=\"https:\/\/www.erresse-shop.it\/es\/shop\/sartenes-y-ollas\/ollas-y-cacerolas\/mauviel-1830-cacerola-2-asas-24-cm\/\" \/>\n<meta property=\"og:locale\" content=\"es_ES\" \/>\n<meta property=\"og:type\" content=\"article\" \/>\n<meta property=\"og:title\" content=\"MAUVIEL 1830 Cacerola 2 Asas 24 cm\" \/>\n<meta property=\"og:description\" content=\"Cacerola de cobre con interior de acero inoxidable bilaminado, marco de acero inoxidable fundido Tapa de cobre de la colecci\u00f3n M&#039;150S. La cacerola es el\" \/>\n<meta property=\"og:url\" content=\"https:\/\/www.erresse-shop.it\/es\/shop\/sartenes-y-ollas\/ollas-y-cacerolas\/mauviel-1830-cacerola-2-asas-24-cm\/\" \/>\n<meta property=\"og:site_name\" content=\"Erresse Shop\" \/>\n<meta property=\"article:modified_time\" content=\"2024-05-09T23:30:27+00:00\" \/>\n<meta property=\"og:image\" content=\"https:\/\/www.erresse-shop.it\/wp-content\/uploads\/2024\/03\/MAUVIEL1830-M-150S-PENTOLA-2M-24CM.-RAME-ACCIAIO.png\" \/>\n\t<meta property=\"og:image:width\" content=\"800\" \/>\n\t<meta property=\"og:image:height\" content=\"800\" \/>\n\t<meta property=\"og:image:type\" content=\"image\/png\" \/>\n<meta name=\"twitter:card\" content=\"summary_large_image\" \/>\n<script type=\"application\/ld+json\" class=\"yoast-schema-graph\">{\"@context\":\"https:\/\/schema.org\",\"@graph\":[{\"@type\":\"WebPage\",\"@id\":\"https:\/\/www.erresse-shop.it\/es\/shop\/sartenes-y-ollas\/ollas-y-cacerolas\/mauviel-1830-cacerola-2-asas-24-cm\/\",\"url\":\"https:\/\/www.erresse-shop.it\/es\/shop\/sartenes-y-ollas\/ollas-y-cacerolas\/mauviel-1830-cacerola-2-asas-24-cm\/\",\"name\":\"MAUVIEL 1830 Cacerola 2 Asas 24 cm - Erresse Shop\",\"isPartOf\":{\"@id\":\"https:\/\/www.erresse-shop.it\/es\/#website\"},\"datePublished\":\"2024-03-15T09:52:17+00:00\",\"dateModified\":\"2024-05-09T23:30:27+00:00\",\"description\":\"Cacerola de cobre con interior de acero inoxidable bilaminado, marco de acero inoxidable fundido Tapa de cobre de la colecci\u00f3n M'150S. La cacerola es el\",\"breadcrumb\":{\"@id\":\"https:\/\/www.erresse-shop.it\/es\/shop\/sartenes-y-ollas\/ollas-y-cacerolas\/mauviel-1830-cacerola-2-asas-24-cm\/#breadcrumb\"},\"inLanguage\":\"es\",\"potentialAction\":[{\"@type\":\"ReadAction\",\"target\":[\"https:\/\/www.erresse-shop.it\/es\/shop\/sartenes-y-ollas\/ollas-y-cacerolas\/mauviel-1830-cacerola-2-asas-24-cm\/\"]}]},{\"@type\":\"BreadcrumbList\",\"@id\":\"https:\/\/www.erresse-shop.it\/es\/shop\/sartenes-y-ollas\/ollas-y-cacerolas\/mauviel-1830-cacerola-2-asas-24-cm\/#breadcrumb\",\"itemListElement\":[{\"@type\":\"ListItem\",\"position\":1,\"name\":\"Home\",\"item\":\"https:\/\/www.erresse-shop.it\/es\/\"},{\"@type\":\"ListItem\",\"position\":2,\"name\":\"Shop\",\"item\":\"https:\/\/www.erresse-shop.it\/es\/shop\/\"},{\"@type\":\"ListItem\",\"position\":3,\"name\":\"MAUVIEL 1830 Cacerola 2 Asas 24 cm\"}]},{\"@type\":\"WebSite\",\"@id\":\"https:\/\/www.erresse-shop.it\/es\/#website\",\"url\":\"https:\/\/www.erresse-shop.it\/es\/\",\"name\":\"Erresse Shop\",\"description\":\"Articoli di qualit\u00e0 per la casa\",\"potentialAction\":[{\"@type\":\"SearchAction\",\"target\":{\"@type\":\"EntryPoint\",\"urlTemplate\":\"https:\/\/www.erresse-shop.it\/es\/?s={search_term_string}\"},\"query-input\":\"required name=search_term_string\"}],\"inLanguage\":\"es\"}]}<\/script>\n<!-- \/ Yoast SEO Premium plugin. -->","yoast_head_json":{"title":"MAUVIEL 1830 Cacerola 2 Asas 24 cm - Erresse Shop","description":"Cacerola de cobre con interior de acero inoxidable bilaminado, marco de acero inoxidable fundido Tapa de cobre de la colecci\u00f3n M'150S. La cacerola es el","robots":{"index":"index","follow":"follow","max-snippet":"max-snippet:-1","max-image-preview":"max-image-preview:large","max-video-preview":"max-video-preview:-1"},"canonical":"https:\/\/www.erresse-shop.it\/es\/shop\/sartenes-y-ollas\/ollas-y-cacerolas\/mauviel-1830-cacerola-2-asas-24-cm\/","og_locale":"es_ES","og_type":"article","og_title":"MAUVIEL 1830 Cacerola 2 Asas 24 cm","og_description":"Cacerola de cobre con interior de acero inoxidable bilaminado, marco de acero inoxidable fundido Tapa de cobre de la colecci\u00f3n M'150S. La cacerola es el","og_url":"https:\/\/www.erresse-shop.it\/es\/shop\/sartenes-y-ollas\/ollas-y-cacerolas\/mauviel-1830-cacerola-2-asas-24-cm\/","og_site_name":"Erresse Shop","article_modified_time":"2024-05-09T23:30:27+00:00","og_image":[{"width":800,"height":800,"url":"https:\/\/www.erresse-shop.it\/wp-content\/uploads\/2024\/03\/MAUVIEL1830-M-150S-PENTOLA-2M-24CM.-RAME-ACCIAIO.png","type":"image\/png"}],"twitter_card":"summary_large_image","schema":{"@context":"https:\/\/schema.org","@graph":[{"@type":"WebPage","@id":"https:\/\/www.erresse-shop.it\/es\/shop\/sartenes-y-ollas\/ollas-y-cacerolas\/mauviel-1830-cacerola-2-asas-24-cm\/","url":"https:\/\/www.erresse-shop.it\/es\/shop\/sartenes-y-ollas\/ollas-y-cacerolas\/mauviel-1830-cacerola-2-asas-24-cm\/","name":"MAUVIEL 1830 Cacerola 2 Asas 24 cm - Erresse Shop","isPartOf":{"@id":"https:\/\/www.erresse-shop.it\/es\/#website"},"datePublished":"2024-03-15T09:52:17+00:00","dateModified":"2024-05-09T23:30:27+00:00","description":"Cacerola de cobre con interior de acero inoxidable bilaminado, marco de acero inoxidable fundido Tapa de cobre de la colecci\u00f3n M'150S. La cacerola es el","breadcrumb":{"@id":"https:\/\/www.erresse-shop.it\/es\/shop\/sartenes-y-ollas\/ollas-y-cacerolas\/mauviel-1830-cacerola-2-asas-24-cm\/#breadcrumb"},"inLanguage":"es","potentialAction":[{"@type":"ReadAction","target":["https:\/\/www.erresse-shop.it\/es\/shop\/sartenes-y-ollas\/ollas-y-cacerolas\/mauviel-1830-cacerola-2-asas-24-cm\/"]}]},{"@type":"BreadcrumbList","@id":"https:\/\/www.erresse-shop.it\/es\/shop\/sartenes-y-ollas\/ollas-y-cacerolas\/mauviel-1830-cacerola-2-asas-24-cm\/#breadcrumb","itemListElement":[{"@type":"ListItem","position":1,"name":"Home","item":"https:\/\/www.erresse-shop.it\/es\/"},{"@type":"ListItem","position":2,"name":"Shop","item":"https:\/\/www.erresse-shop.it\/es\/shop\/"},{"@type":"ListItem","position":3,"name":"MAUVIEL 1830 Cacerola 2 Asas 24 cm"}]},{"@type":"WebSite","@id":"https:\/\/www.erresse-shop.it\/es\/#website","url":"https:\/\/www.erresse-shop.it\/es\/","name":"Erresse Shop","description":"Articoli di qualit\u00e0 per la casa","potentialAction":[{"@type":"SearchAction","target":{"@type":"EntryPoint","urlTemplate":"https:\/\/www.erresse-shop.it\/es\/?s={search_term_string}"},"query-input":"required name=search_term_string"}],"inLanguage":"es"}]}},"df_price":535.82,"df_sale_price":535.82,"df_regular_price":535.82,"df_image_link":"https:\/\/www.erresse-shop.it\/wp-content\/uploads\/2024\/03\/MAUVIEL-1830-Casseruola-2-Manici-24-cm-300x300.jpg","_links":{"self":[{"href":"https:\/\/www.erresse-shop.it\/es\/wp-json\/wp\/v2\/product\/397201"}],"collection":[{"href":"https:\/\/www.erresse-shop.it\/es\/wp-json\/wp\/v2\/product"}],"about":[{"href":"https:\/\/www.erresse-shop.it\/es\/wp-json\/wp\/v2\/types\/product"}],"wp:featuredmedia":[{"embeddable":true,"href":"https:\/\/www.erresse-shop.it\/es\/wp-json\/wp\/v2\/media\/463443"}],"wp:attachment":[{"href":"https:\/\/www.erresse-shop.it\/es\/wp-json\/wp\/v2\/media?parent=397201"}],"wp:term":[{"taxonomy":"product_cat","embeddable":true,"href":"https:\/\/www.erresse-shop.it\/es\/wp-json\/wp\/v2\/product_cat?post=397201"},{"taxonomy":"product_tag","embeddable":true,"href":"https:\/\/www.erresse-shop.it\/es\/wp-json\/wp\/v2\/product_tag?post=397201"}],"curies":[{"name":"wp","href":"https:\/\/api.w.org\/{rel}","templated":true}]}}