{"id":397098,"date":"2024-03-15T08:14:10","date_gmt":"2024-03-15T08:14:14","guid":{"rendered":"https:\/\/www.erresse-shop.it\/?post_type=product&#038;p=397098"},"modified":"2024-05-20T22:40:16","modified_gmt":"2024-05-20T22:40:16","slug":"mauviel-1830-cacerola-baja-2-asas-28-cm-con-tapa","status":"publish","type":"product","link":"https:\/\/www.erresse-shop.it\/es\/shop\/sartenes-y-ollas\/ollas-y-cacerolas\/mauviel-1830-cacerola-baja-2-asas-28-cm-con-tapa\/","title":{"rendered":"MAUVIEL 1830 Cacerola Baja 2 Asas 28 cm Con Tapa"},"content":{"rendered":"<p>Rondeau con tapa interior de cobre en acero inoxidable bilaminado y marco de hierro fundido de la colecci\u00f3n M&#8217;150S.<br \/>\nEl rondeau es un utensilio de cocina redondo con lados bajos y verticales. Equipado con una tapa y dos asas remachadas dise\u00f1adas por Mauviel1830, su dise\u00f1o chic le permite pasar de la cocina a la mesa para un servicio inmediato. El Rondeau tiene los mismos usos que la Sart\u00e9n: saltear todo tipo de platos, desglasar sin riesgo de desbordamiento&#8230; Es un excelente complemento para la cocina, que enriquece los horizontes culinarios de todos los chefs, ya sean aficionados o profesionales.<br \/>\nLa colecci\u00f3n M&#8217;H\u00c9RITAGE es una sutil mezcla de dos materiales tradicionales de alto rendimiento. La combinaci\u00f3n de cobre pulido y acero inoxidable da una nueva dimensi\u00f3n al placer de cocinar. El interior de acero inoxidable 18\/10 es ideal para cocinar a diario. El cobre garantiza una excelente conducci\u00f3n del calor, de forma r\u00e1pida y uniforme, ofreciendo una experiencia culinaria de alta calidad. La colecci\u00f3n, compuesta por un 90% de cobre y un 10% de acero inoxidable, est\u00e1 disponible en una amplia gama de marcos y en dos grosores, para que todo el mundo pueda encontrar la bater\u00eda de cocina que mejor se adapte a sus necesidades y gustos.<\/p>\n<p><strong>CARACTER\u00cdSTICAS T\u00c9CNICAS:<\/strong><\/p>\n<p>Di\u00e1metro: 28 cm<\/p>\n<p>Altura: 9 cm<\/p>\n<p>Capacidad: 5,7 L<\/p>\n<p>Dimensiones: 40,5&#215;30,5 cm<\/p>\n<p><strong>Uso<\/strong>:<\/p>\n<p>Todos los quemadores excepto inducci\u00f3n &#8211; Compatible con horno &#8211; No apta para lavavajillas<\/p>\n<p>Todos los productos se fabrican en Normand\u00eda, en Villedieu-les-Po\u00eales.<\/p>\n","protected":false},"excerpt":{"rendered":"<p>Rondeau con tapa interior de cobre en acero inoxidable bilaminado y marco de hierro fundido de la colecci\u00f3n M&#8217;150S. El<\/p>\n","protected":false},"featured_media":476141,"template":"","meta":{"_acf_changed":false,"inline_featured_image":false},"product_cat":[16067,16058],"product_tag":[16111,16307,16476],"acf":[],"yoast_head":"<!-- This site is optimized with the Yoast SEO Premium plugin v18.6 (Yoast SEO v19.13) - https:\/\/yoast.com\/wordpress\/plugins\/seo\/ -->\n<title>MAUVIEL 1830 Cacerola Baja 2 Asas 28 cm Con Tapa - Erresse Shop<\/title>\n<meta name=\"description\" content=\"Rondeau con tapa interior de cobre en acero inoxidable bilaminado y marco de hierro fundido de la colecci\u00f3n M&#039;150S. El rondeau es un utensilio de cocina\" \/>\n<meta name=\"robots\" content=\"index, follow, max-snippet:-1, max-image-preview:large, max-video-preview:-1\" \/>\n<link rel=\"canonical\" href=\"https:\/\/www.erresse-shop.it\/es\/shop\/sartenes-y-ollas\/ollas-y-cacerolas\/mauviel-1830-cacerola-baja-2-asas-28-cm-con-tapa\/\" \/>\n<meta property=\"og:locale\" content=\"es_ES\" \/>\n<meta property=\"og:type\" content=\"article\" \/>\n<meta property=\"og:title\" content=\"MAUVIEL 1830 Cacerola Baja 2 Asas 28 cm Con Tapa\" \/>\n<meta property=\"og:description\" content=\"Rondeau con tapa interior de cobre en acero inoxidable bilaminado y marco de hierro fundido de la colecci\u00f3n M&#039;150S. El rondeau es un utensilio de cocina\" \/>\n<meta property=\"og:url\" content=\"https:\/\/www.erresse-shop.it\/es\/shop\/sartenes-y-ollas\/ollas-y-cacerolas\/mauviel-1830-cacerola-baja-2-asas-28-cm-con-tapa\/\" \/>\n<meta property=\"og:site_name\" content=\"Erresse Shop\" \/>\n<meta property=\"article:modified_time\" content=\"2024-05-20T22:40:16+00:00\" \/>\n<meta property=\"og:image\" content=\"https:\/\/www.erresse-shop.it\/wp-content\/uploads\/2024\/03\/MAUVIEL1830-M-150S-TEGAME-BASSO-2M-24CM.-RAME-ACCIAIO.png\" \/>\n\t<meta property=\"og:image:width\" content=\"800\" \/>\n\t<meta property=\"og:image:height\" content=\"800\" \/>\n\t<meta property=\"og:image:type\" content=\"image\/png\" \/>\n<meta name=\"twitter:card\" content=\"summary_large_image\" \/>\n<script type=\"application\/ld+json\" class=\"yoast-schema-graph\">{\"@context\":\"https:\/\/schema.org\",\"@graph\":[{\"@type\":\"WebPage\",\"@id\":\"https:\/\/www.erresse-shop.it\/es\/shop\/sartenes-y-ollas\/ollas-y-cacerolas\/mauviel-1830-cacerola-baja-2-asas-28-cm-con-tapa\/\",\"url\":\"https:\/\/www.erresse-shop.it\/es\/shop\/sartenes-y-ollas\/ollas-y-cacerolas\/mauviel-1830-cacerola-baja-2-asas-28-cm-con-tapa\/\",\"name\":\"MAUVIEL 1830 Cacerola Baja 2 Asas 28 cm Con Tapa - Erresse Shop\",\"isPartOf\":{\"@id\":\"https:\/\/www.erresse-shop.it\/es\/#website\"},\"datePublished\":\"2024-03-15T08:14:14+00:00\",\"dateModified\":\"2024-05-20T22:40:16+00:00\",\"description\":\"Rondeau con tapa interior de cobre en acero inoxidable bilaminado y marco de hierro fundido de la colecci\u00f3n M'150S. El rondeau es un utensilio de cocina\",\"breadcrumb\":{\"@id\":\"https:\/\/www.erresse-shop.it\/es\/shop\/sartenes-y-ollas\/ollas-y-cacerolas\/mauviel-1830-cacerola-baja-2-asas-28-cm-con-tapa\/#breadcrumb\"},\"inLanguage\":\"es\",\"potentialAction\":[{\"@type\":\"ReadAction\",\"target\":[\"https:\/\/www.erresse-shop.it\/es\/shop\/sartenes-y-ollas\/ollas-y-cacerolas\/mauviel-1830-cacerola-baja-2-asas-28-cm-con-tapa\/\"]}]},{\"@type\":\"BreadcrumbList\",\"@id\":\"https:\/\/www.erresse-shop.it\/es\/shop\/sartenes-y-ollas\/ollas-y-cacerolas\/mauviel-1830-cacerola-baja-2-asas-28-cm-con-tapa\/#breadcrumb\",\"itemListElement\":[{\"@type\":\"ListItem\",\"position\":1,\"name\":\"Home\",\"item\":\"https:\/\/www.erresse-shop.it\/es\/\"},{\"@type\":\"ListItem\",\"position\":2,\"name\":\"Shop\",\"item\":\"https:\/\/www.erresse-shop.it\/es\/shop\/\"},{\"@type\":\"ListItem\",\"position\":3,\"name\":\"MAUVIEL 1830 Cacerola Baja 2 Asas 28 cm Con Tapa\"}]},{\"@type\":\"WebSite\",\"@id\":\"https:\/\/www.erresse-shop.it\/es\/#website\",\"url\":\"https:\/\/www.erresse-shop.it\/es\/\",\"name\":\"Erresse Shop\",\"description\":\"Articoli di qualit\u00e0 per la casa\",\"potentialAction\":[{\"@type\":\"SearchAction\",\"target\":{\"@type\":\"EntryPoint\",\"urlTemplate\":\"https:\/\/www.erresse-shop.it\/es\/?s={search_term_string}\"},\"query-input\":\"required name=search_term_string\"}],\"inLanguage\":\"es\"}]}<\/script>\n<!-- \/ Yoast SEO Premium plugin. -->","yoast_head_json":{"title":"MAUVIEL 1830 Cacerola Baja 2 Asas 28 cm Con Tapa - Erresse Shop","description":"Rondeau con tapa interior de cobre en acero inoxidable bilaminado y marco de hierro fundido de la colecci\u00f3n M'150S. El rondeau es un utensilio de cocina","robots":{"index":"index","follow":"follow","max-snippet":"max-snippet:-1","max-image-preview":"max-image-preview:large","max-video-preview":"max-video-preview:-1"},"canonical":"https:\/\/www.erresse-shop.it\/es\/shop\/sartenes-y-ollas\/ollas-y-cacerolas\/mauviel-1830-cacerola-baja-2-asas-28-cm-con-tapa\/","og_locale":"es_ES","og_type":"article","og_title":"MAUVIEL 1830 Cacerola Baja 2 Asas 28 cm Con Tapa","og_description":"Rondeau con tapa interior de cobre en acero inoxidable bilaminado y marco de hierro fundido de la colecci\u00f3n M'150S. El rondeau es un utensilio de cocina","og_url":"https:\/\/www.erresse-shop.it\/es\/shop\/sartenes-y-ollas\/ollas-y-cacerolas\/mauviel-1830-cacerola-baja-2-asas-28-cm-con-tapa\/","og_site_name":"Erresse Shop","article_modified_time":"2024-05-20T22:40:16+00:00","og_image":[{"width":800,"height":800,"url":"https:\/\/www.erresse-shop.it\/wp-content\/uploads\/2024\/03\/MAUVIEL1830-M-150S-TEGAME-BASSO-2M-24CM.-RAME-ACCIAIO.png","type":"image\/png"}],"twitter_card":"summary_large_image","schema":{"@context":"https:\/\/schema.org","@graph":[{"@type":"WebPage","@id":"https:\/\/www.erresse-shop.it\/es\/shop\/sartenes-y-ollas\/ollas-y-cacerolas\/mauviel-1830-cacerola-baja-2-asas-28-cm-con-tapa\/","url":"https:\/\/www.erresse-shop.it\/es\/shop\/sartenes-y-ollas\/ollas-y-cacerolas\/mauviel-1830-cacerola-baja-2-asas-28-cm-con-tapa\/","name":"MAUVIEL 1830 Cacerola Baja 2 Asas 28 cm Con Tapa - Erresse Shop","isPartOf":{"@id":"https:\/\/www.erresse-shop.it\/es\/#website"},"datePublished":"2024-03-15T08:14:14+00:00","dateModified":"2024-05-20T22:40:16+00:00","description":"Rondeau con tapa interior de cobre en acero inoxidable bilaminado y marco de hierro fundido de la colecci\u00f3n M'150S. El rondeau es un utensilio de cocina","breadcrumb":{"@id":"https:\/\/www.erresse-shop.it\/es\/shop\/sartenes-y-ollas\/ollas-y-cacerolas\/mauviel-1830-cacerola-baja-2-asas-28-cm-con-tapa\/#breadcrumb"},"inLanguage":"es","potentialAction":[{"@type":"ReadAction","target":["https:\/\/www.erresse-shop.it\/es\/shop\/sartenes-y-ollas\/ollas-y-cacerolas\/mauviel-1830-cacerola-baja-2-asas-28-cm-con-tapa\/"]}]},{"@type":"BreadcrumbList","@id":"https:\/\/www.erresse-shop.it\/es\/shop\/sartenes-y-ollas\/ollas-y-cacerolas\/mauviel-1830-cacerola-baja-2-asas-28-cm-con-tapa\/#breadcrumb","itemListElement":[{"@type":"ListItem","position":1,"name":"Home","item":"https:\/\/www.erresse-shop.it\/es\/"},{"@type":"ListItem","position":2,"name":"Shop","item":"https:\/\/www.erresse-shop.it\/es\/shop\/"},{"@type":"ListItem","position":3,"name":"MAUVIEL 1830 Cacerola Baja 2 Asas 28 cm Con Tapa"}]},{"@type":"WebSite","@id":"https:\/\/www.erresse-shop.it\/es\/#website","url":"https:\/\/www.erresse-shop.it\/es\/","name":"Erresse Shop","description":"Articoli di qualit\u00e0 per la casa","potentialAction":[{"@type":"SearchAction","target":{"@type":"EntryPoint","urlTemplate":"https:\/\/www.erresse-shop.it\/es\/?s={search_term_string}"},"query-input":"required name=search_term_string"}],"inLanguage":"es"}]}},"df_price":553.37,"df_sale_price":553.37,"df_regular_price":553.37,"df_image_link":"https:\/\/www.erresse-shop.it\/wp-content\/uploads\/2024\/03\/MAUVIEL-1830-Casseruola-Bassa-2-Manici-28-cm-Con-Coperchio-300x300.jpg","_links":{"self":[{"href":"https:\/\/www.erresse-shop.it\/es\/wp-json\/wp\/v2\/product\/397098"}],"collection":[{"href":"https:\/\/www.erresse-shop.it\/es\/wp-json\/wp\/v2\/product"}],"about":[{"href":"https:\/\/www.erresse-shop.it\/es\/wp-json\/wp\/v2\/types\/product"}],"wp:featuredmedia":[{"embeddable":true,"href":"https:\/\/www.erresse-shop.it\/es\/wp-json\/wp\/v2\/media\/476141"}],"wp:attachment":[{"href":"https:\/\/www.erresse-shop.it\/es\/wp-json\/wp\/v2\/media?parent=397098"}],"wp:term":[{"taxonomy":"product_cat","embeddable":true,"href":"https:\/\/www.erresse-shop.it\/es\/wp-json\/wp\/v2\/product_cat?post=397098"},{"taxonomy":"product_tag","embeddable":true,"href":"https:\/\/www.erresse-shop.it\/es\/wp-json\/wp\/v2\/product_tag?post=397098"}],"curies":[{"name":"wp","href":"https:\/\/api.w.org\/{rel}","templated":true}]}}