{"id":397067,"date":"2024-03-15T07:50:37","date_gmt":"2024-03-15T07:50:41","guid":{"rendered":"https:\/\/www.erresse-shop.it\/?post_type=product&#038;p=397067"},"modified":"2024-04-29T00:54:44","modified_gmt":"2024-04-29T00:54:44","slug":"ruffoni-historia-decor-cacerola-1-asa-18-cm-copia","status":"publish","type":"product","link":"https:\/\/www.erresse-shop.it\/es\/shop\/sartenes-y-ollas\/ollas-y-cacerolas\/ruffoni-historia-decor-cacerola-1-asa-18-cm-copia\/","title":{"rendered":"MAUVIEL 1830 Cacerola 1 asa 14 cm"},"content":{"rendered":"<p>Maceta de cobre con interior de acero inoxidable bilaminado y marco de acero inoxidable fundido de la colecci\u00f3n M&#8217;150S.<\/p>\n<p>Todos los productos se fabrican en Normand\u00eda, en Villedieu-les-Po\u00eales.<\/p>\n<p>La bater\u00eda de cocina es el utensilio de cocina m\u00e1s cl\u00e1sico; imprescindible, debe ofrecer las mejores prestaciones en la cocina para un uso \u00f3ptimo.<\/p>\n<p>Por ello, Mauviel1830 ha dise\u00f1ado con sumo cuidado sus l\u00edneas de utensilios de cocina, prestando especial atenci\u00f3n a la conductividad t\u00e9rmica y a la durabilidad.<\/p>\n<p>Generalmente utilizada para cocinar recetas a base de l\u00edquidos en grandes cantidades de agua, la olla tambi\u00e9n se utiliza para cocinar carnes, salsas&#8230;<\/p>\n<p>La colecci\u00f3n M&#8217;H\u00e9ritage es la sutil fusi\u00f3n de dos materiales tradicionales y de alto rendimiento. El cobre pulido combinado con el acero inoxidable renueva el placer de cocinar.<\/p>\n<p>Su interior de acero inoxidable 18\/10 es ideal para cocinar a diario. El cobre garantiza una excelente conducci\u00f3n del calor de forma r\u00e1pida y uniforme, lo que confiere a la l\u00ednea una excelente calidad de cocci\u00f3n.<\/p>\n<p>La colecci\u00f3n, compuesta por un 90% de cobre y un 10% de acero inoxidable, se ofrece en diferentes marcos y en dos grosores, para que todos puedan encontrar el utensilio culinario que se adapte a sus usos y gustos.<\/p>\n<p><b><strong>CARACTER\u00cdSTICAS T\u00c9CNICAS:<\/strong><\/b><\/p>\n<p>Di\u00e1metro: 14 cm<\/p>\n<p>Altura: 7,9 cm<\/p>\n<p>Capacidad: 1,2 L<\/p>\n<p>Dimensiones: 31&#215;14,5 cm<\/p>\n<p><b><strong>Uso<\/strong><\/b>:<\/p>\n<p>Todos los quemadores excepto inducci\u00f3n &#8211; Compatible con horno &#8211; No apto para lavavajillas<\/p>\n","protected":false},"excerpt":{"rendered":"<p>Maceta de cobre con interior de acero inoxidable bilaminado y marco de acero inoxidable fundido de la colecci\u00f3n M&#8217;150S. Todos<\/p>\n","protected":false},"featured_media":437583,"template":"","meta":{"_acf_changed":false,"inline_featured_image":false},"product_cat":[16067,16058],"product_tag":[16111,16307,16476],"acf":[],"yoast_head":"<!-- This site is optimized with the Yoast SEO Premium plugin v18.6 (Yoast SEO v19.13) - https:\/\/yoast.com\/wordpress\/plugins\/seo\/ -->\n<title>MAUVIEL 1830 Cacerola 1 asa 14 cm - Erresse Shop<\/title>\n<meta name=\"description\" content=\"Maceta de cobre con interior de acero inoxidable bilaminado y marco de acero inoxidable fundido de la colecci\u00f3n M&#039;150S. Todos los productos se fabrican en\" \/>\n<meta name=\"robots\" content=\"index, follow, max-snippet:-1, max-image-preview:large, max-video-preview:-1\" \/>\n<link rel=\"canonical\" href=\"https:\/\/www.erresse-shop.it\/es\/shop\/sartenes-y-ollas\/ollas-y-cacerolas\/ruffoni-historia-decor-cacerola-1-asa-18-cm-copia\/\" \/>\n<meta property=\"og:locale\" content=\"es_ES\" \/>\n<meta property=\"og:type\" content=\"article\" \/>\n<meta property=\"og:title\" content=\"MAUVIEL 1830 Cacerola 1 asa 14 cm\" \/>\n<meta property=\"og:description\" content=\"Maceta de cobre con interior de acero inoxidable bilaminado y marco de acero inoxidable fundido de la colecci\u00f3n M&#039;150S. Todos los productos se fabrican en\" \/>\n<meta property=\"og:url\" content=\"https:\/\/www.erresse-shop.it\/es\/shop\/sartenes-y-ollas\/ollas-y-cacerolas\/ruffoni-historia-decor-cacerola-1-asa-18-cm-copia\/\" \/>\n<meta property=\"og:site_name\" content=\"Erresse Shop\" \/>\n<meta property=\"article:modified_time\" content=\"2024-04-29T00:54:44+00:00\" \/>\n<meta property=\"og:image\" content=\"https:\/\/www.erresse-shop.it\/wp-content\/uploads\/2024\/03\/MAUVIEL-1830-Casseruola-1-Manico-14-cm.jpg\" \/>\n\t<meta property=\"og:image:width\" content=\"1200\" \/>\n\t<meta property=\"og:image:height\" content=\"1200\" \/>\n\t<meta property=\"og:image:type\" content=\"image\/jpeg\" \/>\n<meta name=\"twitter:card\" content=\"summary_large_image\" \/>\n<script type=\"application\/ld+json\" class=\"yoast-schema-graph\">{\"@context\":\"https:\/\/schema.org\",\"@graph\":[{\"@type\":\"WebPage\",\"@id\":\"https:\/\/www.erresse-shop.it\/es\/shop\/sartenes-y-ollas\/ollas-y-cacerolas\/ruffoni-historia-decor-cacerola-1-asa-18-cm-copia\/\",\"url\":\"https:\/\/www.erresse-shop.it\/es\/shop\/sartenes-y-ollas\/ollas-y-cacerolas\/ruffoni-historia-decor-cacerola-1-asa-18-cm-copia\/\",\"name\":\"MAUVIEL 1830 Cacerola 1 asa 14 cm - Erresse Shop\",\"isPartOf\":{\"@id\":\"https:\/\/www.erresse-shop.it\/es\/#website\"},\"datePublished\":\"2024-03-15T07:50:41+00:00\",\"dateModified\":\"2024-04-29T00:54:44+00:00\",\"description\":\"Maceta de cobre con interior de acero inoxidable bilaminado y marco de acero inoxidable fundido de la colecci\u00f3n M'150S. Todos los productos se fabrican en\",\"breadcrumb\":{\"@id\":\"https:\/\/www.erresse-shop.it\/es\/shop\/sartenes-y-ollas\/ollas-y-cacerolas\/ruffoni-historia-decor-cacerola-1-asa-18-cm-copia\/#breadcrumb\"},\"inLanguage\":\"es\",\"potentialAction\":[{\"@type\":\"ReadAction\",\"target\":[\"https:\/\/www.erresse-shop.it\/es\/shop\/sartenes-y-ollas\/ollas-y-cacerolas\/ruffoni-historia-decor-cacerola-1-asa-18-cm-copia\/\"]}]},{\"@type\":\"BreadcrumbList\",\"@id\":\"https:\/\/www.erresse-shop.it\/es\/shop\/sartenes-y-ollas\/ollas-y-cacerolas\/ruffoni-historia-decor-cacerola-1-asa-18-cm-copia\/#breadcrumb\",\"itemListElement\":[{\"@type\":\"ListItem\",\"position\":1,\"name\":\"Home\",\"item\":\"https:\/\/www.erresse-shop.it\/es\/\"},{\"@type\":\"ListItem\",\"position\":2,\"name\":\"Shop\",\"item\":\"https:\/\/www.erresse-shop.it\/es\/shop\/\"},{\"@type\":\"ListItem\",\"position\":3,\"name\":\"MAUVIEL 1830 Cacerola 1 asa 14 cm\"}]},{\"@type\":\"WebSite\",\"@id\":\"https:\/\/www.erresse-shop.it\/es\/#website\",\"url\":\"https:\/\/www.erresse-shop.it\/es\/\",\"name\":\"Erresse Shop\",\"description\":\"Articoli di qualit\u00e0 per la casa\",\"potentialAction\":[{\"@type\":\"SearchAction\",\"target\":{\"@type\":\"EntryPoint\",\"urlTemplate\":\"https:\/\/www.erresse-shop.it\/es\/?s={search_term_string}\"},\"query-input\":\"required name=search_term_string\"}],\"inLanguage\":\"es\"}]}<\/script>\n<!-- \/ Yoast SEO Premium plugin. -->","yoast_head_json":{"title":"MAUVIEL 1830 Cacerola 1 asa 14 cm - Erresse Shop","description":"Maceta de cobre con interior de acero inoxidable bilaminado y marco de acero inoxidable fundido de la colecci\u00f3n M'150S. Todos los productos se fabrican en","robots":{"index":"index","follow":"follow","max-snippet":"max-snippet:-1","max-image-preview":"max-image-preview:large","max-video-preview":"max-video-preview:-1"},"canonical":"https:\/\/www.erresse-shop.it\/es\/shop\/sartenes-y-ollas\/ollas-y-cacerolas\/ruffoni-historia-decor-cacerola-1-asa-18-cm-copia\/","og_locale":"es_ES","og_type":"article","og_title":"MAUVIEL 1830 Cacerola 1 asa 14 cm","og_description":"Maceta de cobre con interior de acero inoxidable bilaminado y marco de acero inoxidable fundido de la colecci\u00f3n M'150S. Todos los productos se fabrican en","og_url":"https:\/\/www.erresse-shop.it\/es\/shop\/sartenes-y-ollas\/ollas-y-cacerolas\/ruffoni-historia-decor-cacerola-1-asa-18-cm-copia\/","og_site_name":"Erresse Shop","article_modified_time":"2024-04-29T00:54:44+00:00","og_image":[{"width":1200,"height":1200,"url":"https:\/\/www.erresse-shop.it\/wp-content\/uploads\/2024\/03\/MAUVIEL-1830-Casseruola-1-Manico-14-cm.jpg","type":"image\/jpeg"}],"twitter_card":"summary_large_image","schema":{"@context":"https:\/\/schema.org","@graph":[{"@type":"WebPage","@id":"https:\/\/www.erresse-shop.it\/es\/shop\/sartenes-y-ollas\/ollas-y-cacerolas\/ruffoni-historia-decor-cacerola-1-asa-18-cm-copia\/","url":"https:\/\/www.erresse-shop.it\/es\/shop\/sartenes-y-ollas\/ollas-y-cacerolas\/ruffoni-historia-decor-cacerola-1-asa-18-cm-copia\/","name":"MAUVIEL 1830 Cacerola 1 asa 14 cm - Erresse Shop","isPartOf":{"@id":"https:\/\/www.erresse-shop.it\/es\/#website"},"datePublished":"2024-03-15T07:50:41+00:00","dateModified":"2024-04-29T00:54:44+00:00","description":"Maceta de cobre con interior de acero inoxidable bilaminado y marco de acero inoxidable fundido de la colecci\u00f3n M'150S. Todos los productos se fabrican en","breadcrumb":{"@id":"https:\/\/www.erresse-shop.it\/es\/shop\/sartenes-y-ollas\/ollas-y-cacerolas\/ruffoni-historia-decor-cacerola-1-asa-18-cm-copia\/#breadcrumb"},"inLanguage":"es","potentialAction":[{"@type":"ReadAction","target":["https:\/\/www.erresse-shop.it\/es\/shop\/sartenes-y-ollas\/ollas-y-cacerolas\/ruffoni-historia-decor-cacerola-1-asa-18-cm-copia\/"]}]},{"@type":"BreadcrumbList","@id":"https:\/\/www.erresse-shop.it\/es\/shop\/sartenes-y-ollas\/ollas-y-cacerolas\/ruffoni-historia-decor-cacerola-1-asa-18-cm-copia\/#breadcrumb","itemListElement":[{"@type":"ListItem","position":1,"name":"Home","item":"https:\/\/www.erresse-shop.it\/es\/"},{"@type":"ListItem","position":2,"name":"Shop","item":"https:\/\/www.erresse-shop.it\/es\/shop\/"},{"@type":"ListItem","position":3,"name":"MAUVIEL 1830 Cacerola 1 asa 14 cm"}]},{"@type":"WebSite","@id":"https:\/\/www.erresse-shop.it\/es\/#website","url":"https:\/\/www.erresse-shop.it\/es\/","name":"Erresse Shop","description":"Articoli di qualit\u00e0 per la casa","potentialAction":[{"@type":"SearchAction","target":{"@type":"EntryPoint","urlTemplate":"https:\/\/www.erresse-shop.it\/es\/?s={search_term_string}"},"query-input":"required name=search_term_string"}],"inLanguage":"es"}]}},"df_price":164.57,"df_sale_price":164.57,"df_regular_price":164.57,"df_image_link":"https:\/\/www.erresse-shop.it\/wp-content\/uploads\/2024\/03\/MAUVIEL-1830-Casseruola-1-Manico-14-cm-300x300.jpg","_links":{"self":[{"href":"https:\/\/www.erresse-shop.it\/es\/wp-json\/wp\/v2\/product\/397067"}],"collection":[{"href":"https:\/\/www.erresse-shop.it\/es\/wp-json\/wp\/v2\/product"}],"about":[{"href":"https:\/\/www.erresse-shop.it\/es\/wp-json\/wp\/v2\/types\/product"}],"wp:featuredmedia":[{"embeddable":true,"href":"https:\/\/www.erresse-shop.it\/es\/wp-json\/wp\/v2\/media\/437583"}],"wp:attachment":[{"href":"https:\/\/www.erresse-shop.it\/es\/wp-json\/wp\/v2\/media?parent=397067"}],"wp:term":[{"taxonomy":"product_cat","embeddable":true,"href":"https:\/\/www.erresse-shop.it\/es\/wp-json\/wp\/v2\/product_cat?post=397067"},{"taxonomy":"product_tag","embeddable":true,"href":"https:\/\/www.erresse-shop.it\/es\/wp-json\/wp\/v2\/product_tag?post=397067"}],"curies":[{"name":"wp","href":"https:\/\/api.w.org\/{rel}","templated":true}]}}