{"id":396960,"date":"2024-03-14T10:23:31","date_gmt":"2024-03-14T10:23:37","guid":{"rendered":"https:\/\/www.erresse-shop.it\/?post_type=product&#038;p=396960"},"modified":"2024-05-01T18:50:41","modified_gmt":"2024-05-01T18:50:41","slug":"bialetti-moka-brikka-exclusive-2-tazas-negro","status":"publish","type":"product","link":"https:\/\/www.erresse-shop.it\/es\/shop\/cocina\/cafeteras\/bialetti-moka-brikka-exclusive-2-tazas-negro\/","title":{"rendered":"BIALETTI Moka Brikka Exclusive 2 Tazas Negro"},"content":{"rendered":"<p>Bialetti Exclusive celebra el ritual italiano del caf\u00e9 con estilo e innovaci\u00f3n. Brikka Noir es la cafetera capaz de crear la crema del espresso gracias a un nuevo sistema de preparaci\u00f3n patentado por Bialetti. El mango con efecto soft touch garantiza un agarre seguro.<br \/>\n1. Empiece vertiendo agua a temperatura ambiente en la caldera de la cafetera y ll\u00e9nela hasta el nivel de la v\u00e1lvula de seguridad. No sobrepase este nivel para evitar un caf\u00e9 demasiado aguado.<br \/>\n2. A continuaci\u00f3n, elija la mezcla de caf\u00e9 molido que prefiera. Atenci\u00f3n. La mezcla debe estar molida espec\u00edficamente para Moka, no demasiado fina. Llena generosamente el embudo de la cafetera, sin presionar el caf\u00e9 hacia abajo.<br \/>\n3. \u00bfUn peque\u00f1o secreto? Pon el fuego al m\u00ednimo y t\u00f3mate tu tiempo; merece la pena esperar unos minutos m\u00e1s para disfrutar de un caf\u00e9 excelente. Cuando el caf\u00e9 haya subido completamente en la bandeja de goteo, apaga el fuego.<br \/>\n4. Ahora llega el momento crucial: el sabor. Para saborear mejor todos los aromas que desprende, le recomendamos que beba el caf\u00e9 nada m\u00e1s verterlo en la taza.<br \/>\nMaterial del cuerpo: aluminio<br \/>\nMaterial del mango: termopl\u00e1stico<br \/>\nMaterial del pomo: termopl\u00e1stico<br \/>\nV\u00e1lvula de seguridad de f\u00e1cil limpieza<br \/>\nApta para su uso en placas de inducci\u00f3n con la placa de inducci\u00f3n Bialetti.<br \/>\nNo apto para lavavajillas<\/p>\n","protected":false},"excerpt":{"rendered":"<p>Bialetti Exclusive celebra el ritual italiano del caf\u00e9 con estilo e innovaci\u00f3n. Brikka Noir es la cafetera capaz de crear<\/p>\n","protected":false},"featured_media":506778,"template":"","meta":{"_acf_changed":false,"inline_featured_image":false},"product_cat":[16042,16040],"product_tag":[24596,16486,23986,23574,16307,16487],"acf":[],"yoast_head":"<!-- This site is optimized with the Yoast SEO Premium plugin v18.6 (Yoast SEO v19.13) - https:\/\/yoast.com\/wordpress\/plugins\/seo\/ -->\n<title>BIALETTI Moka Brikka Exclusive 2 Tazas Negro - Erresse Shop<\/title>\n<meta name=\"description\" content=\"Bialetti Exclusive celebra el ritual italiano del caf\u00e9 con estilo e innovaci\u00f3n. Brikka Noir es la cafetera capaz de crear la crema del espresso gracias a\" \/>\n<meta name=\"robots\" content=\"index, follow, max-snippet:-1, max-image-preview:large, max-video-preview:-1\" \/>\n<link rel=\"canonical\" href=\"https:\/\/www.erresse-shop.it\/es\/shop\/cocina\/cafeteras\/bialetti-moka-brikka-exclusive-2-tazas-negro\/\" \/>\n<meta property=\"og:locale\" content=\"es_ES\" \/>\n<meta property=\"og:type\" content=\"article\" \/>\n<meta property=\"og:title\" content=\"BIALETTI Moka Brikka Exclusive 2 Tazas Negro\" \/>\n<meta property=\"og:description\" content=\"Bialetti Exclusive celebra el ritual italiano del caf\u00e9 con estilo e innovaci\u00f3n. Brikka Noir es la cafetera capaz de crear la crema del espresso gracias a\" \/>\n<meta property=\"og:url\" content=\"https:\/\/www.erresse-shop.it\/es\/shop\/cocina\/cafeteras\/bialetti-moka-brikka-exclusive-2-tazas-negro\/\" \/>\n<meta property=\"og:site_name\" content=\"Erresse Shop\" \/>\n<meta property=\"article:modified_time\" content=\"2024-05-01T18:50:41+00:00\" \/>\n<meta property=\"og:image\" content=\"https:\/\/www.erresse-shop.it\/wp-content\/uploads\/2024\/03\/BIALETTI-Moka-Brikka-Exclusive-2-Tazze-Nero.webp\" \/>\n\t<meta property=\"og:image:width\" content=\"1200\" \/>\n\t<meta property=\"og:image:height\" content=\"1200\" \/>\n\t<meta property=\"og:image:type\" content=\"image\/webp\" \/>\n<meta name=\"twitter:card\" content=\"summary_large_image\" \/>\n<script type=\"application\/ld+json\" class=\"yoast-schema-graph\">{\"@context\":\"https:\/\/schema.org\",\"@graph\":[{\"@type\":\"WebPage\",\"@id\":\"https:\/\/www.erresse-shop.it\/es\/shop\/cocina\/cafeteras\/bialetti-moka-brikka-exclusive-2-tazas-negro\/\",\"url\":\"https:\/\/www.erresse-shop.it\/es\/shop\/cocina\/cafeteras\/bialetti-moka-brikka-exclusive-2-tazas-negro\/\",\"name\":\"BIALETTI Moka Brikka Exclusive 2 Tazas Negro - Erresse Shop\",\"isPartOf\":{\"@id\":\"https:\/\/www.erresse-shop.it\/es\/#website\"},\"datePublished\":\"2024-03-14T10:23:37+00:00\",\"dateModified\":\"2024-05-01T18:50:41+00:00\",\"description\":\"Bialetti Exclusive celebra el ritual italiano del caf\u00e9 con estilo e innovaci\u00f3n. Brikka Noir es la cafetera capaz de crear la crema del espresso gracias a\",\"breadcrumb\":{\"@id\":\"https:\/\/www.erresse-shop.it\/es\/shop\/cocina\/cafeteras\/bialetti-moka-brikka-exclusive-2-tazas-negro\/#breadcrumb\"},\"inLanguage\":\"es\",\"potentialAction\":[{\"@type\":\"ReadAction\",\"target\":[\"https:\/\/www.erresse-shop.it\/es\/shop\/cocina\/cafeteras\/bialetti-moka-brikka-exclusive-2-tazas-negro\/\"]}]},{\"@type\":\"BreadcrumbList\",\"@id\":\"https:\/\/www.erresse-shop.it\/es\/shop\/cocina\/cafeteras\/bialetti-moka-brikka-exclusive-2-tazas-negro\/#breadcrumb\",\"itemListElement\":[{\"@type\":\"ListItem\",\"position\":1,\"name\":\"Home\",\"item\":\"https:\/\/www.erresse-shop.it\/es\/\"},{\"@type\":\"ListItem\",\"position\":2,\"name\":\"Shop\",\"item\":\"https:\/\/www.erresse-shop.it\/es\/shop\/\"},{\"@type\":\"ListItem\",\"position\":3,\"name\":\"BIALETTI Moka Brikka Exclusive 2 Tazas Negro\"}]},{\"@type\":\"WebSite\",\"@id\":\"https:\/\/www.erresse-shop.it\/es\/#website\",\"url\":\"https:\/\/www.erresse-shop.it\/es\/\",\"name\":\"Erresse Shop\",\"description\":\"Articoli di qualit\u00e0 per la casa\",\"potentialAction\":[{\"@type\":\"SearchAction\",\"target\":{\"@type\":\"EntryPoint\",\"urlTemplate\":\"https:\/\/www.erresse-shop.it\/es\/?s={search_term_string}\"},\"query-input\":\"required name=search_term_string\"}],\"inLanguage\":\"es\"}]}<\/script>\n<!-- \/ Yoast SEO Premium plugin. -->","yoast_head_json":{"title":"BIALETTI Moka Brikka Exclusive 2 Tazas Negro - Erresse Shop","description":"Bialetti Exclusive celebra el ritual italiano del caf\u00e9 con estilo e innovaci\u00f3n. Brikka Noir es la cafetera capaz de crear la crema del espresso gracias a","robots":{"index":"index","follow":"follow","max-snippet":"max-snippet:-1","max-image-preview":"max-image-preview:large","max-video-preview":"max-video-preview:-1"},"canonical":"https:\/\/www.erresse-shop.it\/es\/shop\/cocina\/cafeteras\/bialetti-moka-brikka-exclusive-2-tazas-negro\/","og_locale":"es_ES","og_type":"article","og_title":"BIALETTI Moka Brikka Exclusive 2 Tazas Negro","og_description":"Bialetti Exclusive celebra el ritual italiano del caf\u00e9 con estilo e innovaci\u00f3n. Brikka Noir es la cafetera capaz de crear la crema del espresso gracias a","og_url":"https:\/\/www.erresse-shop.it\/es\/shop\/cocina\/cafeteras\/bialetti-moka-brikka-exclusive-2-tazas-negro\/","og_site_name":"Erresse Shop","article_modified_time":"2024-05-01T18:50:41+00:00","og_image":[{"width":1200,"height":1200,"url":"https:\/\/www.erresse-shop.it\/wp-content\/uploads\/2024\/03\/BIALETTI-Moka-Brikka-Exclusive-2-Tazze-Nero.webp","type":"image\/webp"}],"twitter_card":"summary_large_image","schema":{"@context":"https:\/\/schema.org","@graph":[{"@type":"WebPage","@id":"https:\/\/www.erresse-shop.it\/es\/shop\/cocina\/cafeteras\/bialetti-moka-brikka-exclusive-2-tazas-negro\/","url":"https:\/\/www.erresse-shop.it\/es\/shop\/cocina\/cafeteras\/bialetti-moka-brikka-exclusive-2-tazas-negro\/","name":"BIALETTI Moka Brikka Exclusive 2 Tazas Negro - Erresse Shop","isPartOf":{"@id":"https:\/\/www.erresse-shop.it\/es\/#website"},"datePublished":"2024-03-14T10:23:37+00:00","dateModified":"2024-05-01T18:50:41+00:00","description":"Bialetti Exclusive celebra el ritual italiano del caf\u00e9 con estilo e innovaci\u00f3n. Brikka Noir es la cafetera capaz de crear la crema del espresso gracias a","breadcrumb":{"@id":"https:\/\/www.erresse-shop.it\/es\/shop\/cocina\/cafeteras\/bialetti-moka-brikka-exclusive-2-tazas-negro\/#breadcrumb"},"inLanguage":"es","potentialAction":[{"@type":"ReadAction","target":["https:\/\/www.erresse-shop.it\/es\/shop\/cocina\/cafeteras\/bialetti-moka-brikka-exclusive-2-tazas-negro\/"]}]},{"@type":"BreadcrumbList","@id":"https:\/\/www.erresse-shop.it\/es\/shop\/cocina\/cafeteras\/bialetti-moka-brikka-exclusive-2-tazas-negro\/#breadcrumb","itemListElement":[{"@type":"ListItem","position":1,"name":"Home","item":"https:\/\/www.erresse-shop.it\/es\/"},{"@type":"ListItem","position":2,"name":"Shop","item":"https:\/\/www.erresse-shop.it\/es\/shop\/"},{"@type":"ListItem","position":3,"name":"BIALETTI Moka Brikka Exclusive 2 Tazas Negro"}]},{"@type":"WebSite","@id":"https:\/\/www.erresse-shop.it\/es\/#website","url":"https:\/\/www.erresse-shop.it\/es\/","name":"Erresse Shop","description":"Articoli di qualit\u00e0 per la casa","potentialAction":[{"@type":"SearchAction","target":{"@type":"EntryPoint","urlTemplate":"https:\/\/www.erresse-shop.it\/es\/?s={search_term_string}"},"query-input":"required name=search_term_string"}],"inLanguage":"es"}]}},"df_price":62.1,"df_sale_price":62.1,"df_regular_price":69,"df_image_link":"https:\/\/www.erresse-shop.it\/wp-content\/uploads\/2024\/03\/BIALETTI-Moka-Brikka-Exclusive-2-Tazze-Nero-300x300.jpg","_links":{"self":[{"href":"https:\/\/www.erresse-shop.it\/es\/wp-json\/wp\/v2\/product\/396960"}],"collection":[{"href":"https:\/\/www.erresse-shop.it\/es\/wp-json\/wp\/v2\/product"}],"about":[{"href":"https:\/\/www.erresse-shop.it\/es\/wp-json\/wp\/v2\/types\/product"}],"wp:featuredmedia":[{"embeddable":true,"href":"https:\/\/www.erresse-shop.it\/es\/wp-json\/wp\/v2\/media\/506778"}],"wp:attachment":[{"href":"https:\/\/www.erresse-shop.it\/es\/wp-json\/wp\/v2\/media?parent=396960"}],"wp:term":[{"taxonomy":"product_cat","embeddable":true,"href":"https:\/\/www.erresse-shop.it\/es\/wp-json\/wp\/v2\/product_cat?post=396960"},{"taxonomy":"product_tag","embeddable":true,"href":"https:\/\/www.erresse-shop.it\/es\/wp-json\/wp\/v2\/product_tag?post=396960"}],"curies":[{"name":"wp","href":"https:\/\/api.w.org\/{rel}","templated":true}]}}