{"id":396532,"date":"2024-03-13T10:18:51","date_gmt":"2024-03-13T10:18:56","guid":{"rendered":"https:\/\/www.erresse-shop.it\/?post_type=product&#038;p=396532"},"modified":"2024-12-30T13:09:33","modified_gmt":"2024-12-30T13:09:33","slug":"bialetti-set-moka-express-3-tazas-dolce-gabbana","status":"publish","type":"product","link":"https:\/\/www.erresse-shop.it\/es\/shop\/cocina\/cafeteras\/bialetti-set-moka-express-3-tazas-dolce-gabbana\/","title":{"rendered":"BIALETTI Set Moka Express 3 tazas Dolce &#038; Gabbana"},"content":{"rendered":"<p><b><strong>Caja Moka Express Siciliana Trolley 3 tazas y Caf\u00e9 Molido Perfecto Moka Irresistible<\/strong><\/b><\/p>\n<p>Dos iconos de la tradici\u00f3n Made in Italy se unen para celebrar la belleza del ritual italiano del caf\u00e9. As\u00ed nace el precioso paquete Bialetti Dolce&amp;Gabbana, que ve la combinaci\u00f3n perfecta del Trolley Siciliano Moka Express 3 tazas con el caf\u00e9 molido Perfetto Moka Irresistible.<\/p>\n<p>El caf\u00e9 molido Perfetto Moka Irresistibile, con su perfil arom\u00e1tico redondo y delicado, ofrece una sinfon\u00eda de notas florales y afrutadas que armonizan perfectamente con la inconfundible riqueza de la avellana y el cacao. La propia moka, una obra de arte expuesta con orgullo en la colecci\u00f3n permanente del MoMA de Nueva York, rinde homenaje a la artesan\u00eda, los paisajes y los colores \u00fanicos de Sicilia.<\/p>\n<p>Esta caja Bialetti Dolce&amp;Gabbana es una verdadera obra maestra tanto por su estilo como por su sabor, lo que la convierte en una opci\u00f3n de regalo ideal.<\/p>\n<p>C\u00f3mo preparar el caf\u00e9:<\/p>\n<p>1. Vierta agua a temperatura ambiente en la cafetera moka y ll\u00e9nela hasta el nivel de la v\u00e1lvula de seguridad. No sobrepase este nivel, de lo contrario el caf\u00e9 podr\u00eda quedar demasiado aguado.<\/p>\n<p>2. Elige ahora tu mezcla de caf\u00e9 molido favorita. \u00a1Atenci\u00f3n! La mezcla debe estar molida espec\u00edficamente para la moka, no demasiado fina. Llene bien el embudo sin presionar el caf\u00e9.<\/p>\n<p>3. \u00bfUn peque\u00f1o secreto? Pon el fuego a bajo y t\u00f3mate tu tiempo. Merece la pena esperar unos minutos m\u00e1s para disfrutar de una gran taza de caf\u00e9. Cuando el caf\u00e9 haya subido completamente en el colector, apaga el fuego.<\/p>\n<p>4. Ahora llega el momento crucial: el sabor. Para saborear mejor todos los aromas liberados, recomendamos beber el caf\u00e9 nada m\u00e1s verterlo en la taza.<\/p>\n<p>Dimensiones de la caja: 33 cm x 26 cm x 17 cm<\/p>\n<p>Dimensiones de la caja en pulgadas: 12,9&#8243; x 10,2&#8243; x 6,6<\/p>\n<p>Peso: 200 gramos<\/p>\n<p>Capacidad de la caldera: 130 ML &#8211; 4.4 OZ, equivalente a 3 tazas de caf\u00e9 colado<\/p>\n<p><b><strong>Fabricado en Italia<\/strong><\/b><\/p>\n<p><b><strong>IRRESISTIBLE MOCA CAF\u00c9 MOLIDO PERFECTO<\/strong><\/b><\/p>\n<p>Nivel de intensidad: 8<\/p>\n<p>Caf\u00e9 tostado y molido<\/p>\n<p>80% Ar\u00e1bica &#8211; 20% Robusta<\/p>\n<p>Sobre: C\/LDPE 90<\/p>\n<p>Envasado: Lata<\/p>\n<p>Conservar en lugar fresco y seco<\/p>\n<p><b><strong>CARRO SICILIANO MOKA EXPRESS<\/strong><\/b><\/p>\n<p>Material del cuerpo: Aluminio<\/p>\n<p>Material del asa y del pomo: Termopl\u00e1stico<\/p>\n<p>V\u00e1lvula de seguridad de f\u00e1cil limpieza<\/p>\n<p>Apto para su uso en placas de gas, el\u00e9ctricas y vitrocer\u00e1micas.<\/p>\n<p>Apto para su uso en placas de inducci\u00f3n s\u00f3lo y exclusivamente cuando se utiliza con una placa de inducci\u00f3n Bialetti.<\/p>\n<p>Cada Bialetti Dolce&amp;Gabbana Moka Express se caracteriza por rasgos distintivos relacionados con las variaciones en la posici\u00f3n de los motivos decorativos en la tapa.<\/p>\n<p>Despu\u00e9s de cada uso, aclarar con agua tibia sin utilizar detergentes ni materiales abrasivos.<\/p>\n<p>compatible con placas de inducci\u00f3n.<\/p>\n","protected":false},"excerpt":{"rendered":"<p>Caja Moka Express Siciliana Trolley 3 tazas y Caf\u00e9 Molido Perfecto Moka Irresistible Dos iconos de la tradici\u00f3n Made in<\/p>\n","protected":false},"featured_media":461876,"template":"","meta":{"_acf_changed":false,"inline_featured_image":false},"product_cat":[16042,16040],"product_tag":[24596,16486,23986,23574,24595,16307,16487],"acf":[],"yoast_head":"<!-- This site is optimized with the Yoast SEO Premium plugin v18.6 (Yoast SEO v19.13) - https:\/\/yoast.com\/wordpress\/plugins\/seo\/ -->\n<title>BIALETTI Set Moka Express 3 tazas Dolce &amp; Gabbana - Erresse Shop<\/title>\n<meta name=\"description\" content=\"Caja Moka Express Siciliana Trolley 3 tazas y Caf\u00e9 Molido Perfecto Moka Irresistible Dos iconos de la tradici\u00f3n Made in Italy se unen para celebrar la\" \/>\n<meta name=\"robots\" content=\"index, follow, max-snippet:-1, max-image-preview:large, max-video-preview:-1\" \/>\n<link rel=\"canonical\" href=\"https:\/\/www.erresse-shop.it\/es\/shop\/cocina\/cafeteras\/bialetti-set-moka-express-3-tazas-dolce-gabbana\/\" \/>\n<meta property=\"og:locale\" content=\"es_ES\" \/>\n<meta property=\"og:type\" content=\"article\" \/>\n<meta property=\"og:title\" content=\"BIALETTI Set Moka Express 3 tazas Dolce &amp; Gabbana\" \/>\n<meta property=\"og:description\" content=\"Caja Moka Express Siciliana Trolley 3 tazas y Caf\u00e9 Molido Perfecto Moka Irresistible Dos iconos de la tradici\u00f3n Made in Italy se unen para celebrar la\" \/>\n<meta property=\"og:url\" content=\"https:\/\/www.erresse-shop.it\/es\/shop\/cocina\/cafeteras\/bialetti-set-moka-express-3-tazas-dolce-gabbana\/\" \/>\n<meta property=\"og:site_name\" content=\"Erresse Shop\" \/>\n<meta property=\"article:modified_time\" content=\"2024-12-30T13:09:33+00:00\" \/>\n<meta property=\"og:image\" content=\"https:\/\/www.erresse-shop.it\/wp-content\/uploads\/2024\/03\/Bialetti-Set-moka-caffe-1.jpg\" \/>\n\t<meta property=\"og:image:width\" content=\"800\" \/>\n\t<meta property=\"og:image:height\" content=\"800\" \/>\n\t<meta property=\"og:image:type\" content=\"image\/jpeg\" \/>\n<meta name=\"twitter:card\" content=\"summary_large_image\" \/>\n<script type=\"application\/ld+json\" class=\"yoast-schema-graph\">{\"@context\":\"https:\/\/schema.org\",\"@graph\":[{\"@type\":\"WebPage\",\"@id\":\"https:\/\/www.erresse-shop.it\/es\/shop\/cocina\/cafeteras\/bialetti-set-moka-express-3-tazas-dolce-gabbana\/\",\"url\":\"https:\/\/www.erresse-shop.it\/es\/shop\/cocina\/cafeteras\/bialetti-set-moka-express-3-tazas-dolce-gabbana\/\",\"name\":\"BIALETTI Set Moka Express 3 tazas Dolce & Gabbana - Erresse Shop\",\"isPartOf\":{\"@id\":\"https:\/\/www.erresse-shop.it\/es\/#website\"},\"datePublished\":\"2024-03-13T10:18:56+00:00\",\"dateModified\":\"2024-12-30T13:09:33+00:00\",\"description\":\"Caja Moka Express Siciliana Trolley 3 tazas y Caf\u00e9 Molido Perfecto Moka Irresistible Dos iconos de la tradici\u00f3n Made in Italy se unen para celebrar la\",\"breadcrumb\":{\"@id\":\"https:\/\/www.erresse-shop.it\/es\/shop\/cocina\/cafeteras\/bialetti-set-moka-express-3-tazas-dolce-gabbana\/#breadcrumb\"},\"inLanguage\":\"es\",\"potentialAction\":[{\"@type\":\"ReadAction\",\"target\":[\"https:\/\/www.erresse-shop.it\/es\/shop\/cocina\/cafeteras\/bialetti-set-moka-express-3-tazas-dolce-gabbana\/\"]}]},{\"@type\":\"BreadcrumbList\",\"@id\":\"https:\/\/www.erresse-shop.it\/es\/shop\/cocina\/cafeteras\/bialetti-set-moka-express-3-tazas-dolce-gabbana\/#breadcrumb\",\"itemListElement\":[{\"@type\":\"ListItem\",\"position\":1,\"name\":\"Home\",\"item\":\"https:\/\/www.erresse-shop.it\/es\/\"},{\"@type\":\"ListItem\",\"position\":2,\"name\":\"Shop\",\"item\":\"https:\/\/www.erresse-shop.it\/es\/shop\/\"},{\"@type\":\"ListItem\",\"position\":3,\"name\":\"BIALETTI Set Moka Express 3 tazas Dolce &#038; Gabbana\"}]},{\"@type\":\"WebSite\",\"@id\":\"https:\/\/www.erresse-shop.it\/es\/#website\",\"url\":\"https:\/\/www.erresse-shop.it\/es\/\",\"name\":\"Erresse Shop\",\"description\":\"Articoli di qualit\u00e0 per la casa\",\"potentialAction\":[{\"@type\":\"SearchAction\",\"target\":{\"@type\":\"EntryPoint\",\"urlTemplate\":\"https:\/\/www.erresse-shop.it\/es\/?s={search_term_string}\"},\"query-input\":\"required name=search_term_string\"}],\"inLanguage\":\"es\"}]}<\/script>\n<!-- \/ Yoast SEO Premium plugin. -->","yoast_head_json":{"title":"BIALETTI Set Moka Express 3 tazas Dolce & Gabbana - Erresse Shop","description":"Caja Moka Express Siciliana Trolley 3 tazas y Caf\u00e9 Molido Perfecto Moka Irresistible Dos iconos de la tradici\u00f3n Made in Italy se unen para celebrar la","robots":{"index":"index","follow":"follow","max-snippet":"max-snippet:-1","max-image-preview":"max-image-preview:large","max-video-preview":"max-video-preview:-1"},"canonical":"https:\/\/www.erresse-shop.it\/es\/shop\/cocina\/cafeteras\/bialetti-set-moka-express-3-tazas-dolce-gabbana\/","og_locale":"es_ES","og_type":"article","og_title":"BIALETTI Set Moka Express 3 tazas Dolce & Gabbana","og_description":"Caja Moka Express Siciliana Trolley 3 tazas y Caf\u00e9 Molido Perfecto Moka Irresistible Dos iconos de la tradici\u00f3n Made in Italy se unen para celebrar la","og_url":"https:\/\/www.erresse-shop.it\/es\/shop\/cocina\/cafeteras\/bialetti-set-moka-express-3-tazas-dolce-gabbana\/","og_site_name":"Erresse Shop","article_modified_time":"2024-12-30T13:09:33+00:00","og_image":[{"width":800,"height":800,"url":"https:\/\/www.erresse-shop.it\/wp-content\/uploads\/2024\/03\/Bialetti-Set-moka-caffe-1.jpg","type":"image\/jpeg"}],"twitter_card":"summary_large_image","schema":{"@context":"https:\/\/schema.org","@graph":[{"@type":"WebPage","@id":"https:\/\/www.erresse-shop.it\/es\/shop\/cocina\/cafeteras\/bialetti-set-moka-express-3-tazas-dolce-gabbana\/","url":"https:\/\/www.erresse-shop.it\/es\/shop\/cocina\/cafeteras\/bialetti-set-moka-express-3-tazas-dolce-gabbana\/","name":"BIALETTI Set Moka Express 3 tazas Dolce & Gabbana - Erresse Shop","isPartOf":{"@id":"https:\/\/www.erresse-shop.it\/es\/#website"},"datePublished":"2024-03-13T10:18:56+00:00","dateModified":"2024-12-30T13:09:33+00:00","description":"Caja Moka Express Siciliana Trolley 3 tazas y Caf\u00e9 Molido Perfecto Moka Irresistible Dos iconos de la tradici\u00f3n Made in Italy se unen para celebrar la","breadcrumb":{"@id":"https:\/\/www.erresse-shop.it\/es\/shop\/cocina\/cafeteras\/bialetti-set-moka-express-3-tazas-dolce-gabbana\/#breadcrumb"},"inLanguage":"es","potentialAction":[{"@type":"ReadAction","target":["https:\/\/www.erresse-shop.it\/es\/shop\/cocina\/cafeteras\/bialetti-set-moka-express-3-tazas-dolce-gabbana\/"]}]},{"@type":"BreadcrumbList","@id":"https:\/\/www.erresse-shop.it\/es\/shop\/cocina\/cafeteras\/bialetti-set-moka-express-3-tazas-dolce-gabbana\/#breadcrumb","itemListElement":[{"@type":"ListItem","position":1,"name":"Home","item":"https:\/\/www.erresse-shop.it\/es\/"},{"@type":"ListItem","position":2,"name":"Shop","item":"https:\/\/www.erresse-shop.it\/es\/shop\/"},{"@type":"ListItem","position":3,"name":"BIALETTI Set Moka Express 3 tazas Dolce &#038; Gabbana"}]},{"@type":"WebSite","@id":"https:\/\/www.erresse-shop.it\/es\/#website","url":"https:\/\/www.erresse-shop.it\/es\/","name":"Erresse Shop","description":"Articoli di qualit\u00e0 per la casa","potentialAction":[{"@type":"SearchAction","target":{"@type":"EntryPoint","urlTemplate":"https:\/\/www.erresse-shop.it\/es\/?s={search_term_string}"},"query-input":"required name=search_term_string"}],"inLanguage":"es"}]}},"df_price":117,"df_sale_price":117,"df_regular_price":130,"df_image_link":"https:\/\/www.erresse-shop.it\/wp-content\/uploads\/2024\/03\/BIALETTI-Set-Moka-3-Tazze-e-Caffe-Dolce-e-Gabbana-300x300.jpg","_links":{"self":[{"href":"https:\/\/www.erresse-shop.it\/es\/wp-json\/wp\/v2\/product\/396532"}],"collection":[{"href":"https:\/\/www.erresse-shop.it\/es\/wp-json\/wp\/v2\/product"}],"about":[{"href":"https:\/\/www.erresse-shop.it\/es\/wp-json\/wp\/v2\/types\/product"}],"wp:featuredmedia":[{"embeddable":true,"href":"https:\/\/www.erresse-shop.it\/es\/wp-json\/wp\/v2\/media\/461876"}],"wp:attachment":[{"href":"https:\/\/www.erresse-shop.it\/es\/wp-json\/wp\/v2\/media?parent=396532"}],"wp:term":[{"taxonomy":"product_cat","embeddable":true,"href":"https:\/\/www.erresse-shop.it\/es\/wp-json\/wp\/v2\/product_cat?post=396532"},{"taxonomy":"product_tag","embeddable":true,"href":"https:\/\/www.erresse-shop.it\/es\/wp-json\/wp\/v2\/product_tag?post=396532"}],"curies":[{"name":"wp","href":"https:\/\/api.w.org\/{rel}","templated":true}]}}