{"id":396524,"date":"2024-03-13T10:02:13","date_gmt":"2024-03-13T10:02:18","guid":{"rendered":"https:\/\/www.erresse-shop.it\/?post_type=product&#038;p=396524"},"modified":"2024-03-13T10:12:30","modified_gmt":"2024-03-13T10:12:30","slug":"bialetti-moka-induccion-4-tazas-dolce-e-gabbana","status":"publish","type":"product","link":"https:\/\/www.erresse-shop.it\/es\/shop\/cocina\/cafeteras\/bialetti-moka-induccion-4-tazas-dolce-e-gabbana\/","title":{"rendered":"BIALETTI Moka Inducci\u00f3n 4 Tazas Dolce e Gabbana"},"content":{"rendered":"<p><b><strong>Moka Inducci\u00f3n Bialetti Dolce&amp;Gabbana | Carro siciliano<\/strong><\/b><\/p>\n<p>Dos iconos de la tradici\u00f3n Made in Italy se unen para celebrar la belleza del ritual italiano del caf\u00e9. As\u00ed nace la exquisita Moka Induction Bialetti Dolce&amp;Gabbana, una innovadora cafetera apta para su uso en placas de inducci\u00f3n. Gracias a la tecnolog\u00eda de caldera de doble capa, este producto ofrece un alto rendimiento: una capa exterior de acero permite su uso en placas de inducci\u00f3n, mientras que una capa interior de aluminio garantiza una distribuci\u00f3n uniforme del calor.<\/p>\n<p>La Moka Induction es una aut\u00e9ntica obra maestra de estilo y constituye una idea de regalo perfecta. Transforma el sencillo ritual del caf\u00e9 en una celebraci\u00f3n de la excelencia italiana, invit\u00e1ndonos a saborear el arte y la pasi\u00f3n de Dolce&amp;Gabbana en cada taza.<\/p>\n<p>C\u00f3mo preparar el caf\u00e9:<\/p>\n<p>Para preparar un excelente caf\u00e9, basta con verter el agua en la caldera hasta la v\u00e1lvula de seguridad, introducir el embudo y a\u00f1adir el caf\u00e9 molido para la moka sin presionarlo.<\/p>\n<p>Cierra bien la moka y col\u00f3cala en el fuego a temperatura media.<\/p>\n<p>Espera a que el caf\u00e9 burbujee al subir al colector (c\u00e1mara superior), apaga el fog\u00f3n y \u00a1disfruta de un buen caf\u00e9!<\/p>\n<p>Instrucciones de limpieza:<\/p>\n<p>La Bialetti Moka Induction s\u00f3lo debe enjuagarse con agua despu\u00e9s de cada uso.<\/p>\n<p>No utilice detergentes.<\/p>\n<p>El producto no debe lavarse en el lavavajillas, ya que podr\u00eda da\u00f1arse y alterar el sabor del caf\u00e9.<\/p>\n<p>Siciliana Inducci\u00f3n Moka Trolley 2 tazas:<\/p>\n<p>&#8211; Dimensiones: 10,5 cm x 16 cm x 12,5 cm<\/p>\n<p>&#8211; Dimensiones en pulgadas: 4,1&#8243; x 6,2&#8243; x 4,9<\/p>\n<p>&#8211; Capacidad: 90 ML &#8211; 3 OZ, equivalente a 2 tazas de caf\u00e9 colado<\/p>\n<p>Moka Inducci\u00f3n Siciliana Trolley 4 tazas:<\/p>\n<p>&#8211; Dimensiones: 11,5 cm x 17,5 cm x 14 cm<\/p>\n<p>&#8211; Dimensiones en pulgadas: 4,5&#8243; x 6,8&#8243; x 5,5<\/p>\n<p>&#8211; Capacidad: 190 ML &#8211; 6.4 OZ, equivalente a 4 tazas de caf\u00e9 colado<\/p>\n<p><b><strong>Fabricada en Italia<\/strong><\/b><\/p>\n<p>Material de la caldera bicapa (3,5 mm\/0,13&#8243; de grosor) que garantiza una perfecta distribuci\u00f3n del calor: interior de aluminio, exterior de acero.<\/p>\n<p>Mango y pomo de pl\u00e1stico PA66 pintado suave al tacto.<\/p>\n<p>V\u00e1lvula de seguridad f\u00e1cil de limpiar.<\/p>\n<p>Compatible con placas el\u00e9ctricas, de gas y de inducci\u00f3n.<\/p>\n<p>Cada Bialetti Dolce&amp;Gabbana Moka Induction tiene caracter\u00edsticas distintivas relacionadas con las variaciones en la posici\u00f3n de los motivos decorativos del colector.<\/p>\n<p>Aclarar despu\u00e9s de cada uso con agua tibia, evitando detergentes y materiales abrasivos.<\/p>\n<p>No apto para lavavajillas.<\/p>\n","protected":false},"excerpt":{"rendered":"<p>Moka Inducci\u00f3n Bialetti Dolce&amp;Gabbana | Carro siciliano Dos iconos de la tradici\u00f3n Made in Italy se unen para celebrar la<\/p>\n","protected":false},"featured_media":396516,"template":"","meta":{"_acf_changed":false,"inline_featured_image":false},"product_cat":[16042,16040],"product_tag":[24596,16486,23986,23574,24595,16307,16487],"acf":[],"yoast_head":"<!-- This site is optimized with the Yoast SEO Premium plugin v18.6 (Yoast SEO v19.13) - https:\/\/yoast.com\/wordpress\/plugins\/seo\/ -->\n<title>BIALETTI Moka Inducci\u00f3n 4 Tazas Dolce e Gabbana - Erresse Shop<\/title>\n<meta name=\"description\" content=\"Moka Inducci\u00f3n Bialetti Dolce&amp;Gabbana | Carro siciliano Dos iconos de la tradici\u00f3n Made in Italy se unen para celebrar la belleza del ritual italiano\" \/>\n<meta name=\"robots\" content=\"index, follow, max-snippet:-1, max-image-preview:large, max-video-preview:-1\" \/>\n<link rel=\"canonical\" href=\"https:\/\/www.erresse-shop.it\/es\/shop\/cocina\/cafeteras\/bialetti-moka-induccion-4-tazas-dolce-e-gabbana\/\" \/>\n<meta property=\"og:locale\" content=\"es_ES\" \/>\n<meta property=\"og:type\" content=\"article\" \/>\n<meta property=\"og:title\" content=\"BIALETTI Moka Inducci\u00f3n 4 Tazas Dolce e Gabbana\" \/>\n<meta property=\"og:description\" content=\"Moka Inducci\u00f3n Bialetti Dolce&amp;Gabbana | Carro siciliano Dos iconos de la tradici\u00f3n Made in Italy se unen para celebrar la belleza del ritual italiano\" \/>\n<meta property=\"og:url\" content=\"https:\/\/www.erresse-shop.it\/es\/shop\/cocina\/cafeteras\/bialetti-moka-induccion-4-tazas-dolce-e-gabbana\/\" \/>\n<meta property=\"og:site_name\" content=\"Erresse Shop\" \/>\n<meta property=\"article:modified_time\" content=\"2024-03-13T10:12:30+00:00\" \/>\n<meta property=\"og:image\" content=\"https:\/\/www.erresse-shop.it\/wp-content\/uploads\/2024\/03\/bialetti-dolce-e-gabbana-2-tz-induzione.jpg\" \/>\n\t<meta property=\"og:image:width\" content=\"800\" \/>\n\t<meta property=\"og:image:height\" content=\"800\" \/>\n\t<meta property=\"og:image:type\" content=\"image\/jpeg\" \/>\n<meta name=\"twitter:card\" content=\"summary_large_image\" \/>\n<script type=\"application\/ld+json\" class=\"yoast-schema-graph\">{\"@context\":\"https:\/\/schema.org\",\"@graph\":[{\"@type\":\"WebPage\",\"@id\":\"https:\/\/www.erresse-shop.it\/es\/shop\/cocina\/cafeteras\/bialetti-moka-induccion-4-tazas-dolce-e-gabbana\/\",\"url\":\"https:\/\/www.erresse-shop.it\/es\/shop\/cocina\/cafeteras\/bialetti-moka-induccion-4-tazas-dolce-e-gabbana\/\",\"name\":\"BIALETTI Moka Inducci\u00f3n 4 Tazas Dolce e Gabbana - Erresse Shop\",\"isPartOf\":{\"@id\":\"https:\/\/www.erresse-shop.it\/es\/#website\"},\"datePublished\":\"2024-03-13T10:02:18+00:00\",\"dateModified\":\"2024-03-13T10:12:30+00:00\",\"description\":\"Moka Inducci\u00f3n Bialetti Dolce&amp;Gabbana | Carro siciliano Dos iconos de la tradici\u00f3n Made in Italy se unen para celebrar la belleza del ritual italiano\",\"breadcrumb\":{\"@id\":\"https:\/\/www.erresse-shop.it\/es\/shop\/cocina\/cafeteras\/bialetti-moka-induccion-4-tazas-dolce-e-gabbana\/#breadcrumb\"},\"inLanguage\":\"es\",\"potentialAction\":[{\"@type\":\"ReadAction\",\"target\":[\"https:\/\/www.erresse-shop.it\/es\/shop\/cocina\/cafeteras\/bialetti-moka-induccion-4-tazas-dolce-e-gabbana\/\"]}]},{\"@type\":\"BreadcrumbList\",\"@id\":\"https:\/\/www.erresse-shop.it\/es\/shop\/cocina\/cafeteras\/bialetti-moka-induccion-4-tazas-dolce-e-gabbana\/#breadcrumb\",\"itemListElement\":[{\"@type\":\"ListItem\",\"position\":1,\"name\":\"Home\",\"item\":\"https:\/\/www.erresse-shop.it\/es\/\"},{\"@type\":\"ListItem\",\"position\":2,\"name\":\"Shop\",\"item\":\"https:\/\/www.erresse-shop.it\/es\/shop\/\"},{\"@type\":\"ListItem\",\"position\":3,\"name\":\"BIALETTI Moka Inducci\u00f3n 4 Tazas Dolce e Gabbana\"}]},{\"@type\":\"WebSite\",\"@id\":\"https:\/\/www.erresse-shop.it\/es\/#website\",\"url\":\"https:\/\/www.erresse-shop.it\/es\/\",\"name\":\"Erresse Shop\",\"description\":\"Articoli di qualit\u00e0 per la casa\",\"potentialAction\":[{\"@type\":\"SearchAction\",\"target\":{\"@type\":\"EntryPoint\",\"urlTemplate\":\"https:\/\/www.erresse-shop.it\/es\/?s={search_term_string}\"},\"query-input\":\"required name=search_term_string\"}],\"inLanguage\":\"es\"}]}<\/script>\n<!-- \/ Yoast SEO Premium plugin. -->","yoast_head_json":{"title":"BIALETTI Moka Inducci\u00f3n 4 Tazas Dolce e Gabbana - Erresse Shop","description":"Moka Inducci\u00f3n Bialetti Dolce&amp;Gabbana | Carro siciliano Dos iconos de la tradici\u00f3n Made in Italy se unen para celebrar la belleza del ritual italiano","robots":{"index":"index","follow":"follow","max-snippet":"max-snippet:-1","max-image-preview":"max-image-preview:large","max-video-preview":"max-video-preview:-1"},"canonical":"https:\/\/www.erresse-shop.it\/es\/shop\/cocina\/cafeteras\/bialetti-moka-induccion-4-tazas-dolce-e-gabbana\/","og_locale":"es_ES","og_type":"article","og_title":"BIALETTI Moka Inducci\u00f3n 4 Tazas Dolce e Gabbana","og_description":"Moka Inducci\u00f3n Bialetti Dolce&amp;Gabbana | Carro siciliano Dos iconos de la tradici\u00f3n Made in Italy se unen para celebrar la belleza del ritual italiano","og_url":"https:\/\/www.erresse-shop.it\/es\/shop\/cocina\/cafeteras\/bialetti-moka-induccion-4-tazas-dolce-e-gabbana\/","og_site_name":"Erresse Shop","article_modified_time":"2024-03-13T10:12:30+00:00","og_image":[{"width":800,"height":800,"url":"https:\/\/www.erresse-shop.it\/wp-content\/uploads\/2024\/03\/bialetti-dolce-e-gabbana-2-tz-induzione.jpg","type":"image\/jpeg"}],"twitter_card":"summary_large_image","schema":{"@context":"https:\/\/schema.org","@graph":[{"@type":"WebPage","@id":"https:\/\/www.erresse-shop.it\/es\/shop\/cocina\/cafeteras\/bialetti-moka-induccion-4-tazas-dolce-e-gabbana\/","url":"https:\/\/www.erresse-shop.it\/es\/shop\/cocina\/cafeteras\/bialetti-moka-induccion-4-tazas-dolce-e-gabbana\/","name":"BIALETTI Moka Inducci\u00f3n 4 Tazas Dolce e Gabbana - Erresse Shop","isPartOf":{"@id":"https:\/\/www.erresse-shop.it\/es\/#website"},"datePublished":"2024-03-13T10:02:18+00:00","dateModified":"2024-03-13T10:12:30+00:00","description":"Moka Inducci\u00f3n Bialetti Dolce&amp;Gabbana | Carro siciliano Dos iconos de la tradici\u00f3n Made in Italy se unen para celebrar la belleza del ritual italiano","breadcrumb":{"@id":"https:\/\/www.erresse-shop.it\/es\/shop\/cocina\/cafeteras\/bialetti-moka-induccion-4-tazas-dolce-e-gabbana\/#breadcrumb"},"inLanguage":"es","potentialAction":[{"@type":"ReadAction","target":["https:\/\/www.erresse-shop.it\/es\/shop\/cocina\/cafeteras\/bialetti-moka-induccion-4-tazas-dolce-e-gabbana\/"]}]},{"@type":"BreadcrumbList","@id":"https:\/\/www.erresse-shop.it\/es\/shop\/cocina\/cafeteras\/bialetti-moka-induccion-4-tazas-dolce-e-gabbana\/#breadcrumb","itemListElement":[{"@type":"ListItem","position":1,"name":"Home","item":"https:\/\/www.erresse-shop.it\/es\/"},{"@type":"ListItem","position":2,"name":"Shop","item":"https:\/\/www.erresse-shop.it\/es\/shop\/"},{"@type":"ListItem","position":3,"name":"BIALETTI Moka Inducci\u00f3n 4 Tazas Dolce e Gabbana"}]},{"@type":"WebSite","@id":"https:\/\/www.erresse-shop.it\/es\/#website","url":"https:\/\/www.erresse-shop.it\/es\/","name":"Erresse Shop","description":"Articoli di qualit\u00e0 per la casa","potentialAction":[{"@type":"SearchAction","target":{"@type":"EntryPoint","urlTemplate":"https:\/\/www.erresse-shop.it\/es\/?s={search_term_string}"},"query-input":"required name=search_term_string"}],"inLanguage":"es"}]}},"df_price":94.95,"df_sale_price":94.95,"df_regular_price":130,"df_image_link":"https:\/\/www.erresse-shop.it\/wp-content\/uploads\/2024\/03\/bialetti-dolce-e-gabbana-4-tz-induzione-300x300.jpg","_links":{"self":[{"href":"https:\/\/www.erresse-shop.it\/es\/wp-json\/wp\/v2\/product\/396524"}],"collection":[{"href":"https:\/\/www.erresse-shop.it\/es\/wp-json\/wp\/v2\/product"}],"about":[{"href":"https:\/\/www.erresse-shop.it\/es\/wp-json\/wp\/v2\/types\/product"}],"wp:featuredmedia":[{"embeddable":true,"href":"https:\/\/www.erresse-shop.it\/es\/wp-json\/wp\/v2\/media\/396516"}],"wp:attachment":[{"href":"https:\/\/www.erresse-shop.it\/es\/wp-json\/wp\/v2\/media?parent=396524"}],"wp:term":[{"taxonomy":"product_cat","embeddable":true,"href":"https:\/\/www.erresse-shop.it\/es\/wp-json\/wp\/v2\/product_cat?post=396524"},{"taxonomy":"product_tag","embeddable":true,"href":"https:\/\/www.erresse-shop.it\/es\/wp-json\/wp\/v2\/product_tag?post=396524"}],"curies":[{"name":"wp","href":"https:\/\/api.w.org\/{rel}","templated":true}]}}