{"id":396417,"date":"2024-03-13T08:47:42","date_gmt":"2024-03-13T08:47:47","guid":{"rendered":"https:\/\/www.erresse-shop.it\/?post_type=product&#038;p=396417"},"modified":"2024-08-20T00:00:13","modified_gmt":"2024-08-20T00:00:13","slug":"bialetti-moka-express-3-tazas-dolce-gabbana","status":"publish","type":"product","link":"https:\/\/www.erresse-shop.it\/es\/shop\/cocina\/cafeteras\/bialetti-moka-express-3-tazas-dolce-gabbana\/","title":{"rendered":"BIALETTI Moka Express 3 tazas Dolce &#038; Gabbana"},"content":{"rendered":"<p><b><strong>Bialetti Dolce&amp;Gabbana Moka Express | Carro siciliano<\/strong><\/b><\/p>\n<p>Bialetti y Dolce&amp;Gabbana juntos para celebrar el ritual italiano del caf\u00e9.<\/p>\n<p>Nacida en 1933 de una idea de Alfonso Bialetti, Moka Express siempre ha sido un icono indiscutible del estilo italiano.<\/p>\n<p>Hoy, en la edici\u00f3n exclusiva Dolce&amp;Gabbana, Moka Express se convierte en un homenaje a la artesan\u00eda art\u00edstica, los paisajes y los colores \u00fanicos de Sicilia, recreando los motivos decorativos del Carretto siciliano: un elemento del folclore de la isla que, con sus tradiciones, siempre ha estado en el coraz\u00f3n de la est\u00e9tica de Dolce&amp;Gabbana.<\/p>\n<p>Moka Express Bialetti Dolce&amp;Gabbana transforma el ritual del caf\u00e9 en una celebraci\u00f3n del estilo y en un placer doblemente italiano.<\/p>\n<p>C\u00f3mo preparar el caf\u00e9 :<\/p>\n<p>1. Comience vertiendo agua a temperatura ambiente en la caldera Moka y ll\u00e9nela hasta el nivel de la v\u00e1lvula de seguridad. No sobrepases este nivel, de lo contrario el caf\u00e9 puede quedar demasiado aguado.<\/p>\n<p>2. Elige tu mezcla de caf\u00e9 molido favorita. \u00a1Atenci\u00f3n! La mezcla debe estar molida espec\u00edficamente para la Moka, no demasiado fina. Llena el embudo de la Moka generosamente, sin presionar el caf\u00e9 hacia abajo.<\/p>\n<p>3. \u00bfUn peque\u00f1o secreto? Pon el fuego a bajo y t\u00f3mate tu tiempo; merece la pena esperar unos minutos m\u00e1s para disfrutar de un gran caf\u00e9. Cuando el caf\u00e9 haya subido del todo en el embudo, apaga el fuego.<\/p>\n<p>4. Ahora llega el momento crucial: el sabor. Para saborear mejor todos los aromas liberados, le recomendamos que beba el caf\u00e9 en cuanto se vierta en la taza.<br \/>\nInstrucciones de limpieza :<br \/>\nLavar despu\u00e9s de cada uso con agua tibia sin utilizar detergentes y\/o materiales abrasivos.<br \/>\nMaterial del cuerpo: aluminio.<br \/>\nMaterial del mango y del pomo: termopl\u00e1stico.<br \/>\nV\u00e1lvula de seguridad f\u00e1cil de limpiar.<br \/>\nApto para cocinas de gas, el\u00e9ctricas y vitrocer\u00e1micas.<br \/>\nApto para placas de inducci\u00f3n s\u00f3lo si se utiliza con la placa de inducci\u00f3n Bialetti.<br \/>\nCada Bialetti Dolce&amp;Gabbana Moka Express presenta rasgos distintivos ligados a la diferente posici\u00f3n de los motivos decorativos en el aglutinante.<\/p>\n","protected":false},"excerpt":{"rendered":"<p>Bialetti Dolce&amp;Gabbana Moka Express | Carro siciliano Bialetti y Dolce&amp;Gabbana juntos para celebrar el ritual italiano del caf\u00e9. Nacida en<\/p>\n","protected":false},"featured_media":396428,"template":"","meta":{"_acf_changed":false,"inline_featured_image":false},"product_cat":[16042,16040],"product_tag":[24596,16486,23986,23574,24595,16307,16487],"acf":[],"yoast_head":"<!-- This site is optimized with the Yoast SEO Premium plugin v18.6 (Yoast SEO v19.13) - https:\/\/yoast.com\/wordpress\/plugins\/seo\/ -->\n<title>BIALETTI Moka Express 3 tazas Dolce &amp; Gabbana - Erresse Shop<\/title>\n<meta name=\"description\" content=\"Bialetti Dolce&amp;Gabbana Moka Express | Carro siciliano Bialetti y Dolce&amp;Gabbana juntos para celebrar el ritual italiano del caf\u00e9. Nacida en 1933 de\" \/>\n<meta name=\"robots\" content=\"index, follow, max-snippet:-1, max-image-preview:large, max-video-preview:-1\" \/>\n<link rel=\"canonical\" href=\"https:\/\/www.erresse-shop.it\/es\/shop\/cocina\/cafeteras\/bialetti-moka-express-3-tazas-dolce-gabbana\/\" \/>\n<meta property=\"og:locale\" content=\"es_ES\" \/>\n<meta property=\"og:type\" content=\"article\" \/>\n<meta property=\"og:title\" content=\"BIALETTI Moka Express 3 tazas Dolce &amp; Gabbana\" \/>\n<meta property=\"og:description\" content=\"Bialetti Dolce&amp;Gabbana Moka Express | Carro siciliano Bialetti y Dolce&amp;Gabbana juntos para celebrar el ritual italiano del caf\u00e9. Nacida en 1933 de\" \/>\n<meta property=\"og:url\" content=\"https:\/\/www.erresse-shop.it\/es\/shop\/cocina\/cafeteras\/bialetti-moka-express-3-tazas-dolce-gabbana\/\" \/>\n<meta property=\"og:site_name\" content=\"Erresse Shop\" \/>\n<meta property=\"article:modified_time\" content=\"2024-08-20T00:00:13+00:00\" \/>\n<meta property=\"og:image\" content=\"https:\/\/www.erresse-shop.it\/wp-content\/uploads\/2024\/03\/Bialetti-dolce-e-gabbana-moka.jpg\" \/>\n\t<meta property=\"og:image:width\" content=\"800\" \/>\n\t<meta property=\"og:image:height\" content=\"800\" \/>\n\t<meta property=\"og:image:type\" content=\"image\/jpeg\" \/>\n<meta name=\"twitter:card\" content=\"summary_large_image\" \/>\n<script type=\"application\/ld+json\" class=\"yoast-schema-graph\">{\"@context\":\"https:\/\/schema.org\",\"@graph\":[{\"@type\":\"WebPage\",\"@id\":\"https:\/\/www.erresse-shop.it\/es\/shop\/cocina\/cafeteras\/bialetti-moka-express-3-tazas-dolce-gabbana\/\",\"url\":\"https:\/\/www.erresse-shop.it\/es\/shop\/cocina\/cafeteras\/bialetti-moka-express-3-tazas-dolce-gabbana\/\",\"name\":\"BIALETTI Moka Express 3 tazas Dolce & Gabbana - Erresse Shop\",\"isPartOf\":{\"@id\":\"https:\/\/www.erresse-shop.it\/es\/#website\"},\"datePublished\":\"2024-03-13T08:47:47+00:00\",\"dateModified\":\"2024-08-20T00:00:13+00:00\",\"description\":\"Bialetti Dolce&amp;Gabbana Moka Express | Carro siciliano Bialetti y Dolce&amp;Gabbana juntos para celebrar el ritual italiano del caf\u00e9. Nacida en 1933 de\",\"breadcrumb\":{\"@id\":\"https:\/\/www.erresse-shop.it\/es\/shop\/cocina\/cafeteras\/bialetti-moka-express-3-tazas-dolce-gabbana\/#breadcrumb\"},\"inLanguage\":\"es\",\"potentialAction\":[{\"@type\":\"ReadAction\",\"target\":[\"https:\/\/www.erresse-shop.it\/es\/shop\/cocina\/cafeteras\/bialetti-moka-express-3-tazas-dolce-gabbana\/\"]}]},{\"@type\":\"BreadcrumbList\",\"@id\":\"https:\/\/www.erresse-shop.it\/es\/shop\/cocina\/cafeteras\/bialetti-moka-express-3-tazas-dolce-gabbana\/#breadcrumb\",\"itemListElement\":[{\"@type\":\"ListItem\",\"position\":1,\"name\":\"Home\",\"item\":\"https:\/\/www.erresse-shop.it\/es\/\"},{\"@type\":\"ListItem\",\"position\":2,\"name\":\"Shop\",\"item\":\"https:\/\/www.erresse-shop.it\/es\/shop\/\"},{\"@type\":\"ListItem\",\"position\":3,\"name\":\"BIALETTI Moka Express 3 tazas Dolce &#038; Gabbana\"}]},{\"@type\":\"WebSite\",\"@id\":\"https:\/\/www.erresse-shop.it\/es\/#website\",\"url\":\"https:\/\/www.erresse-shop.it\/es\/\",\"name\":\"Erresse Shop\",\"description\":\"Articoli di qualit\u00e0 per la casa\",\"potentialAction\":[{\"@type\":\"SearchAction\",\"target\":{\"@type\":\"EntryPoint\",\"urlTemplate\":\"https:\/\/www.erresse-shop.it\/es\/?s={search_term_string}\"},\"query-input\":\"required name=search_term_string\"}],\"inLanguage\":\"es\"}]}<\/script>\n<!-- \/ Yoast SEO Premium plugin. -->","yoast_head_json":{"title":"BIALETTI Moka Express 3 tazas Dolce & Gabbana - Erresse Shop","description":"Bialetti Dolce&amp;Gabbana Moka Express | Carro siciliano Bialetti y Dolce&amp;Gabbana juntos para celebrar el ritual italiano del caf\u00e9. Nacida en 1933 de","robots":{"index":"index","follow":"follow","max-snippet":"max-snippet:-1","max-image-preview":"max-image-preview:large","max-video-preview":"max-video-preview:-1"},"canonical":"https:\/\/www.erresse-shop.it\/es\/shop\/cocina\/cafeteras\/bialetti-moka-express-3-tazas-dolce-gabbana\/","og_locale":"es_ES","og_type":"article","og_title":"BIALETTI Moka Express 3 tazas Dolce & Gabbana","og_description":"Bialetti Dolce&amp;Gabbana Moka Express | Carro siciliano Bialetti y Dolce&amp;Gabbana juntos para celebrar el ritual italiano del caf\u00e9. Nacida en 1933 de","og_url":"https:\/\/www.erresse-shop.it\/es\/shop\/cocina\/cafeteras\/bialetti-moka-express-3-tazas-dolce-gabbana\/","og_site_name":"Erresse Shop","article_modified_time":"2024-08-20T00:00:13+00:00","og_image":[{"width":800,"height":800,"url":"https:\/\/www.erresse-shop.it\/wp-content\/uploads\/2024\/03\/Bialetti-dolce-e-gabbana-moka.jpg","type":"image\/jpeg"}],"twitter_card":"summary_large_image","schema":{"@context":"https:\/\/schema.org","@graph":[{"@type":"WebPage","@id":"https:\/\/www.erresse-shop.it\/es\/shop\/cocina\/cafeteras\/bialetti-moka-express-3-tazas-dolce-gabbana\/","url":"https:\/\/www.erresse-shop.it\/es\/shop\/cocina\/cafeteras\/bialetti-moka-express-3-tazas-dolce-gabbana\/","name":"BIALETTI Moka Express 3 tazas Dolce & Gabbana - Erresse Shop","isPartOf":{"@id":"https:\/\/www.erresse-shop.it\/es\/#website"},"datePublished":"2024-03-13T08:47:47+00:00","dateModified":"2024-08-20T00:00:13+00:00","description":"Bialetti Dolce&amp;Gabbana Moka Express | Carro siciliano Bialetti y Dolce&amp;Gabbana juntos para celebrar el ritual italiano del caf\u00e9. Nacida en 1933 de","breadcrumb":{"@id":"https:\/\/www.erresse-shop.it\/es\/shop\/cocina\/cafeteras\/bialetti-moka-express-3-tazas-dolce-gabbana\/#breadcrumb"},"inLanguage":"es","potentialAction":[{"@type":"ReadAction","target":["https:\/\/www.erresse-shop.it\/es\/shop\/cocina\/cafeteras\/bialetti-moka-express-3-tazas-dolce-gabbana\/"]}]},{"@type":"BreadcrumbList","@id":"https:\/\/www.erresse-shop.it\/es\/shop\/cocina\/cafeteras\/bialetti-moka-express-3-tazas-dolce-gabbana\/#breadcrumb","itemListElement":[{"@type":"ListItem","position":1,"name":"Home","item":"https:\/\/www.erresse-shop.it\/es\/"},{"@type":"ListItem","position":2,"name":"Shop","item":"https:\/\/www.erresse-shop.it\/es\/shop\/"},{"@type":"ListItem","position":3,"name":"BIALETTI Moka Express 3 tazas Dolce &#038; Gabbana"}]},{"@type":"WebSite","@id":"https:\/\/www.erresse-shop.it\/es\/#website","url":"https:\/\/www.erresse-shop.it\/es\/","name":"Erresse Shop","description":"Articoli di qualit\u00e0 per la casa","potentialAction":[{"@type":"SearchAction","target":{"@type":"EntryPoint","urlTemplate":"https:\/\/www.erresse-shop.it\/es\/?s={search_term_string}"},"query-input":"required name=search_term_string"}],"inLanguage":"es"}]}},"df_price":81,"df_sale_price":81,"df_regular_price":90,"df_image_link":"https:\/\/www.erresse-shop.it\/wp-content\/uploads\/2024\/03\/Bialetti-dolce-e-gabbana-moka-300x300.jpg","_links":{"self":[{"href":"https:\/\/www.erresse-shop.it\/es\/wp-json\/wp\/v2\/product\/396417"}],"collection":[{"href":"https:\/\/www.erresse-shop.it\/es\/wp-json\/wp\/v2\/product"}],"about":[{"href":"https:\/\/www.erresse-shop.it\/es\/wp-json\/wp\/v2\/types\/product"}],"wp:featuredmedia":[{"embeddable":true,"href":"https:\/\/www.erresse-shop.it\/es\/wp-json\/wp\/v2\/media\/396428"}],"wp:attachment":[{"href":"https:\/\/www.erresse-shop.it\/es\/wp-json\/wp\/v2\/media?parent=396417"}],"wp:term":[{"taxonomy":"product_cat","embeddable":true,"href":"https:\/\/www.erresse-shop.it\/es\/wp-json\/wp\/v2\/product_cat?post=396417"},{"taxonomy":"product_tag","embeddable":true,"href":"https:\/\/www.erresse-shop.it\/es\/wp-json\/wp\/v2\/product_tag?post=396417"}],"curies":[{"name":"wp","href":"https:\/\/api.w.org\/{rel}","templated":true}]}}