{"id":396380,"date":"2024-03-13T08:07:15","date_gmt":"2024-03-13T08:07:19","guid":{"rendered":"https:\/\/www.erresse-shop.it\/?post_type=product&#038;p=396380"},"modified":"2025-02-20T12:26:14","modified_gmt":"2025-02-20T12:26:14","slug":"joseph-joseph-glide-compact-tabla-de-planchar-verde","status":"publish","type":"product","link":"https:\/\/www.erresse-shop.it\/es\/shop\/mobiliario\/tablas-de-planchar\/joseph-joseph-glide-compact-tabla-de-planchar-verde\/","title":{"rendered":"JOSEPH JOSEPH Glide Compact Tabla de planchar verde"},"content":{"rendered":"<p>Compacto y delgado cuando est\u00e1 plegado<\/p>\n<p>F\u00e1cil y r\u00e1pida de montar y ajustable en seis posiciones de altura, desde 81 cm (32 pulgadas) hasta un m\u00e1ximo de 96 cm (38 pulgadas)<\/p>\n<p>Alfombrilla de plancha de silicona extra\u00edble y resistente al calor<\/p>\n<p>Se incluye un gancho independiente para colgarla y guardarla f\u00e1cilmente<\/p>\n<p>Cubierta f\u00e1cil de cambiar con palanca de cable<\/p>\n<p><b><strong>Cuidado y uso<\/strong><\/b><\/p>\n<p>Forro: limpiar s\u00f3lo con un pa\u00f1o, no lavar a m\u00e1quina<\/p>\n<p>Armaz\u00f3n: limpiar con un pa\u00f1o h\u00famedo, no utilizar pa\u00f1os abrasivos ni limpiadores qu\u00edmicos fuertes<\/p>\n<p>Precauci\u00f3n: no deje la plancha caliente sin vigilancia sobre el reposaplanchas de silicona<\/p>\n<p>Mantenga a los ni\u00f1os alejados de la tabla de planchar durante su uso y gu\u00e1rdela de forma segura despu\u00e9s de utilizarla<\/p>\n<p>Marco garantizado durante 3 a\u00f1os contra defectos de fabricaci\u00f3n, todos los detalles se pueden encontrar en nuestra p\u00e1gina de garant\u00eda aqu\u00ed , todas las dem\u00e1s partes garantizadas por 2 a\u00f1os<\/p>\n<p>Encuentre el v\u00eddeo completo sobre la sustituci\u00f3n de la cubierta aqu\u00ed<\/p>\n<p>Encuentre el folleto de instrucciones completo aqu\u00ed<\/p>\n<p><b><strong>Dimensiones<\/strong><\/b><\/p>\n<p>Dimensiones del tablero: Alto 110 x Ancho 33 cm (43,3 x 13 pulgadas)<\/p>\n<p>Cerrado (patas incluidas): H131 x A42 x P10 cm (H51,5 x A16,5 x P4 pulgadas)<\/p>\n<p><b><strong>Peso<\/strong><\/b>: 4,65 kg<\/p>\n","protected":false},"excerpt":{"rendered":"<p>Compacto y delgado cuando est\u00e1 plegado F\u00e1cil y r\u00e1pida de montar y ajustable en seis posiciones de altura, desde 81<\/p>\n","protected":false},"featured_media":489629,"template":"","meta":{"_acf_changed":false,"inline_featured_image":false},"product_cat":[16016,18097],"product_tag":[25029,18478,16134,25023],"acf":[],"yoast_head":"<!-- This site is optimized with the Yoast SEO Premium plugin v18.6 (Yoast SEO v19.13) - https:\/\/yoast.com\/wordpress\/plugins\/seo\/ -->\n<title>JOSEPH JOSEPH Glide Compact Tabla de planchar verde - Erresse Shop<\/title>\n<meta name=\"description\" content=\"Compacto y delgado cuando est\u00e1 plegado F\u00e1cil y r\u00e1pida de montar y ajustable en seis posiciones de altura, desde 81 cm (32 pulgadas) hasta un m\u00e1ximo de 96\" \/>\n<meta name=\"robots\" content=\"index, follow, max-snippet:-1, max-image-preview:large, max-video-preview:-1\" \/>\n<link rel=\"canonical\" href=\"https:\/\/www.erresse-shop.it\/es\/shop\/mobiliario\/tablas-de-planchar\/joseph-joseph-glide-compact-tabla-de-planchar-verde\/\" \/>\n<meta property=\"og:locale\" content=\"es_ES\" \/>\n<meta property=\"og:type\" content=\"article\" \/>\n<meta property=\"og:title\" content=\"JOSEPH JOSEPH Glide Compact Tabla de planchar verde\" \/>\n<meta property=\"og:description\" content=\"Compacto y delgado cuando est\u00e1 plegado F\u00e1cil y r\u00e1pida de montar y ajustable en seis posiciones de altura, desde 81 cm (32 pulgadas) hasta un m\u00e1ximo de 96\" \/>\n<meta property=\"og:url\" content=\"https:\/\/www.erresse-shop.it\/es\/shop\/mobiliario\/tablas-de-planchar\/joseph-joseph-glide-compact-tabla-de-planchar-verde\/\" \/>\n<meta property=\"og:site_name\" content=\"Erresse Shop\" \/>\n<meta property=\"article:modified_time\" content=\"2025-02-20T12:26:14+00:00\" \/>\n<meta property=\"og:image\" content=\"https:\/\/www.erresse-shop.it\/wp-content\/uploads\/2024\/03\/JOSEPH-JOSEPH-Glide-Asse-da-stiro-compatto-Mimetica-Verde.png\" \/>\n\t<meta property=\"og:image:width\" content=\"800\" \/>\n\t<meta property=\"og:image:height\" content=\"800\" \/>\n\t<meta property=\"og:image:type\" content=\"image\/png\" \/>\n<meta name=\"twitter:card\" content=\"summary_large_image\" \/>\n<script type=\"application\/ld+json\" class=\"yoast-schema-graph\">{\"@context\":\"https:\/\/schema.org\",\"@graph\":[{\"@type\":\"WebPage\",\"@id\":\"https:\/\/www.erresse-shop.it\/es\/shop\/mobiliario\/tablas-de-planchar\/joseph-joseph-glide-compact-tabla-de-planchar-verde\/\",\"url\":\"https:\/\/www.erresse-shop.it\/es\/shop\/mobiliario\/tablas-de-planchar\/joseph-joseph-glide-compact-tabla-de-planchar-verde\/\",\"name\":\"JOSEPH JOSEPH Glide Compact Tabla de planchar verde - Erresse Shop\",\"isPartOf\":{\"@id\":\"https:\/\/www.erresse-shop.it\/es\/#website\"},\"datePublished\":\"2024-03-13T08:07:19+00:00\",\"dateModified\":\"2025-02-20T12:26:14+00:00\",\"description\":\"Compacto y delgado cuando est\u00e1 plegado F\u00e1cil y r\u00e1pida de montar y ajustable en seis posiciones de altura, desde 81 cm (32 pulgadas) hasta un m\u00e1ximo de 96\",\"breadcrumb\":{\"@id\":\"https:\/\/www.erresse-shop.it\/es\/shop\/mobiliario\/tablas-de-planchar\/joseph-joseph-glide-compact-tabla-de-planchar-verde\/#breadcrumb\"},\"inLanguage\":\"es\",\"potentialAction\":[{\"@type\":\"ReadAction\",\"target\":[\"https:\/\/www.erresse-shop.it\/es\/shop\/mobiliario\/tablas-de-planchar\/joseph-joseph-glide-compact-tabla-de-planchar-verde\/\"]}]},{\"@type\":\"BreadcrumbList\",\"@id\":\"https:\/\/www.erresse-shop.it\/es\/shop\/mobiliario\/tablas-de-planchar\/joseph-joseph-glide-compact-tabla-de-planchar-verde\/#breadcrumb\",\"itemListElement\":[{\"@type\":\"ListItem\",\"position\":1,\"name\":\"Home\",\"item\":\"https:\/\/www.erresse-shop.it\/es\/\"},{\"@type\":\"ListItem\",\"position\":2,\"name\":\"Shop\",\"item\":\"https:\/\/www.erresse-shop.it\/es\/shop\/\"},{\"@type\":\"ListItem\",\"position\":3,\"name\":\"JOSEPH JOSEPH Glide Compact Tabla de planchar verde\"}]},{\"@type\":\"WebSite\",\"@id\":\"https:\/\/www.erresse-shop.it\/es\/#website\",\"url\":\"https:\/\/www.erresse-shop.it\/es\/\",\"name\":\"Erresse Shop\",\"description\":\"Articoli di qualit\u00e0 per la casa\",\"potentialAction\":[{\"@type\":\"SearchAction\",\"target\":{\"@type\":\"EntryPoint\",\"urlTemplate\":\"https:\/\/www.erresse-shop.it\/es\/?s={search_term_string}\"},\"query-input\":\"required name=search_term_string\"}],\"inLanguage\":\"es\"}]}<\/script>\n<!-- \/ Yoast SEO Premium plugin. -->","yoast_head_json":{"title":"JOSEPH JOSEPH Glide Compact Tabla de planchar verde - Erresse Shop","description":"Compacto y delgado cuando est\u00e1 plegado F\u00e1cil y r\u00e1pida de montar y ajustable en seis posiciones de altura, desde 81 cm (32 pulgadas) hasta un m\u00e1ximo de 96","robots":{"index":"index","follow":"follow","max-snippet":"max-snippet:-1","max-image-preview":"max-image-preview:large","max-video-preview":"max-video-preview:-1"},"canonical":"https:\/\/www.erresse-shop.it\/es\/shop\/mobiliario\/tablas-de-planchar\/joseph-joseph-glide-compact-tabla-de-planchar-verde\/","og_locale":"es_ES","og_type":"article","og_title":"JOSEPH JOSEPH Glide Compact Tabla de planchar verde","og_description":"Compacto y delgado cuando est\u00e1 plegado F\u00e1cil y r\u00e1pida de montar y ajustable en seis posiciones de altura, desde 81 cm (32 pulgadas) hasta un m\u00e1ximo de 96","og_url":"https:\/\/www.erresse-shop.it\/es\/shop\/mobiliario\/tablas-de-planchar\/joseph-joseph-glide-compact-tabla-de-planchar-verde\/","og_site_name":"Erresse Shop","article_modified_time":"2025-02-20T12:26:14+00:00","og_image":[{"width":800,"height":800,"url":"https:\/\/www.erresse-shop.it\/wp-content\/uploads\/2024\/03\/JOSEPH-JOSEPH-Glide-Asse-da-stiro-compatto-Mimetica-Verde.png","type":"image\/png"}],"twitter_card":"summary_large_image","schema":{"@context":"https:\/\/schema.org","@graph":[{"@type":"WebPage","@id":"https:\/\/www.erresse-shop.it\/es\/shop\/mobiliario\/tablas-de-planchar\/joseph-joseph-glide-compact-tabla-de-planchar-verde\/","url":"https:\/\/www.erresse-shop.it\/es\/shop\/mobiliario\/tablas-de-planchar\/joseph-joseph-glide-compact-tabla-de-planchar-verde\/","name":"JOSEPH JOSEPH Glide Compact Tabla de planchar verde - Erresse Shop","isPartOf":{"@id":"https:\/\/www.erresse-shop.it\/es\/#website"},"datePublished":"2024-03-13T08:07:19+00:00","dateModified":"2025-02-20T12:26:14+00:00","description":"Compacto y delgado cuando est\u00e1 plegado F\u00e1cil y r\u00e1pida de montar y ajustable en seis posiciones de altura, desde 81 cm (32 pulgadas) hasta un m\u00e1ximo de 96","breadcrumb":{"@id":"https:\/\/www.erresse-shop.it\/es\/shop\/mobiliario\/tablas-de-planchar\/joseph-joseph-glide-compact-tabla-de-planchar-verde\/#breadcrumb"},"inLanguage":"es","potentialAction":[{"@type":"ReadAction","target":["https:\/\/www.erresse-shop.it\/es\/shop\/mobiliario\/tablas-de-planchar\/joseph-joseph-glide-compact-tabla-de-planchar-verde\/"]}]},{"@type":"BreadcrumbList","@id":"https:\/\/www.erresse-shop.it\/es\/shop\/mobiliario\/tablas-de-planchar\/joseph-joseph-glide-compact-tabla-de-planchar-verde\/#breadcrumb","itemListElement":[{"@type":"ListItem","position":1,"name":"Home","item":"https:\/\/www.erresse-shop.it\/es\/"},{"@type":"ListItem","position":2,"name":"Shop","item":"https:\/\/www.erresse-shop.it\/es\/shop\/"},{"@type":"ListItem","position":3,"name":"JOSEPH JOSEPH Glide Compact Tabla de planchar verde"}]},{"@type":"WebSite","@id":"https:\/\/www.erresse-shop.it\/es\/#website","url":"https:\/\/www.erresse-shop.it\/es\/","name":"Erresse Shop","description":"Articoli di qualit\u00e0 per la casa","potentialAction":[{"@type":"SearchAction","target":{"@type":"EntryPoint","urlTemplate":"https:\/\/www.erresse-shop.it\/es\/?s={search_term_string}"},"query-input":"required name=search_term_string"}],"inLanguage":"es"}]}},"df_price":99.95,"df_sale_price":99.95,"df_regular_price":129.99,"df_image_link":"https:\/\/www.erresse-shop.it\/wp-content\/uploads\/2024\/03\/JOSEPH-JOSEPH-Glide-Compact-Asse-da-Stiro-Verde-300x300.jpg","_links":{"self":[{"href":"https:\/\/www.erresse-shop.it\/es\/wp-json\/wp\/v2\/product\/396380"}],"collection":[{"href":"https:\/\/www.erresse-shop.it\/es\/wp-json\/wp\/v2\/product"}],"about":[{"href":"https:\/\/www.erresse-shop.it\/es\/wp-json\/wp\/v2\/types\/product"}],"wp:featuredmedia":[{"embeddable":true,"href":"https:\/\/www.erresse-shop.it\/es\/wp-json\/wp\/v2\/media\/489629"}],"wp:attachment":[{"href":"https:\/\/www.erresse-shop.it\/es\/wp-json\/wp\/v2\/media?parent=396380"}],"wp:term":[{"taxonomy":"product_cat","embeddable":true,"href":"https:\/\/www.erresse-shop.it\/es\/wp-json\/wp\/v2\/product_cat?post=396380"},{"taxonomy":"product_tag","embeddable":true,"href":"https:\/\/www.erresse-shop.it\/es\/wp-json\/wp\/v2\/product_tag?post=396380"}],"curies":[{"name":"wp","href":"https:\/\/api.w.org\/{rel}","templated":true}]}}