{"id":396347,"date":"2024-03-13T07:58:47","date_gmt":"2024-03-13T07:58:52","guid":{"rendered":"https:\/\/www.erresse-shop.it\/?post_type=product&#038;p=396347"},"modified":"2024-03-13T08:05:33","modified_gmt":"2024-03-13T08:05:33","slug":"joseph-joseph-glide-tabla-de-planchar-verde","status":"publish","type":"product","link":"https:\/\/www.erresse-shop.it\/es\/shop\/mobiliario\/tablas-de-planchar\/joseph-joseph-glide-tabla-de-planchar-verde\/","title":{"rendered":"JOSEPH JOSEPH Glide Tabla de planchar verde"},"content":{"rendered":"<p>Esta revolucionaria tabla de planchar de tama\u00f1o normal presenta un dise\u00f1o de soporte \u00fanico que hace que sea m\u00e1s compacta cuando se guarda que otras tablas de planchar convencionales.<\/p>\n<p>El dise\u00f1o \u00fanico ocupa mucho menos espacio que otras tablas cuando se guardan<\/p>\n<p>R\u00e1pida y f\u00e1cil de montar con 7 posiciones de altura ajustables de 84 cm (33 pulgadas) a 99 cm (39 pulgadas)<\/p>\n<p>Incluye un gancho independiente para colgarla y guardarla f\u00e1cilmente o colgarla detr\u00e1s de una puerta<\/p>\n<p>La funda f\u00e1cil de cambiar incluye cable de activaci\u00f3n y soporte de silicona resistente al calor para la plancha<\/p>\n<p><b><strong>Cuidado y uso:<\/strong><\/b><\/p>\n<p>Cubierta: limpiar s\u00f3lo con un pa\u00f1o, no lavar a m\u00e1quina<\/p>\n<p>Estructura: limpiar con un pa\u00f1o h\u00famedo, no utilizar pa\u00f1os abrasivos ni limpiadores qu\u00edmicos fuertes<\/p>\n<p>Precauci\u00f3n: no deje la plancha caliente sin vigilancia sobre el reposaplanchas de silicona<\/p>\n<p>Mantenga a los ni\u00f1os alejados de la tabla de planchar durante su uso y gu\u00e1rdela de forma segura despu\u00e9s de utilizarla<\/p>\n<p>Marco garantizado durante 3 a\u00f1os contra defectos de fabricaci\u00f3n, todos los detalles se pueden encontrar en nuestra p\u00e1gina de garant\u00eda aqu\u00ed , todas las dem\u00e1s partes garantizadas por 2 a\u00f1os<\/p>\n<p><b><strong>Dimensiones<\/strong><\/b>:<\/p>\n<p>Dimensiones de la tabla: H 130 x A 38 cm (51\u00bc x 15 pulgadas)<\/p>\n<p>Superficie de planchado: H 108 x W 38 cm (42 \u00bd x 15 pulgadas)<\/p>\n<p>Cerrado (patas incluidas): H136 x W38 x D8.5 cm (H53\u00bd x W15 x D3 \u00bd pulgadas)<\/p>\n<p><b><strong>Peso<\/strong><\/b>: 6,4 kg<\/p>\n","protected":false},"excerpt":{"rendered":"<p>Esta revolucionaria tabla de planchar de tama\u00f1o normal presenta un dise\u00f1o de soporte \u00fanico que hace que sea m\u00e1s compacta<\/p>\n","protected":false},"featured_media":432772,"template":"","meta":{"_acf_changed":false,"inline_featured_image":false},"product_cat":[16016,18097],"product_tag":[25029,25023],"acf":[],"yoast_head":"<!-- This site is optimized with the Yoast SEO Premium plugin v18.6 (Yoast SEO v19.13) - https:\/\/yoast.com\/wordpress\/plugins\/seo\/ -->\n<title>JOSEPH JOSEPH Glide Tabla de planchar verde - Erresse Shop<\/title>\n<meta name=\"description\" content=\"Esta revolucionaria tabla de planchar de tama\u00f1o normal presenta un dise\u00f1o de soporte \u00fanico que hace que sea m\u00e1s compacta cuando se guarda que otras tablas\" \/>\n<meta name=\"robots\" content=\"index, follow, max-snippet:-1, max-image-preview:large, max-video-preview:-1\" \/>\n<link rel=\"canonical\" href=\"https:\/\/www.erresse-shop.it\/es\/shop\/mobiliario\/tablas-de-planchar\/joseph-joseph-glide-tabla-de-planchar-verde\/\" \/>\n<meta property=\"og:locale\" content=\"es_ES\" \/>\n<meta property=\"og:type\" content=\"article\" \/>\n<meta property=\"og:title\" content=\"JOSEPH JOSEPH Glide Tabla de planchar verde\" \/>\n<meta property=\"og:description\" content=\"Esta revolucionaria tabla de planchar de tama\u00f1o normal presenta un dise\u00f1o de soporte \u00fanico que hace que sea m\u00e1s compacta cuando se guarda que otras tablas\" \/>\n<meta property=\"og:url\" content=\"https:\/\/www.erresse-shop.it\/es\/shop\/mobiliario\/tablas-de-planchar\/joseph-joseph-glide-tabla-de-planchar-verde\/\" \/>\n<meta property=\"og:site_name\" content=\"Erresse Shop\" \/>\n<meta property=\"article:modified_time\" content=\"2024-03-13T08:05:33+00:00\" \/>\n<meta property=\"og:image\" content=\"https:\/\/www.erresse-shop.it\/wp-content\/uploads\/2024\/03\/JOSEPH-JOSEPH-Glide-Asse-da-Stiro-Verde.webp\" \/>\n\t<meta property=\"og:image:width\" content=\"1200\" \/>\n\t<meta property=\"og:image:height\" content=\"1200\" \/>\n\t<meta property=\"og:image:type\" content=\"image\/webp\" \/>\n<meta name=\"twitter:card\" content=\"summary_large_image\" \/>\n<script type=\"application\/ld+json\" class=\"yoast-schema-graph\">{\"@context\":\"https:\/\/schema.org\",\"@graph\":[{\"@type\":\"WebPage\",\"@id\":\"https:\/\/www.erresse-shop.it\/es\/shop\/mobiliario\/tablas-de-planchar\/joseph-joseph-glide-tabla-de-planchar-verde\/\",\"url\":\"https:\/\/www.erresse-shop.it\/es\/shop\/mobiliario\/tablas-de-planchar\/joseph-joseph-glide-tabla-de-planchar-verde\/\",\"name\":\"JOSEPH JOSEPH Glide Tabla de planchar verde - Erresse Shop\",\"isPartOf\":{\"@id\":\"https:\/\/www.erresse-shop.it\/es\/#website\"},\"datePublished\":\"2024-03-13T07:58:52+00:00\",\"dateModified\":\"2024-03-13T08:05:33+00:00\",\"description\":\"Esta revolucionaria tabla de planchar de tama\u00f1o normal presenta un dise\u00f1o de soporte \u00fanico que hace que sea m\u00e1s compacta cuando se guarda que otras tablas\",\"breadcrumb\":{\"@id\":\"https:\/\/www.erresse-shop.it\/es\/shop\/mobiliario\/tablas-de-planchar\/joseph-joseph-glide-tabla-de-planchar-verde\/#breadcrumb\"},\"inLanguage\":\"es\",\"potentialAction\":[{\"@type\":\"ReadAction\",\"target\":[\"https:\/\/www.erresse-shop.it\/es\/shop\/mobiliario\/tablas-de-planchar\/joseph-joseph-glide-tabla-de-planchar-verde\/\"]}]},{\"@type\":\"BreadcrumbList\",\"@id\":\"https:\/\/www.erresse-shop.it\/es\/shop\/mobiliario\/tablas-de-planchar\/joseph-joseph-glide-tabla-de-planchar-verde\/#breadcrumb\",\"itemListElement\":[{\"@type\":\"ListItem\",\"position\":1,\"name\":\"Home\",\"item\":\"https:\/\/www.erresse-shop.it\/es\/\"},{\"@type\":\"ListItem\",\"position\":2,\"name\":\"Shop\",\"item\":\"https:\/\/www.erresse-shop.it\/es\/shop\/\"},{\"@type\":\"ListItem\",\"position\":3,\"name\":\"JOSEPH JOSEPH Glide Tabla de planchar verde\"}]},{\"@type\":\"WebSite\",\"@id\":\"https:\/\/www.erresse-shop.it\/es\/#website\",\"url\":\"https:\/\/www.erresse-shop.it\/es\/\",\"name\":\"Erresse Shop\",\"description\":\"Articoli di qualit\u00e0 per la casa\",\"potentialAction\":[{\"@type\":\"SearchAction\",\"target\":{\"@type\":\"EntryPoint\",\"urlTemplate\":\"https:\/\/www.erresse-shop.it\/es\/?s={search_term_string}\"},\"query-input\":\"required name=search_term_string\"}],\"inLanguage\":\"es\"}]}<\/script>\n<!-- \/ Yoast SEO Premium plugin. -->","yoast_head_json":{"title":"JOSEPH JOSEPH Glide Tabla de planchar verde - Erresse Shop","description":"Esta revolucionaria tabla de planchar de tama\u00f1o normal presenta un dise\u00f1o de soporte \u00fanico que hace que sea m\u00e1s compacta cuando se guarda que otras tablas","robots":{"index":"index","follow":"follow","max-snippet":"max-snippet:-1","max-image-preview":"max-image-preview:large","max-video-preview":"max-video-preview:-1"},"canonical":"https:\/\/www.erresse-shop.it\/es\/shop\/mobiliario\/tablas-de-planchar\/joseph-joseph-glide-tabla-de-planchar-verde\/","og_locale":"es_ES","og_type":"article","og_title":"JOSEPH JOSEPH Glide Tabla de planchar verde","og_description":"Esta revolucionaria tabla de planchar de tama\u00f1o normal presenta un dise\u00f1o de soporte \u00fanico que hace que sea m\u00e1s compacta cuando se guarda que otras tablas","og_url":"https:\/\/www.erresse-shop.it\/es\/shop\/mobiliario\/tablas-de-planchar\/joseph-joseph-glide-tabla-de-planchar-verde\/","og_site_name":"Erresse Shop","article_modified_time":"2024-03-13T08:05:33+00:00","og_image":[{"width":1200,"height":1200,"url":"https:\/\/www.erresse-shop.it\/wp-content\/uploads\/2024\/03\/JOSEPH-JOSEPH-Glide-Asse-da-Stiro-Verde.webp","type":"image\/webp"}],"twitter_card":"summary_large_image","schema":{"@context":"https:\/\/schema.org","@graph":[{"@type":"WebPage","@id":"https:\/\/www.erresse-shop.it\/es\/shop\/mobiliario\/tablas-de-planchar\/joseph-joseph-glide-tabla-de-planchar-verde\/","url":"https:\/\/www.erresse-shop.it\/es\/shop\/mobiliario\/tablas-de-planchar\/joseph-joseph-glide-tabla-de-planchar-verde\/","name":"JOSEPH JOSEPH Glide Tabla de planchar verde - Erresse Shop","isPartOf":{"@id":"https:\/\/www.erresse-shop.it\/es\/#website"},"datePublished":"2024-03-13T07:58:52+00:00","dateModified":"2024-03-13T08:05:33+00:00","description":"Esta revolucionaria tabla de planchar de tama\u00f1o normal presenta un dise\u00f1o de soporte \u00fanico que hace que sea m\u00e1s compacta cuando se guarda que otras tablas","breadcrumb":{"@id":"https:\/\/www.erresse-shop.it\/es\/shop\/mobiliario\/tablas-de-planchar\/joseph-joseph-glide-tabla-de-planchar-verde\/#breadcrumb"},"inLanguage":"es","potentialAction":[{"@type":"ReadAction","target":["https:\/\/www.erresse-shop.it\/es\/shop\/mobiliario\/tablas-de-planchar\/joseph-joseph-glide-tabla-de-planchar-verde\/"]}]},{"@type":"BreadcrumbList","@id":"https:\/\/www.erresse-shop.it\/es\/shop\/mobiliario\/tablas-de-planchar\/joseph-joseph-glide-tabla-de-planchar-verde\/#breadcrumb","itemListElement":[{"@type":"ListItem","position":1,"name":"Home","item":"https:\/\/www.erresse-shop.it\/es\/"},{"@type":"ListItem","position":2,"name":"Shop","item":"https:\/\/www.erresse-shop.it\/es\/shop\/"},{"@type":"ListItem","position":3,"name":"JOSEPH JOSEPH Glide Tabla de planchar verde"}]},{"@type":"WebSite","@id":"https:\/\/www.erresse-shop.it\/es\/#website","url":"https:\/\/www.erresse-shop.it\/es\/","name":"Erresse Shop","description":"Articoli di qualit\u00e0 per la casa","potentialAction":[{"@type":"SearchAction","target":{"@type":"EntryPoint","urlTemplate":"https:\/\/www.erresse-shop.it\/es\/?s={search_term_string}"},"query-input":"required name=search_term_string"}],"inLanguage":"es"}]}},"df_price":74.995,"df_sale_price":74.995,"df_regular_price":149.99,"df_image_link":"https:\/\/www.erresse-shop.it\/wp-content\/uploads\/2024\/03\/JOSEPH-JOSEPH-Glide-Asse-da-Stiro-Verde-300x300.webp","_links":{"self":[{"href":"https:\/\/www.erresse-shop.it\/es\/wp-json\/wp\/v2\/product\/396347"}],"collection":[{"href":"https:\/\/www.erresse-shop.it\/es\/wp-json\/wp\/v2\/product"}],"about":[{"href":"https:\/\/www.erresse-shop.it\/es\/wp-json\/wp\/v2\/types\/product"}],"wp:featuredmedia":[{"embeddable":true,"href":"https:\/\/www.erresse-shop.it\/es\/wp-json\/wp\/v2\/media\/432772"}],"wp:attachment":[{"href":"https:\/\/www.erresse-shop.it\/es\/wp-json\/wp\/v2\/media?parent=396347"}],"wp:term":[{"taxonomy":"product_cat","embeddable":true,"href":"https:\/\/www.erresse-shop.it\/es\/wp-json\/wp\/v2\/product_cat?post=396347"},{"taxonomy":"product_tag","embeddable":true,"href":"https:\/\/www.erresse-shop.it\/es\/wp-json\/wp\/v2\/product_tag?post=396347"}],"curies":[{"name":"wp","href":"https:\/\/api.w.org\/{rel}","templated":true}]}}