{"id":396317,"date":"2024-03-13T07:51:41","date_gmt":"2024-03-13T07:51:45","guid":{"rendered":"https:\/\/www.erresse-shop.it\/?post_type=product&#038;p=396317"},"modified":"2025-06-16T13:12:29","modified_gmt":"2025-06-16T13:12:29","slug":"joseph-joseph-glide-max-plus-tabla-de-planchar-verde","status":"publish","type":"product","link":"https:\/\/www.erresse-shop.it\/es\/shop\/mobiliario\/tablas-de-planchar\/joseph-joseph-glide-max-plus-tabla-de-planchar-verde\/","title":{"rendered":"JOSEPH JOSEPH Glide Max Tabla de planchar verde"},"content":{"rendered":"<p>Compacto y delgado cuando est\u00e1 plegado<\/p>\n<p>Montaje r\u00e1pido y sencillo y ajustable en cinco posiciones de altura desde 79 cm hasta un m\u00e1ximo de 99 cm<\/p>\n<p>Soporte retr\u00e1ctil extragrande para la plancha de vapor<\/p>\n<p>Gancho para colgar independiente incluido para guardarla f\u00e1cilmente<\/p>\n<p>Especificaciones<\/p>\n<p><b><strong>Cuidado y uso:<\/strong><\/b><\/p>\n<p>Forro: limpiar solo con un pa\u00f1o, no lavar a m\u00e1quina<\/p>\n<p>Estructura: limpiar con un pa\u00f1o h\u00famedo, no utilizar pa\u00f1os abrasivos ni limpiadores qu\u00edmicos fuertes<\/p>\n<p>Precauci\u00f3n: no deje la plancha caliente desatendida sobre el reposaplanchas de silicona<\/p>\n<p>Mantenga a los ni\u00f1os alejados de la tabla de planchar durante su uso y gu\u00e1rdela de forma segura despu\u00e9s de utilizarla<\/p>\n<p>Marco garantizado durante 3 a\u00f1os contra defectos de fabricaci\u00f3n, todos los detalles se pueden encontrar en nuestra p\u00e1gina de garant\u00eda aqu\u00ed , todas las dem\u00e1s partes garantizadas por 2 a\u00f1os<\/p>\n<p>Encuentre el v\u00eddeo completo sobre la sustituci\u00f3n de la cubierta aqu\u00ed<\/p>\n<p>Encuentre el folleto de instrucciones completo aqu\u00ed<\/p>\n<p><b><strong>Dimensiones<\/strong><\/b>:<\/p>\n<p>Dimensiones de la mesa: Al 135 x An 45 cm (53,1 x 17,8 pulgadas)<\/p>\n<p>Cerrada (patas incluidas) H150 x A47 x P13 cm (H59 x L18,5 x P5,1 pulgadas)<\/p>\n<p><b><strong>Peso<\/strong><\/b>: 8,4 kg<\/p>\n","protected":false},"excerpt":{"rendered":"<p>Compacto y delgado cuando est\u00e1 plegado Montaje r\u00e1pido y sencillo y ajustable en cinco posiciones de altura desde 79 cm<\/p>\n","protected":false},"featured_media":488447,"template":"","meta":{"_acf_changed":false,"inline_featured_image":false},"product_cat":[16016,18097],"product_tag":[25029],"acf":[],"yoast_head":"<!-- This site is optimized with the Yoast SEO Premium plugin v18.6 (Yoast SEO v19.13) - https:\/\/yoast.com\/wordpress\/plugins\/seo\/ -->\n<title>JOSEPH JOSEPH Glide Max Tabla de planchar verde - Erresse Shop<\/title>\n<meta name=\"description\" content=\"Compacto y delgado cuando est\u00e1 plegado Montaje r\u00e1pido y sencillo y ajustable en cinco posiciones de altura desde 79 cm hasta un m\u00e1ximo de 99 cm Soporte\" \/>\n<meta name=\"robots\" content=\"index, follow, max-snippet:-1, max-image-preview:large, max-video-preview:-1\" \/>\n<link rel=\"canonical\" href=\"https:\/\/www.erresse-shop.it\/es\/shop\/mobiliario\/tablas-de-planchar\/joseph-joseph-glide-max-plus-tabla-de-planchar-verde\/\" \/>\n<meta property=\"og:locale\" content=\"es_ES\" \/>\n<meta property=\"og:type\" content=\"article\" \/>\n<meta property=\"og:title\" content=\"JOSEPH JOSEPH Glide Max Tabla de planchar verde\" \/>\n<meta property=\"og:description\" content=\"Compacto y delgado cuando est\u00e1 plegado Montaje r\u00e1pido y sencillo y ajustable en cinco posiciones de altura desde 79 cm hasta un m\u00e1ximo de 99 cm Soporte\" \/>\n<meta property=\"og:url\" content=\"https:\/\/www.erresse-shop.it\/es\/shop\/mobiliario\/tablas-de-planchar\/joseph-joseph-glide-max-plus-tabla-de-planchar-verde\/\" \/>\n<meta property=\"og:site_name\" content=\"Erresse Shop\" \/>\n<meta property=\"article:modified_time\" content=\"2025-06-16T13:12:29+00:00\" \/>\n<meta property=\"og:image\" content=\"https:\/\/www.erresse-shop.it\/wp-content\/uploads\/2024\/03\/JOSEPH-JOSEPH-Glide-Max-Plus-Asse-da-Stiro-Verde.jpg\" \/>\n\t<meta property=\"og:image:width\" content=\"1200\" \/>\n\t<meta property=\"og:image:height\" content=\"1200\" \/>\n\t<meta property=\"og:image:type\" content=\"image\/jpeg\" \/>\n<meta name=\"twitter:card\" content=\"summary_large_image\" \/>\n<script type=\"application\/ld+json\" class=\"yoast-schema-graph\">{\"@context\":\"https:\/\/schema.org\",\"@graph\":[{\"@type\":\"WebPage\",\"@id\":\"https:\/\/www.erresse-shop.it\/es\/shop\/mobiliario\/tablas-de-planchar\/joseph-joseph-glide-max-plus-tabla-de-planchar-verde\/\",\"url\":\"https:\/\/www.erresse-shop.it\/es\/shop\/mobiliario\/tablas-de-planchar\/joseph-joseph-glide-max-plus-tabla-de-planchar-verde\/\",\"name\":\"JOSEPH JOSEPH Glide Max Tabla de planchar verde - Erresse Shop\",\"isPartOf\":{\"@id\":\"https:\/\/www.erresse-shop.it\/es\/#website\"},\"datePublished\":\"2024-03-13T07:51:45+00:00\",\"dateModified\":\"2025-06-16T13:12:29+00:00\",\"description\":\"Compacto y delgado cuando est\u00e1 plegado Montaje r\u00e1pido y sencillo y ajustable en cinco posiciones de altura desde 79 cm hasta un m\u00e1ximo de 99 cm Soporte\",\"breadcrumb\":{\"@id\":\"https:\/\/www.erresse-shop.it\/es\/shop\/mobiliario\/tablas-de-planchar\/joseph-joseph-glide-max-plus-tabla-de-planchar-verde\/#breadcrumb\"},\"inLanguage\":\"es\",\"potentialAction\":[{\"@type\":\"ReadAction\",\"target\":[\"https:\/\/www.erresse-shop.it\/es\/shop\/mobiliario\/tablas-de-planchar\/joseph-joseph-glide-max-plus-tabla-de-planchar-verde\/\"]}]},{\"@type\":\"BreadcrumbList\",\"@id\":\"https:\/\/www.erresse-shop.it\/es\/shop\/mobiliario\/tablas-de-planchar\/joseph-joseph-glide-max-plus-tabla-de-planchar-verde\/#breadcrumb\",\"itemListElement\":[{\"@type\":\"ListItem\",\"position\":1,\"name\":\"Home\",\"item\":\"https:\/\/www.erresse-shop.it\/es\/\"},{\"@type\":\"ListItem\",\"position\":2,\"name\":\"Shop\",\"item\":\"https:\/\/www.erresse-shop.it\/es\/shop\/\"},{\"@type\":\"ListItem\",\"position\":3,\"name\":\"JOSEPH JOSEPH Glide Max Tabla de planchar verde\"}]},{\"@type\":\"WebSite\",\"@id\":\"https:\/\/www.erresse-shop.it\/es\/#website\",\"url\":\"https:\/\/www.erresse-shop.it\/es\/\",\"name\":\"Erresse Shop\",\"description\":\"Articoli di qualit\u00e0 per la casa\",\"potentialAction\":[{\"@type\":\"SearchAction\",\"target\":{\"@type\":\"EntryPoint\",\"urlTemplate\":\"https:\/\/www.erresse-shop.it\/es\/?s={search_term_string}\"},\"query-input\":\"required name=search_term_string\"}],\"inLanguage\":\"es\"}]}<\/script>\n<!-- \/ Yoast SEO Premium plugin. -->","yoast_head_json":{"title":"JOSEPH JOSEPH Glide Max Tabla de planchar verde - Erresse Shop","description":"Compacto y delgado cuando est\u00e1 plegado Montaje r\u00e1pido y sencillo y ajustable en cinco posiciones de altura desde 79 cm hasta un m\u00e1ximo de 99 cm Soporte","robots":{"index":"index","follow":"follow","max-snippet":"max-snippet:-1","max-image-preview":"max-image-preview:large","max-video-preview":"max-video-preview:-1"},"canonical":"https:\/\/www.erresse-shop.it\/es\/shop\/mobiliario\/tablas-de-planchar\/joseph-joseph-glide-max-plus-tabla-de-planchar-verde\/","og_locale":"es_ES","og_type":"article","og_title":"JOSEPH JOSEPH Glide Max Tabla de planchar verde","og_description":"Compacto y delgado cuando est\u00e1 plegado Montaje r\u00e1pido y sencillo y ajustable en cinco posiciones de altura desde 79 cm hasta un m\u00e1ximo de 99 cm Soporte","og_url":"https:\/\/www.erresse-shop.it\/es\/shop\/mobiliario\/tablas-de-planchar\/joseph-joseph-glide-max-plus-tabla-de-planchar-verde\/","og_site_name":"Erresse Shop","article_modified_time":"2025-06-16T13:12:29+00:00","og_image":[{"width":1200,"height":1200,"url":"https:\/\/www.erresse-shop.it\/wp-content\/uploads\/2024\/03\/JOSEPH-JOSEPH-Glide-Max-Plus-Asse-da-Stiro-Verde.jpg","type":"image\/jpeg"}],"twitter_card":"summary_large_image","schema":{"@context":"https:\/\/schema.org","@graph":[{"@type":"WebPage","@id":"https:\/\/www.erresse-shop.it\/es\/shop\/mobiliario\/tablas-de-planchar\/joseph-joseph-glide-max-plus-tabla-de-planchar-verde\/","url":"https:\/\/www.erresse-shop.it\/es\/shop\/mobiliario\/tablas-de-planchar\/joseph-joseph-glide-max-plus-tabla-de-planchar-verde\/","name":"JOSEPH JOSEPH Glide Max Tabla de planchar verde - Erresse Shop","isPartOf":{"@id":"https:\/\/www.erresse-shop.it\/es\/#website"},"datePublished":"2024-03-13T07:51:45+00:00","dateModified":"2025-06-16T13:12:29+00:00","description":"Compacto y delgado cuando est\u00e1 plegado Montaje r\u00e1pido y sencillo y ajustable en cinco posiciones de altura desde 79 cm hasta un m\u00e1ximo de 99 cm Soporte","breadcrumb":{"@id":"https:\/\/www.erresse-shop.it\/es\/shop\/mobiliario\/tablas-de-planchar\/joseph-joseph-glide-max-plus-tabla-de-planchar-verde\/#breadcrumb"},"inLanguage":"es","potentialAction":[{"@type":"ReadAction","target":["https:\/\/www.erresse-shop.it\/es\/shop\/mobiliario\/tablas-de-planchar\/joseph-joseph-glide-max-plus-tabla-de-planchar-verde\/"]}]},{"@type":"BreadcrumbList","@id":"https:\/\/www.erresse-shop.it\/es\/shop\/mobiliario\/tablas-de-planchar\/joseph-joseph-glide-max-plus-tabla-de-planchar-verde\/#breadcrumb","itemListElement":[{"@type":"ListItem","position":1,"name":"Home","item":"https:\/\/www.erresse-shop.it\/es\/"},{"@type":"ListItem","position":2,"name":"Shop","item":"https:\/\/www.erresse-shop.it\/es\/shop\/"},{"@type":"ListItem","position":3,"name":"JOSEPH JOSEPH Glide Max Tabla de planchar verde"}]},{"@type":"WebSite","@id":"https:\/\/www.erresse-shop.it\/es\/#website","url":"https:\/\/www.erresse-shop.it\/es\/","name":"Erresse Shop","description":"Articoli di qualit\u00e0 per la casa","potentialAction":[{"@type":"SearchAction","target":{"@type":"EntryPoint","urlTemplate":"https:\/\/www.erresse-shop.it\/es\/?s={search_term_string}"},"query-input":"required name=search_term_string"}],"inLanguage":"es"}]}},"df_price":109,"df_sale_price":109,"df_regular_price":189.99,"df_image_link":"https:\/\/www.erresse-shop.it\/wp-content\/uploads\/2024\/03\/JOSEPH-JOSEPH-Glide-Max-Plus-Asse-da-Stiro-Verde-300x300.jpg","_links":{"self":[{"href":"https:\/\/www.erresse-shop.it\/es\/wp-json\/wp\/v2\/product\/396317"}],"collection":[{"href":"https:\/\/www.erresse-shop.it\/es\/wp-json\/wp\/v2\/product"}],"about":[{"href":"https:\/\/www.erresse-shop.it\/es\/wp-json\/wp\/v2\/types\/product"}],"wp:featuredmedia":[{"embeddable":true,"href":"https:\/\/www.erresse-shop.it\/es\/wp-json\/wp\/v2\/media\/488447"}],"wp:attachment":[{"href":"https:\/\/www.erresse-shop.it\/es\/wp-json\/wp\/v2\/media?parent=396317"}],"wp:term":[{"taxonomy":"product_cat","embeddable":true,"href":"https:\/\/www.erresse-shop.it\/es\/wp-json\/wp\/v2\/product_cat?post=396317"},{"taxonomy":"product_tag","embeddable":true,"href":"https:\/\/www.erresse-shop.it\/es\/wp-json\/wp\/v2\/product_tag?post=396317"}],"curies":[{"name":"wp","href":"https:\/\/api.w.org\/{rel}","templated":true}]}}