{"id":396156,"date":"2024-03-12T11:54:07","date_gmt":"2024-03-12T11:54:11","guid":{"rendered":"https:\/\/www.erresse-shop.it\/?post_type=product&#038;p=396156"},"modified":"2024-03-20T08:44:13","modified_gmt":"2024-03-20T08:44:13","slug":"joseph-joseph-extend-escurreplatos-de-piedra-extensible-acero","status":"publish","type":"product","link":"https:\/\/www.erresse-shop.it\/es\/shop\/cocina\/escurreplatos\/joseph-joseph-extend-escurreplatos-de-piedra-extensible-acero\/","title":{"rendered":"JOSEPH JOSEPH Extend Escurreplatos Ampliable Acero"},"content":{"rendered":"<p>Hemos creado Extend\u2122 para que lavar la vajilla sea una tarea mucho m\u00e1s f\u00e1cil. Nuestro escurreplatos extensible se extiende hasta el doble de su tama\u00f1o para que quepan m\u00e1s art\u00edculos. Tambi\u00e9n cuenta con una boquilla m\u00f3vil para drenar el agua, un espacio de drenaje espec\u00edfico para los cubiertos y listones elevados que evitan que el agua quede atrapada debajo de vasos y cuencos.<\/p>\n<p>Se extiende para contener m\u00e1s objetos cuando sea necesario<\/p>\n<p>Ca\u00f1o de desag\u00fce con tres posiciones diferentes<\/p>\n<p>Los listones elevados evitan que el agua quede atrapada debajo de vasos y cuencos<\/p>\n<p>Gu\u00edas de escurrido y tabla de cortar a prueba de ara\u00f1azos<\/p>\n<p>Escurridor de cubiertos m\u00f3vil con ranura para cuchillos<\/p>\n<p>Acabado en acero inoxidable con revestimiento antihuellas<\/p>\n<p><b><strong>Cuidado y uso<\/strong><\/b>:<\/p>\n<p>Lavar y secar a mano.<\/p>\n<p>No utilice pa\u00f1os abrasivos ni limpiadores qu\u00edmicos fuertes en las piezas de acero inoxidable<\/p>\n<p>Desmontable para facilitar la limpieza<\/p>\n<p>Encuentre el folleto de instrucciones completo aqu\u00ed<\/p>\n<p><b><strong>Dimensiones:<\/strong><\/b><\/p>\n<p>Cerrado: H16,1 x A32 x P36,4 cm (A6\u00bd x A12\u00be x P14 \u00bd pulgadas)<\/p>\n<p>Expandido: H16,1 x W52,7 x D36,4 cm (A6\u00bd x W20\u00be x D14 \u00bd pulgadas)<\/p>\n<p><b><strong>Dise\u00f1ado por Studio17 Design<\/strong><\/b><\/p>\n","protected":false},"excerpt":{"rendered":"<p>Hemos creado Extend\u2122 para que lavar la vajilla sea una tarea mucho m\u00e1s f\u00e1cil. Nuestro escurreplatos extensible se extiende hasta<\/p>\n","protected":false},"featured_media":492497,"template":"","meta":{"_acf_changed":false,"inline_featured_image":false},"product_cat":[16040,16057],"product_tag":[25029,17654,25023],"acf":[],"yoast_head":"<!-- This site is optimized with the Yoast SEO Premium plugin v18.6 (Yoast SEO v19.13) - https:\/\/yoast.com\/wordpress\/plugins\/seo\/ -->\n<title>JOSEPH JOSEPH Extend Escurreplatos Ampliable Acero - Erresse Shop<\/title>\n<meta name=\"description\" content=\"Hemos creado Extend\u2122 para que lavar la vajilla sea una tarea mucho m\u00e1s f\u00e1cil. Nuestro escurreplatos extensible se extiende hasta el doble de su tama\u00f1o\" \/>\n<meta name=\"robots\" content=\"index, follow, max-snippet:-1, max-image-preview:large, max-video-preview:-1\" \/>\n<link rel=\"canonical\" href=\"https:\/\/www.erresse-shop.it\/es\/shop\/cocina\/escurreplatos\/joseph-joseph-extend-escurreplatos-de-piedra-extensible-acero\/\" \/>\n<meta property=\"og:locale\" content=\"es_ES\" \/>\n<meta property=\"og:type\" content=\"article\" \/>\n<meta property=\"og:title\" content=\"JOSEPH JOSEPH Extend Escurreplatos Ampliable Acero\" \/>\n<meta property=\"og:description\" content=\"Hemos creado Extend\u2122 para que lavar la vajilla sea una tarea mucho m\u00e1s f\u00e1cil. Nuestro escurreplatos extensible se extiende hasta el doble de su tama\u00f1o\" \/>\n<meta property=\"og:url\" content=\"https:\/\/www.erresse-shop.it\/es\/shop\/cocina\/escurreplatos\/joseph-joseph-extend-escurreplatos-de-piedra-extensible-acero\/\" \/>\n<meta property=\"og:site_name\" content=\"Erresse Shop\" \/>\n<meta property=\"article:modified_time\" content=\"2024-03-20T08:44:13+00:00\" \/>\n<meta property=\"og:image\" content=\"https:\/\/www.erresse-shop.it\/wp-content\/uploads\/2024\/03\/Extend\u2122-Steel-Expandable-Stone-Dish-Drainer-5.png\" \/>\n\t<meta property=\"og:image:width\" content=\"800\" \/>\n\t<meta property=\"og:image:height\" content=\"800\" \/>\n\t<meta property=\"og:image:type\" content=\"image\/png\" \/>\n<meta name=\"twitter:card\" content=\"summary_large_image\" \/>\n<script type=\"application\/ld+json\" class=\"yoast-schema-graph\">{\"@context\":\"https:\/\/schema.org\",\"@graph\":[{\"@type\":\"WebPage\",\"@id\":\"https:\/\/www.erresse-shop.it\/es\/shop\/cocina\/escurreplatos\/joseph-joseph-extend-escurreplatos-de-piedra-extensible-acero\/\",\"url\":\"https:\/\/www.erresse-shop.it\/es\/shop\/cocina\/escurreplatos\/joseph-joseph-extend-escurreplatos-de-piedra-extensible-acero\/\",\"name\":\"JOSEPH JOSEPH Extend Escurreplatos Ampliable Acero - Erresse Shop\",\"isPartOf\":{\"@id\":\"https:\/\/www.erresse-shop.it\/es\/#website\"},\"datePublished\":\"2024-03-12T11:54:11+00:00\",\"dateModified\":\"2024-03-20T08:44:13+00:00\",\"description\":\"Hemos creado Extend\u2122 para que lavar la vajilla sea una tarea mucho m\u00e1s f\u00e1cil. Nuestro escurreplatos extensible se extiende hasta el doble de su tama\u00f1o\",\"breadcrumb\":{\"@id\":\"https:\/\/www.erresse-shop.it\/es\/shop\/cocina\/escurreplatos\/joseph-joseph-extend-escurreplatos-de-piedra-extensible-acero\/#breadcrumb\"},\"inLanguage\":\"es\",\"potentialAction\":[{\"@type\":\"ReadAction\",\"target\":[\"https:\/\/www.erresse-shop.it\/es\/shop\/cocina\/escurreplatos\/joseph-joseph-extend-escurreplatos-de-piedra-extensible-acero\/\"]}]},{\"@type\":\"BreadcrumbList\",\"@id\":\"https:\/\/www.erresse-shop.it\/es\/shop\/cocina\/escurreplatos\/joseph-joseph-extend-escurreplatos-de-piedra-extensible-acero\/#breadcrumb\",\"itemListElement\":[{\"@type\":\"ListItem\",\"position\":1,\"name\":\"Home\",\"item\":\"https:\/\/www.erresse-shop.it\/es\/\"},{\"@type\":\"ListItem\",\"position\":2,\"name\":\"Shop\",\"item\":\"https:\/\/www.erresse-shop.it\/es\/shop\/\"},{\"@type\":\"ListItem\",\"position\":3,\"name\":\"JOSEPH JOSEPH Extend Escurreplatos Ampliable Acero\"}]},{\"@type\":\"WebSite\",\"@id\":\"https:\/\/www.erresse-shop.it\/es\/#website\",\"url\":\"https:\/\/www.erresse-shop.it\/es\/\",\"name\":\"Erresse Shop\",\"description\":\"Articoli di qualit\u00e0 per la casa\",\"potentialAction\":[{\"@type\":\"SearchAction\",\"target\":{\"@type\":\"EntryPoint\",\"urlTemplate\":\"https:\/\/www.erresse-shop.it\/es\/?s={search_term_string}\"},\"query-input\":\"required name=search_term_string\"}],\"inLanguage\":\"es\"}]}<\/script>\n<!-- \/ Yoast SEO Premium plugin. -->","yoast_head_json":{"title":"JOSEPH JOSEPH Extend Escurreplatos Ampliable Acero - Erresse Shop","description":"Hemos creado Extend\u2122 para que lavar la vajilla sea una tarea mucho m\u00e1s f\u00e1cil. Nuestro escurreplatos extensible se extiende hasta el doble de su tama\u00f1o","robots":{"index":"index","follow":"follow","max-snippet":"max-snippet:-1","max-image-preview":"max-image-preview:large","max-video-preview":"max-video-preview:-1"},"canonical":"https:\/\/www.erresse-shop.it\/es\/shop\/cocina\/escurreplatos\/joseph-joseph-extend-escurreplatos-de-piedra-extensible-acero\/","og_locale":"es_ES","og_type":"article","og_title":"JOSEPH JOSEPH Extend Escurreplatos Ampliable Acero","og_description":"Hemos creado Extend\u2122 para que lavar la vajilla sea una tarea mucho m\u00e1s f\u00e1cil. Nuestro escurreplatos extensible se extiende hasta el doble de su tama\u00f1o","og_url":"https:\/\/www.erresse-shop.it\/es\/shop\/cocina\/escurreplatos\/joseph-joseph-extend-escurreplatos-de-piedra-extensible-acero\/","og_site_name":"Erresse Shop","article_modified_time":"2024-03-20T08:44:13+00:00","og_image":[{"width":800,"height":800,"url":"https:\/\/www.erresse-shop.it\/wp-content\/uploads\/2024\/03\/Extend\u2122-Steel-Expandable-Stone-Dish-Drainer-5.png","type":"image\/png"}],"twitter_card":"summary_large_image","schema":{"@context":"https:\/\/schema.org","@graph":[{"@type":"WebPage","@id":"https:\/\/www.erresse-shop.it\/es\/shop\/cocina\/escurreplatos\/joseph-joseph-extend-escurreplatos-de-piedra-extensible-acero\/","url":"https:\/\/www.erresse-shop.it\/es\/shop\/cocina\/escurreplatos\/joseph-joseph-extend-escurreplatos-de-piedra-extensible-acero\/","name":"JOSEPH JOSEPH Extend Escurreplatos Ampliable Acero - Erresse Shop","isPartOf":{"@id":"https:\/\/www.erresse-shop.it\/es\/#website"},"datePublished":"2024-03-12T11:54:11+00:00","dateModified":"2024-03-20T08:44:13+00:00","description":"Hemos creado Extend\u2122 para que lavar la vajilla sea una tarea mucho m\u00e1s f\u00e1cil. Nuestro escurreplatos extensible se extiende hasta el doble de su tama\u00f1o","breadcrumb":{"@id":"https:\/\/www.erresse-shop.it\/es\/shop\/cocina\/escurreplatos\/joseph-joseph-extend-escurreplatos-de-piedra-extensible-acero\/#breadcrumb"},"inLanguage":"es","potentialAction":[{"@type":"ReadAction","target":["https:\/\/www.erresse-shop.it\/es\/shop\/cocina\/escurreplatos\/joseph-joseph-extend-escurreplatos-de-piedra-extensible-acero\/"]}]},{"@type":"BreadcrumbList","@id":"https:\/\/www.erresse-shop.it\/es\/shop\/cocina\/escurreplatos\/joseph-joseph-extend-escurreplatos-de-piedra-extensible-acero\/#breadcrumb","itemListElement":[{"@type":"ListItem","position":1,"name":"Home","item":"https:\/\/www.erresse-shop.it\/es\/"},{"@type":"ListItem","position":2,"name":"Shop","item":"https:\/\/www.erresse-shop.it\/es\/shop\/"},{"@type":"ListItem","position":3,"name":"JOSEPH JOSEPH Extend Escurreplatos Ampliable Acero"}]},{"@type":"WebSite","@id":"https:\/\/www.erresse-shop.it\/es\/#website","url":"https:\/\/www.erresse-shop.it\/es\/","name":"Erresse Shop","description":"Articoli di qualit\u00e0 per la casa","potentialAction":[{"@type":"SearchAction","target":{"@type":"EntryPoint","urlTemplate":"https:\/\/www.erresse-shop.it\/es\/?s={search_term_string}"},"query-input":"required name=search_term_string"}],"inLanguage":"es"}]}},"df_price":72.95,"df_sale_price":72.95,"df_regular_price":89.99,"df_image_link":"https:\/\/www.erresse-shop.it\/wp-content\/uploads\/2024\/03\/JOSEPH-JOSEPH-Extend-Scolapiatti-Espandibile-Acciaio-1-300x300.jpg","_links":{"self":[{"href":"https:\/\/www.erresse-shop.it\/es\/wp-json\/wp\/v2\/product\/396156"}],"collection":[{"href":"https:\/\/www.erresse-shop.it\/es\/wp-json\/wp\/v2\/product"}],"about":[{"href":"https:\/\/www.erresse-shop.it\/es\/wp-json\/wp\/v2\/types\/product"}],"wp:featuredmedia":[{"embeddable":true,"href":"https:\/\/www.erresse-shop.it\/es\/wp-json\/wp\/v2\/media\/492497"}],"wp:attachment":[{"href":"https:\/\/www.erresse-shop.it\/es\/wp-json\/wp\/v2\/media?parent=396156"}],"wp:term":[{"taxonomy":"product_cat","embeddable":true,"href":"https:\/\/www.erresse-shop.it\/es\/wp-json\/wp\/v2\/product_cat?post=396156"},{"taxonomy":"product_tag","embeddable":true,"href":"https:\/\/www.erresse-shop.it\/es\/wp-json\/wp\/v2\/product_tag?post=396156"}],"curies":[{"name":"wp","href":"https:\/\/api.w.org\/{rel}","templated":true}]}}