{"id":396080,"date":"2024-03-12T11:29:31","date_gmt":"2024-03-12T11:29:35","guid":{"rendered":"https:\/\/www.erresse-shop.it\/?post_type=product&#038;p=396080"},"modified":"2024-03-12T11:40:45","modified_gmt":"2024-03-12T11:40:45","slug":"joseph-joseph-hold-all-cesta-de-lino-35l-peach","status":"publish","type":"product","link":"https:\/\/www.erresse-shop.it\/es\/shop\/mobiliario\/cuarto-de-bano\/joseph-joseph-hold-all-cesta-de-lino-35l-peach\/","title":{"rendered":"JOSEPH JOSEPH Hold-All Cesta de lino 35l Peach"},"content":{"rendered":"<p>La lavander\u00eda innovadora se une al dise\u00f1o personalizado en la colecci\u00f3n Joseph Joseph x Jonathan Lawes.<\/p>\n<p>Sus robustas asas facilitan el transporte de la colada con una sola mano.<\/p>\n<p>Se pliega para guardarlo f\u00e1cilmente en un armario o encima de la lavadora.<\/p>\n<p>Fabricado en tejido resistente que conserva su forma cuando est\u00e1 vac\u00edo.<\/p>\n<p>El interior resistente a la humedad permite utilizarlo para la colada h\u00fameda o seca y es f\u00e1cil de limpiar.<\/p>\n<p>Puede contener hasta 35 litros.<\/p>\n<p><b><strong>Cuidados y uso:<\/strong><\/b><\/p>\n<p>Ver etiqueta de cuidados<\/p>\n<p>Carga m\u00e1xima 9 kg (19.8 lbs)<\/p>\n<p><b><strong>Dimensiones<\/strong><\/b>:<\/p>\n<p>Abierta: H25 x A53 x P36 cm (H9,8 x L20,9 x D14,2 pulgadas)<\/p>\n<p>Plano: A2 x W53 x D36 cm (A0.8 x L20.9 x D14.2 pulgadas)<\/p>\n","protected":false},"excerpt":{"rendered":"<p>La lavander\u00eda innovadora se une al dise\u00f1o personalizado en la colecci\u00f3n Joseph Joseph x Jonathan Lawes. Sus robustas asas facilitan<\/p>\n","protected":false},"featured_media":396110,"template":"","meta":{"_acf_changed":false,"inline_featured_image":false},"product_cat":[19017,16016],"product_tag":[25029,16225,21376,21373,21231,18478,21374,25023],"acf":[],"yoast_head":"<!-- This site is optimized with the Yoast SEO Premium plugin v18.6 (Yoast SEO v19.13) - https:\/\/yoast.com\/wordpress\/plugins\/seo\/ -->\n<title>JOSEPH JOSEPH Hold-All Cesta de lino 35l Peach - Erresse Shop<\/title>\n<meta name=\"description\" content=\"La lavander\u00eda innovadora se une al dise\u00f1o personalizado en la colecci\u00f3n Joseph Joseph x Jonathan Lawes. Sus robustas asas facilitan el transporte de la\" \/>\n<meta name=\"robots\" content=\"index, follow, max-snippet:-1, max-image-preview:large, max-video-preview:-1\" \/>\n<link rel=\"canonical\" href=\"https:\/\/www.erresse-shop.it\/es\/shop\/mobiliario\/cuarto-de-bano\/joseph-joseph-hold-all-cesta-de-lino-35l-peach\/\" \/>\n<meta property=\"og:locale\" content=\"es_ES\" \/>\n<meta property=\"og:type\" content=\"article\" \/>\n<meta property=\"og:title\" content=\"JOSEPH JOSEPH Hold-All Cesta de lino 35l Peach\" \/>\n<meta property=\"og:description\" content=\"La lavander\u00eda innovadora se une al dise\u00f1o personalizado en la colecci\u00f3n Joseph Joseph x Jonathan Lawes. Sus robustas asas facilitan el transporte de la\" \/>\n<meta property=\"og:url\" content=\"https:\/\/www.erresse-shop.it\/es\/shop\/mobiliario\/cuarto-de-bano\/joseph-joseph-hold-all-cesta-de-lino-35l-peach\/\" \/>\n<meta property=\"og:site_name\" content=\"Erresse Shop\" \/>\n<meta property=\"article:modified_time\" content=\"2024-03-12T11:40:45+00:00\" \/>\n<meta property=\"og:image\" content=\"https:\/\/www.erresse-shop.it\/wp-content\/uploads\/2024\/03\/joseph-joseph-hold-all-peach-1.jpg\" \/>\n\t<meta property=\"og:image:width\" content=\"800\" \/>\n\t<meta property=\"og:image:height\" content=\"800\" \/>\n\t<meta property=\"og:image:type\" content=\"image\/jpeg\" \/>\n<meta name=\"twitter:card\" content=\"summary_large_image\" \/>\n<script type=\"application\/ld+json\" class=\"yoast-schema-graph\">{\"@context\":\"https:\/\/schema.org\",\"@graph\":[{\"@type\":\"WebPage\",\"@id\":\"https:\/\/www.erresse-shop.it\/es\/shop\/mobiliario\/cuarto-de-bano\/joseph-joseph-hold-all-cesta-de-lino-35l-peach\/\",\"url\":\"https:\/\/www.erresse-shop.it\/es\/shop\/mobiliario\/cuarto-de-bano\/joseph-joseph-hold-all-cesta-de-lino-35l-peach\/\",\"name\":\"JOSEPH JOSEPH Hold-All Cesta de lino 35l Peach - Erresse Shop\",\"isPartOf\":{\"@id\":\"https:\/\/www.erresse-shop.it\/es\/#website\"},\"datePublished\":\"2024-03-12T11:29:35+00:00\",\"dateModified\":\"2024-03-12T11:40:45+00:00\",\"description\":\"La lavander\u00eda innovadora se une al dise\u00f1o personalizado en la colecci\u00f3n Joseph Joseph x Jonathan Lawes. Sus robustas asas facilitan el transporte de la\",\"breadcrumb\":{\"@id\":\"https:\/\/www.erresse-shop.it\/es\/shop\/mobiliario\/cuarto-de-bano\/joseph-joseph-hold-all-cesta-de-lino-35l-peach\/#breadcrumb\"},\"inLanguage\":\"es\",\"potentialAction\":[{\"@type\":\"ReadAction\",\"target\":[\"https:\/\/www.erresse-shop.it\/es\/shop\/mobiliario\/cuarto-de-bano\/joseph-joseph-hold-all-cesta-de-lino-35l-peach\/\"]}]},{\"@type\":\"BreadcrumbList\",\"@id\":\"https:\/\/www.erresse-shop.it\/es\/shop\/mobiliario\/cuarto-de-bano\/joseph-joseph-hold-all-cesta-de-lino-35l-peach\/#breadcrumb\",\"itemListElement\":[{\"@type\":\"ListItem\",\"position\":1,\"name\":\"Home\",\"item\":\"https:\/\/www.erresse-shop.it\/es\/\"},{\"@type\":\"ListItem\",\"position\":2,\"name\":\"Shop\",\"item\":\"https:\/\/www.erresse-shop.it\/es\/shop\/\"},{\"@type\":\"ListItem\",\"position\":3,\"name\":\"JOSEPH JOSEPH Hold-All Cesta de lino 35l Peach\"}]},{\"@type\":\"WebSite\",\"@id\":\"https:\/\/www.erresse-shop.it\/es\/#website\",\"url\":\"https:\/\/www.erresse-shop.it\/es\/\",\"name\":\"Erresse Shop\",\"description\":\"Articoli di qualit\u00e0 per la casa\",\"potentialAction\":[{\"@type\":\"SearchAction\",\"target\":{\"@type\":\"EntryPoint\",\"urlTemplate\":\"https:\/\/www.erresse-shop.it\/es\/?s={search_term_string}\"},\"query-input\":\"required name=search_term_string\"}],\"inLanguage\":\"es\"}]}<\/script>\n<!-- \/ Yoast SEO Premium plugin. -->","yoast_head_json":{"title":"JOSEPH JOSEPH Hold-All Cesta de lino 35l Peach - Erresse Shop","description":"La lavander\u00eda innovadora se une al dise\u00f1o personalizado en la colecci\u00f3n Joseph Joseph x Jonathan Lawes. Sus robustas asas facilitan el transporte de la","robots":{"index":"index","follow":"follow","max-snippet":"max-snippet:-1","max-image-preview":"max-image-preview:large","max-video-preview":"max-video-preview:-1"},"canonical":"https:\/\/www.erresse-shop.it\/es\/shop\/mobiliario\/cuarto-de-bano\/joseph-joseph-hold-all-cesta-de-lino-35l-peach\/","og_locale":"es_ES","og_type":"article","og_title":"JOSEPH JOSEPH Hold-All Cesta de lino 35l Peach","og_description":"La lavander\u00eda innovadora se une al dise\u00f1o personalizado en la colecci\u00f3n Joseph Joseph x Jonathan Lawes. Sus robustas asas facilitan el transporte de la","og_url":"https:\/\/www.erresse-shop.it\/es\/shop\/mobiliario\/cuarto-de-bano\/joseph-joseph-hold-all-cesta-de-lino-35l-peach\/","og_site_name":"Erresse Shop","article_modified_time":"2024-03-12T11:40:45+00:00","og_image":[{"width":800,"height":800,"url":"https:\/\/www.erresse-shop.it\/wp-content\/uploads\/2024\/03\/joseph-joseph-hold-all-peach-1.jpg","type":"image\/jpeg"}],"twitter_card":"summary_large_image","schema":{"@context":"https:\/\/schema.org","@graph":[{"@type":"WebPage","@id":"https:\/\/www.erresse-shop.it\/es\/shop\/mobiliario\/cuarto-de-bano\/joseph-joseph-hold-all-cesta-de-lino-35l-peach\/","url":"https:\/\/www.erresse-shop.it\/es\/shop\/mobiliario\/cuarto-de-bano\/joseph-joseph-hold-all-cesta-de-lino-35l-peach\/","name":"JOSEPH JOSEPH Hold-All Cesta de lino 35l Peach - Erresse Shop","isPartOf":{"@id":"https:\/\/www.erresse-shop.it\/es\/#website"},"datePublished":"2024-03-12T11:29:35+00:00","dateModified":"2024-03-12T11:40:45+00:00","description":"La lavander\u00eda innovadora se une al dise\u00f1o personalizado en la colecci\u00f3n Joseph Joseph x Jonathan Lawes. Sus robustas asas facilitan el transporte de la","breadcrumb":{"@id":"https:\/\/www.erresse-shop.it\/es\/shop\/mobiliario\/cuarto-de-bano\/joseph-joseph-hold-all-cesta-de-lino-35l-peach\/#breadcrumb"},"inLanguage":"es","potentialAction":[{"@type":"ReadAction","target":["https:\/\/www.erresse-shop.it\/es\/shop\/mobiliario\/cuarto-de-bano\/joseph-joseph-hold-all-cesta-de-lino-35l-peach\/"]}]},{"@type":"BreadcrumbList","@id":"https:\/\/www.erresse-shop.it\/es\/shop\/mobiliario\/cuarto-de-bano\/joseph-joseph-hold-all-cesta-de-lino-35l-peach\/#breadcrumb","itemListElement":[{"@type":"ListItem","position":1,"name":"Home","item":"https:\/\/www.erresse-shop.it\/es\/"},{"@type":"ListItem","position":2,"name":"Shop","item":"https:\/\/www.erresse-shop.it\/es\/shop\/"},{"@type":"ListItem","position":3,"name":"JOSEPH JOSEPH Hold-All Cesta de lino 35l Peach"}]},{"@type":"WebSite","@id":"https:\/\/www.erresse-shop.it\/es\/#website","url":"https:\/\/www.erresse-shop.it\/es\/","name":"Erresse Shop","description":"Articoli di qualit\u00e0 per la casa","potentialAction":[{"@type":"SearchAction","target":{"@type":"EntryPoint","urlTemplate":"https:\/\/www.erresse-shop.it\/es\/?s={search_term_string}"},"query-input":"required name=search_term_string"}],"inLanguage":"es"}]}},"df_price":36.95,"df_sale_price":36.95,"df_regular_price":39.99,"df_image_link":"https:\/\/www.erresse-shop.it\/wp-content\/uploads\/2024\/03\/joseph-joseph-hold-all-peach-1-300x300.jpg","_links":{"self":[{"href":"https:\/\/www.erresse-shop.it\/es\/wp-json\/wp\/v2\/product\/396080"}],"collection":[{"href":"https:\/\/www.erresse-shop.it\/es\/wp-json\/wp\/v2\/product"}],"about":[{"href":"https:\/\/www.erresse-shop.it\/es\/wp-json\/wp\/v2\/types\/product"}],"wp:featuredmedia":[{"embeddable":true,"href":"https:\/\/www.erresse-shop.it\/es\/wp-json\/wp\/v2\/media\/396110"}],"wp:attachment":[{"href":"https:\/\/www.erresse-shop.it\/es\/wp-json\/wp\/v2\/media?parent=396080"}],"wp:term":[{"taxonomy":"product_cat","embeddable":true,"href":"https:\/\/www.erresse-shop.it\/es\/wp-json\/wp\/v2\/product_cat?post=396080"},{"taxonomy":"product_tag","embeddable":true,"href":"https:\/\/www.erresse-shop.it\/es\/wp-json\/wp\/v2\/product_tag?post=396080"}],"curies":[{"name":"wp","href":"https:\/\/api.w.org\/{rel}","templated":true}]}}