{"id":395862,"date":"2024-03-12T09:59:05","date_gmt":"2024-03-12T09:59:09","guid":{"rendered":"https:\/\/www.erresse-shop.it\/?post_type=product&#038;p=395862"},"modified":"2024-03-12T10:06:43","modified_gmt":"2024-03-12T10:06:43","slug":"illy-216-pastillas-e-s-e-espresso-fuerte","status":"publish","type":"product","link":"https:\/\/www.erresse-shop.it\/es\/shop\/cafe-es\/cafe-en-capsulas\/illy-216-pastillas-e-s-e-espresso-fuerte\/","title":{"rendered":"ILLY 216  Pastillas E.S.E. Espresso Fuerte"},"content":{"rendered":"<p><strong>Paquete de 18 pastillas, total 216 pastillas (12 paquetes).<\/strong><\/p>\n<p><strong>Nueva c\u00e1psula compostable certificada E.S.E.<\/strong><br \/>\nLas c\u00e1psulas compostables certificadas, que pueden desecharse en la recogida de residuos org\u00e1nicos (consulte con las autoridades locales los m\u00e9todos actuales de recogida selectiva de residuos), son perfectas para preparar su espresso illy favorito de forma pr\u00e1ctica sin renunciar al sabor y la frescura. Las c\u00e1psulas de caf\u00e9 illy en papel de filtro se pueden utilizar con todas las cafeteras ESE<\/p>\n<p>La vaina <strong>E.S.E. (Easy Serving Espresso)<\/strong> es muy &#8220;abierta&#8221;: no s\u00f3lo puede utilizarla con las cafeteras de vaina illy, sino tambi\u00e9n con todas las dem\u00e1s cafeteras de vaina. La c\u00e1psula no es m\u00e1s que caf\u00e9 molido, ya correctamente dosificado y prensado, contenido entre 2 hojas de papel de filtro<\/p>\n<p><strong>Notas arom\u00e1ticas<\/strong><br \/>\nEl sabor CLASSICO de la exclusiva mezcla illy 100% Ar\u00e1bica expresa delicadas notas de caramelo, azahar y jazm\u00edn, con un regusto dulce. Para los que prefieren una taza de caf\u00e9 con un sabor suave y aterciopelado. El paquete contiene 18 monodosis de caf\u00e9 CLASSICO tostado E.S.E.<\/p>\n","protected":false},"excerpt":{"rendered":"<p>Paquete de 18 pastillas, total 216 pastillas (12 paquetes). Nueva c\u00e1psula compostable certificada E.S.E. Las c\u00e1psulas compostables certificadas, que pueden<\/p>\n","protected":false},"featured_media":395869,"template":"","meta":{"_acf_changed":false,"inline_featured_image":false},"product_cat":[25352,25393],"product_tag":[16353,23235,23574,24471],"acf":[],"yoast_head":"<!-- This site is optimized with the Yoast SEO Premium plugin v18.6 (Yoast SEO v19.13) - https:\/\/yoast.com\/wordpress\/plugins\/seo\/ -->\n<title>ILLY 216 Pastillas E.S.E. Espresso Fuerte - Erresse Shop<\/title>\n<meta name=\"description\" content=\"Paquete de 18 pastillas, total 216 pastillas (12 paquetes). Nueva c\u00e1psula compostable certificada E.S.E. Las c\u00e1psulas compostables certificadas, que\" \/>\n<meta name=\"robots\" content=\"index, follow, max-snippet:-1, max-image-preview:large, max-video-preview:-1\" \/>\n<link rel=\"canonical\" href=\"https:\/\/www.erresse-shop.it\/es\/shop\/cafe-es\/cafe-en-capsulas\/illy-216-pastillas-e-s-e-espresso-fuerte\/\" \/>\n<meta property=\"og:locale\" content=\"es_ES\" \/>\n<meta property=\"og:type\" content=\"article\" \/>\n<meta property=\"og:title\" content=\"ILLY 216 Pastillas E.S.E. Espresso Fuerte\" \/>\n<meta property=\"og:description\" content=\"Paquete de 18 pastillas, total 216 pastillas (12 paquetes). Nueva c\u00e1psula compostable certificada E.S.E. Las c\u00e1psulas compostables certificadas, que\" \/>\n<meta property=\"og:url\" content=\"https:\/\/www.erresse-shop.it\/es\/shop\/cafe-es\/cafe-en-capsulas\/illy-216-pastillas-e-s-e-espresso-fuerte\/\" \/>\n<meta property=\"og:site_name\" content=\"Erresse Shop\" \/>\n<meta property=\"article:modified_time\" content=\"2024-03-12T10:06:43+00:00\" \/>\n<meta property=\"og:image\" content=\"https:\/\/www.erresse-shop.it\/wp-content\/uploads\/2024\/03\/Illy-cialde-ese-forte.jpg\" \/>\n\t<meta property=\"og:image:width\" content=\"800\" \/>\n\t<meta property=\"og:image:height\" content=\"800\" \/>\n\t<meta property=\"og:image:type\" content=\"image\/jpeg\" \/>\n<meta name=\"twitter:card\" content=\"summary_large_image\" \/>\n<script type=\"application\/ld+json\" class=\"yoast-schema-graph\">{\"@context\":\"https:\/\/schema.org\",\"@graph\":[{\"@type\":\"WebPage\",\"@id\":\"https:\/\/www.erresse-shop.it\/es\/shop\/cafe-es\/cafe-en-capsulas\/illy-216-pastillas-e-s-e-espresso-fuerte\/\",\"url\":\"https:\/\/www.erresse-shop.it\/es\/shop\/cafe-es\/cafe-en-capsulas\/illy-216-pastillas-e-s-e-espresso-fuerte\/\",\"name\":\"ILLY 216 Pastillas E.S.E. Espresso Fuerte - Erresse Shop\",\"isPartOf\":{\"@id\":\"https:\/\/www.erresse-shop.it\/es\/#website\"},\"datePublished\":\"2024-03-12T09:59:09+00:00\",\"dateModified\":\"2024-03-12T10:06:43+00:00\",\"description\":\"Paquete de 18 pastillas, total 216 pastillas (12 paquetes). Nueva c\u00e1psula compostable certificada E.S.E. Las c\u00e1psulas compostables certificadas, que\",\"breadcrumb\":{\"@id\":\"https:\/\/www.erresse-shop.it\/es\/shop\/cafe-es\/cafe-en-capsulas\/illy-216-pastillas-e-s-e-espresso-fuerte\/#breadcrumb\"},\"inLanguage\":\"es\",\"potentialAction\":[{\"@type\":\"ReadAction\",\"target\":[\"https:\/\/www.erresse-shop.it\/es\/shop\/cafe-es\/cafe-en-capsulas\/illy-216-pastillas-e-s-e-espresso-fuerte\/\"]}]},{\"@type\":\"BreadcrumbList\",\"@id\":\"https:\/\/www.erresse-shop.it\/es\/shop\/cafe-es\/cafe-en-capsulas\/illy-216-pastillas-e-s-e-espresso-fuerte\/#breadcrumb\",\"itemListElement\":[{\"@type\":\"ListItem\",\"position\":1,\"name\":\"Home\",\"item\":\"https:\/\/www.erresse-shop.it\/es\/\"},{\"@type\":\"ListItem\",\"position\":2,\"name\":\"Shop\",\"item\":\"https:\/\/www.erresse-shop.it\/es\/shop\/\"},{\"@type\":\"ListItem\",\"position\":3,\"name\":\"ILLY 216 Pastillas E.S.E. Espresso Fuerte\"}]},{\"@type\":\"WebSite\",\"@id\":\"https:\/\/www.erresse-shop.it\/es\/#website\",\"url\":\"https:\/\/www.erresse-shop.it\/es\/\",\"name\":\"Erresse Shop\",\"description\":\"Articoli di qualit\u00e0 per la casa\",\"potentialAction\":[{\"@type\":\"SearchAction\",\"target\":{\"@type\":\"EntryPoint\",\"urlTemplate\":\"https:\/\/www.erresse-shop.it\/es\/?s={search_term_string}\"},\"query-input\":\"required name=search_term_string\"}],\"inLanguage\":\"es\"}]}<\/script>\n<!-- \/ Yoast SEO Premium plugin. -->","yoast_head_json":{"title":"ILLY 216 Pastillas E.S.E. Espresso Fuerte - Erresse Shop","description":"Paquete de 18 pastillas, total 216 pastillas (12 paquetes). Nueva c\u00e1psula compostable certificada E.S.E. Las c\u00e1psulas compostables certificadas, que","robots":{"index":"index","follow":"follow","max-snippet":"max-snippet:-1","max-image-preview":"max-image-preview:large","max-video-preview":"max-video-preview:-1"},"canonical":"https:\/\/www.erresse-shop.it\/es\/shop\/cafe-es\/cafe-en-capsulas\/illy-216-pastillas-e-s-e-espresso-fuerte\/","og_locale":"es_ES","og_type":"article","og_title":"ILLY 216 Pastillas E.S.E. Espresso Fuerte","og_description":"Paquete de 18 pastillas, total 216 pastillas (12 paquetes). Nueva c\u00e1psula compostable certificada E.S.E. Las c\u00e1psulas compostables certificadas, que","og_url":"https:\/\/www.erresse-shop.it\/es\/shop\/cafe-es\/cafe-en-capsulas\/illy-216-pastillas-e-s-e-espresso-fuerte\/","og_site_name":"Erresse Shop","article_modified_time":"2024-03-12T10:06:43+00:00","og_image":[{"width":800,"height":800,"url":"https:\/\/www.erresse-shop.it\/wp-content\/uploads\/2024\/03\/Illy-cialde-ese-forte.jpg","type":"image\/jpeg"}],"twitter_card":"summary_large_image","schema":{"@context":"https:\/\/schema.org","@graph":[{"@type":"WebPage","@id":"https:\/\/www.erresse-shop.it\/es\/shop\/cafe-es\/cafe-en-capsulas\/illy-216-pastillas-e-s-e-espresso-fuerte\/","url":"https:\/\/www.erresse-shop.it\/es\/shop\/cafe-es\/cafe-en-capsulas\/illy-216-pastillas-e-s-e-espresso-fuerte\/","name":"ILLY 216 Pastillas E.S.E. Espresso Fuerte - Erresse Shop","isPartOf":{"@id":"https:\/\/www.erresse-shop.it\/es\/#website"},"datePublished":"2024-03-12T09:59:09+00:00","dateModified":"2024-03-12T10:06:43+00:00","description":"Paquete de 18 pastillas, total 216 pastillas (12 paquetes). Nueva c\u00e1psula compostable certificada E.S.E. Las c\u00e1psulas compostables certificadas, que","breadcrumb":{"@id":"https:\/\/www.erresse-shop.it\/es\/shop\/cafe-es\/cafe-en-capsulas\/illy-216-pastillas-e-s-e-espresso-fuerte\/#breadcrumb"},"inLanguage":"es","potentialAction":[{"@type":"ReadAction","target":["https:\/\/www.erresse-shop.it\/es\/shop\/cafe-es\/cafe-en-capsulas\/illy-216-pastillas-e-s-e-espresso-fuerte\/"]}]},{"@type":"BreadcrumbList","@id":"https:\/\/www.erresse-shop.it\/es\/shop\/cafe-es\/cafe-en-capsulas\/illy-216-pastillas-e-s-e-espresso-fuerte\/#breadcrumb","itemListElement":[{"@type":"ListItem","position":1,"name":"Home","item":"https:\/\/www.erresse-shop.it\/es\/"},{"@type":"ListItem","position":2,"name":"Shop","item":"https:\/\/www.erresse-shop.it\/es\/shop\/"},{"@type":"ListItem","position":3,"name":"ILLY 216 Pastillas E.S.E. Espresso Fuerte"}]},{"@type":"WebSite","@id":"https:\/\/www.erresse-shop.it\/es\/#website","url":"https:\/\/www.erresse-shop.it\/es\/","name":"Erresse Shop","description":"Articoli di qualit\u00e0 per la casa","potentialAction":[{"@type":"SearchAction","target":{"@type":"EntryPoint","urlTemplate":"https:\/\/www.erresse-shop.it\/es\/?s={search_term_string}"},"query-input":"required name=search_term_string"}],"inLanguage":"es"}]}},"df_price":65.9,"df_sale_price":65.9,"df_regular_price":65.9,"df_image_link":"https:\/\/www.erresse-shop.it\/wp-content\/uploads\/2024\/03\/Illy-cialde-ese-forte-300x300.jpg","_links":{"self":[{"href":"https:\/\/www.erresse-shop.it\/es\/wp-json\/wp\/v2\/product\/395862"}],"collection":[{"href":"https:\/\/www.erresse-shop.it\/es\/wp-json\/wp\/v2\/product"}],"about":[{"href":"https:\/\/www.erresse-shop.it\/es\/wp-json\/wp\/v2\/types\/product"}],"wp:featuredmedia":[{"embeddable":true,"href":"https:\/\/www.erresse-shop.it\/es\/wp-json\/wp\/v2\/media\/395869"}],"wp:attachment":[{"href":"https:\/\/www.erresse-shop.it\/es\/wp-json\/wp\/v2\/media?parent=395862"}],"wp:term":[{"taxonomy":"product_cat","embeddable":true,"href":"https:\/\/www.erresse-shop.it\/es\/wp-json\/wp\/v2\/product_cat?post=395862"},{"taxonomy":"product_tag","embeddable":true,"href":"https:\/\/www.erresse-shop.it\/es\/wp-json\/wp\/v2\/product_tag?post=395862"}],"curies":[{"name":"wp","href":"https:\/\/api.w.org\/{rel}","templated":true}]}}