{"id":395756,"date":"2024-03-12T09:23:26","date_gmt":"2024-03-12T09:23:30","guid":{"rendered":"https:\/\/www.erresse-shop.it\/?post_type=product&#038;p=395756"},"modified":"2024-03-12T09:34:06","modified_gmt":"2024-03-12T09:34:06","slug":"joseph-joseph-tabla-de-planchar-plegable-j-lawes","status":"publish","type":"product","link":"https:\/\/www.erresse-shop.it\/es\/shop\/mobiliario\/tablas-de-planchar\/joseph-joseph-tabla-de-planchar-plegable-j-lawes\/","title":{"rendered":"JOSEPH JOSEPH Tabla de planchar plegable J Lawes"},"content":{"rendered":"<p>La lavander\u00eda innovadora se une al dise\u00f1o personalizado en la colecci\u00f3n Joseph Joseph x Jonathan Lawes.<\/p>\n<p>Dise\u00f1o plegable compacto.<\/p>\n<p>Compartimento integrado para la plancha.<\/p>\n<p>Incluye un gancho para colgar la ropa que facilita su almacenamiento.<\/p>\n<p>Forro de algod\u00f3n 100% f\u00e1cil de cambiar con base acolchada.<\/p>\n<p>Amplia superficie de planchado.<\/p>\n<p><b><strong>Cuidado y uso:<\/strong><\/b><\/p>\n<p>Montaje en pared: se suministran un soporte, tornillos y tacos para montar Pocket en una superficie adecuada.<\/p>\n<p>Forro: limpiar s\u00f3lo con un pa\u00f1o, no lavar a m\u00e1quina<\/p>\n<p>Armaz\u00f3n: limpiar con un pa\u00f1o h\u00famedo, no utilizar pa\u00f1os abrasivos ni limpiadores qu\u00edmicos fuertes<\/p>\n<p>Precauci\u00f3n: deje que la plancha se enfr\u00ede a temperatura ambiente antes de guardarla en el compartimento de almacenamiento<\/p>\n<p>Aseg\u00farese de que la funda est\u00e9 seca antes de plegarla y guardarla<\/p>\n<p>Mantenga a los ni\u00f1os alejados de la tabla de planchar durante su uso y gu\u00e1rdela de forma segura despu\u00e9s de utilizarla<\/p>\n<p>Marco garantizado durante 5 a\u00f1os contra defectos de fabricaci\u00f3n, todos los detalles se pueden encontrar en nuestra p\u00e1gina de garant\u00eda aqu\u00ed , todas las dem\u00e1s partes garantizadas por 2 a\u00f1os<\/p>\n<p>Plancha no incluida<\/p>\n<p>Encuentre el v\u00eddeo completo sobre la sustituci\u00f3n de la cubierta aqu\u00ed<\/p>\n<p>Encuentre el folleto de instrucciones completo aqu\u00ed<\/p>\n<p><b><strong>Dimensiones<\/strong><\/b>:<\/p>\n<p>Cerrado: H45.5 x W34 x D15.5 cm (H18 x W13\u00bd x D6\u00bc pulgadas)<\/p>\n<p>Superficie de planchado: H90 x W33 cm (H35\u00bd x W13 pulgadas)<\/p>\n<p>Cuando est\u00e1 abierta, la superficie de planchado est\u00e1 a 11 cm del tablero de la mesa<\/p>\n<p><b><strong>Peso<\/strong><\/b>: 2,62 kg<\/p>\n","protected":false},"excerpt":{"rendered":"<p>La lavander\u00eda innovadora se une al dise\u00f1o personalizado en la colecci\u00f3n Joseph Joseph x Jonathan Lawes. Dise\u00f1o plegable compacto. Compartimento<\/p>\n","protected":false},"featured_media":443129,"template":"","meta":{"_acf_changed":false,"inline_featured_image":false},"product_cat":[16016,18097],"product_tag":[25029],"acf":[],"yoast_head":"<!-- This site is optimized with the Yoast SEO Premium plugin v18.6 (Yoast SEO v19.13) - https:\/\/yoast.com\/wordpress\/plugins\/seo\/ -->\n<title>JOSEPH JOSEPH Tabla de planchar plegable J Lawes - Erresse Shop<\/title>\n<meta name=\"description\" content=\"La lavander\u00eda innovadora se une al dise\u00f1o personalizado en la colecci\u00f3n Joseph Joseph x Jonathan Lawes. Dise\u00f1o plegable compacto. Compartimento integrado\" \/>\n<meta name=\"robots\" content=\"index, follow, max-snippet:-1, max-image-preview:large, max-video-preview:-1\" \/>\n<link rel=\"canonical\" href=\"https:\/\/www.erresse-shop.it\/es\/shop\/mobiliario\/tablas-de-planchar\/joseph-joseph-tabla-de-planchar-plegable-j-lawes\/\" \/>\n<meta property=\"og:locale\" content=\"es_ES\" \/>\n<meta property=\"og:type\" content=\"article\" \/>\n<meta property=\"og:title\" content=\"JOSEPH JOSEPH Tabla de planchar plegable J Lawes\" \/>\n<meta property=\"og:description\" content=\"La lavander\u00eda innovadora se une al dise\u00f1o personalizado en la colecci\u00f3n Joseph Joseph x Jonathan Lawes. Dise\u00f1o plegable compacto. Compartimento integrado\" \/>\n<meta property=\"og:url\" content=\"https:\/\/www.erresse-shop.it\/es\/shop\/mobiliario\/tablas-de-planchar\/joseph-joseph-tabla-de-planchar-plegable-j-lawes\/\" \/>\n<meta property=\"og:site_name\" content=\"Erresse Shop\" \/>\n<meta property=\"article:modified_time\" content=\"2024-03-12T09:34:06+00:00\" \/>\n<meta property=\"og:image\" content=\"https:\/\/www.erresse-shop.it\/wp-content\/uploads\/2024\/03\/JOSEPH-JOSEPH-Asse-da-Stiro-Pieghevole-J-Lawes.jpg\" \/>\n\t<meta property=\"og:image:width\" content=\"1200\" \/>\n\t<meta property=\"og:image:height\" content=\"1200\" \/>\n\t<meta property=\"og:image:type\" content=\"image\/jpeg\" \/>\n<meta name=\"twitter:card\" content=\"summary_large_image\" \/>\n<script type=\"application\/ld+json\" class=\"yoast-schema-graph\">{\"@context\":\"https:\/\/schema.org\",\"@graph\":[{\"@type\":\"WebPage\",\"@id\":\"https:\/\/www.erresse-shop.it\/es\/shop\/mobiliario\/tablas-de-planchar\/joseph-joseph-tabla-de-planchar-plegable-j-lawes\/\",\"url\":\"https:\/\/www.erresse-shop.it\/es\/shop\/mobiliario\/tablas-de-planchar\/joseph-joseph-tabla-de-planchar-plegable-j-lawes\/\",\"name\":\"JOSEPH JOSEPH Tabla de planchar plegable J Lawes - Erresse Shop\",\"isPartOf\":{\"@id\":\"https:\/\/www.erresse-shop.it\/es\/#website\"},\"datePublished\":\"2024-03-12T09:23:30+00:00\",\"dateModified\":\"2024-03-12T09:34:06+00:00\",\"description\":\"La lavander\u00eda innovadora se une al dise\u00f1o personalizado en la colecci\u00f3n Joseph Joseph x Jonathan Lawes. Dise\u00f1o plegable compacto. Compartimento integrado\",\"breadcrumb\":{\"@id\":\"https:\/\/www.erresse-shop.it\/es\/shop\/mobiliario\/tablas-de-planchar\/joseph-joseph-tabla-de-planchar-plegable-j-lawes\/#breadcrumb\"},\"inLanguage\":\"es\",\"potentialAction\":[{\"@type\":\"ReadAction\",\"target\":[\"https:\/\/www.erresse-shop.it\/es\/shop\/mobiliario\/tablas-de-planchar\/joseph-joseph-tabla-de-planchar-plegable-j-lawes\/\"]}]},{\"@type\":\"BreadcrumbList\",\"@id\":\"https:\/\/www.erresse-shop.it\/es\/shop\/mobiliario\/tablas-de-planchar\/joseph-joseph-tabla-de-planchar-plegable-j-lawes\/#breadcrumb\",\"itemListElement\":[{\"@type\":\"ListItem\",\"position\":1,\"name\":\"Home\",\"item\":\"https:\/\/www.erresse-shop.it\/es\/\"},{\"@type\":\"ListItem\",\"position\":2,\"name\":\"Shop\",\"item\":\"https:\/\/www.erresse-shop.it\/es\/shop\/\"},{\"@type\":\"ListItem\",\"position\":3,\"name\":\"JOSEPH JOSEPH Tabla de planchar plegable J Lawes\"}]},{\"@type\":\"WebSite\",\"@id\":\"https:\/\/www.erresse-shop.it\/es\/#website\",\"url\":\"https:\/\/www.erresse-shop.it\/es\/\",\"name\":\"Erresse Shop\",\"description\":\"Articoli di qualit\u00e0 per la casa\",\"potentialAction\":[{\"@type\":\"SearchAction\",\"target\":{\"@type\":\"EntryPoint\",\"urlTemplate\":\"https:\/\/www.erresse-shop.it\/es\/?s={search_term_string}\"},\"query-input\":\"required name=search_term_string\"}],\"inLanguage\":\"es\"}]}<\/script>\n<!-- \/ Yoast SEO Premium plugin. -->","yoast_head_json":{"title":"JOSEPH JOSEPH Tabla de planchar plegable J Lawes - Erresse Shop","description":"La lavander\u00eda innovadora se une al dise\u00f1o personalizado en la colecci\u00f3n Joseph Joseph x Jonathan Lawes. Dise\u00f1o plegable compacto. Compartimento integrado","robots":{"index":"index","follow":"follow","max-snippet":"max-snippet:-1","max-image-preview":"max-image-preview:large","max-video-preview":"max-video-preview:-1"},"canonical":"https:\/\/www.erresse-shop.it\/es\/shop\/mobiliario\/tablas-de-planchar\/joseph-joseph-tabla-de-planchar-plegable-j-lawes\/","og_locale":"es_ES","og_type":"article","og_title":"JOSEPH JOSEPH Tabla de planchar plegable J Lawes","og_description":"La lavander\u00eda innovadora se une al dise\u00f1o personalizado en la colecci\u00f3n Joseph Joseph x Jonathan Lawes. Dise\u00f1o plegable compacto. Compartimento integrado","og_url":"https:\/\/www.erresse-shop.it\/es\/shop\/mobiliario\/tablas-de-planchar\/joseph-joseph-tabla-de-planchar-plegable-j-lawes\/","og_site_name":"Erresse Shop","article_modified_time":"2024-03-12T09:34:06+00:00","og_image":[{"width":1200,"height":1200,"url":"https:\/\/www.erresse-shop.it\/wp-content\/uploads\/2024\/03\/JOSEPH-JOSEPH-Asse-da-Stiro-Pieghevole-J-Lawes.jpg","type":"image\/jpeg"}],"twitter_card":"summary_large_image","schema":{"@context":"https:\/\/schema.org","@graph":[{"@type":"WebPage","@id":"https:\/\/www.erresse-shop.it\/es\/shop\/mobiliario\/tablas-de-planchar\/joseph-joseph-tabla-de-planchar-plegable-j-lawes\/","url":"https:\/\/www.erresse-shop.it\/es\/shop\/mobiliario\/tablas-de-planchar\/joseph-joseph-tabla-de-planchar-plegable-j-lawes\/","name":"JOSEPH JOSEPH Tabla de planchar plegable J Lawes - Erresse Shop","isPartOf":{"@id":"https:\/\/www.erresse-shop.it\/es\/#website"},"datePublished":"2024-03-12T09:23:30+00:00","dateModified":"2024-03-12T09:34:06+00:00","description":"La lavander\u00eda innovadora se une al dise\u00f1o personalizado en la colecci\u00f3n Joseph Joseph x Jonathan Lawes. Dise\u00f1o plegable compacto. Compartimento integrado","breadcrumb":{"@id":"https:\/\/www.erresse-shop.it\/es\/shop\/mobiliario\/tablas-de-planchar\/joseph-joseph-tabla-de-planchar-plegable-j-lawes\/#breadcrumb"},"inLanguage":"es","potentialAction":[{"@type":"ReadAction","target":["https:\/\/www.erresse-shop.it\/es\/shop\/mobiliario\/tablas-de-planchar\/joseph-joseph-tabla-de-planchar-plegable-j-lawes\/"]}]},{"@type":"BreadcrumbList","@id":"https:\/\/www.erresse-shop.it\/es\/shop\/mobiliario\/tablas-de-planchar\/joseph-joseph-tabla-de-planchar-plegable-j-lawes\/#breadcrumb","itemListElement":[{"@type":"ListItem","position":1,"name":"Home","item":"https:\/\/www.erresse-shop.it\/es\/"},{"@type":"ListItem","position":2,"name":"Shop","item":"https:\/\/www.erresse-shop.it\/es\/shop\/"},{"@type":"ListItem","position":3,"name":"JOSEPH JOSEPH Tabla de planchar plegable J Lawes"}]},{"@type":"WebSite","@id":"https:\/\/www.erresse-shop.it\/es\/#website","url":"https:\/\/www.erresse-shop.it\/es\/","name":"Erresse Shop","description":"Articoli di qualit\u00e0 per la casa","potentialAction":[{"@type":"SearchAction","target":{"@type":"EntryPoint","urlTemplate":"https:\/\/www.erresse-shop.it\/es\/?s={search_term_string}"},"query-input":"required name=search_term_string"}],"inLanguage":"es"}]}},"df_price":79.95,"df_sale_price":79.95,"df_regular_price":99.99,"df_image_link":"https:\/\/www.erresse-shop.it\/wp-content\/uploads\/2024\/03\/JOSEPH-JOSEPH-Asse-da-Stiro-Pieghevole-J-Lawes-300x300.jpg","_links":{"self":[{"href":"https:\/\/www.erresse-shop.it\/es\/wp-json\/wp\/v2\/product\/395756"}],"collection":[{"href":"https:\/\/www.erresse-shop.it\/es\/wp-json\/wp\/v2\/product"}],"about":[{"href":"https:\/\/www.erresse-shop.it\/es\/wp-json\/wp\/v2\/types\/product"}],"wp:featuredmedia":[{"embeddable":true,"href":"https:\/\/www.erresse-shop.it\/es\/wp-json\/wp\/v2\/media\/443129"}],"wp:attachment":[{"href":"https:\/\/www.erresse-shop.it\/es\/wp-json\/wp\/v2\/media?parent=395756"}],"wp:term":[{"taxonomy":"product_cat","embeddable":true,"href":"https:\/\/www.erresse-shop.it\/es\/wp-json\/wp\/v2\/product_cat?post=395756"},{"taxonomy":"product_tag","embeddable":true,"href":"https:\/\/www.erresse-shop.it\/es\/wp-json\/wp\/v2\/product_tag?post=395756"}],"curies":[{"name":"wp","href":"https:\/\/api.w.org\/{rel}","templated":true}]}}