{"id":395471,"date":"2024-03-11T11:26:39","date_gmt":"2024-03-11T11:26:43","guid":{"rendered":"https:\/\/www.erresse-shop.it\/?post_type=product&#038;p=395471"},"modified":"2024-08-20T00:00:27","modified_gmt":"2024-08-20T00:00:27","slug":"venini-vaso-labuan-talpa-h-665","status":"publish","type":"product","link":"https:\/\/www.erresse-shop.it\/es\/shop\/mobiliario\/jarrones\/venini-vaso-labuan-talpa-h-665\/","title":{"rendered":"VENINI Vaso Labuan Talpa H 66,5"},"content":{"rendered":"<p>Se inspira en destinos lejanos, entre la fantas\u00eda y la realidad. El viaje del Jarr\u00f3n Labuan va de este a oeste y viceversa. Iniciado en 1933, a\u00fan contin\u00faa.<\/p>\n<p>Obtenido por superposici\u00f3n de lattimo con otros vidrios, el vidrio opalino es soplado y trabajado a mano.<\/p>\n<p><b><strong>Color<\/strong><\/b>: Topo<\/p>\n<p><b><strong>Material<\/strong><\/b>: Vidrio<\/p>\n<p><b><strong>Dimensiones<\/strong><\/b>: Di\u00e1metro: 34 cm, Altura: 66,5 cm<\/p>\n<p><b><strong>POR RAZONES DE SEGURIDAD, AL TRATARSE DE UN PRODUCTO DE LUJO, EL PLAZO DE ENV\u00cdO PUEDE REQUERIR DOS D\u00cdAS ADICIONALES.<\/strong><\/b><\/p>\n","protected":false},"excerpt":{"rendered":"<p>Se inspira en destinos lejanos, entre la fantas\u00eda y la realidad. El viaje del Jarr\u00f3n Labuan va de este a<\/p>\n","protected":false},"featured_media":395478,"template":"","meta":{"_acf_changed":false,"inline_featured_image":false},"product_cat":[16024,16016],"product_tag":[25183,16119,16122,16121,17489,24682,16307,25023],"acf":[],"yoast_head":"<!-- This site is optimized with the Yoast SEO Premium plugin v18.6 (Yoast SEO v19.13) - https:\/\/yoast.com\/wordpress\/plugins\/seo\/ -->\n<title>VENINI Vaso Labuan Talpa H 66,5 - Erresse Shop<\/title>\n<meta name=\"description\" content=\"Se inspira en destinos lejanos, entre la fantas\u00eda y la realidad. El viaje del Jarr\u00f3n Labuan va de este a oeste y viceversa. Iniciado en 1933, a\u00fan\" \/>\n<meta name=\"robots\" content=\"index, follow, max-snippet:-1, max-image-preview:large, max-video-preview:-1\" \/>\n<link rel=\"canonical\" href=\"https:\/\/www.erresse-shop.it\/es\/shop\/mobiliario\/jarrones\/venini-vaso-labuan-talpa-h-665\/\" \/>\n<meta property=\"og:locale\" content=\"es_ES\" \/>\n<meta property=\"og:type\" content=\"article\" \/>\n<meta property=\"og:title\" content=\"VENINI Vaso Labuan Talpa H 66,5\" \/>\n<meta property=\"og:description\" content=\"Se inspira en destinos lejanos, entre la fantas\u00eda y la realidad. El viaje del Jarr\u00f3n Labuan va de este a oeste y viceversa. Iniciado en 1933, a\u00fan\" \/>\n<meta property=\"og:url\" content=\"https:\/\/www.erresse-shop.it\/es\/shop\/mobiliario\/jarrones\/venini-vaso-labuan-talpa-h-665\/\" \/>\n<meta property=\"og:site_name\" content=\"Erresse Shop\" \/>\n<meta property=\"article:modified_time\" content=\"2024-08-20T00:00:27+00:00\" \/>\n<meta property=\"og:image\" content=\"https:\/\/www.erresse-shop.it\/wp-content\/uploads\/2024\/03\/vaso-libuan-sabbia.jpg\" \/>\n\t<meta property=\"og:image:width\" content=\"800\" \/>\n\t<meta property=\"og:image:height\" content=\"800\" \/>\n\t<meta property=\"og:image:type\" content=\"image\/jpeg\" \/>\n<meta name=\"twitter:card\" content=\"summary_large_image\" \/>\n<script type=\"application\/ld+json\" class=\"yoast-schema-graph\">{\"@context\":\"https:\/\/schema.org\",\"@graph\":[{\"@type\":\"WebPage\",\"@id\":\"https:\/\/www.erresse-shop.it\/es\/shop\/mobiliario\/jarrones\/venini-vaso-labuan-talpa-h-665\/\",\"url\":\"https:\/\/www.erresse-shop.it\/es\/shop\/mobiliario\/jarrones\/venini-vaso-labuan-talpa-h-665\/\",\"name\":\"VENINI Vaso Labuan Talpa H 66,5 - Erresse Shop\",\"isPartOf\":{\"@id\":\"https:\/\/www.erresse-shop.it\/es\/#website\"},\"datePublished\":\"2024-03-11T11:26:43+00:00\",\"dateModified\":\"2024-08-20T00:00:27+00:00\",\"description\":\"Se inspira en destinos lejanos, entre la fantas\u00eda y la realidad. El viaje del Jarr\u00f3n Labuan va de este a oeste y viceversa. Iniciado en 1933, a\u00fan\",\"breadcrumb\":{\"@id\":\"https:\/\/www.erresse-shop.it\/es\/shop\/mobiliario\/jarrones\/venini-vaso-labuan-talpa-h-665\/#breadcrumb\"},\"inLanguage\":\"es\",\"potentialAction\":[{\"@type\":\"ReadAction\",\"target\":[\"https:\/\/www.erresse-shop.it\/es\/shop\/mobiliario\/jarrones\/venini-vaso-labuan-talpa-h-665\/\"]}]},{\"@type\":\"BreadcrumbList\",\"@id\":\"https:\/\/www.erresse-shop.it\/es\/shop\/mobiliario\/jarrones\/venini-vaso-labuan-talpa-h-665\/#breadcrumb\",\"itemListElement\":[{\"@type\":\"ListItem\",\"position\":1,\"name\":\"Home\",\"item\":\"https:\/\/www.erresse-shop.it\/es\/\"},{\"@type\":\"ListItem\",\"position\":2,\"name\":\"Shop\",\"item\":\"https:\/\/www.erresse-shop.it\/es\/shop\/\"},{\"@type\":\"ListItem\",\"position\":3,\"name\":\"VENINI Vaso Labuan Talpa H 66,5\"}]},{\"@type\":\"WebSite\",\"@id\":\"https:\/\/www.erresse-shop.it\/es\/#website\",\"url\":\"https:\/\/www.erresse-shop.it\/es\/\",\"name\":\"Erresse Shop\",\"description\":\"Articoli di qualit\u00e0 per la casa\",\"potentialAction\":[{\"@type\":\"SearchAction\",\"target\":{\"@type\":\"EntryPoint\",\"urlTemplate\":\"https:\/\/www.erresse-shop.it\/es\/?s={search_term_string}\"},\"query-input\":\"required name=search_term_string\"}],\"inLanguage\":\"es\"}]}<\/script>\n<!-- \/ Yoast SEO Premium plugin. -->","yoast_head_json":{"title":"VENINI Vaso Labuan Talpa H 66,5 - Erresse Shop","description":"Se inspira en destinos lejanos, entre la fantas\u00eda y la realidad. El viaje del Jarr\u00f3n Labuan va de este a oeste y viceversa. Iniciado en 1933, a\u00fan","robots":{"index":"index","follow":"follow","max-snippet":"max-snippet:-1","max-image-preview":"max-image-preview:large","max-video-preview":"max-video-preview:-1"},"canonical":"https:\/\/www.erresse-shop.it\/es\/shop\/mobiliario\/jarrones\/venini-vaso-labuan-talpa-h-665\/","og_locale":"es_ES","og_type":"article","og_title":"VENINI Vaso Labuan Talpa H 66,5","og_description":"Se inspira en destinos lejanos, entre la fantas\u00eda y la realidad. El viaje del Jarr\u00f3n Labuan va de este a oeste y viceversa. Iniciado en 1933, a\u00fan","og_url":"https:\/\/www.erresse-shop.it\/es\/shop\/mobiliario\/jarrones\/venini-vaso-labuan-talpa-h-665\/","og_site_name":"Erresse Shop","article_modified_time":"2024-08-20T00:00:27+00:00","og_image":[{"width":800,"height":800,"url":"https:\/\/www.erresse-shop.it\/wp-content\/uploads\/2024\/03\/vaso-libuan-sabbia.jpg","type":"image\/jpeg"}],"twitter_card":"summary_large_image","schema":{"@context":"https:\/\/schema.org","@graph":[{"@type":"WebPage","@id":"https:\/\/www.erresse-shop.it\/es\/shop\/mobiliario\/jarrones\/venini-vaso-labuan-talpa-h-665\/","url":"https:\/\/www.erresse-shop.it\/es\/shop\/mobiliario\/jarrones\/venini-vaso-labuan-talpa-h-665\/","name":"VENINI Vaso Labuan Talpa H 66,5 - Erresse Shop","isPartOf":{"@id":"https:\/\/www.erresse-shop.it\/es\/#website"},"datePublished":"2024-03-11T11:26:43+00:00","dateModified":"2024-08-20T00:00:27+00:00","description":"Se inspira en destinos lejanos, entre la fantas\u00eda y la realidad. El viaje del Jarr\u00f3n Labuan va de este a oeste y viceversa. Iniciado en 1933, a\u00fan","breadcrumb":{"@id":"https:\/\/www.erresse-shop.it\/es\/shop\/mobiliario\/jarrones\/venini-vaso-labuan-talpa-h-665\/#breadcrumb"},"inLanguage":"es","potentialAction":[{"@type":"ReadAction","target":["https:\/\/www.erresse-shop.it\/es\/shop\/mobiliario\/jarrones\/venini-vaso-labuan-talpa-h-665\/"]}]},{"@type":"BreadcrumbList","@id":"https:\/\/www.erresse-shop.it\/es\/shop\/mobiliario\/jarrones\/venini-vaso-labuan-talpa-h-665\/#breadcrumb","itemListElement":[{"@type":"ListItem","position":1,"name":"Home","item":"https:\/\/www.erresse-shop.it\/es\/"},{"@type":"ListItem","position":2,"name":"Shop","item":"https:\/\/www.erresse-shop.it\/es\/shop\/"},{"@type":"ListItem","position":3,"name":"VENINI Vaso Labuan Talpa H 66,5"}]},{"@type":"WebSite","@id":"https:\/\/www.erresse-shop.it\/es\/#website","url":"https:\/\/www.erresse-shop.it\/es\/","name":"Erresse Shop","description":"Articoli di qualit\u00e0 per la casa","potentialAction":[{"@type":"SearchAction","target":{"@type":"EntryPoint","urlTemplate":"https:\/\/www.erresse-shop.it\/es\/?s={search_term_string}"},"query-input":"required name=search_term_string"}],"inLanguage":"es"}]}},"df_price":1429,"df_sale_price":1429,"df_regular_price":1650,"df_image_link":"https:\/\/www.erresse-shop.it\/wp-content\/uploads\/2024\/03\/vaso-libuan-sabbia-300x300.jpg","_links":{"self":[{"href":"https:\/\/www.erresse-shop.it\/es\/wp-json\/wp\/v2\/product\/395471"}],"collection":[{"href":"https:\/\/www.erresse-shop.it\/es\/wp-json\/wp\/v2\/product"}],"about":[{"href":"https:\/\/www.erresse-shop.it\/es\/wp-json\/wp\/v2\/types\/product"}],"wp:featuredmedia":[{"embeddable":true,"href":"https:\/\/www.erresse-shop.it\/es\/wp-json\/wp\/v2\/media\/395478"}],"wp:attachment":[{"href":"https:\/\/www.erresse-shop.it\/es\/wp-json\/wp\/v2\/media?parent=395471"}],"wp:term":[{"taxonomy":"product_cat","embeddable":true,"href":"https:\/\/www.erresse-shop.it\/es\/wp-json\/wp\/v2\/product_cat?post=395471"},{"taxonomy":"product_tag","embeddable":true,"href":"https:\/\/www.erresse-shop.it\/es\/wp-json\/wp\/v2\/product_tag?post=395471"}],"curies":[{"name":"wp","href":"https:\/\/api.w.org\/{rel}","templated":true}]}}