{"id":395394,"date":"2024-03-11T11:00:55","date_gmt":"2024-03-11T11:00:59","guid":{"rendered":"https:\/\/www.erresse-shop.it\/?post_type=product&#038;p=395394"},"modified":"2024-03-11T11:04:33","modified_gmt":"2024-03-11T11:04:33","slug":"venini-jarron-burbujas","status":"publish","type":"product","link":"https:\/\/www.erresse-shop.it\/es\/shop\/mobiliario\/jarrones\/venini-jarron-burbujas\/","title":{"rendered":"VENINI Jarr\u00f3n Burbujas"},"content":{"rendered":"<p>El jarr\u00f3n es una botella de forma suave. Los dos lugares de colores distintos de Tapio Wirkkala se unen f\u00edsicamente mediante la t\u00e9cnica del incalmo, el acoplamiento en caliente de dos formas sopladas. Dise\u00f1ador: Tapiola Wirkkala.<\/p>\n<p><b><strong>Modelo<\/strong><\/b>: Bubbles Vase<\/p>\n<p><b><strong>Color<\/strong><\/b>: Gris topo y amatista, verde y rosa<\/p>\n<p><b><strong>Material<\/strong><\/b>: Vidrio<\/p>\n<p><b><strong>Dimensiones<\/strong><\/b>: Di\u00e1metro: 13 cm x Altura: 21 cm<\/p>\n<p><b><strong>POR RAZONES DE SEGURIDAD, YA QUE SE TRATA DE UN PRODUCTO DE LUJO, EL TIEMPO DE ENV\u00cdO PUEDE TARDAR DOS D\u00cdAS ADICIONALES.<\/strong><\/b><\/p>\n","protected":false},"excerpt":{"rendered":"<p>El jarr\u00f3n es una botella de forma suave. Los dos lugares de colores distintos de Tapio Wirkkala se unen f\u00edsicamente<\/p>\n","protected":false},"featured_media":395402,"template":"","meta":{"_acf_changed":false,"inline_featured_image":false},"product_cat":[16024,16016],"product_tag":[25183,16122,24682,16307,16283,25023],"acf":[],"yoast_head":"<!-- This site is optimized with the Yoast SEO Premium plugin v18.6 (Yoast SEO v19.13) - https:\/\/yoast.com\/wordpress\/plugins\/seo\/ -->\n<title>VENINI Jarr\u00f3n Burbujas - Erresse Shop<\/title>\n<meta name=\"description\" content=\"El jarr\u00f3n es una botella de forma suave. Los dos lugares de colores distintos de Tapio Wirkkala se unen f\u00edsicamente mediante la t\u00e9cnica del incalmo, el\" \/>\n<meta name=\"robots\" content=\"index, follow, max-snippet:-1, max-image-preview:large, max-video-preview:-1\" \/>\n<link rel=\"canonical\" href=\"https:\/\/www.erresse-shop.it\/es\/shop\/mobiliario\/jarrones\/venini-jarron-burbujas\/\" \/>\n<meta property=\"og:locale\" content=\"es_ES\" \/>\n<meta property=\"og:type\" content=\"article\" \/>\n<meta property=\"og:title\" content=\"VENINI Jarr\u00f3n Burbujas\" \/>\n<meta property=\"og:description\" content=\"El jarr\u00f3n es una botella de forma suave. Los dos lugares de colores distintos de Tapio Wirkkala se unen f\u00edsicamente mediante la t\u00e9cnica del incalmo, el\" \/>\n<meta property=\"og:url\" content=\"https:\/\/www.erresse-shop.it\/es\/shop\/mobiliario\/jarrones\/venini-jarron-burbujas\/\" \/>\n<meta property=\"og:site_name\" content=\"Erresse Shop\" \/>\n<meta property=\"article:modified_time\" content=\"2024-03-11T11:04:33+00:00\" \/>\n<meta property=\"og:image\" content=\"https:\/\/www.erresse-shop.it\/wp-content\/uploads\/2024\/03\/Venini-Vaso-Bolle-Talpa-e-Ametista.jpg\" \/>\n\t<meta property=\"og:image:width\" content=\"800\" \/>\n\t<meta property=\"og:image:height\" content=\"800\" \/>\n\t<meta property=\"og:image:type\" content=\"image\/jpeg\" \/>\n<meta name=\"twitter:card\" content=\"summary_large_image\" \/>\n<script type=\"application\/ld+json\" class=\"yoast-schema-graph\">{\"@context\":\"https:\/\/schema.org\",\"@graph\":[{\"@type\":\"WebPage\",\"@id\":\"https:\/\/www.erresse-shop.it\/es\/shop\/mobiliario\/jarrones\/venini-jarron-burbujas\/\",\"url\":\"https:\/\/www.erresse-shop.it\/es\/shop\/mobiliario\/jarrones\/venini-jarron-burbujas\/\",\"name\":\"VENINI Jarr\u00f3n Burbujas - Erresse Shop\",\"isPartOf\":{\"@id\":\"https:\/\/www.erresse-shop.it\/es\/#website\"},\"datePublished\":\"2024-03-11T11:00:59+00:00\",\"dateModified\":\"2024-03-11T11:04:33+00:00\",\"description\":\"El jarr\u00f3n es una botella de forma suave. Los dos lugares de colores distintos de Tapio Wirkkala se unen f\u00edsicamente mediante la t\u00e9cnica del incalmo, el\",\"breadcrumb\":{\"@id\":\"https:\/\/www.erresse-shop.it\/es\/shop\/mobiliario\/jarrones\/venini-jarron-burbujas\/#breadcrumb\"},\"inLanguage\":\"es\",\"potentialAction\":[{\"@type\":\"ReadAction\",\"target\":[\"https:\/\/www.erresse-shop.it\/es\/shop\/mobiliario\/jarrones\/venini-jarron-burbujas\/\"]}]},{\"@type\":\"BreadcrumbList\",\"@id\":\"https:\/\/www.erresse-shop.it\/es\/shop\/mobiliario\/jarrones\/venini-jarron-burbujas\/#breadcrumb\",\"itemListElement\":[{\"@type\":\"ListItem\",\"position\":1,\"name\":\"Home\",\"item\":\"https:\/\/www.erresse-shop.it\/es\/\"},{\"@type\":\"ListItem\",\"position\":2,\"name\":\"Shop\",\"item\":\"https:\/\/www.erresse-shop.it\/es\/shop\/\"},{\"@type\":\"ListItem\",\"position\":3,\"name\":\"VENINI Jarr\u00f3n Burbujas\"}]},{\"@type\":\"WebSite\",\"@id\":\"https:\/\/www.erresse-shop.it\/es\/#website\",\"url\":\"https:\/\/www.erresse-shop.it\/es\/\",\"name\":\"Erresse Shop\",\"description\":\"Articoli di qualit\u00e0 per la casa\",\"potentialAction\":[{\"@type\":\"SearchAction\",\"target\":{\"@type\":\"EntryPoint\",\"urlTemplate\":\"https:\/\/www.erresse-shop.it\/es\/?s={search_term_string}\"},\"query-input\":\"required name=search_term_string\"}],\"inLanguage\":\"es\"}]}<\/script>\n<!-- \/ Yoast SEO Premium plugin. -->","yoast_head_json":{"title":"VENINI Jarr\u00f3n Burbujas - Erresse Shop","description":"El jarr\u00f3n es una botella de forma suave. Los dos lugares de colores distintos de Tapio Wirkkala se unen f\u00edsicamente mediante la t\u00e9cnica del incalmo, el","robots":{"index":"index","follow":"follow","max-snippet":"max-snippet:-1","max-image-preview":"max-image-preview:large","max-video-preview":"max-video-preview:-1"},"canonical":"https:\/\/www.erresse-shop.it\/es\/shop\/mobiliario\/jarrones\/venini-jarron-burbujas\/","og_locale":"es_ES","og_type":"article","og_title":"VENINI Jarr\u00f3n Burbujas","og_description":"El jarr\u00f3n es una botella de forma suave. Los dos lugares de colores distintos de Tapio Wirkkala se unen f\u00edsicamente mediante la t\u00e9cnica del incalmo, el","og_url":"https:\/\/www.erresse-shop.it\/es\/shop\/mobiliario\/jarrones\/venini-jarron-burbujas\/","og_site_name":"Erresse Shop","article_modified_time":"2024-03-11T11:04:33+00:00","og_image":[{"width":800,"height":800,"url":"https:\/\/www.erresse-shop.it\/wp-content\/uploads\/2024\/03\/Venini-Vaso-Bolle-Talpa-e-Ametista.jpg","type":"image\/jpeg"}],"twitter_card":"summary_large_image","schema":{"@context":"https:\/\/schema.org","@graph":[{"@type":"WebPage","@id":"https:\/\/www.erresse-shop.it\/es\/shop\/mobiliario\/jarrones\/venini-jarron-burbujas\/","url":"https:\/\/www.erresse-shop.it\/es\/shop\/mobiliario\/jarrones\/venini-jarron-burbujas\/","name":"VENINI Jarr\u00f3n Burbujas - Erresse Shop","isPartOf":{"@id":"https:\/\/www.erresse-shop.it\/es\/#website"},"datePublished":"2024-03-11T11:00:59+00:00","dateModified":"2024-03-11T11:04:33+00:00","description":"El jarr\u00f3n es una botella de forma suave. Los dos lugares de colores distintos de Tapio Wirkkala se unen f\u00edsicamente mediante la t\u00e9cnica del incalmo, el","breadcrumb":{"@id":"https:\/\/www.erresse-shop.it\/es\/shop\/mobiliario\/jarrones\/venini-jarron-burbujas\/#breadcrumb"},"inLanguage":"es","potentialAction":[{"@type":"ReadAction","target":["https:\/\/www.erresse-shop.it\/es\/shop\/mobiliario\/jarrones\/venini-jarron-burbujas\/"]}]},{"@type":"BreadcrumbList","@id":"https:\/\/www.erresse-shop.it\/es\/shop\/mobiliario\/jarrones\/venini-jarron-burbujas\/#breadcrumb","itemListElement":[{"@type":"ListItem","position":1,"name":"Home","item":"https:\/\/www.erresse-shop.it\/es\/"},{"@type":"ListItem","position":2,"name":"Shop","item":"https:\/\/www.erresse-shop.it\/es\/shop\/"},{"@type":"ListItem","position":3,"name":"VENINI Jarr\u00f3n Burbujas"}]},{"@type":"WebSite","@id":"https:\/\/www.erresse-shop.it\/es\/#website","url":"https:\/\/www.erresse-shop.it\/es\/","name":"Erresse Shop","description":"Articoli di qualit\u00e0 per la casa","potentialAction":[{"@type":"SearchAction","target":{"@type":"EntryPoint","urlTemplate":"https:\/\/www.erresse-shop.it\/es\/?s={search_term_string}"},"query-input":"required name=search_term_string"}],"inLanguage":"es"}]}},"df_price":826.8000000000001,"df_sale_price":826.8000000000001,"df_regular_price":1590,"df_image_link":"https:\/\/www.erresse-shop.it\/wp-content\/uploads\/2024\/03\/Venini-Vaso-Bolle-Talpa-e-Ametista-300x300.jpg","_links":{"self":[{"href":"https:\/\/www.erresse-shop.it\/es\/wp-json\/wp\/v2\/product\/395394"}],"collection":[{"href":"https:\/\/www.erresse-shop.it\/es\/wp-json\/wp\/v2\/product"}],"about":[{"href":"https:\/\/www.erresse-shop.it\/es\/wp-json\/wp\/v2\/types\/product"}],"wp:featuredmedia":[{"embeddable":true,"href":"https:\/\/www.erresse-shop.it\/es\/wp-json\/wp\/v2\/media\/395402"}],"wp:attachment":[{"href":"https:\/\/www.erresse-shop.it\/es\/wp-json\/wp\/v2\/media?parent=395394"}],"wp:term":[{"taxonomy":"product_cat","embeddable":true,"href":"https:\/\/www.erresse-shop.it\/es\/wp-json\/wp\/v2\/product_cat?post=395394"},{"taxonomy":"product_tag","embeddable":true,"href":"https:\/\/www.erresse-shop.it\/es\/wp-json\/wp\/v2\/product_tag?post=395394"}],"curies":[{"name":"wp","href":"https:\/\/api.w.org\/{rel}","templated":true}]}}