{"id":395351,"date":"2024-03-11T10:36:38","date_gmt":"2024-03-11T10:36:42","guid":{"rendered":"https:\/\/www.erresse-shop.it\/?post_type=product&#038;p=395351"},"modified":"2024-03-11T10:43:22","modified_gmt":"2024-03-11T10:43:22","slug":"venini-jarron-geacolor-di-gae-aulenti","status":"publish","type":"product","link":"https:\/\/www.erresse-shop.it\/es\/shop\/mobiliario\/jarrones\/venini-jarron-geacolor-di-gae-aulenti\/","title":{"rendered":"VENINI Jarr\u00f3n Geacolor di Gae Aulenti"},"content":{"rendered":"<p>Siluetas de aspecto aleatorio, proyecciones irregulares y superficies para explorar con los ojos y los dedos. Creados con la t\u00e9cnica de los colores calientes y volantes, que gu\u00edan las sombras, ayud\u00e1ndolas a colocarse y a moldearse. El jarr\u00f3n de Gae Aulenti es mil jarrones diferentes: cambia con la luz, el \u00e1ngulo y los ojos del observador.<\/p>\n<p><b><strong>Color<\/strong><\/b>: Multicolor<\/p>\n<p><b><strong>Material<\/strong><\/b>: Vidrio<\/p>\n<p><b><strong>Dimensiones<\/strong><\/b>: Di\u00e1metro: 30 cm y Peso: 9 kg<\/p>\n<p><b><strong>POR RAZONES DE SEGURIDAD, AL TRATARSE DE UN PRODUCTO DE LUJO, EL TIEMPO DE ENV\u00cdO PUEDE REQUERIR DOS D\u00cdAS ADICIONALES.<\/strong><\/b><\/p>\n","protected":false},"excerpt":{"rendered":"<p>Siluetas de aspecto aleatorio, proyecciones irregulares y superficies para explorar con los ojos y los dedos. Creados con la t\u00e9cnica<\/p>\n","protected":false},"featured_media":395358,"template":"","meta":{"_acf_changed":false,"inline_featured_image":false},"product_cat":[16024,16016],"product_tag":[25183,16122,24682,16307,16283,25023],"acf":[],"yoast_head":"<!-- This site is optimized with the Yoast SEO Premium plugin v18.6 (Yoast SEO v19.13) - https:\/\/yoast.com\/wordpress\/plugins\/seo\/ -->\n<title>VENINI Jarr\u00f3n Geacolor di Gae Aulenti - Erresse Shop<\/title>\n<meta name=\"description\" content=\"Siluetas de aspecto aleatorio, proyecciones irregulares y superficies para explorar con los ojos y los dedos. Creados con la t\u00e9cnica de los colores\" \/>\n<meta name=\"robots\" content=\"index, follow, max-snippet:-1, max-image-preview:large, max-video-preview:-1\" \/>\n<link rel=\"canonical\" href=\"https:\/\/www.erresse-shop.it\/es\/shop\/mobiliario\/jarrones\/venini-jarron-geacolor-di-gae-aulenti\/\" \/>\n<meta property=\"og:locale\" content=\"es_ES\" \/>\n<meta property=\"og:type\" content=\"article\" \/>\n<meta property=\"og:title\" content=\"VENINI Jarr\u00f3n Geacolor di Gae Aulenti\" \/>\n<meta property=\"og:description\" content=\"Siluetas de aspecto aleatorio, proyecciones irregulares y superficies para explorar con los ojos y los dedos. Creados con la t\u00e9cnica de los colores\" \/>\n<meta property=\"og:url\" content=\"https:\/\/www.erresse-shop.it\/es\/shop\/mobiliario\/jarrones\/venini-jarron-geacolor-di-gae-aulenti\/\" \/>\n<meta property=\"og:site_name\" content=\"Erresse Shop\" \/>\n<meta property=\"article:modified_time\" content=\"2024-03-11T10:43:22+00:00\" \/>\n<meta property=\"og:image\" content=\"https:\/\/www.erresse-shop.it\/wp-content\/uploads\/2024\/03\/VENINI-Vaso-Geacolor-di-Gae-Aulenti.jpg\" \/>\n\t<meta property=\"og:image:width\" content=\"800\" \/>\n\t<meta property=\"og:image:height\" content=\"800\" \/>\n\t<meta property=\"og:image:type\" content=\"image\/jpeg\" \/>\n<meta name=\"twitter:card\" content=\"summary_large_image\" \/>\n<script type=\"application\/ld+json\" class=\"yoast-schema-graph\">{\"@context\":\"https:\/\/schema.org\",\"@graph\":[{\"@type\":\"WebPage\",\"@id\":\"https:\/\/www.erresse-shop.it\/es\/shop\/mobiliario\/jarrones\/venini-jarron-geacolor-di-gae-aulenti\/\",\"url\":\"https:\/\/www.erresse-shop.it\/es\/shop\/mobiliario\/jarrones\/venini-jarron-geacolor-di-gae-aulenti\/\",\"name\":\"VENINI Jarr\u00f3n Geacolor di Gae Aulenti - Erresse Shop\",\"isPartOf\":{\"@id\":\"https:\/\/www.erresse-shop.it\/es\/#website\"},\"datePublished\":\"2024-03-11T10:36:42+00:00\",\"dateModified\":\"2024-03-11T10:43:22+00:00\",\"description\":\"Siluetas de aspecto aleatorio, proyecciones irregulares y superficies para explorar con los ojos y los dedos. Creados con la t\u00e9cnica de los colores\",\"breadcrumb\":{\"@id\":\"https:\/\/www.erresse-shop.it\/es\/shop\/mobiliario\/jarrones\/venini-jarron-geacolor-di-gae-aulenti\/#breadcrumb\"},\"inLanguage\":\"es\",\"potentialAction\":[{\"@type\":\"ReadAction\",\"target\":[\"https:\/\/www.erresse-shop.it\/es\/shop\/mobiliario\/jarrones\/venini-jarron-geacolor-di-gae-aulenti\/\"]}]},{\"@type\":\"BreadcrumbList\",\"@id\":\"https:\/\/www.erresse-shop.it\/es\/shop\/mobiliario\/jarrones\/venini-jarron-geacolor-di-gae-aulenti\/#breadcrumb\",\"itemListElement\":[{\"@type\":\"ListItem\",\"position\":1,\"name\":\"Home\",\"item\":\"https:\/\/www.erresse-shop.it\/es\/\"},{\"@type\":\"ListItem\",\"position\":2,\"name\":\"Shop\",\"item\":\"https:\/\/www.erresse-shop.it\/es\/shop\/\"},{\"@type\":\"ListItem\",\"position\":3,\"name\":\"VENINI Jarr\u00f3n Geacolor di Gae Aulenti\"}]},{\"@type\":\"WebSite\",\"@id\":\"https:\/\/www.erresse-shop.it\/es\/#website\",\"url\":\"https:\/\/www.erresse-shop.it\/es\/\",\"name\":\"Erresse Shop\",\"description\":\"Articoli di qualit\u00e0 per la casa\",\"potentialAction\":[{\"@type\":\"SearchAction\",\"target\":{\"@type\":\"EntryPoint\",\"urlTemplate\":\"https:\/\/www.erresse-shop.it\/es\/?s={search_term_string}\"},\"query-input\":\"required name=search_term_string\"}],\"inLanguage\":\"es\"}]}<\/script>\n<!-- \/ Yoast SEO Premium plugin. -->","yoast_head_json":{"title":"VENINI Jarr\u00f3n Geacolor di Gae Aulenti - Erresse Shop","description":"Siluetas de aspecto aleatorio, proyecciones irregulares y superficies para explorar con los ojos y los dedos. Creados con la t\u00e9cnica de los colores","robots":{"index":"index","follow":"follow","max-snippet":"max-snippet:-1","max-image-preview":"max-image-preview:large","max-video-preview":"max-video-preview:-1"},"canonical":"https:\/\/www.erresse-shop.it\/es\/shop\/mobiliario\/jarrones\/venini-jarron-geacolor-di-gae-aulenti\/","og_locale":"es_ES","og_type":"article","og_title":"VENINI Jarr\u00f3n Geacolor di Gae Aulenti","og_description":"Siluetas de aspecto aleatorio, proyecciones irregulares y superficies para explorar con los ojos y los dedos. Creados con la t\u00e9cnica de los colores","og_url":"https:\/\/www.erresse-shop.it\/es\/shop\/mobiliario\/jarrones\/venini-jarron-geacolor-di-gae-aulenti\/","og_site_name":"Erresse Shop","article_modified_time":"2024-03-11T10:43:22+00:00","og_image":[{"width":800,"height":800,"url":"https:\/\/www.erresse-shop.it\/wp-content\/uploads\/2024\/03\/VENINI-Vaso-Geacolor-di-Gae-Aulenti.jpg","type":"image\/jpeg"}],"twitter_card":"summary_large_image","schema":{"@context":"https:\/\/schema.org","@graph":[{"@type":"WebPage","@id":"https:\/\/www.erresse-shop.it\/es\/shop\/mobiliario\/jarrones\/venini-jarron-geacolor-di-gae-aulenti\/","url":"https:\/\/www.erresse-shop.it\/es\/shop\/mobiliario\/jarrones\/venini-jarron-geacolor-di-gae-aulenti\/","name":"VENINI Jarr\u00f3n Geacolor di Gae Aulenti - Erresse Shop","isPartOf":{"@id":"https:\/\/www.erresse-shop.it\/es\/#website"},"datePublished":"2024-03-11T10:36:42+00:00","dateModified":"2024-03-11T10:43:22+00:00","description":"Siluetas de aspecto aleatorio, proyecciones irregulares y superficies para explorar con los ojos y los dedos. Creados con la t\u00e9cnica de los colores","breadcrumb":{"@id":"https:\/\/www.erresse-shop.it\/es\/shop\/mobiliario\/jarrones\/venini-jarron-geacolor-di-gae-aulenti\/#breadcrumb"},"inLanguage":"es","potentialAction":[{"@type":"ReadAction","target":["https:\/\/www.erresse-shop.it\/es\/shop\/mobiliario\/jarrones\/venini-jarron-geacolor-di-gae-aulenti\/"]}]},{"@type":"BreadcrumbList","@id":"https:\/\/www.erresse-shop.it\/es\/shop\/mobiliario\/jarrones\/venini-jarron-geacolor-di-gae-aulenti\/#breadcrumb","itemListElement":[{"@type":"ListItem","position":1,"name":"Home","item":"https:\/\/www.erresse-shop.it\/es\/"},{"@type":"ListItem","position":2,"name":"Shop","item":"https:\/\/www.erresse-shop.it\/es\/shop\/"},{"@type":"ListItem","position":3,"name":"VENINI Jarr\u00f3n Geacolor di Gae Aulenti"}]},{"@type":"WebSite","@id":"https:\/\/www.erresse-shop.it\/es\/#website","url":"https:\/\/www.erresse-shop.it\/es\/","name":"Erresse Shop","description":"Articoli di qualit\u00e0 per la casa","potentialAction":[{"@type":"SearchAction","target":{"@type":"EntryPoint","urlTemplate":"https:\/\/www.erresse-shop.it\/es\/?s={search_term_string}"},"query-input":"required name=search_term_string"}],"inLanguage":"es"}]}},"df_price":2574,"df_sale_price":2574,"df_regular_price":4950,"df_image_link":"https:\/\/www.erresse-shop.it\/wp-content\/uploads\/2024\/03\/VENINI-Vaso-Geacolor-di-Gae-Aulenti-300x300.jpg","_links":{"self":[{"href":"https:\/\/www.erresse-shop.it\/es\/wp-json\/wp\/v2\/product\/395351"}],"collection":[{"href":"https:\/\/www.erresse-shop.it\/es\/wp-json\/wp\/v2\/product"}],"about":[{"href":"https:\/\/www.erresse-shop.it\/es\/wp-json\/wp\/v2\/types\/product"}],"wp:featuredmedia":[{"embeddable":true,"href":"https:\/\/www.erresse-shop.it\/es\/wp-json\/wp\/v2\/media\/395358"}],"wp:attachment":[{"href":"https:\/\/www.erresse-shop.it\/es\/wp-json\/wp\/v2\/media?parent=395351"}],"wp:term":[{"taxonomy":"product_cat","embeddable":true,"href":"https:\/\/www.erresse-shop.it\/es\/wp-json\/wp\/v2\/product_cat?post=395351"},{"taxonomy":"product_tag","embeddable":true,"href":"https:\/\/www.erresse-shop.it\/es\/wp-json\/wp\/v2\/product_tag?post=395351"}],"curies":[{"name":"wp","href":"https:\/\/api.w.org\/{rel}","templated":true}]}}