{"id":395003,"date":"2024-03-11T08:00:46","date_gmt":"2024-03-11T08:00:53","guid":{"rendered":"https:\/\/www.erresse-shop.it\/?post_type=product&#038;p=395003"},"modified":"2024-03-11T08:04:51","modified_gmt":"2024-03-11T08:04:51","slug":"versace-home-taza-con-tapa-marqueterie","status":"publish","type":"product","link":"https:\/\/www.erresse-shop.it\/es\/shop\/tabla\/tazas\/versace-home-taza-con-tapa-marqueterie\/","title":{"rendered":"VERSACE HOME Taza Con Tapa Marqueterie"},"content":{"rendered":"<p>Para celebrar su 30 aniversario, Rosenthal meets Versace lanza una colecci\u00f3n especial limitada. 30 tazas decoradas con 30 decoraciones legendarias cuentan la historia de esta extraordinaria colaboraci\u00f3n como un viaje a trav\u00e9s del tiempo, el espacio y las culturas. Las exquisitas tapas est\u00e1n decoradas con una cabeza de Medusa dorada, s\u00edmbolo ic\u00f3nico de Versace desde sus inicios.<\/p>\n<p><b><strong>Material<\/strong><\/b>: Porcelana<\/p>\n<p><b><strong>Dimensiones<\/strong><\/b>: 12 cm de alto<\/p>\n<p><b><strong>POR RAZONES DE SEGURIDAD, AL TRATARSE DE UN PRODUCTO DE LUJO, EL TIEMPO DE ENV\u00cdO PUEDE TARDAR DOS D\u00cdAS ADICIONALES.<\/strong><\/b><\/p>\n","protected":false},"excerpt":{"rendered":"<p>Para celebrar su 30 aniversario, Rosenthal meets Versace lanza una colecci\u00f3n especial limitada. 30 tazas decoradas con 30 decoraciones legendarias<\/p>\n","protected":false},"featured_media":394967,"template":"","meta":{"_acf_changed":false,"inline_featured_image":false},"product_cat":[16027,16034],"product_tag":[25183,24682,16417,17518,25023,17843],"acf":[],"yoast_head":"<!-- This site is optimized with the Yoast SEO Premium plugin v18.6 (Yoast SEO v19.13) - https:\/\/yoast.com\/wordpress\/plugins\/seo\/ -->\n<title>VERSACE HOME Taza Con Tapa Marqueterie - Erresse Shop<\/title>\n<meta name=\"description\" content=\"Para celebrar su 30 aniversario, Rosenthal meets Versace lanza una colecci\u00f3n especial limitada. 30 tazas decoradas con 30 decoraciones legendarias cuentan\" \/>\n<meta name=\"robots\" content=\"index, follow, max-snippet:-1, max-image-preview:large, max-video-preview:-1\" \/>\n<link rel=\"canonical\" href=\"https:\/\/www.erresse-shop.it\/es\/shop\/tabla\/tazas\/versace-home-taza-con-tapa-marqueterie\/\" \/>\n<meta property=\"og:locale\" content=\"es_ES\" \/>\n<meta property=\"og:type\" content=\"article\" \/>\n<meta property=\"og:title\" content=\"VERSACE HOME Taza Con Tapa Marqueterie\" \/>\n<meta property=\"og:description\" content=\"Para celebrar su 30 aniversario, Rosenthal meets Versace lanza una colecci\u00f3n especial limitada. 30 tazas decoradas con 30 decoraciones legendarias cuentan\" \/>\n<meta property=\"og:url\" content=\"https:\/\/www.erresse-shop.it\/es\/shop\/tabla\/tazas\/versace-home-taza-con-tapa-marqueterie\/\" \/>\n<meta property=\"og:site_name\" content=\"Erresse Shop\" \/>\n<meta property=\"article:modified_time\" content=\"2024-03-11T08:04:51+00:00\" \/>\n<meta property=\"og:image\" content=\"https:\/\/www.erresse-shop.it\/wp-content\/uploads\/2024\/03\/VERSACE-mug-coperchio-limited-marqueterie.jpg\" \/>\n\t<meta property=\"og:image:width\" content=\"800\" \/>\n\t<meta property=\"og:image:height\" content=\"800\" \/>\n\t<meta property=\"og:image:type\" content=\"image\/jpeg\" \/>\n<meta name=\"twitter:card\" content=\"summary_large_image\" \/>\n<script type=\"application\/ld+json\" class=\"yoast-schema-graph\">{\"@context\":\"https:\/\/schema.org\",\"@graph\":[{\"@type\":\"WebPage\",\"@id\":\"https:\/\/www.erresse-shop.it\/es\/shop\/tabla\/tazas\/versace-home-taza-con-tapa-marqueterie\/\",\"url\":\"https:\/\/www.erresse-shop.it\/es\/shop\/tabla\/tazas\/versace-home-taza-con-tapa-marqueterie\/\",\"name\":\"VERSACE HOME Taza Con Tapa Marqueterie - Erresse Shop\",\"isPartOf\":{\"@id\":\"https:\/\/www.erresse-shop.it\/es\/#website\"},\"datePublished\":\"2024-03-11T08:00:53+00:00\",\"dateModified\":\"2024-03-11T08:04:51+00:00\",\"description\":\"Para celebrar su 30 aniversario, Rosenthal meets Versace lanza una colecci\u00f3n especial limitada. 30 tazas decoradas con 30 decoraciones legendarias cuentan\",\"breadcrumb\":{\"@id\":\"https:\/\/www.erresse-shop.it\/es\/shop\/tabla\/tazas\/versace-home-taza-con-tapa-marqueterie\/#breadcrumb\"},\"inLanguage\":\"es\",\"potentialAction\":[{\"@type\":\"ReadAction\",\"target\":[\"https:\/\/www.erresse-shop.it\/es\/shop\/tabla\/tazas\/versace-home-taza-con-tapa-marqueterie\/\"]}]},{\"@type\":\"BreadcrumbList\",\"@id\":\"https:\/\/www.erresse-shop.it\/es\/shop\/tabla\/tazas\/versace-home-taza-con-tapa-marqueterie\/#breadcrumb\",\"itemListElement\":[{\"@type\":\"ListItem\",\"position\":1,\"name\":\"Home\",\"item\":\"https:\/\/www.erresse-shop.it\/es\/\"},{\"@type\":\"ListItem\",\"position\":2,\"name\":\"Shop\",\"item\":\"https:\/\/www.erresse-shop.it\/es\/shop\/\"},{\"@type\":\"ListItem\",\"position\":3,\"name\":\"VERSACE HOME Taza Con Tapa Marqueterie\"}]},{\"@type\":\"WebSite\",\"@id\":\"https:\/\/www.erresse-shop.it\/es\/#website\",\"url\":\"https:\/\/www.erresse-shop.it\/es\/\",\"name\":\"Erresse Shop\",\"description\":\"Articoli di qualit\u00e0 per la casa\",\"potentialAction\":[{\"@type\":\"SearchAction\",\"target\":{\"@type\":\"EntryPoint\",\"urlTemplate\":\"https:\/\/www.erresse-shop.it\/es\/?s={search_term_string}\"},\"query-input\":\"required name=search_term_string\"}],\"inLanguage\":\"es\"}]}<\/script>\n<!-- \/ Yoast SEO Premium plugin. -->","yoast_head_json":{"title":"VERSACE HOME Taza Con Tapa Marqueterie - Erresse Shop","description":"Para celebrar su 30 aniversario, Rosenthal meets Versace lanza una colecci\u00f3n especial limitada. 30 tazas decoradas con 30 decoraciones legendarias cuentan","robots":{"index":"index","follow":"follow","max-snippet":"max-snippet:-1","max-image-preview":"max-image-preview:large","max-video-preview":"max-video-preview:-1"},"canonical":"https:\/\/www.erresse-shop.it\/es\/shop\/tabla\/tazas\/versace-home-taza-con-tapa-marqueterie\/","og_locale":"es_ES","og_type":"article","og_title":"VERSACE HOME Taza Con Tapa Marqueterie","og_description":"Para celebrar su 30 aniversario, Rosenthal meets Versace lanza una colecci\u00f3n especial limitada. 30 tazas decoradas con 30 decoraciones legendarias cuentan","og_url":"https:\/\/www.erresse-shop.it\/es\/shop\/tabla\/tazas\/versace-home-taza-con-tapa-marqueterie\/","og_site_name":"Erresse Shop","article_modified_time":"2024-03-11T08:04:51+00:00","og_image":[{"width":800,"height":800,"url":"https:\/\/www.erresse-shop.it\/wp-content\/uploads\/2024\/03\/VERSACE-mug-coperchio-limited-marqueterie.jpg","type":"image\/jpeg"}],"twitter_card":"summary_large_image","schema":{"@context":"https:\/\/schema.org","@graph":[{"@type":"WebPage","@id":"https:\/\/www.erresse-shop.it\/es\/shop\/tabla\/tazas\/versace-home-taza-con-tapa-marqueterie\/","url":"https:\/\/www.erresse-shop.it\/es\/shop\/tabla\/tazas\/versace-home-taza-con-tapa-marqueterie\/","name":"VERSACE HOME Taza Con Tapa Marqueterie - Erresse Shop","isPartOf":{"@id":"https:\/\/www.erresse-shop.it\/es\/#website"},"datePublished":"2024-03-11T08:00:53+00:00","dateModified":"2024-03-11T08:04:51+00:00","description":"Para celebrar su 30 aniversario, Rosenthal meets Versace lanza una colecci\u00f3n especial limitada. 30 tazas decoradas con 30 decoraciones legendarias cuentan","breadcrumb":{"@id":"https:\/\/www.erresse-shop.it\/es\/shop\/tabla\/tazas\/versace-home-taza-con-tapa-marqueterie\/#breadcrumb"},"inLanguage":"es","potentialAction":[{"@type":"ReadAction","target":["https:\/\/www.erresse-shop.it\/es\/shop\/tabla\/tazas\/versace-home-taza-con-tapa-marqueterie\/"]}]},{"@type":"BreadcrumbList","@id":"https:\/\/www.erresse-shop.it\/es\/shop\/tabla\/tazas\/versace-home-taza-con-tapa-marqueterie\/#breadcrumb","itemListElement":[{"@type":"ListItem","position":1,"name":"Home","item":"https:\/\/www.erresse-shop.it\/es\/"},{"@type":"ListItem","position":2,"name":"Shop","item":"https:\/\/www.erresse-shop.it\/es\/shop\/"},{"@type":"ListItem","position":3,"name":"VERSACE HOME Taza Con Tapa Marqueterie"}]},{"@type":"WebSite","@id":"https:\/\/www.erresse-shop.it\/es\/#website","url":"https:\/\/www.erresse-shop.it\/es\/","name":"Erresse Shop","description":"Articoli di qualit\u00e0 per la casa","potentialAction":[{"@type":"SearchAction","target":{"@type":"EntryPoint","urlTemplate":"https:\/\/www.erresse-shop.it\/es\/?s={search_term_string}"},"query-input":"required name=search_term_string"}],"inLanguage":"es"}]}},"df_price":144.5,"df_sale_price":144.5,"df_regular_price":289,"df_image_link":"https:\/\/www.erresse-shop.it\/wp-content\/uploads\/2024\/03\/VERSACE-mug-coperchio-limited-marqueterie-300x300.jpg","_links":{"self":[{"href":"https:\/\/www.erresse-shop.it\/es\/wp-json\/wp\/v2\/product\/395003"}],"collection":[{"href":"https:\/\/www.erresse-shop.it\/es\/wp-json\/wp\/v2\/product"}],"about":[{"href":"https:\/\/www.erresse-shop.it\/es\/wp-json\/wp\/v2\/types\/product"}],"wp:featuredmedia":[{"embeddable":true,"href":"https:\/\/www.erresse-shop.it\/es\/wp-json\/wp\/v2\/media\/394967"}],"wp:attachment":[{"href":"https:\/\/www.erresse-shop.it\/es\/wp-json\/wp\/v2\/media?parent=395003"}],"wp:term":[{"taxonomy":"product_cat","embeddable":true,"href":"https:\/\/www.erresse-shop.it\/es\/wp-json\/wp\/v2\/product_cat?post=395003"},{"taxonomy":"product_tag","embeddable":true,"href":"https:\/\/www.erresse-shop.it\/es\/wp-json\/wp\/v2\/product_tag?post=395003"}],"curies":[{"name":"wp","href":"https:\/\/api.w.org\/{rel}","templated":true}]}}