{"id":394757,"date":"2024-03-08T11:31:41","date_gmt":"2024-03-08T11:31:45","guid":{"rendered":"https:\/\/www.erresse-shop.it\/?post_type=product&#038;p=394757"},"modified":"2024-03-08T11:45:15","modified_gmt":"2024-03-08T11:45:15","slug":"versace-home-le-jardin-de-versace-placa-plana-27-cm","status":"publish","type":"product","link":"https:\/\/www.erresse-shop.it\/es\/shop\/tabla\/platos\/versace-home-le-jardin-de-versace-placa-plana-27-cm\/","title":{"rendered":"VERSACE HOME Le Jardin De Versace Placa plana 27 cm"},"content":{"rendered":"<p>Como alegre alegor\u00eda de una sinfon\u00eda estival, el atelier milan\u00e9s Versace ha creado un encantador jard\u00edn compuesto por delicados colores pastel y multitud de flores, bayas, insectos y adornos<\/p>\n<p>Para este tipo de decoraci\u00f3n, los colores se funden en el vidrio a m\u00e1s de 1000\u00b0C. De este modo, el vidrio se ablanda y la decoraci\u00f3n es absorbida por \u00e9l, de modo que tanto el color como la luminosidad son extremadamente resistentes a los ara\u00f1azos y a la abrasi\u00f3n.<\/p>\n<p><b><strong>Colecci\u00f3n<\/strong><\/b>: Ikarus<\/p>\n<p><b><strong>Decoraci\u00f3n<\/strong><\/b>: Le jardin de Versace.<\/p>\n<p><b><strong>Modelo<\/strong><\/b>: Le Jardin De Versace<\/p>\n<p><b><strong>Color<\/strong><\/b>: Multicolor<\/p>\n<p><b><strong>Material<\/strong><\/b>: Porcelana<\/p>\n<p><b><strong>Otros<\/strong><\/b>: Apto para lavavajillas<\/p>\n<p><b><strong>POR RAZONES DE SEGURIDAD, AL TRATARSE DE UN PRODUCTO DE LUJO, EL TIEMPO DE ENV\u00cdO PUEDE TARDAR DOS D\u00cdAS ADICIONALES.<\/strong><\/b><\/p>\n","protected":false},"excerpt":{"rendered":"<p>Como alegre alegor\u00eda de una sinfon\u00eda estival, el atelier milan\u00e9s Versace ha creado un encantador jard\u00edn compuesto por delicados colores<\/p>\n","protected":false},"featured_media":394765,"template":"","meta":{"_acf_changed":false,"inline_featured_image":false},"product_cat":[16026,16016,16031,16027],"product_tag":[25183,23692,24682,17842,16133,25023,17843],"acf":[],"yoast_head":"<!-- This site is optimized with the Yoast SEO Premium plugin v18.6 (Yoast SEO v19.13) - https:\/\/yoast.com\/wordpress\/plugins\/seo\/ -->\n<title>VERSACE HOME Le Jardin De Versace Placa plana 27 cm - Erresse Shop<\/title>\n<meta name=\"description\" content=\"Como alegre alegor\u00eda de una sinfon\u00eda estival, el atelier milan\u00e9s Versace ha creado un encantador jard\u00edn compuesto por delicados colores pastel y multitud\" \/>\n<meta name=\"robots\" content=\"index, follow, max-snippet:-1, max-image-preview:large, max-video-preview:-1\" \/>\n<link rel=\"canonical\" href=\"https:\/\/www.erresse-shop.it\/es\/shop\/tabla\/platos\/versace-home-le-jardin-de-versace-placa-plana-27-cm\/\" \/>\n<meta property=\"og:locale\" content=\"es_ES\" \/>\n<meta property=\"og:type\" content=\"article\" \/>\n<meta property=\"og:title\" content=\"VERSACE HOME Le Jardin De Versace Placa plana 27 cm\" \/>\n<meta property=\"og:description\" content=\"Como alegre alegor\u00eda de una sinfon\u00eda estival, el atelier milan\u00e9s Versace ha creado un encantador jard\u00edn compuesto por delicados colores pastel y multitud\" \/>\n<meta property=\"og:url\" content=\"https:\/\/www.erresse-shop.it\/es\/shop\/tabla\/platos\/versace-home-le-jardin-de-versace-placa-plana-27-cm\/\" \/>\n<meta property=\"og:site_name\" content=\"Erresse Shop\" \/>\n<meta property=\"article:modified_time\" content=\"2024-03-08T11:45:15+00:00\" \/>\n<meta property=\"og:image\" content=\"https:\/\/www.erresse-shop.it\/wp-content\/uploads\/2024\/03\/versace-home-segnaposto-giardino.jpg\" \/>\n\t<meta property=\"og:image:width\" content=\"800\" \/>\n\t<meta property=\"og:image:height\" content=\"800\" \/>\n\t<meta property=\"og:image:type\" content=\"image\/jpeg\" \/>\n<meta name=\"twitter:card\" content=\"summary_large_image\" \/>\n<script type=\"application\/ld+json\" class=\"yoast-schema-graph\">{\"@context\":\"https:\/\/schema.org\",\"@graph\":[{\"@type\":\"WebPage\",\"@id\":\"https:\/\/www.erresse-shop.it\/es\/shop\/tabla\/platos\/versace-home-le-jardin-de-versace-placa-plana-27-cm\/\",\"url\":\"https:\/\/www.erresse-shop.it\/es\/shop\/tabla\/platos\/versace-home-le-jardin-de-versace-placa-plana-27-cm\/\",\"name\":\"VERSACE HOME Le Jardin De Versace Placa plana 27 cm - Erresse Shop\",\"isPartOf\":{\"@id\":\"https:\/\/www.erresse-shop.it\/es\/#website\"},\"datePublished\":\"2024-03-08T11:31:45+00:00\",\"dateModified\":\"2024-03-08T11:45:15+00:00\",\"description\":\"Como alegre alegor\u00eda de una sinfon\u00eda estival, el atelier milan\u00e9s Versace ha creado un encantador jard\u00edn compuesto por delicados colores pastel y multitud\",\"breadcrumb\":{\"@id\":\"https:\/\/www.erresse-shop.it\/es\/shop\/tabla\/platos\/versace-home-le-jardin-de-versace-placa-plana-27-cm\/#breadcrumb\"},\"inLanguage\":\"es\",\"potentialAction\":[{\"@type\":\"ReadAction\",\"target\":[\"https:\/\/www.erresse-shop.it\/es\/shop\/tabla\/platos\/versace-home-le-jardin-de-versace-placa-plana-27-cm\/\"]}]},{\"@type\":\"BreadcrumbList\",\"@id\":\"https:\/\/www.erresse-shop.it\/es\/shop\/tabla\/platos\/versace-home-le-jardin-de-versace-placa-plana-27-cm\/#breadcrumb\",\"itemListElement\":[{\"@type\":\"ListItem\",\"position\":1,\"name\":\"Home\",\"item\":\"https:\/\/www.erresse-shop.it\/es\/\"},{\"@type\":\"ListItem\",\"position\":2,\"name\":\"Shop\",\"item\":\"https:\/\/www.erresse-shop.it\/es\/shop\/\"},{\"@type\":\"ListItem\",\"position\":3,\"name\":\"VERSACE HOME Le Jardin De Versace Placa plana 27 cm\"}]},{\"@type\":\"WebSite\",\"@id\":\"https:\/\/www.erresse-shop.it\/es\/#website\",\"url\":\"https:\/\/www.erresse-shop.it\/es\/\",\"name\":\"Erresse Shop\",\"description\":\"Articoli di qualit\u00e0 per la casa\",\"potentialAction\":[{\"@type\":\"SearchAction\",\"target\":{\"@type\":\"EntryPoint\",\"urlTemplate\":\"https:\/\/www.erresse-shop.it\/es\/?s={search_term_string}\"},\"query-input\":\"required name=search_term_string\"}],\"inLanguage\":\"es\"}]}<\/script>\n<!-- \/ Yoast SEO Premium plugin. -->","yoast_head_json":{"title":"VERSACE HOME Le Jardin De Versace Placa plana 27 cm - Erresse Shop","description":"Como alegre alegor\u00eda de una sinfon\u00eda estival, el atelier milan\u00e9s Versace ha creado un encantador jard\u00edn compuesto por delicados colores pastel y multitud","robots":{"index":"index","follow":"follow","max-snippet":"max-snippet:-1","max-image-preview":"max-image-preview:large","max-video-preview":"max-video-preview:-1"},"canonical":"https:\/\/www.erresse-shop.it\/es\/shop\/tabla\/platos\/versace-home-le-jardin-de-versace-placa-plana-27-cm\/","og_locale":"es_ES","og_type":"article","og_title":"VERSACE HOME Le Jardin De Versace Placa plana 27 cm","og_description":"Como alegre alegor\u00eda de una sinfon\u00eda estival, el atelier milan\u00e9s Versace ha creado un encantador jard\u00edn compuesto por delicados colores pastel y multitud","og_url":"https:\/\/www.erresse-shop.it\/es\/shop\/tabla\/platos\/versace-home-le-jardin-de-versace-placa-plana-27-cm\/","og_site_name":"Erresse Shop","article_modified_time":"2024-03-08T11:45:15+00:00","og_image":[{"width":800,"height":800,"url":"https:\/\/www.erresse-shop.it\/wp-content\/uploads\/2024\/03\/versace-home-segnaposto-giardino.jpg","type":"image\/jpeg"}],"twitter_card":"summary_large_image","schema":{"@context":"https:\/\/schema.org","@graph":[{"@type":"WebPage","@id":"https:\/\/www.erresse-shop.it\/es\/shop\/tabla\/platos\/versace-home-le-jardin-de-versace-placa-plana-27-cm\/","url":"https:\/\/www.erresse-shop.it\/es\/shop\/tabla\/platos\/versace-home-le-jardin-de-versace-placa-plana-27-cm\/","name":"VERSACE HOME Le Jardin De Versace Placa plana 27 cm - Erresse Shop","isPartOf":{"@id":"https:\/\/www.erresse-shop.it\/es\/#website"},"datePublished":"2024-03-08T11:31:45+00:00","dateModified":"2024-03-08T11:45:15+00:00","description":"Como alegre alegor\u00eda de una sinfon\u00eda estival, el atelier milan\u00e9s Versace ha creado un encantador jard\u00edn compuesto por delicados colores pastel y multitud","breadcrumb":{"@id":"https:\/\/www.erresse-shop.it\/es\/shop\/tabla\/platos\/versace-home-le-jardin-de-versace-placa-plana-27-cm\/#breadcrumb"},"inLanguage":"es","potentialAction":[{"@type":"ReadAction","target":["https:\/\/www.erresse-shop.it\/es\/shop\/tabla\/platos\/versace-home-le-jardin-de-versace-placa-plana-27-cm\/"]}]},{"@type":"BreadcrumbList","@id":"https:\/\/www.erresse-shop.it\/es\/shop\/tabla\/platos\/versace-home-le-jardin-de-versace-placa-plana-27-cm\/#breadcrumb","itemListElement":[{"@type":"ListItem","position":1,"name":"Home","item":"https:\/\/www.erresse-shop.it\/es\/"},{"@type":"ListItem","position":2,"name":"Shop","item":"https:\/\/www.erresse-shop.it\/es\/shop\/"},{"@type":"ListItem","position":3,"name":"VERSACE HOME Le Jardin De Versace Placa plana 27 cm"}]},{"@type":"WebSite","@id":"https:\/\/www.erresse-shop.it\/es\/#website","url":"https:\/\/www.erresse-shop.it\/es\/","name":"Erresse Shop","description":"Articoli di qualit\u00e0 per la casa","potentialAction":[{"@type":"SearchAction","target":{"@type":"EntryPoint","urlTemplate":"https:\/\/www.erresse-shop.it\/es\/?s={search_term_string}"},"query-input":"required name=search_term_string"}],"inLanguage":"es"}]}},"df_price":118.75,"df_sale_price":118.75,"df_regular_price":125,"df_image_link":"https:\/\/www.erresse-shop.it\/wp-content\/uploads\/2024\/03\/versace-home-segnaposto-giardino-300x300.jpg","_links":{"self":[{"href":"https:\/\/www.erresse-shop.it\/es\/wp-json\/wp\/v2\/product\/394757"}],"collection":[{"href":"https:\/\/www.erresse-shop.it\/es\/wp-json\/wp\/v2\/product"}],"about":[{"href":"https:\/\/www.erresse-shop.it\/es\/wp-json\/wp\/v2\/types\/product"}],"wp:featuredmedia":[{"embeddable":true,"href":"https:\/\/www.erresse-shop.it\/es\/wp-json\/wp\/v2\/media\/394765"}],"wp:attachment":[{"href":"https:\/\/www.erresse-shop.it\/es\/wp-json\/wp\/v2\/media?parent=394757"}],"wp:term":[{"taxonomy":"product_cat","embeddable":true,"href":"https:\/\/www.erresse-shop.it\/es\/wp-json\/wp\/v2\/product_cat?post=394757"},{"taxonomy":"product_tag","embeddable":true,"href":"https:\/\/www.erresse-shop.it\/es\/wp-json\/wp\/v2\/product_tag?post=394757"}],"curies":[{"name":"wp","href":"https:\/\/api.w.org\/{rel}","templated":true}]}}