{"id":393842,"date":"2024-03-04T09:27:14","date_gmt":"2024-03-04T09:27:18","guid":{"rendered":"https:\/\/www.erresse-shop.it\/?post_type=product&#038;p=393842"},"modified":"2025-05-08T23:00:06","modified_gmt":"2025-05-08T23:00:06","slug":"bamix-maxx-batidora-de-inmersion-negro","status":"publish","type":"product","link":"https:\/\/www.erresse-shop.it\/es\/shop\/pequenos-electrodomesticos\/licuadoras\/bamix-maxx-batidora-de-inmersion-negro\/","title":{"rendered":"BAMIX MAXX Batidora de inmersi\u00f3n Negro"},"content":{"rendered":"<p><strong>DESCRIPCI\u00d3N<\/strong><\/p>\n<p>Precisi\u00f3n suiza en un peque\u00f1o robot de cocina. Disponible en la versi\u00f3n m\u00e1s potente con 350W en 3 colores diferentes negro, rojo y blanco. &#8211; 2 niveles de velocidad: &#8211; Paso 1: 18.000 rpm &#8211; Paso 2: 22.000 rpm &#8211; Potencia del motor: 350W &#8211; Motor de CA &#8211; Doble aislamiento &#8211; Longitud de la varilla: 14 cm<\/p>\n<p>Precisi\u00f3n suiza en un peque\u00f1o robot de cocina.<br \/>\nDisponible en la versi\u00f3n m\u00e1s potente con 350W en 3 colores diferentes negro, rojo y blanco.<\/p>\n<p><strong>El paquete contiene:<\/strong><\/p>\n<ul>\n<li>bamix\u00ae Maxx<\/li>\n<li>Cuchilla para carne y verduras<\/li>\n<li>Cuchilla multiusos<\/li>\n<li>Disco plano<\/li>\n<li>Disco perforado<\/li>\n<\/ul>\n<p><strong>CARACTER\u00cdSTICAS<\/strong><\/p>\n<ul>\n<li>2 niveles de velocidad:<br \/>\n&#8211; Paso 1: 18.000 rpm<br \/>\n&#8211; Paso 2: 22.000 rpm<\/li>\n<li>Potencia del motor: 350W<\/li>\n<li>Motor de CA<\/li>\n<li>Doble aislamiento<\/li>\n<li>Longitud de la varilla: 14 cm<\/li>\n<li>Dimensiones 7,00 x 6,50 x 35,50 cm<\/li>\n<\/ul>\n<p><strong>NO SE VENDE FUERA DE EUROPA<\/strong><\/p>\n","protected":false},"excerpt":{"rendered":"<p>DESCRIPCI\u00d3N Precisi\u00f3n suiza en un peque\u00f1o robot de cocina. Disponible en la versi\u00f3n m\u00e1s potente con 350W en 3 colores<\/p>\n","protected":false},"featured_media":393837,"template":"","meta":{"_acf_changed":false,"inline_featured_image":false},"product_cat":[16075,16073],"product_tag":[16554,20854,16259,16178],"acf":[],"yoast_head":"<!-- This site is optimized with the Yoast SEO Premium plugin v18.6 (Yoast SEO v19.13) - https:\/\/yoast.com\/wordpress\/plugins\/seo\/ -->\n<title>BAMIX MAXX Batidora de inmersi\u00f3n Negro - Erresse Shop<\/title>\n<meta name=\"description\" content=\"DESCRIPCI\u00d3N Precisi\u00f3n suiza en un peque\u00f1o robot de cocina. Disponible en la versi\u00f3n m\u00e1s potente con 350W en 3 colores diferentes negro, rojo y blanco. - 2\" \/>\n<meta name=\"robots\" content=\"index, follow, max-snippet:-1, max-image-preview:large, max-video-preview:-1\" \/>\n<link rel=\"canonical\" href=\"https:\/\/www.erresse-shop.it\/es\/shop\/pequenos-electrodomesticos\/licuadoras\/bamix-maxx-batidora-de-inmersion-negro\/\" \/>\n<meta property=\"og:locale\" content=\"es_ES\" \/>\n<meta property=\"og:type\" content=\"article\" \/>\n<meta property=\"og:title\" content=\"BAMIX MAXX Batidora de inmersi\u00f3n Negro\" \/>\n<meta property=\"og:description\" content=\"DESCRIPCI\u00d3N Precisi\u00f3n suiza en un peque\u00f1o robot de cocina. Disponible en la versi\u00f3n m\u00e1s potente con 350W en 3 colores diferentes negro, rojo y blanco. - 2\" \/>\n<meta property=\"og:url\" content=\"https:\/\/www.erresse-shop.it\/es\/shop\/pequenos-electrodomesticos\/licuadoras\/bamix-maxx-batidora-de-inmersion-negro\/\" \/>\n<meta property=\"og:site_name\" content=\"Erresse Shop\" \/>\n<meta property=\"article:modified_time\" content=\"2025-05-08T23:00:06+00:00\" \/>\n<meta property=\"og:image\" content=\"https:\/\/www.erresse-shop.it\/wp-content\/uploads\/2024\/03\/BAMIX-MAXX-nero.jpg\" \/>\n\t<meta property=\"og:image:width\" content=\"800\" \/>\n\t<meta property=\"og:image:height\" content=\"800\" \/>\n\t<meta property=\"og:image:type\" content=\"image\/jpeg\" \/>\n<meta name=\"twitter:card\" content=\"summary_large_image\" \/>\n<script type=\"application\/ld+json\" class=\"yoast-schema-graph\">{\"@context\":\"https:\/\/schema.org\",\"@graph\":[{\"@type\":\"WebPage\",\"@id\":\"https:\/\/www.erresse-shop.it\/es\/shop\/pequenos-electrodomesticos\/licuadoras\/bamix-maxx-batidora-de-inmersion-negro\/\",\"url\":\"https:\/\/www.erresse-shop.it\/es\/shop\/pequenos-electrodomesticos\/licuadoras\/bamix-maxx-batidora-de-inmersion-negro\/\",\"name\":\"BAMIX MAXX Batidora de inmersi\u00f3n Negro - Erresse Shop\",\"isPartOf\":{\"@id\":\"https:\/\/www.erresse-shop.it\/es\/#website\"},\"datePublished\":\"2024-03-04T09:27:18+00:00\",\"dateModified\":\"2025-05-08T23:00:06+00:00\",\"description\":\"DESCRIPCI\u00d3N Precisi\u00f3n suiza en un peque\u00f1o robot de cocina. Disponible en la versi\u00f3n m\u00e1s potente con 350W en 3 colores diferentes negro, rojo y blanco. - 2\",\"breadcrumb\":{\"@id\":\"https:\/\/www.erresse-shop.it\/es\/shop\/pequenos-electrodomesticos\/licuadoras\/bamix-maxx-batidora-de-inmersion-negro\/#breadcrumb\"},\"inLanguage\":\"es\",\"potentialAction\":[{\"@type\":\"ReadAction\",\"target\":[\"https:\/\/www.erresse-shop.it\/es\/shop\/pequenos-electrodomesticos\/licuadoras\/bamix-maxx-batidora-de-inmersion-negro\/\"]}]},{\"@type\":\"BreadcrumbList\",\"@id\":\"https:\/\/www.erresse-shop.it\/es\/shop\/pequenos-electrodomesticos\/licuadoras\/bamix-maxx-batidora-de-inmersion-negro\/#breadcrumb\",\"itemListElement\":[{\"@type\":\"ListItem\",\"position\":1,\"name\":\"Home\",\"item\":\"https:\/\/www.erresse-shop.it\/es\/\"},{\"@type\":\"ListItem\",\"position\":2,\"name\":\"Shop\",\"item\":\"https:\/\/www.erresse-shop.it\/es\/shop\/\"},{\"@type\":\"ListItem\",\"position\":3,\"name\":\"BAMIX MAXX Batidora de inmersi\u00f3n Negro\"}]},{\"@type\":\"WebSite\",\"@id\":\"https:\/\/www.erresse-shop.it\/es\/#website\",\"url\":\"https:\/\/www.erresse-shop.it\/es\/\",\"name\":\"Erresse Shop\",\"description\":\"Articoli di qualit\u00e0 per la casa\",\"potentialAction\":[{\"@type\":\"SearchAction\",\"target\":{\"@type\":\"EntryPoint\",\"urlTemplate\":\"https:\/\/www.erresse-shop.it\/es\/?s={search_term_string}\"},\"query-input\":\"required name=search_term_string\"}],\"inLanguage\":\"es\"}]}<\/script>\n<!-- \/ Yoast SEO Premium plugin. -->","yoast_head_json":{"title":"BAMIX MAXX Batidora de inmersi\u00f3n Negro - Erresse Shop","description":"DESCRIPCI\u00d3N Precisi\u00f3n suiza en un peque\u00f1o robot de cocina. Disponible en la versi\u00f3n m\u00e1s potente con 350W en 3 colores diferentes negro, rojo y blanco. - 2","robots":{"index":"index","follow":"follow","max-snippet":"max-snippet:-1","max-image-preview":"max-image-preview:large","max-video-preview":"max-video-preview:-1"},"canonical":"https:\/\/www.erresse-shop.it\/es\/shop\/pequenos-electrodomesticos\/licuadoras\/bamix-maxx-batidora-de-inmersion-negro\/","og_locale":"es_ES","og_type":"article","og_title":"BAMIX MAXX Batidora de inmersi\u00f3n Negro","og_description":"DESCRIPCI\u00d3N Precisi\u00f3n suiza en un peque\u00f1o robot de cocina. Disponible en la versi\u00f3n m\u00e1s potente con 350W en 3 colores diferentes negro, rojo y blanco. - 2","og_url":"https:\/\/www.erresse-shop.it\/es\/shop\/pequenos-electrodomesticos\/licuadoras\/bamix-maxx-batidora-de-inmersion-negro\/","og_site_name":"Erresse Shop","article_modified_time":"2025-05-08T23:00:06+00:00","og_image":[{"width":800,"height":800,"url":"https:\/\/www.erresse-shop.it\/wp-content\/uploads\/2024\/03\/BAMIX-MAXX-nero.jpg","type":"image\/jpeg"}],"twitter_card":"summary_large_image","schema":{"@context":"https:\/\/schema.org","@graph":[{"@type":"WebPage","@id":"https:\/\/www.erresse-shop.it\/es\/shop\/pequenos-electrodomesticos\/licuadoras\/bamix-maxx-batidora-de-inmersion-negro\/","url":"https:\/\/www.erresse-shop.it\/es\/shop\/pequenos-electrodomesticos\/licuadoras\/bamix-maxx-batidora-de-inmersion-negro\/","name":"BAMIX MAXX Batidora de inmersi\u00f3n Negro - Erresse Shop","isPartOf":{"@id":"https:\/\/www.erresse-shop.it\/es\/#website"},"datePublished":"2024-03-04T09:27:18+00:00","dateModified":"2025-05-08T23:00:06+00:00","description":"DESCRIPCI\u00d3N Precisi\u00f3n suiza en un peque\u00f1o robot de cocina. Disponible en la versi\u00f3n m\u00e1s potente con 350W en 3 colores diferentes negro, rojo y blanco. - 2","breadcrumb":{"@id":"https:\/\/www.erresse-shop.it\/es\/shop\/pequenos-electrodomesticos\/licuadoras\/bamix-maxx-batidora-de-inmersion-negro\/#breadcrumb"},"inLanguage":"es","potentialAction":[{"@type":"ReadAction","target":["https:\/\/www.erresse-shop.it\/es\/shop\/pequenos-electrodomesticos\/licuadoras\/bamix-maxx-batidora-de-inmersion-negro\/"]}]},{"@type":"BreadcrumbList","@id":"https:\/\/www.erresse-shop.it\/es\/shop\/pequenos-electrodomesticos\/licuadoras\/bamix-maxx-batidora-de-inmersion-negro\/#breadcrumb","itemListElement":[{"@type":"ListItem","position":1,"name":"Home","item":"https:\/\/www.erresse-shop.it\/es\/"},{"@type":"ListItem","position":2,"name":"Shop","item":"https:\/\/www.erresse-shop.it\/es\/shop\/"},{"@type":"ListItem","position":3,"name":"BAMIX MAXX Batidora de inmersi\u00f3n Negro"}]},{"@type":"WebSite","@id":"https:\/\/www.erresse-shop.it\/es\/#website","url":"https:\/\/www.erresse-shop.it\/es\/","name":"Erresse Shop","description":"Articoli di qualit\u00e0 per la casa","potentialAction":[{"@type":"SearchAction","target":{"@type":"EntryPoint","urlTemplate":"https:\/\/www.erresse-shop.it\/es\/?s={search_term_string}"},"query-input":"required name=search_term_string"}],"inLanguage":"es"}]}},"df_price":239,"df_sale_price":239,"df_regular_price":239,"df_image_link":"https:\/\/www.erresse-shop.it\/wp-content\/uploads\/2024\/03\/BAMIX-MAXX-nero-300x300.jpg","_links":{"self":[{"href":"https:\/\/www.erresse-shop.it\/es\/wp-json\/wp\/v2\/product\/393842"}],"collection":[{"href":"https:\/\/www.erresse-shop.it\/es\/wp-json\/wp\/v2\/product"}],"about":[{"href":"https:\/\/www.erresse-shop.it\/es\/wp-json\/wp\/v2\/types\/product"}],"wp:featuredmedia":[{"embeddable":true,"href":"https:\/\/www.erresse-shop.it\/es\/wp-json\/wp\/v2\/media\/393837"}],"wp:attachment":[{"href":"https:\/\/www.erresse-shop.it\/es\/wp-json\/wp\/v2\/media?parent=393842"}],"wp:term":[{"taxonomy":"product_cat","embeddable":true,"href":"https:\/\/www.erresse-shop.it\/es\/wp-json\/wp\/v2\/product_cat?post=393842"},{"taxonomy":"product_tag","embeddable":true,"href":"https:\/\/www.erresse-shop.it\/es\/wp-json\/wp\/v2\/product_tag?post=393842"}],"curies":[{"name":"wp","href":"https:\/\/api.w.org\/{rel}","templated":true}]}}