{"id":392635,"date":"2024-02-23T12:17:31","date_gmt":"2024-02-23T12:17:34","guid":{"rendered":"https:\/\/www.erresse-shop.it\/?post_type=product&#038;p=392635"},"modified":"2024-02-23T12:31:11","modified_gmt":"2024-02-23T12:31:11","slug":"seletti-toiletpaper-silla-snake","status":"publish","type":"product","link":"https:\/\/www.erresse-shop.it\/es\/shop\/mobiliario\/sillas-y-sillones\/seletti-toiletpaper-silla-snake\/","title":{"rendered":"SELETTI Toiletpaper Silla Snake"},"content":{"rendered":"<p>Mezcla y combina los gr\u00e1ficos m\u00e1s salvajes dise\u00f1ados por TOILETPAPER y obtendr\u00e1s el comedor m\u00e1s ic\u00f3nico de todos.<\/p>\n<p><b><strong>Materiales y construcci\u00f3n:<\/strong><\/b> poli\u00e9ster, estructura de madera con relleno de poliuretano y metal<br \/>\n<b><strong>Medidas:<\/strong><\/b> Cm 60 x 50 h. 72<br \/>\n<b><strong>Dise\u00f1o<\/strong><\/b>: Toiletpaper<\/p>\n","protected":false},"excerpt":{"rendered":"<p>Mezcla y combina los gr\u00e1ficos m\u00e1s salvajes dise\u00f1ados por TOILETPAPER y obtendr\u00e1s el comedor m\u00e1s ic\u00f3nico de todos. Materiales y<\/p>\n","protected":false},"featured_media":392648,"template":"","meta":{"_acf_changed":false,"inline_featured_image":false},"product_cat":[16016,16022],"product_tag":[24605,16338,16335],"acf":[],"yoast_head":"<!-- This site is optimized with the Yoast SEO Premium plugin v18.6 (Yoast SEO v19.13) - https:\/\/yoast.com\/wordpress\/plugins\/seo\/ -->\n<title>SELETTI Toiletpaper Silla Snake - Erresse Shop<\/title>\n<meta name=\"description\" content=\"Mezcla y combina los gr\u00e1ficos m\u00e1s salvajes dise\u00f1ados por TOILETPAPER y obtendr\u00e1s el comedor m\u00e1s ic\u00f3nico de todos. Materiales y construcci\u00f3n: poli\u00e9ster,\" \/>\n<meta name=\"robots\" content=\"index, follow, max-snippet:-1, max-image-preview:large, max-video-preview:-1\" \/>\n<link rel=\"canonical\" href=\"https:\/\/www.erresse-shop.it\/es\/shop\/mobiliario\/sillas-y-sillones\/seletti-toiletpaper-silla-snake\/\" \/>\n<meta property=\"og:locale\" content=\"es_ES\" \/>\n<meta property=\"og:type\" content=\"article\" \/>\n<meta property=\"og:title\" content=\"SELETTI Toiletpaper Silla Snake\" \/>\n<meta property=\"og:description\" content=\"Mezcla y combina los gr\u00e1ficos m\u00e1s salvajes dise\u00f1ados por TOILETPAPER y obtendr\u00e1s el comedor m\u00e1s ic\u00f3nico de todos. Materiales y construcci\u00f3n: poli\u00e9ster,\" \/>\n<meta property=\"og:url\" content=\"https:\/\/www.erresse-shop.it\/es\/shop\/mobiliario\/sillas-y-sillones\/seletti-toiletpaper-silla-snake\/\" \/>\n<meta property=\"og:site_name\" content=\"Erresse Shop\" \/>\n<meta property=\"article:modified_time\" content=\"2024-02-23T12:31:11+00:00\" \/>\n<meta property=\"og:image\" content=\"https:\/\/www.erresse-shop.it\/wp-content\/uploads\/2024\/02\/Seletti-sedia-drill-16043-1.jpg\" \/>\n\t<meta property=\"og:image:width\" content=\"713\" \/>\n\t<meta property=\"og:image:height\" content=\"713\" \/>\n\t<meta property=\"og:image:type\" content=\"image\/jpeg\" \/>\n<meta name=\"twitter:card\" content=\"summary_large_image\" \/>\n<script type=\"application\/ld+json\" class=\"yoast-schema-graph\">{\"@context\":\"https:\/\/schema.org\",\"@graph\":[{\"@type\":\"WebPage\",\"@id\":\"https:\/\/www.erresse-shop.it\/es\/shop\/mobiliario\/sillas-y-sillones\/seletti-toiletpaper-silla-snake\/\",\"url\":\"https:\/\/www.erresse-shop.it\/es\/shop\/mobiliario\/sillas-y-sillones\/seletti-toiletpaper-silla-snake\/\",\"name\":\"SELETTI Toiletpaper Silla Snake - Erresse Shop\",\"isPartOf\":{\"@id\":\"https:\/\/www.erresse-shop.it\/es\/#website\"},\"datePublished\":\"2024-02-23T12:17:34+00:00\",\"dateModified\":\"2024-02-23T12:31:11+00:00\",\"description\":\"Mezcla y combina los gr\u00e1ficos m\u00e1s salvajes dise\u00f1ados por TOILETPAPER y obtendr\u00e1s el comedor m\u00e1s ic\u00f3nico de todos. Materiales y construcci\u00f3n: poli\u00e9ster,\",\"breadcrumb\":{\"@id\":\"https:\/\/www.erresse-shop.it\/es\/shop\/mobiliario\/sillas-y-sillones\/seletti-toiletpaper-silla-snake\/#breadcrumb\"},\"inLanguage\":\"es\",\"potentialAction\":[{\"@type\":\"ReadAction\",\"target\":[\"https:\/\/www.erresse-shop.it\/es\/shop\/mobiliario\/sillas-y-sillones\/seletti-toiletpaper-silla-snake\/\"]}]},{\"@type\":\"BreadcrumbList\",\"@id\":\"https:\/\/www.erresse-shop.it\/es\/shop\/mobiliario\/sillas-y-sillones\/seletti-toiletpaper-silla-snake\/#breadcrumb\",\"itemListElement\":[{\"@type\":\"ListItem\",\"position\":1,\"name\":\"Home\",\"item\":\"https:\/\/www.erresse-shop.it\/es\/\"},{\"@type\":\"ListItem\",\"position\":2,\"name\":\"Shop\",\"item\":\"https:\/\/www.erresse-shop.it\/es\/shop\/\"},{\"@type\":\"ListItem\",\"position\":3,\"name\":\"SELETTI Toiletpaper Silla Snake\"}]},{\"@type\":\"WebSite\",\"@id\":\"https:\/\/www.erresse-shop.it\/es\/#website\",\"url\":\"https:\/\/www.erresse-shop.it\/es\/\",\"name\":\"Erresse Shop\",\"description\":\"Articoli di qualit\u00e0 per la casa\",\"potentialAction\":[{\"@type\":\"SearchAction\",\"target\":{\"@type\":\"EntryPoint\",\"urlTemplate\":\"https:\/\/www.erresse-shop.it\/es\/?s={search_term_string}\"},\"query-input\":\"required name=search_term_string\"}],\"inLanguage\":\"es\"}]}<\/script>\n<!-- \/ Yoast SEO Premium plugin. -->","yoast_head_json":{"title":"SELETTI Toiletpaper Silla Snake - Erresse Shop","description":"Mezcla y combina los gr\u00e1ficos m\u00e1s salvajes dise\u00f1ados por TOILETPAPER y obtendr\u00e1s el comedor m\u00e1s ic\u00f3nico de todos. Materiales y construcci\u00f3n: poli\u00e9ster,","robots":{"index":"index","follow":"follow","max-snippet":"max-snippet:-1","max-image-preview":"max-image-preview:large","max-video-preview":"max-video-preview:-1"},"canonical":"https:\/\/www.erresse-shop.it\/es\/shop\/mobiliario\/sillas-y-sillones\/seletti-toiletpaper-silla-snake\/","og_locale":"es_ES","og_type":"article","og_title":"SELETTI Toiletpaper Silla Snake","og_description":"Mezcla y combina los gr\u00e1ficos m\u00e1s salvajes dise\u00f1ados por TOILETPAPER y obtendr\u00e1s el comedor m\u00e1s ic\u00f3nico de todos. Materiales y construcci\u00f3n: poli\u00e9ster,","og_url":"https:\/\/www.erresse-shop.it\/es\/shop\/mobiliario\/sillas-y-sillones\/seletti-toiletpaper-silla-snake\/","og_site_name":"Erresse Shop","article_modified_time":"2024-02-23T12:31:11+00:00","og_image":[{"width":713,"height":713,"url":"https:\/\/www.erresse-shop.it\/wp-content\/uploads\/2024\/02\/Seletti-sedia-drill-16043-1.jpg","type":"image\/jpeg"}],"twitter_card":"summary_large_image","schema":{"@context":"https:\/\/schema.org","@graph":[{"@type":"WebPage","@id":"https:\/\/www.erresse-shop.it\/es\/shop\/mobiliario\/sillas-y-sillones\/seletti-toiletpaper-silla-snake\/","url":"https:\/\/www.erresse-shop.it\/es\/shop\/mobiliario\/sillas-y-sillones\/seletti-toiletpaper-silla-snake\/","name":"SELETTI Toiletpaper Silla Snake - Erresse Shop","isPartOf":{"@id":"https:\/\/www.erresse-shop.it\/es\/#website"},"datePublished":"2024-02-23T12:17:34+00:00","dateModified":"2024-02-23T12:31:11+00:00","description":"Mezcla y combina los gr\u00e1ficos m\u00e1s salvajes dise\u00f1ados por TOILETPAPER y obtendr\u00e1s el comedor m\u00e1s ic\u00f3nico de todos. Materiales y construcci\u00f3n: poli\u00e9ster,","breadcrumb":{"@id":"https:\/\/www.erresse-shop.it\/es\/shop\/mobiliario\/sillas-y-sillones\/seletti-toiletpaper-silla-snake\/#breadcrumb"},"inLanguage":"es","potentialAction":[{"@type":"ReadAction","target":["https:\/\/www.erresse-shop.it\/es\/shop\/mobiliario\/sillas-y-sillones\/seletti-toiletpaper-silla-snake\/"]}]},{"@type":"BreadcrumbList","@id":"https:\/\/www.erresse-shop.it\/es\/shop\/mobiliario\/sillas-y-sillones\/seletti-toiletpaper-silla-snake\/#breadcrumb","itemListElement":[{"@type":"ListItem","position":1,"name":"Home","item":"https:\/\/www.erresse-shop.it\/es\/"},{"@type":"ListItem","position":2,"name":"Shop","item":"https:\/\/www.erresse-shop.it\/es\/shop\/"},{"@type":"ListItem","position":3,"name":"SELETTI Toiletpaper Silla Snake"}]},{"@type":"WebSite","@id":"https:\/\/www.erresse-shop.it\/es\/#website","url":"https:\/\/www.erresse-shop.it\/es\/","name":"Erresse Shop","description":"Articoli di qualit\u00e0 per la casa","potentialAction":[{"@type":"SearchAction","target":{"@type":"EntryPoint","urlTemplate":"https:\/\/www.erresse-shop.it\/es\/?s={search_term_string}"},"query-input":"required name=search_term_string"}],"inLanguage":"es"}]}},"df_price":234,"df_sale_price":234,"df_regular_price":520,"df_image_link":"https:\/\/www.erresse-shop.it\/wp-content\/uploads\/2024\/02\/Seletti-sedia-drill-16043-1-300x300.jpg","_links":{"self":[{"href":"https:\/\/www.erresse-shop.it\/es\/wp-json\/wp\/v2\/product\/392635"}],"collection":[{"href":"https:\/\/www.erresse-shop.it\/es\/wp-json\/wp\/v2\/product"}],"about":[{"href":"https:\/\/www.erresse-shop.it\/es\/wp-json\/wp\/v2\/types\/product"}],"wp:featuredmedia":[{"embeddable":true,"href":"https:\/\/www.erresse-shop.it\/es\/wp-json\/wp\/v2\/media\/392648"}],"wp:attachment":[{"href":"https:\/\/www.erresse-shop.it\/es\/wp-json\/wp\/v2\/media?parent=392635"}],"wp:term":[{"taxonomy":"product_cat","embeddable":true,"href":"https:\/\/www.erresse-shop.it\/es\/wp-json\/wp\/v2\/product_cat?post=392635"},{"taxonomy":"product_tag","embeddable":true,"href":"https:\/\/www.erresse-shop.it\/es\/wp-json\/wp\/v2\/product_tag?post=392635"}],"curies":[{"name":"wp","href":"https:\/\/api.w.org\/{rel}","templated":true}]}}