{"id":390302,"date":"2024-02-15T11:22:45","date_gmt":"2024-02-15T11:22:52","guid":{"rendered":"https:\/\/www.erresse-shop.it\/?post_type=product&#038;p=390302"},"modified":"2024-02-15T11:49:51","modified_gmt":"2024-02-15T11:49:51","slug":"seletti-industry-collection-mesa-de-aluminio-cuadrado-blanco","status":"publish","type":"product","link":"https:\/\/www.erresse-shop.it\/es\/shop\/mobiliario\/mesas-y-mesitas-bajas\/seletti-industry-collection-mesa-de-aluminio-cuadrado-blanco\/","title":{"rendered":"SELETTI Industry Collection Mesa de aluminio Cuadrado Blanco"},"content":{"rendered":"<p>El cl\u00e1sico juego de jard\u00edn victoriano enriquecido con un alocado estampado gr\u00e1fico contempor\u00e1neo de Studio Job.<br \/>\nMesa cuadrada<br \/>\nDise\u00f1o: Studio Job<br \/>\nMaterial: Aluminio con recubrimiento de polvo mate<br \/>\nDimensiones:cm 70&#215;70 h. 71 &#8211; 27,6&#8243; x 27,6&#8243; h. 27,9<br \/>\nApta para exteriores y uso profesional<\/p>\n","protected":false},"excerpt":{"rendered":"<p>El cl\u00e1sico juego de jard\u00edn victoriano enriquecido con un alocado estampado gr\u00e1fico contempor\u00e1neo de Studio Job. Mesa cuadrada Dise\u00f1o: Studio<\/p>\n","protected":false},"featured_media":390307,"template":"","meta":{"_acf_changed":false,"inline_featured_image":false},"product_cat":[24384,16016],"product_tag":[16338,20674,25023],"acf":[],"yoast_head":"<!-- This site is optimized with the Yoast SEO Premium plugin v18.6 (Yoast SEO v19.13) - https:\/\/yoast.com\/wordpress\/plugins\/seo\/ -->\n<title>SELETTI Industry Collection Mesa de aluminio Cuadrado Blanco - Erresse Shop<\/title>\n<meta name=\"description\" content=\"El cl\u00e1sico juego de jard\u00edn victoriano enriquecido con un alocado estampado gr\u00e1fico contempor\u00e1neo de Studio Job. Mesa cuadrada Dise\u00f1o: Studio Job Material:\" \/>\n<meta name=\"robots\" content=\"index, follow, max-snippet:-1, max-image-preview:large, max-video-preview:-1\" \/>\n<link rel=\"canonical\" href=\"https:\/\/www.erresse-shop.it\/es\/shop\/mobiliario\/mesas-y-mesitas-bajas\/seletti-industry-collection-mesa-de-aluminio-cuadrado-blanco\/\" \/>\n<meta property=\"og:locale\" content=\"es_ES\" \/>\n<meta property=\"og:type\" content=\"article\" \/>\n<meta property=\"og:title\" content=\"SELETTI Industry Collection Mesa de aluminio Cuadrado Blanco\" \/>\n<meta property=\"og:description\" content=\"El cl\u00e1sico juego de jard\u00edn victoriano enriquecido con un alocado estampado gr\u00e1fico contempor\u00e1neo de Studio Job. Mesa cuadrada Dise\u00f1o: Studio Job Material:\" \/>\n<meta property=\"og:url\" content=\"https:\/\/www.erresse-shop.it\/es\/shop\/mobiliario\/mesas-y-mesitas-bajas\/seletti-industry-collection-mesa-de-aluminio-cuadrado-blanco\/\" \/>\n<meta property=\"og:site_name\" content=\"Erresse Shop\" \/>\n<meta property=\"article:modified_time\" content=\"2024-02-15T11:49:51+00:00\" \/>\n<meta property=\"og:image\" content=\"https:\/\/www.erresse-shop.it\/wp-content\/uploads\/2024\/02\/Seletti-tavolino-quadrato-bianco.jpg\" \/>\n\t<meta property=\"og:image:width\" content=\"800\" \/>\n\t<meta property=\"og:image:height\" content=\"800\" \/>\n\t<meta property=\"og:image:type\" content=\"image\/jpeg\" \/>\n<meta name=\"twitter:card\" content=\"summary_large_image\" \/>\n<script type=\"application\/ld+json\" class=\"yoast-schema-graph\">{\"@context\":\"https:\/\/schema.org\",\"@graph\":[{\"@type\":\"WebPage\",\"@id\":\"https:\/\/www.erresse-shop.it\/es\/shop\/mobiliario\/mesas-y-mesitas-bajas\/seletti-industry-collection-mesa-de-aluminio-cuadrado-blanco\/\",\"url\":\"https:\/\/www.erresse-shop.it\/es\/shop\/mobiliario\/mesas-y-mesitas-bajas\/seletti-industry-collection-mesa-de-aluminio-cuadrado-blanco\/\",\"name\":\"SELETTI Industry Collection Mesa de aluminio Cuadrado Blanco - Erresse Shop\",\"isPartOf\":{\"@id\":\"https:\/\/www.erresse-shop.it\/es\/#website\"},\"datePublished\":\"2024-02-15T11:22:52+00:00\",\"dateModified\":\"2024-02-15T11:49:51+00:00\",\"description\":\"El cl\u00e1sico juego de jard\u00edn victoriano enriquecido con un alocado estampado gr\u00e1fico contempor\u00e1neo de Studio Job. Mesa cuadrada Dise\u00f1o: Studio Job Material:\",\"breadcrumb\":{\"@id\":\"https:\/\/www.erresse-shop.it\/es\/shop\/mobiliario\/mesas-y-mesitas-bajas\/seletti-industry-collection-mesa-de-aluminio-cuadrado-blanco\/#breadcrumb\"},\"inLanguage\":\"es\",\"potentialAction\":[{\"@type\":\"ReadAction\",\"target\":[\"https:\/\/www.erresse-shop.it\/es\/shop\/mobiliario\/mesas-y-mesitas-bajas\/seletti-industry-collection-mesa-de-aluminio-cuadrado-blanco\/\"]}]},{\"@type\":\"BreadcrumbList\",\"@id\":\"https:\/\/www.erresse-shop.it\/es\/shop\/mobiliario\/mesas-y-mesitas-bajas\/seletti-industry-collection-mesa-de-aluminio-cuadrado-blanco\/#breadcrumb\",\"itemListElement\":[{\"@type\":\"ListItem\",\"position\":1,\"name\":\"Home\",\"item\":\"https:\/\/www.erresse-shop.it\/es\/\"},{\"@type\":\"ListItem\",\"position\":2,\"name\":\"Shop\",\"item\":\"https:\/\/www.erresse-shop.it\/es\/shop\/\"},{\"@type\":\"ListItem\",\"position\":3,\"name\":\"SELETTI Industry Collection Mesa de aluminio Cuadrado Blanco\"}]},{\"@type\":\"WebSite\",\"@id\":\"https:\/\/www.erresse-shop.it\/es\/#website\",\"url\":\"https:\/\/www.erresse-shop.it\/es\/\",\"name\":\"Erresse Shop\",\"description\":\"Articoli di qualit\u00e0 per la casa\",\"potentialAction\":[{\"@type\":\"SearchAction\",\"target\":{\"@type\":\"EntryPoint\",\"urlTemplate\":\"https:\/\/www.erresse-shop.it\/es\/?s={search_term_string}\"},\"query-input\":\"required name=search_term_string\"}],\"inLanguage\":\"es\"}]}<\/script>\n<!-- \/ Yoast SEO Premium plugin. -->","yoast_head_json":{"title":"SELETTI Industry Collection Mesa de aluminio Cuadrado Blanco - Erresse Shop","description":"El cl\u00e1sico juego de jard\u00edn victoriano enriquecido con un alocado estampado gr\u00e1fico contempor\u00e1neo de Studio Job. Mesa cuadrada Dise\u00f1o: Studio Job Material:","robots":{"index":"index","follow":"follow","max-snippet":"max-snippet:-1","max-image-preview":"max-image-preview:large","max-video-preview":"max-video-preview:-1"},"canonical":"https:\/\/www.erresse-shop.it\/es\/shop\/mobiliario\/mesas-y-mesitas-bajas\/seletti-industry-collection-mesa-de-aluminio-cuadrado-blanco\/","og_locale":"es_ES","og_type":"article","og_title":"SELETTI Industry Collection Mesa de aluminio Cuadrado Blanco","og_description":"El cl\u00e1sico juego de jard\u00edn victoriano enriquecido con un alocado estampado gr\u00e1fico contempor\u00e1neo de Studio Job. Mesa cuadrada Dise\u00f1o: Studio Job Material:","og_url":"https:\/\/www.erresse-shop.it\/es\/shop\/mobiliario\/mesas-y-mesitas-bajas\/seletti-industry-collection-mesa-de-aluminio-cuadrado-blanco\/","og_site_name":"Erresse Shop","article_modified_time":"2024-02-15T11:49:51+00:00","og_image":[{"width":800,"height":800,"url":"https:\/\/www.erresse-shop.it\/wp-content\/uploads\/2024\/02\/Seletti-tavolino-quadrato-bianco.jpg","type":"image\/jpeg"}],"twitter_card":"summary_large_image","schema":{"@context":"https:\/\/schema.org","@graph":[{"@type":"WebPage","@id":"https:\/\/www.erresse-shop.it\/es\/shop\/mobiliario\/mesas-y-mesitas-bajas\/seletti-industry-collection-mesa-de-aluminio-cuadrado-blanco\/","url":"https:\/\/www.erresse-shop.it\/es\/shop\/mobiliario\/mesas-y-mesitas-bajas\/seletti-industry-collection-mesa-de-aluminio-cuadrado-blanco\/","name":"SELETTI Industry Collection Mesa de aluminio Cuadrado Blanco - Erresse Shop","isPartOf":{"@id":"https:\/\/www.erresse-shop.it\/es\/#website"},"datePublished":"2024-02-15T11:22:52+00:00","dateModified":"2024-02-15T11:49:51+00:00","description":"El cl\u00e1sico juego de jard\u00edn victoriano enriquecido con un alocado estampado gr\u00e1fico contempor\u00e1neo de Studio Job. Mesa cuadrada Dise\u00f1o: Studio Job Material:","breadcrumb":{"@id":"https:\/\/www.erresse-shop.it\/es\/shop\/mobiliario\/mesas-y-mesitas-bajas\/seletti-industry-collection-mesa-de-aluminio-cuadrado-blanco\/#breadcrumb"},"inLanguage":"es","potentialAction":[{"@type":"ReadAction","target":["https:\/\/www.erresse-shop.it\/es\/shop\/mobiliario\/mesas-y-mesitas-bajas\/seletti-industry-collection-mesa-de-aluminio-cuadrado-blanco\/"]}]},{"@type":"BreadcrumbList","@id":"https:\/\/www.erresse-shop.it\/es\/shop\/mobiliario\/mesas-y-mesitas-bajas\/seletti-industry-collection-mesa-de-aluminio-cuadrado-blanco\/#breadcrumb","itemListElement":[{"@type":"ListItem","position":1,"name":"Home","item":"https:\/\/www.erresse-shop.it\/es\/"},{"@type":"ListItem","position":2,"name":"Shop","item":"https:\/\/www.erresse-shop.it\/es\/shop\/"},{"@type":"ListItem","position":3,"name":"SELETTI Industry Collection Mesa de aluminio Cuadrado Blanco"}]},{"@type":"WebSite","@id":"https:\/\/www.erresse-shop.it\/es\/#website","url":"https:\/\/www.erresse-shop.it\/es\/","name":"Erresse Shop","description":"Articoli di qualit\u00e0 per la casa","potentialAction":[{"@type":"SearchAction","target":{"@type":"EntryPoint","urlTemplate":"https:\/\/www.erresse-shop.it\/es\/?s={search_term_string}"},"query-input":"required name=search_term_string"}],"inLanguage":"es"}]}},"df_price":329.95,"df_sale_price":329.95,"df_regular_price":526,"df_image_link":"https:\/\/www.erresse-shop.it\/wp-content\/uploads\/2024\/02\/Seletti-tavolino-quadrato-bianco-300x300.jpg","_links":{"self":[{"href":"https:\/\/www.erresse-shop.it\/es\/wp-json\/wp\/v2\/product\/390302"}],"collection":[{"href":"https:\/\/www.erresse-shop.it\/es\/wp-json\/wp\/v2\/product"}],"about":[{"href":"https:\/\/www.erresse-shop.it\/es\/wp-json\/wp\/v2\/types\/product"}],"wp:featuredmedia":[{"embeddable":true,"href":"https:\/\/www.erresse-shop.it\/es\/wp-json\/wp\/v2\/media\/390307"}],"wp:attachment":[{"href":"https:\/\/www.erresse-shop.it\/es\/wp-json\/wp\/v2\/media?parent=390302"}],"wp:term":[{"taxonomy":"product_cat","embeddable":true,"href":"https:\/\/www.erresse-shop.it\/es\/wp-json\/wp\/v2\/product_cat?post=390302"},{"taxonomy":"product_tag","embeddable":true,"href":"https:\/\/www.erresse-shop.it\/es\/wp-json\/wp\/v2\/product_tag?post=390302"}],"curies":[{"name":"wp","href":"https:\/\/api.w.org\/{rel}","templated":true}]}}