{"id":390176,"date":"2024-02-15T08:35:08","date_gmt":"2024-02-15T08:35:12","guid":{"rendered":"https:\/\/www.erresse-shop.it\/?post_type=product&#038;p=390176"},"modified":"2024-02-15T08:42:24","modified_gmt":"2024-02-15T08:42:24","slug":"staub-sarten-24-cm-negra","status":"publish","type":"product","link":"https:\/\/www.erresse-shop.it\/es\/shop\/sartenes-y-ollas\/sartenes\/staub-sarten-24-cm-negra\/","title":{"rendered":"STAUB Sart\u00e9n 24 cm negra"},"content":{"rendered":"<p>Jugosos filetes, arom\u00e1ticos platos de verduras, pescado frito y sabrosas salsas pueden prepararse sin esfuerzo en la sart\u00e9n de hierro fundido negra de STAUB. El mango ergon\u00f3mico de madera es aislante del calor y por lo tanto protege contra las quemaduras y, al mismo tiempo, hace que la sart\u00e9n de hierro fundido sea f\u00e1cil de manejar en la encimera y de transferir la comida al plato de servir. El cuerpo de hierro fundido negro impresiona por sus cortos tiempos de calentamiento y su \u00f3ptima distribuci\u00f3n y retenci\u00f3n del calor. Esto hace que la sart\u00e9n sea adecuada no s\u00f3lo para preparar asados crujientes, sino tambi\u00e9n para estofar lentamente, por ejemplo, platos de col. Con un tr\u00e9bede adecuado, la sart\u00e9n tambi\u00e9n puede utilizarse para servir con estilo. Gracias a sus dimensiones compactas con un di\u00e1metro de 24 cm, la sart\u00e9n es especialmente adecuada para hogares peque\u00f1os. Gracias al pr\u00e1ctico gancho para colgar, se puede guardar ahorrando espacio.<br \/>\nPara preparar carne, pescado, verduras, guisos y mucho m\u00e1s<br \/>\nApta para placas el\u00e9ctricas, de gas, hal\u00f3genas, vitrocer\u00e1micas o de inducci\u00f3n<br \/>\nBase lisa para un uso suave en placas sensibles<br \/>\nCocina con ahorro de energ\u00eda gracias a las propiedades especiales del hierro fundido<br \/>\nDimensiones con asa (AnxPrxAl): 45 x 25 x 6,9 cm, Di\u00e1metro: 24 cm, Fondo: 17,9 cm<br \/>\nPeso: 1,8 kg<\/p>\n","protected":false},"excerpt":{"rendered":"<p>Jugosos filetes, arom\u00e1ticos platos de verduras, pescado frito y sabrosas salsas pueden prepararse sin esfuerzo en la sart\u00e9n de hierro<\/p>\n","protected":false},"featured_media":390183,"template":"","meta":{"_acf_changed":false,"inline_featured_image":false},"product_cat":[16066,16058],"product_tag":[25090,16269,16211,16158,25023],"acf":[],"yoast_head":"<!-- This site is optimized with the Yoast SEO Premium plugin v18.6 (Yoast SEO v19.13) - https:\/\/yoast.com\/wordpress\/plugins\/seo\/ -->\n<title>STAUB Sart\u00e9n 24 cm negra - Erresse Shop<\/title>\n<meta name=\"description\" content=\"Jugosos filetes, arom\u00e1ticos platos de verduras, pescado frito y sabrosas salsas pueden prepararse sin esfuerzo en la sart\u00e9n de hierro fundido negra de\" \/>\n<meta name=\"robots\" content=\"index, follow, max-snippet:-1, max-image-preview:large, max-video-preview:-1\" \/>\n<link rel=\"canonical\" href=\"https:\/\/www.erresse-shop.it\/es\/shop\/sartenes-y-ollas\/sartenes\/staub-sarten-24-cm-negra\/\" \/>\n<meta property=\"og:locale\" content=\"es_ES\" \/>\n<meta property=\"og:type\" content=\"article\" \/>\n<meta property=\"og:title\" content=\"STAUB Sart\u00e9n 24 cm negra\" \/>\n<meta property=\"og:description\" content=\"Jugosos filetes, arom\u00e1ticos platos de verduras, pescado frito y sabrosas salsas pueden prepararse sin esfuerzo en la sart\u00e9n de hierro fundido negra de\" \/>\n<meta property=\"og:url\" content=\"https:\/\/www.erresse-shop.it\/es\/shop\/sartenes-y-ollas\/sartenes\/staub-sarten-24-cm-negra\/\" \/>\n<meta property=\"og:site_name\" content=\"Erresse Shop\" \/>\n<meta property=\"article:modified_time\" content=\"2024-02-15T08:42:24+00:00\" \/>\n<meta property=\"og:image\" content=\"https:\/\/www.erresse-shop.it\/wp-content\/uploads\/2024\/02\/staub-padella-nera-24-cm.jpg\" \/>\n\t<meta property=\"og:image:width\" content=\"800\" \/>\n\t<meta property=\"og:image:height\" content=\"800\" \/>\n\t<meta property=\"og:image:type\" content=\"image\/jpeg\" \/>\n<meta name=\"twitter:card\" content=\"summary_large_image\" \/>\n<script type=\"application\/ld+json\" class=\"yoast-schema-graph\">{\"@context\":\"https:\/\/schema.org\",\"@graph\":[{\"@type\":\"WebPage\",\"@id\":\"https:\/\/www.erresse-shop.it\/es\/shop\/sartenes-y-ollas\/sartenes\/staub-sarten-24-cm-negra\/\",\"url\":\"https:\/\/www.erresse-shop.it\/es\/shop\/sartenes-y-ollas\/sartenes\/staub-sarten-24-cm-negra\/\",\"name\":\"STAUB Sart\u00e9n 24 cm negra - Erresse Shop\",\"isPartOf\":{\"@id\":\"https:\/\/www.erresse-shop.it\/es\/#website\"},\"datePublished\":\"2024-02-15T08:35:12+00:00\",\"dateModified\":\"2024-02-15T08:42:24+00:00\",\"description\":\"Jugosos filetes, arom\u00e1ticos platos de verduras, pescado frito y sabrosas salsas pueden prepararse sin esfuerzo en la sart\u00e9n de hierro fundido negra de\",\"breadcrumb\":{\"@id\":\"https:\/\/www.erresse-shop.it\/es\/shop\/sartenes-y-ollas\/sartenes\/staub-sarten-24-cm-negra\/#breadcrumb\"},\"inLanguage\":\"es\",\"potentialAction\":[{\"@type\":\"ReadAction\",\"target\":[\"https:\/\/www.erresse-shop.it\/es\/shop\/sartenes-y-ollas\/sartenes\/staub-sarten-24-cm-negra\/\"]}]},{\"@type\":\"BreadcrumbList\",\"@id\":\"https:\/\/www.erresse-shop.it\/es\/shop\/sartenes-y-ollas\/sartenes\/staub-sarten-24-cm-negra\/#breadcrumb\",\"itemListElement\":[{\"@type\":\"ListItem\",\"position\":1,\"name\":\"Home\",\"item\":\"https:\/\/www.erresse-shop.it\/es\/\"},{\"@type\":\"ListItem\",\"position\":2,\"name\":\"Shop\",\"item\":\"https:\/\/www.erresse-shop.it\/es\/shop\/\"},{\"@type\":\"ListItem\",\"position\":3,\"name\":\"STAUB Sart\u00e9n 24 cm negra\"}]},{\"@type\":\"WebSite\",\"@id\":\"https:\/\/www.erresse-shop.it\/es\/#website\",\"url\":\"https:\/\/www.erresse-shop.it\/es\/\",\"name\":\"Erresse Shop\",\"description\":\"Articoli di qualit\u00e0 per la casa\",\"potentialAction\":[{\"@type\":\"SearchAction\",\"target\":{\"@type\":\"EntryPoint\",\"urlTemplate\":\"https:\/\/www.erresse-shop.it\/es\/?s={search_term_string}\"},\"query-input\":\"required name=search_term_string\"}],\"inLanguage\":\"es\"}]}<\/script>\n<!-- \/ Yoast SEO Premium plugin. -->","yoast_head_json":{"title":"STAUB Sart\u00e9n 24 cm negra - Erresse Shop","description":"Jugosos filetes, arom\u00e1ticos platos de verduras, pescado frito y sabrosas salsas pueden prepararse sin esfuerzo en la sart\u00e9n de hierro fundido negra de","robots":{"index":"index","follow":"follow","max-snippet":"max-snippet:-1","max-image-preview":"max-image-preview:large","max-video-preview":"max-video-preview:-1"},"canonical":"https:\/\/www.erresse-shop.it\/es\/shop\/sartenes-y-ollas\/sartenes\/staub-sarten-24-cm-negra\/","og_locale":"es_ES","og_type":"article","og_title":"STAUB Sart\u00e9n 24 cm negra","og_description":"Jugosos filetes, arom\u00e1ticos platos de verduras, pescado frito y sabrosas salsas pueden prepararse sin esfuerzo en la sart\u00e9n de hierro fundido negra de","og_url":"https:\/\/www.erresse-shop.it\/es\/shop\/sartenes-y-ollas\/sartenes\/staub-sarten-24-cm-negra\/","og_site_name":"Erresse Shop","article_modified_time":"2024-02-15T08:42:24+00:00","og_image":[{"width":800,"height":800,"url":"https:\/\/www.erresse-shop.it\/wp-content\/uploads\/2024\/02\/staub-padella-nera-24-cm.jpg","type":"image\/jpeg"}],"twitter_card":"summary_large_image","schema":{"@context":"https:\/\/schema.org","@graph":[{"@type":"WebPage","@id":"https:\/\/www.erresse-shop.it\/es\/shop\/sartenes-y-ollas\/sartenes\/staub-sarten-24-cm-negra\/","url":"https:\/\/www.erresse-shop.it\/es\/shop\/sartenes-y-ollas\/sartenes\/staub-sarten-24-cm-negra\/","name":"STAUB Sart\u00e9n 24 cm negra - Erresse Shop","isPartOf":{"@id":"https:\/\/www.erresse-shop.it\/es\/#website"},"datePublished":"2024-02-15T08:35:12+00:00","dateModified":"2024-02-15T08:42:24+00:00","description":"Jugosos filetes, arom\u00e1ticos platos de verduras, pescado frito y sabrosas salsas pueden prepararse sin esfuerzo en la sart\u00e9n de hierro fundido negra de","breadcrumb":{"@id":"https:\/\/www.erresse-shop.it\/es\/shop\/sartenes-y-ollas\/sartenes\/staub-sarten-24-cm-negra\/#breadcrumb"},"inLanguage":"es","potentialAction":[{"@type":"ReadAction","target":["https:\/\/www.erresse-shop.it\/es\/shop\/sartenes-y-ollas\/sartenes\/staub-sarten-24-cm-negra\/"]}]},{"@type":"BreadcrumbList","@id":"https:\/\/www.erresse-shop.it\/es\/shop\/sartenes-y-ollas\/sartenes\/staub-sarten-24-cm-negra\/#breadcrumb","itemListElement":[{"@type":"ListItem","position":1,"name":"Home","item":"https:\/\/www.erresse-shop.it\/es\/"},{"@type":"ListItem","position":2,"name":"Shop","item":"https:\/\/www.erresse-shop.it\/es\/shop\/"},{"@type":"ListItem","position":3,"name":"STAUB Sart\u00e9n 24 cm negra"}]},{"@type":"WebSite","@id":"https:\/\/www.erresse-shop.it\/es\/#website","url":"https:\/\/www.erresse-shop.it\/es\/","name":"Erresse Shop","description":"Articoli di qualit\u00e0 per la casa","potentialAction":[{"@type":"SearchAction","target":{"@type":"EntryPoint","urlTemplate":"https:\/\/www.erresse-shop.it\/es\/?s={search_term_string}"},"query-input":"required name=search_term_string"}],"inLanguage":"es"}]}},"df_price":69.5,"df_sale_price":69.5,"df_regular_price":139,"df_image_link":"https:\/\/www.erresse-shop.it\/wp-content\/uploads\/2024\/02\/staub-padella-nera-24-cm-300x300.jpg","_links":{"self":[{"href":"https:\/\/www.erresse-shop.it\/es\/wp-json\/wp\/v2\/product\/390176"}],"collection":[{"href":"https:\/\/www.erresse-shop.it\/es\/wp-json\/wp\/v2\/product"}],"about":[{"href":"https:\/\/www.erresse-shop.it\/es\/wp-json\/wp\/v2\/types\/product"}],"wp:featuredmedia":[{"embeddable":true,"href":"https:\/\/www.erresse-shop.it\/es\/wp-json\/wp\/v2\/media\/390183"}],"wp:attachment":[{"href":"https:\/\/www.erresse-shop.it\/es\/wp-json\/wp\/v2\/media?parent=390176"}],"wp:term":[{"taxonomy":"product_cat","embeddable":true,"href":"https:\/\/www.erresse-shop.it\/es\/wp-json\/wp\/v2\/product_cat?post=390176"},{"taxonomy":"product_tag","embeddable":true,"href":"https:\/\/www.erresse-shop.it\/es\/wp-json\/wp\/v2\/product_tag?post=390176"}],"curies":[{"name":"wp","href":"https:\/\/api.w.org\/{rel}","templated":true}]}}