{"id":390091,"date":"2024-02-15T07:59:05","date_gmt":"2024-02-15T07:59:09","guid":{"rendered":"https:\/\/www.erresse-shop.it\/?post_type=product&#038;p=390091"},"modified":"2024-07-05T14:54:18","modified_gmt":"2024-07-05T14:54:18","slug":"zwilling-poletto-set-3-sartenes","status":"publish","type":"product","link":"https:\/\/www.erresse-shop.it\/es\/shop\/sartenes-y-ollas\/sartenes\/zwilling-poletto-set-3-sartenes\/","title":{"rendered":"ZWILLING Poletto Set 3 Sartenes"},"content":{"rendered":"<p>Este juego incluye 3 sartenes de la l\u00ednea CORNELIA POLETTO de ZWILLING, desarrollada en colaboraci\u00f3n con el chef estrella del mismo nombre. El revestimiento Duraslide Diamond de 4 capas, incre\u00edblemente duradero y reforzado con part\u00edculas de diamante, permite una preparaci\u00f3n sana y cuidadosa de platos de carne y verduras. Esto permite reducir el uso de aceite y grasa sin que los alimentos se peguen al fondo mientras se cocina. Despu\u00e9s de cocinar, la sart\u00e9n le sorprender\u00e1 por su facilidad de limpieza. De hecho, suele bastar con pasar un pa\u00f1o h\u00famedo. La base multicapa con un robusto n\u00facleo de aluminio es apta para todo tipo de cocinas, incluidas las de inducci\u00f3n, y ofrece una distribuci\u00f3n uniforme del calor. El mango de hierro fundido de alta calidad con revestimiento de silicona proporciona una gran comodidad de uso y se mantiene fr\u00edo durante todo el proceso de cocci\u00f3n. Con esta sart\u00e9n de ZWILLING preparar\u00e1 muchos platos deliciosos con los que impresionar a sus invitados.<br \/>\nSart\u00e9n desarrollada en colaboraci\u00f3n con la chef estrella Cornelia Poletto<br \/>\nBase multicapa con robusto n\u00facleo de aluminio para una distribuci\u00f3n uniforme del calor y revestimiento Duraslide Diamond de 4 capas reforzado con part\u00edculas de diamante.<\/p>\n<p>Excelentes propiedades antiadherentes<br \/>\nEl mango de hierro fundido de alta calidad con revestimiento de silicona proporciona una gran comodidad de uso y se mantiene fr\u00edo durante todo el proceso de cocci\u00f3n<br \/>\nPara todas las cocinas, incluidas las de inducci\u00f3n<br \/>\nApto para lavavajillas<br \/>\nIncluye 1 sart\u00e9n (20 cm), 1 sart\u00e9n (24 cm), 1 sart\u00e9n (28 cm)<\/p>\n","protected":false},"excerpt":{"rendered":"<p>Este juego incluye 3 sartenes de la l\u00ednea CORNELIA POLETTO de ZWILLING, desarrollada en colaboraci\u00f3n con el chef estrella del<\/p>\n","protected":false},"featured_media":390098,"template":"","meta":{"_acf_changed":false,"inline_featured_image":false},"product_cat":[16066,16058],"product_tag":[25039,16269,23662,24417,16158,25023],"acf":[],"yoast_head":"<!-- This site is optimized with the Yoast SEO Premium plugin v18.6 (Yoast SEO v19.13) - https:\/\/yoast.com\/wordpress\/plugins\/seo\/ -->\n<title>ZWILLING Poletto Set 3 Sartenes - Erresse Shop<\/title>\n<meta name=\"description\" content=\"Este juego incluye 3 sartenes de la l\u00ednea CORNELIA POLETTO de ZWILLING, desarrollada en colaboraci\u00f3n con el chef estrella del mismo nombre. El\" \/>\n<meta name=\"robots\" content=\"index, follow, max-snippet:-1, max-image-preview:large, max-video-preview:-1\" \/>\n<link rel=\"canonical\" href=\"https:\/\/www.erresse-shop.it\/es\/shop\/sartenes-y-ollas\/sartenes\/zwilling-poletto-set-3-sartenes\/\" \/>\n<meta property=\"og:locale\" content=\"es_ES\" \/>\n<meta property=\"og:type\" content=\"article\" \/>\n<meta property=\"og:title\" content=\"ZWILLING Poletto Set 3 Sartenes\" \/>\n<meta property=\"og:description\" content=\"Este juego incluye 3 sartenes de la l\u00ednea CORNELIA POLETTO de ZWILLING, desarrollada en colaboraci\u00f3n con el chef estrella del mismo nombre. El\" \/>\n<meta property=\"og:url\" content=\"https:\/\/www.erresse-shop.it\/es\/shop\/sartenes-y-ollas\/sartenes\/zwilling-poletto-set-3-sartenes\/\" \/>\n<meta property=\"og:site_name\" content=\"Erresse Shop\" \/>\n<meta property=\"article:modified_time\" content=\"2024-07-05T14:54:18+00:00\" \/>\n<meta property=\"og:image\" content=\"https:\/\/www.erresse-shop.it\/wp-content\/uploads\/2024\/02\/Zwilling-set-3-padelle.jpg\" \/>\n\t<meta property=\"og:image:width\" content=\"800\" \/>\n\t<meta property=\"og:image:height\" content=\"800\" \/>\n\t<meta property=\"og:image:type\" content=\"image\/jpeg\" \/>\n<meta name=\"twitter:card\" content=\"summary_large_image\" \/>\n<script type=\"application\/ld+json\" class=\"yoast-schema-graph\">{\"@context\":\"https:\/\/schema.org\",\"@graph\":[{\"@type\":\"WebPage\",\"@id\":\"https:\/\/www.erresse-shop.it\/es\/shop\/sartenes-y-ollas\/sartenes\/zwilling-poletto-set-3-sartenes\/\",\"url\":\"https:\/\/www.erresse-shop.it\/es\/shop\/sartenes-y-ollas\/sartenes\/zwilling-poletto-set-3-sartenes\/\",\"name\":\"ZWILLING Poletto Set 3 Sartenes - Erresse Shop\",\"isPartOf\":{\"@id\":\"https:\/\/www.erresse-shop.it\/es\/#website\"},\"datePublished\":\"2024-02-15T07:59:09+00:00\",\"dateModified\":\"2024-07-05T14:54:18+00:00\",\"description\":\"Este juego incluye 3 sartenes de la l\u00ednea CORNELIA POLETTO de ZWILLING, desarrollada en colaboraci\u00f3n con el chef estrella del mismo nombre. El\",\"breadcrumb\":{\"@id\":\"https:\/\/www.erresse-shop.it\/es\/shop\/sartenes-y-ollas\/sartenes\/zwilling-poletto-set-3-sartenes\/#breadcrumb\"},\"inLanguage\":\"es\",\"potentialAction\":[{\"@type\":\"ReadAction\",\"target\":[\"https:\/\/www.erresse-shop.it\/es\/shop\/sartenes-y-ollas\/sartenes\/zwilling-poletto-set-3-sartenes\/\"]}]},{\"@type\":\"BreadcrumbList\",\"@id\":\"https:\/\/www.erresse-shop.it\/es\/shop\/sartenes-y-ollas\/sartenes\/zwilling-poletto-set-3-sartenes\/#breadcrumb\",\"itemListElement\":[{\"@type\":\"ListItem\",\"position\":1,\"name\":\"Home\",\"item\":\"https:\/\/www.erresse-shop.it\/es\/\"},{\"@type\":\"ListItem\",\"position\":2,\"name\":\"Shop\",\"item\":\"https:\/\/www.erresse-shop.it\/es\/shop\/\"},{\"@type\":\"ListItem\",\"position\":3,\"name\":\"ZWILLING Poletto Set 3 Sartenes\"}]},{\"@type\":\"WebSite\",\"@id\":\"https:\/\/www.erresse-shop.it\/es\/#website\",\"url\":\"https:\/\/www.erresse-shop.it\/es\/\",\"name\":\"Erresse Shop\",\"description\":\"Articoli di qualit\u00e0 per la casa\",\"potentialAction\":[{\"@type\":\"SearchAction\",\"target\":{\"@type\":\"EntryPoint\",\"urlTemplate\":\"https:\/\/www.erresse-shop.it\/es\/?s={search_term_string}\"},\"query-input\":\"required name=search_term_string\"}],\"inLanguage\":\"es\"}]}<\/script>\n<!-- \/ Yoast SEO Premium plugin. -->","yoast_head_json":{"title":"ZWILLING Poletto Set 3 Sartenes - Erresse Shop","description":"Este juego incluye 3 sartenes de la l\u00ednea CORNELIA POLETTO de ZWILLING, desarrollada en colaboraci\u00f3n con el chef estrella del mismo nombre. El","robots":{"index":"index","follow":"follow","max-snippet":"max-snippet:-1","max-image-preview":"max-image-preview:large","max-video-preview":"max-video-preview:-1"},"canonical":"https:\/\/www.erresse-shop.it\/es\/shop\/sartenes-y-ollas\/sartenes\/zwilling-poletto-set-3-sartenes\/","og_locale":"es_ES","og_type":"article","og_title":"ZWILLING Poletto Set 3 Sartenes","og_description":"Este juego incluye 3 sartenes de la l\u00ednea CORNELIA POLETTO de ZWILLING, desarrollada en colaboraci\u00f3n con el chef estrella del mismo nombre. El","og_url":"https:\/\/www.erresse-shop.it\/es\/shop\/sartenes-y-ollas\/sartenes\/zwilling-poletto-set-3-sartenes\/","og_site_name":"Erresse Shop","article_modified_time":"2024-07-05T14:54:18+00:00","og_image":[{"width":800,"height":800,"url":"https:\/\/www.erresse-shop.it\/wp-content\/uploads\/2024\/02\/Zwilling-set-3-padelle.jpg","type":"image\/jpeg"}],"twitter_card":"summary_large_image","schema":{"@context":"https:\/\/schema.org","@graph":[{"@type":"WebPage","@id":"https:\/\/www.erresse-shop.it\/es\/shop\/sartenes-y-ollas\/sartenes\/zwilling-poletto-set-3-sartenes\/","url":"https:\/\/www.erresse-shop.it\/es\/shop\/sartenes-y-ollas\/sartenes\/zwilling-poletto-set-3-sartenes\/","name":"ZWILLING Poletto Set 3 Sartenes - Erresse Shop","isPartOf":{"@id":"https:\/\/www.erresse-shop.it\/es\/#website"},"datePublished":"2024-02-15T07:59:09+00:00","dateModified":"2024-07-05T14:54:18+00:00","description":"Este juego incluye 3 sartenes de la l\u00ednea CORNELIA POLETTO de ZWILLING, desarrollada en colaboraci\u00f3n con el chef estrella del mismo nombre. El","breadcrumb":{"@id":"https:\/\/www.erresse-shop.it\/es\/shop\/sartenes-y-ollas\/sartenes\/zwilling-poletto-set-3-sartenes\/#breadcrumb"},"inLanguage":"es","potentialAction":[{"@type":"ReadAction","target":["https:\/\/www.erresse-shop.it\/es\/shop\/sartenes-y-ollas\/sartenes\/zwilling-poletto-set-3-sartenes\/"]}]},{"@type":"BreadcrumbList","@id":"https:\/\/www.erresse-shop.it\/es\/shop\/sartenes-y-ollas\/sartenes\/zwilling-poletto-set-3-sartenes\/#breadcrumb","itemListElement":[{"@type":"ListItem","position":1,"name":"Home","item":"https:\/\/www.erresse-shop.it\/es\/"},{"@type":"ListItem","position":2,"name":"Shop","item":"https:\/\/www.erresse-shop.it\/es\/shop\/"},{"@type":"ListItem","position":3,"name":"ZWILLING Poletto Set 3 Sartenes"}]},{"@type":"WebSite","@id":"https:\/\/www.erresse-shop.it\/es\/#website","url":"https:\/\/www.erresse-shop.it\/es\/","name":"Erresse Shop","description":"Articoli di qualit\u00e0 per la casa","potentialAction":[{"@type":"SearchAction","target":{"@type":"EntryPoint","urlTemplate":"https:\/\/www.erresse-shop.it\/es\/?s={search_term_string}"},"query-input":"required name=search_term_string"}],"inLanguage":"es"}]}},"df_price":84.5,"df_sale_price":84.5,"df_regular_price":169,"df_image_link":"https:\/\/www.erresse-shop.it\/wp-content\/uploads\/2024\/02\/Zwilling-set-3-padelle-300x300.jpg","_links":{"self":[{"href":"https:\/\/www.erresse-shop.it\/es\/wp-json\/wp\/v2\/product\/390091"}],"collection":[{"href":"https:\/\/www.erresse-shop.it\/es\/wp-json\/wp\/v2\/product"}],"about":[{"href":"https:\/\/www.erresse-shop.it\/es\/wp-json\/wp\/v2\/types\/product"}],"wp:featuredmedia":[{"embeddable":true,"href":"https:\/\/www.erresse-shop.it\/es\/wp-json\/wp\/v2\/media\/390098"}],"wp:attachment":[{"href":"https:\/\/www.erresse-shop.it\/es\/wp-json\/wp\/v2\/media?parent=390091"}],"wp:term":[{"taxonomy":"product_cat","embeddable":true,"href":"https:\/\/www.erresse-shop.it\/es\/wp-json\/wp\/v2\/product_cat?post=390091"},{"taxonomy":"product_tag","embeddable":true,"href":"https:\/\/www.erresse-shop.it\/es\/wp-json\/wp\/v2\/product_tag?post=390091"}],"curies":[{"name":"wp","href":"https:\/\/api.w.org\/{rel}","templated":true}]}}