{"id":389744,"date":"2024-02-14T08:03:24","date_gmt":"2024-02-14T08:03:31","guid":{"rendered":"https:\/\/www.erresse-shop.it\/?post_type=product&#038;p=389744"},"modified":"2024-02-14T08:09:32","modified_gmt":"2024-02-14T08:09:32","slug":"toms-drag-guardian-cat-m","status":"publish","type":"product","link":"https:\/\/www.erresse-shop.it\/es\/shop\/mobiliario\/articulos-de-decoracion\/toms-drag-guardian-cat-m\/","title":{"rendered":"TOM&#8217;S DRAG Guardian Cat M"},"content":{"rendered":"<p>El gato Guardian M es una figura de resina pintada a mano. Art\u00edculo de la l\u00ednea Cats Collection de Tom&#8217;s Drag.<\/p>\n<p>La colecci\u00f3n &#8216;Silver Line&#8217; es 100% una producci\u00f3n de Tom&#8217;s Drag, aunque sea totalmente diferente en apariencia. Tom&#8217;s Drag demuestra que tambi\u00e9n trabaja con plata y colores frescos, sin dejar de ser totalmente aut\u00e9ntico e inconfundible.<br \/>\nNada en la colecci\u00f3n Tom&#8217;s Drag se produce industrialmente. Cada pieza es un trabajo exclusivamente artesanal detr\u00e1s del cual se esconde una larga y compleja labor desde el primer boceto hasta la elaboraci\u00f3n final.<br \/>\nEl boceto sobre papel comienza con la inspiraci\u00f3n del artista, a partir de la cual cobra vida una forma tosca de madera tallada a mano. A partir de esta talla se hace la forma de caucho, que se rellena con una cantidad precisa de marmorino l\u00edquido, compuesto de m\u00e1rmol molido y resina sint\u00e9tica. A continuaci\u00f3n, la forma se cierra y se mueve a mano. La pieza en bruto est\u00e1 lista para ser pulida y pintada con una base blanca. Sobre esta base blanca se dibujan a l\u00e1piz los contornos y luego se aplican los colores. La fase de decoraci\u00f3n a mano es la m\u00e1s larga y compleja debido a la variedad de dise\u00f1os y tonos de color utilizados. Al final de los colores elegidos, se aplica pan de oro para fijar los colores. La \u00faltima fase es el acabado de los detalles, donde se aplican los accesorios caracter\u00edsticos de Tom, como pedrer\u00eda, piercings, pendientes, pesta\u00f1as y otros peque\u00f1os detalles.<\/p>\n<p><b><strong>Material<\/strong><\/b>: marmorino<br \/>\n<b><strong>Altura <\/strong><\/b>: 48 cm<\/p>\n","protected":false},"excerpt":{"rendered":"<p>El gato Guardian M es una figura de resina pintada a mano. Art\u00edculo de la l\u00ednea Cats Collection de Tom&#8217;s<\/p>\n","protected":false},"featured_media":389749,"template":"","meta":{"_acf_changed":false,"inline_featured_image":false},"product_cat":[16026,16016],"product_tag":[25039,16998,17001,25023],"acf":[],"yoast_head":"<!-- This site is optimized with the Yoast SEO Premium plugin v18.6 (Yoast SEO v19.13) - https:\/\/yoast.com\/wordpress\/plugins\/seo\/ -->\n<title>TOM&#039;S DRAG Guardian Cat M - Erresse Shop<\/title>\n<meta name=\"description\" content=\"El gato Guardian M es una figura de resina pintada a mano. Art\u00edculo de la l\u00ednea Cats Collection de Tom&#039;s Drag. La colecci\u00f3n &#039;Silver Line&#039; es 100% una\" \/>\n<meta name=\"robots\" content=\"index, follow, max-snippet:-1, max-image-preview:large, max-video-preview:-1\" \/>\n<link rel=\"canonical\" href=\"https:\/\/www.erresse-shop.it\/es\/shop\/mobiliario\/articulos-de-decoracion\/toms-drag-guardian-cat-m\/\" \/>\n<meta property=\"og:locale\" content=\"es_ES\" \/>\n<meta property=\"og:type\" content=\"article\" \/>\n<meta property=\"og:title\" content=\"TOM&#039;S DRAG Guardian Cat M\" \/>\n<meta property=\"og:description\" content=\"El gato Guardian M es una figura de resina pintada a mano. Art\u00edculo de la l\u00ednea Cats Collection de Tom&#039;s Drag. La colecci\u00f3n &#039;Silver Line&#039; es 100% una\" \/>\n<meta property=\"og:url\" content=\"https:\/\/www.erresse-shop.it\/es\/shop\/mobiliario\/articulos-de-decoracion\/toms-drag-guardian-cat-m\/\" \/>\n<meta property=\"og:site_name\" content=\"Erresse Shop\" \/>\n<meta property=\"article:modified_time\" content=\"2024-02-14T08:09:32+00:00\" \/>\n<meta property=\"og:image\" content=\"https:\/\/www.erresse-shop.it\/wp-content\/uploads\/2024\/02\/toms-drag-guardan-cat.jpg\" \/>\n\t<meta property=\"og:image:width\" content=\"800\" \/>\n\t<meta property=\"og:image:height\" content=\"800\" \/>\n\t<meta property=\"og:image:type\" content=\"image\/jpeg\" \/>\n<meta name=\"twitter:card\" content=\"summary_large_image\" \/>\n<script type=\"application\/ld+json\" class=\"yoast-schema-graph\">{\"@context\":\"https:\/\/schema.org\",\"@graph\":[{\"@type\":\"WebPage\",\"@id\":\"https:\/\/www.erresse-shop.it\/es\/shop\/mobiliario\/articulos-de-decoracion\/toms-drag-guardian-cat-m\/\",\"url\":\"https:\/\/www.erresse-shop.it\/es\/shop\/mobiliario\/articulos-de-decoracion\/toms-drag-guardian-cat-m\/\",\"name\":\"TOM'S DRAG Guardian Cat M - Erresse Shop\",\"isPartOf\":{\"@id\":\"https:\/\/www.erresse-shop.it\/es\/#website\"},\"datePublished\":\"2024-02-14T08:03:31+00:00\",\"dateModified\":\"2024-02-14T08:09:32+00:00\",\"description\":\"El gato Guardian M es una figura de resina pintada a mano. Art\u00edculo de la l\u00ednea Cats Collection de Tom's Drag. La colecci\u00f3n 'Silver Line' es 100% una\",\"breadcrumb\":{\"@id\":\"https:\/\/www.erresse-shop.it\/es\/shop\/mobiliario\/articulos-de-decoracion\/toms-drag-guardian-cat-m\/#breadcrumb\"},\"inLanguage\":\"es\",\"potentialAction\":[{\"@type\":\"ReadAction\",\"target\":[\"https:\/\/www.erresse-shop.it\/es\/shop\/mobiliario\/articulos-de-decoracion\/toms-drag-guardian-cat-m\/\"]}]},{\"@type\":\"BreadcrumbList\",\"@id\":\"https:\/\/www.erresse-shop.it\/es\/shop\/mobiliario\/articulos-de-decoracion\/toms-drag-guardian-cat-m\/#breadcrumb\",\"itemListElement\":[{\"@type\":\"ListItem\",\"position\":1,\"name\":\"Home\",\"item\":\"https:\/\/www.erresse-shop.it\/es\/\"},{\"@type\":\"ListItem\",\"position\":2,\"name\":\"Shop\",\"item\":\"https:\/\/www.erresse-shop.it\/es\/shop\/\"},{\"@type\":\"ListItem\",\"position\":3,\"name\":\"TOM&#8217;S DRAG Guardian Cat M\"}]},{\"@type\":\"WebSite\",\"@id\":\"https:\/\/www.erresse-shop.it\/es\/#website\",\"url\":\"https:\/\/www.erresse-shop.it\/es\/\",\"name\":\"Erresse Shop\",\"description\":\"Articoli di qualit\u00e0 per la casa\",\"potentialAction\":[{\"@type\":\"SearchAction\",\"target\":{\"@type\":\"EntryPoint\",\"urlTemplate\":\"https:\/\/www.erresse-shop.it\/es\/?s={search_term_string}\"},\"query-input\":\"required name=search_term_string\"}],\"inLanguage\":\"es\"}]}<\/script>\n<!-- \/ Yoast SEO Premium plugin. -->","yoast_head_json":{"title":"TOM'S DRAG Guardian Cat M - Erresse Shop","description":"El gato Guardian M es una figura de resina pintada a mano. Art\u00edculo de la l\u00ednea Cats Collection de Tom's Drag. La colecci\u00f3n 'Silver Line' es 100% una","robots":{"index":"index","follow":"follow","max-snippet":"max-snippet:-1","max-image-preview":"max-image-preview:large","max-video-preview":"max-video-preview:-1"},"canonical":"https:\/\/www.erresse-shop.it\/es\/shop\/mobiliario\/articulos-de-decoracion\/toms-drag-guardian-cat-m\/","og_locale":"es_ES","og_type":"article","og_title":"TOM'S DRAG Guardian Cat M","og_description":"El gato Guardian M es una figura de resina pintada a mano. Art\u00edculo de la l\u00ednea Cats Collection de Tom's Drag. La colecci\u00f3n 'Silver Line' es 100% una","og_url":"https:\/\/www.erresse-shop.it\/es\/shop\/mobiliario\/articulos-de-decoracion\/toms-drag-guardian-cat-m\/","og_site_name":"Erresse Shop","article_modified_time":"2024-02-14T08:09:32+00:00","og_image":[{"width":800,"height":800,"url":"https:\/\/www.erresse-shop.it\/wp-content\/uploads\/2024\/02\/toms-drag-guardan-cat.jpg","type":"image\/jpeg"}],"twitter_card":"summary_large_image","schema":{"@context":"https:\/\/schema.org","@graph":[{"@type":"WebPage","@id":"https:\/\/www.erresse-shop.it\/es\/shop\/mobiliario\/articulos-de-decoracion\/toms-drag-guardian-cat-m\/","url":"https:\/\/www.erresse-shop.it\/es\/shop\/mobiliario\/articulos-de-decoracion\/toms-drag-guardian-cat-m\/","name":"TOM'S DRAG Guardian Cat M - Erresse Shop","isPartOf":{"@id":"https:\/\/www.erresse-shop.it\/es\/#website"},"datePublished":"2024-02-14T08:03:31+00:00","dateModified":"2024-02-14T08:09:32+00:00","description":"El gato Guardian M es una figura de resina pintada a mano. Art\u00edculo de la l\u00ednea Cats Collection de Tom's Drag. La colecci\u00f3n 'Silver Line' es 100% una","breadcrumb":{"@id":"https:\/\/www.erresse-shop.it\/es\/shop\/mobiliario\/articulos-de-decoracion\/toms-drag-guardian-cat-m\/#breadcrumb"},"inLanguage":"es","potentialAction":[{"@type":"ReadAction","target":["https:\/\/www.erresse-shop.it\/es\/shop\/mobiliario\/articulos-de-decoracion\/toms-drag-guardian-cat-m\/"]}]},{"@type":"BreadcrumbList","@id":"https:\/\/www.erresse-shop.it\/es\/shop\/mobiliario\/articulos-de-decoracion\/toms-drag-guardian-cat-m\/#breadcrumb","itemListElement":[{"@type":"ListItem","position":1,"name":"Home","item":"https:\/\/www.erresse-shop.it\/es\/"},{"@type":"ListItem","position":2,"name":"Shop","item":"https:\/\/www.erresse-shop.it\/es\/shop\/"},{"@type":"ListItem","position":3,"name":"TOM&#8217;S DRAG Guardian Cat M"}]},{"@type":"WebSite","@id":"https:\/\/www.erresse-shop.it\/es\/#website","url":"https:\/\/www.erresse-shop.it\/es\/","name":"Erresse Shop","description":"Articoli di qualit\u00e0 per la casa","potentialAction":[{"@type":"SearchAction","target":{"@type":"EntryPoint","urlTemplate":"https:\/\/www.erresse-shop.it\/es\/?s={search_term_string}"},"query-input":"required name=search_term_string"}],"inLanguage":"es"}]}},"df_price":91,"df_sale_price":91,"df_regular_price":175,"df_image_link":"https:\/\/www.erresse-shop.it\/wp-content\/uploads\/2024\/02\/toms-drag-guardan-cat-300x300.jpg","_links":{"self":[{"href":"https:\/\/www.erresse-shop.it\/es\/wp-json\/wp\/v2\/product\/389744"}],"collection":[{"href":"https:\/\/www.erresse-shop.it\/es\/wp-json\/wp\/v2\/product"}],"about":[{"href":"https:\/\/www.erresse-shop.it\/es\/wp-json\/wp\/v2\/types\/product"}],"wp:featuredmedia":[{"embeddable":true,"href":"https:\/\/www.erresse-shop.it\/es\/wp-json\/wp\/v2\/media\/389749"}],"wp:attachment":[{"href":"https:\/\/www.erresse-shop.it\/es\/wp-json\/wp\/v2\/media?parent=389744"}],"wp:term":[{"taxonomy":"product_cat","embeddable":true,"href":"https:\/\/www.erresse-shop.it\/es\/wp-json\/wp\/v2\/product_cat?post=389744"},{"taxonomy":"product_tag","embeddable":true,"href":"https:\/\/www.erresse-shop.it\/es\/wp-json\/wp\/v2\/product_tag?post=389744"}],"curies":[{"name":"wp","href":"https:\/\/api.w.org\/{rel}","templated":true}]}}