{"id":389007,"date":"2024-02-12T12:53:18","date_gmt":"2024-02-12T12:53:22","guid":{"rendered":"https:\/\/www.erresse-shop.it\/?post_type=product&#038;p=389007"},"modified":"2024-04-22T00:01:53","modified_gmt":"2024-04-22T00:01:53","slug":"berkel-kit-de-restauracion-de-cortadoras-negro","status":"publish","type":"product","link":"https:\/\/www.erresse-shop.it\/es\/shop\/pequenos-electrodomesticos\/cortadoras\/berkel-kit-de-restauracion-de-cortadoras-negro\/","title":{"rendered":"BERKEL Kit de restauraci\u00f3n de cortadoras Negro"},"content":{"rendered":"<p>El Kit de Restauraci\u00f3n est\u00e1 dise\u00f1ado para retocar peque\u00f1os desconchones que se han producido durante el uso a lo largo de los a\u00f1os. Incluye:<br \/>\nPa\u00f1o medio lipotr\u00f3pico ULTRAMICROFIBRA resistente al lavado<br \/>\nAceite lubricante en spray 200 ml<br \/>\nCepillo de mantenimiento de la cuchilla<br \/>\nRotulador de retoque NEGRO<br \/>\nCaja ecol\u00f3gica Crush Cherry<\/p>\n<p>Restoring Kit Black Berkelcare est\u00e1 dise\u00f1ado para retocar peque\u00f1os desconchones que se han producido durante el uso a lo largo de los a\u00f1os.<br \/>\nRotulador de retoque negro<br \/>\nKit disponible en 2 versiones con marcador Berkel rojo o marcador negro seg\u00fan el color de su cortadora.<br \/>\nPa\u00f1o, aceite lubricante, desinfectante y cepillo para cuchillas completan el kit, aumentando el rendimiento y la durabilidad.<br \/>\nCrush Story, una historia de econom\u00eda circular: del cerezo al papel Crush. Las cajas que contienen han sido desarrolladas de forma sostenible para el medio ambiente, \u00a1una caja seg\u00fan los principios de la econom\u00eda circular!<\/p>\n<p><strong>Las principales caracter\u00edsticas:<\/strong><\/p>\n<p>Papel respetuoso con el medio ambiente nacido de la reutilizaci\u00f3n creativa del procesamiento de las cerezas: los granos.<br \/>\nCertificado FSC, fabricado con EKOenergy, sin OGM y contiene un 40% de reciclado postconsumo.<br \/>\nHuella de carbono reducida en un 20% respecto a un papel tradicional que utiliza residuos agroindustriales y energ\u00eda 100% verde. Cada kit tiene una caja exterior protectora adem\u00e1s de la caja Crush.<\/p>\n<p>Algunos detalles pueden diferir de lo que se muestra en la foto.<\/p>\n","protected":false},"excerpt":{"rendered":"<p>El Kit de Restauraci\u00f3n est\u00e1 dise\u00f1ado para retocar peque\u00f1os desconchones que se han producido durante el uso a lo largo<\/p>\n","protected":false},"featured_media":389014,"template":"","meta":{"_acf_changed":false,"inline_featured_image":false},"product_cat":[17345,16073],"product_tag":[23692,16432,16307],"acf":[],"yoast_head":"<!-- This site is optimized with the Yoast SEO Premium plugin v18.6 (Yoast SEO v19.13) - https:\/\/yoast.com\/wordpress\/plugins\/seo\/ -->\n<title>BERKEL Kit de restauraci\u00f3n de cortadoras Negro - Erresse Shop<\/title>\n<meta name=\"description\" content=\"El Kit de Restauraci\u00f3n est\u00e1 dise\u00f1ado para retocar peque\u00f1os desconchones que se han producido durante el uso a lo largo de los a\u00f1os. Incluye: Pa\u00f1o medio\" \/>\n<meta name=\"robots\" content=\"index, follow, max-snippet:-1, max-image-preview:large, max-video-preview:-1\" \/>\n<link rel=\"canonical\" href=\"https:\/\/www.erresse-shop.it\/es\/shop\/pequenos-electrodomesticos\/cortadoras\/berkel-kit-de-restauracion-de-cortadoras-negro\/\" \/>\n<meta property=\"og:locale\" content=\"es_ES\" \/>\n<meta property=\"og:type\" content=\"article\" \/>\n<meta property=\"og:title\" content=\"BERKEL Kit de restauraci\u00f3n de cortadoras Negro\" \/>\n<meta property=\"og:description\" content=\"El Kit de Restauraci\u00f3n est\u00e1 dise\u00f1ado para retocar peque\u00f1os desconchones que se han producido durante el uso a lo largo de los a\u00f1os. Incluye: Pa\u00f1o medio\" \/>\n<meta property=\"og:url\" content=\"https:\/\/www.erresse-shop.it\/es\/shop\/pequenos-electrodomesticos\/cortadoras\/berkel-kit-de-restauracion-de-cortadoras-negro\/\" \/>\n<meta property=\"og:site_name\" content=\"Erresse Shop\" \/>\n<meta property=\"article:modified_time\" content=\"2024-04-22T00:01:53+00:00\" \/>\n<meta property=\"og:image\" content=\"https:\/\/www.erresse-shop.it\/wp-content\/uploads\/2024\/02\/berkel-kit.jpg\" \/>\n\t<meta property=\"og:image:width\" content=\"800\" \/>\n\t<meta property=\"og:image:height\" content=\"800\" \/>\n\t<meta property=\"og:image:type\" content=\"image\/jpeg\" \/>\n<meta name=\"twitter:card\" content=\"summary_large_image\" \/>\n<script type=\"application\/ld+json\" class=\"yoast-schema-graph\">{\"@context\":\"https:\/\/schema.org\",\"@graph\":[{\"@type\":\"WebPage\",\"@id\":\"https:\/\/www.erresse-shop.it\/es\/shop\/pequenos-electrodomesticos\/cortadoras\/berkel-kit-de-restauracion-de-cortadoras-negro\/\",\"url\":\"https:\/\/www.erresse-shop.it\/es\/shop\/pequenos-electrodomesticos\/cortadoras\/berkel-kit-de-restauracion-de-cortadoras-negro\/\",\"name\":\"BERKEL Kit de restauraci\u00f3n de cortadoras Negro - Erresse Shop\",\"isPartOf\":{\"@id\":\"https:\/\/www.erresse-shop.it\/es\/#website\"},\"datePublished\":\"2024-02-12T12:53:22+00:00\",\"dateModified\":\"2024-04-22T00:01:53+00:00\",\"description\":\"El Kit de Restauraci\u00f3n est\u00e1 dise\u00f1ado para retocar peque\u00f1os desconchones que se han producido durante el uso a lo largo de los a\u00f1os. Incluye: Pa\u00f1o medio\",\"breadcrumb\":{\"@id\":\"https:\/\/www.erresse-shop.it\/es\/shop\/pequenos-electrodomesticos\/cortadoras\/berkel-kit-de-restauracion-de-cortadoras-negro\/#breadcrumb\"},\"inLanguage\":\"es\",\"potentialAction\":[{\"@type\":\"ReadAction\",\"target\":[\"https:\/\/www.erresse-shop.it\/es\/shop\/pequenos-electrodomesticos\/cortadoras\/berkel-kit-de-restauracion-de-cortadoras-negro\/\"]}]},{\"@type\":\"BreadcrumbList\",\"@id\":\"https:\/\/www.erresse-shop.it\/es\/shop\/pequenos-electrodomesticos\/cortadoras\/berkel-kit-de-restauracion-de-cortadoras-negro\/#breadcrumb\",\"itemListElement\":[{\"@type\":\"ListItem\",\"position\":1,\"name\":\"Home\",\"item\":\"https:\/\/www.erresse-shop.it\/es\/\"},{\"@type\":\"ListItem\",\"position\":2,\"name\":\"Shop\",\"item\":\"https:\/\/www.erresse-shop.it\/es\/shop\/\"},{\"@type\":\"ListItem\",\"position\":3,\"name\":\"BERKEL Kit de restauraci\u00f3n de cortadoras Negro\"}]},{\"@type\":\"WebSite\",\"@id\":\"https:\/\/www.erresse-shop.it\/es\/#website\",\"url\":\"https:\/\/www.erresse-shop.it\/es\/\",\"name\":\"Erresse Shop\",\"description\":\"Articoli di qualit\u00e0 per la casa\",\"potentialAction\":[{\"@type\":\"SearchAction\",\"target\":{\"@type\":\"EntryPoint\",\"urlTemplate\":\"https:\/\/www.erresse-shop.it\/es\/?s={search_term_string}\"},\"query-input\":\"required name=search_term_string\"}],\"inLanguage\":\"es\"}]}<\/script>\n<!-- \/ Yoast SEO Premium plugin. -->","yoast_head_json":{"title":"BERKEL Kit de restauraci\u00f3n de cortadoras Negro - Erresse Shop","description":"El Kit de Restauraci\u00f3n est\u00e1 dise\u00f1ado para retocar peque\u00f1os desconchones que se han producido durante el uso a lo largo de los a\u00f1os. Incluye: Pa\u00f1o medio","robots":{"index":"index","follow":"follow","max-snippet":"max-snippet:-1","max-image-preview":"max-image-preview:large","max-video-preview":"max-video-preview:-1"},"canonical":"https:\/\/www.erresse-shop.it\/es\/shop\/pequenos-electrodomesticos\/cortadoras\/berkel-kit-de-restauracion-de-cortadoras-negro\/","og_locale":"es_ES","og_type":"article","og_title":"BERKEL Kit de restauraci\u00f3n de cortadoras Negro","og_description":"El Kit de Restauraci\u00f3n est\u00e1 dise\u00f1ado para retocar peque\u00f1os desconchones que se han producido durante el uso a lo largo de los a\u00f1os. Incluye: Pa\u00f1o medio","og_url":"https:\/\/www.erresse-shop.it\/es\/shop\/pequenos-electrodomesticos\/cortadoras\/berkel-kit-de-restauracion-de-cortadoras-negro\/","og_site_name":"Erresse Shop","article_modified_time":"2024-04-22T00:01:53+00:00","og_image":[{"width":800,"height":800,"url":"https:\/\/www.erresse-shop.it\/wp-content\/uploads\/2024\/02\/berkel-kit.jpg","type":"image\/jpeg"}],"twitter_card":"summary_large_image","schema":{"@context":"https:\/\/schema.org","@graph":[{"@type":"WebPage","@id":"https:\/\/www.erresse-shop.it\/es\/shop\/pequenos-electrodomesticos\/cortadoras\/berkel-kit-de-restauracion-de-cortadoras-negro\/","url":"https:\/\/www.erresse-shop.it\/es\/shop\/pequenos-electrodomesticos\/cortadoras\/berkel-kit-de-restauracion-de-cortadoras-negro\/","name":"BERKEL Kit de restauraci\u00f3n de cortadoras Negro - Erresse Shop","isPartOf":{"@id":"https:\/\/www.erresse-shop.it\/es\/#website"},"datePublished":"2024-02-12T12:53:22+00:00","dateModified":"2024-04-22T00:01:53+00:00","description":"El Kit de Restauraci\u00f3n est\u00e1 dise\u00f1ado para retocar peque\u00f1os desconchones que se han producido durante el uso a lo largo de los a\u00f1os. Incluye: Pa\u00f1o medio","breadcrumb":{"@id":"https:\/\/www.erresse-shop.it\/es\/shop\/pequenos-electrodomesticos\/cortadoras\/berkel-kit-de-restauracion-de-cortadoras-negro\/#breadcrumb"},"inLanguage":"es","potentialAction":[{"@type":"ReadAction","target":["https:\/\/www.erresse-shop.it\/es\/shop\/pequenos-electrodomesticos\/cortadoras\/berkel-kit-de-restauracion-de-cortadoras-negro\/"]}]},{"@type":"BreadcrumbList","@id":"https:\/\/www.erresse-shop.it\/es\/shop\/pequenos-electrodomesticos\/cortadoras\/berkel-kit-de-restauracion-de-cortadoras-negro\/#breadcrumb","itemListElement":[{"@type":"ListItem","position":1,"name":"Home","item":"https:\/\/www.erresse-shop.it\/es\/"},{"@type":"ListItem","position":2,"name":"Shop","item":"https:\/\/www.erresse-shop.it\/es\/shop\/"},{"@type":"ListItem","position":3,"name":"BERKEL Kit de restauraci\u00f3n de cortadoras Negro"}]},{"@type":"WebSite","@id":"https:\/\/www.erresse-shop.it\/es\/#website","url":"https:\/\/www.erresse-shop.it\/es\/","name":"Erresse Shop","description":"Articoli di qualit\u00e0 per la casa","potentialAction":[{"@type":"SearchAction","target":{"@type":"EntryPoint","urlTemplate":"https:\/\/www.erresse-shop.it\/es\/?s={search_term_string}"},"query-input":"required name=search_term_string"}],"inLanguage":"es"}]}},"df_price":49.5,"df_sale_price":49.5,"df_regular_price":99,"df_image_link":"https:\/\/www.erresse-shop.it\/wp-content\/uploads\/2024\/02\/berkel-kit-300x300.jpg","_links":{"self":[{"href":"https:\/\/www.erresse-shop.it\/es\/wp-json\/wp\/v2\/product\/389007"}],"collection":[{"href":"https:\/\/www.erresse-shop.it\/es\/wp-json\/wp\/v2\/product"}],"about":[{"href":"https:\/\/www.erresse-shop.it\/es\/wp-json\/wp\/v2\/types\/product"}],"wp:featuredmedia":[{"embeddable":true,"href":"https:\/\/www.erresse-shop.it\/es\/wp-json\/wp\/v2\/media\/389014"}],"wp:attachment":[{"href":"https:\/\/www.erresse-shop.it\/es\/wp-json\/wp\/v2\/media?parent=389007"}],"wp:term":[{"taxonomy":"product_cat","embeddable":true,"href":"https:\/\/www.erresse-shop.it\/es\/wp-json\/wp\/v2\/product_cat?post=389007"},{"taxonomy":"product_tag","embeddable":true,"href":"https:\/\/www.erresse-shop.it\/es\/wp-json\/wp\/v2\/product_tag?post=389007"}],"curies":[{"name":"wp","href":"https:\/\/api.w.org\/{rel}","templated":true}]}}