{"id":388671,"date":"2024-02-12T07:42:44","date_gmt":"2024-02-12T07:42:48","guid":{"rendered":"https:\/\/www.erresse-shop.it\/?post_type=product&#038;p=388671"},"modified":"2024-11-18T14:35:28","modified_gmt":"2024-11-18T14:35:28","slug":"le-creuset-sarten-skillet-cuadrada-grill-de-hierro-fundido-26x26-cm-rhone","status":"publish","type":"product","link":"https:\/\/www.erresse-shop.it\/es\/shop\/sartenes-y-ollas\/parrillas\/le-creuset-sarten-skillet-cuadrada-grill-de-hierro-fundido-26x26-cm-rhone\/","title":{"rendered":"LE CREUSET Sart\u00e9n Skillet Cuadrada Grill de Hierro Fundido 26&#215;26 cm Garnet"},"content":{"rendered":"<p><strong>GRASA AL M\u00cdNIMO. M\u00c1XIMO SABOR<\/strong><\/p>\n<p>Nuestra parrilla de hierro fundido vitrificado garantiza el grado de humedad ideal para sus alimentos, creando suculentos sabores y fragantes aromas. Perfecta para platos sanos y apetitosos: el exceso de grasa se escurre y se acumula en las ranuras. Carne, pescado y verduras, usted elige. Esta vers\u00e1til parrilla multiusos se encargar\u00e1 del resto.<\/p>\n<ul>\n<li>Versatilidad: este producto es apto para horno, cocina y grill.<\/li>\n<li>Alimentos sabrosos: el hierro fundido vitrificado retiene el calor para que la cocci\u00f3n y el dorado sean uniformes. Sus deliciosas creaciones permanecer\u00e1n calientes m\u00e1s tiempo en la mesa.<\/li>\n<li>Ranuras de grill: crea aut\u00e9nticas hileras con efecto barbacoa para que la comida tenga un aspecto estupendo.<\/li>\n<li>No demasiado caliente: cocine con un calor constante de bajo a medio para cuidar su producto de hierro fundido vitrificado y conseguir resultados deliciosos.<\/li>\n<li>Mejora con el tiempo: el interior vitrificado desarrolla una p\u00e1tina natural que act\u00faa casi como una superficie antiadherente. Su acabado tiene propiedades que evitan que los alimentos se peguen incluso con peque\u00f1as cantidades de aceite. Lave el producto s\u00f3lo con agua para permitir que la p\u00e1tina se desarrolle.<\/li>\n<li>Nuestros productos se elaboran con los mejores materiales en f\u00e1bricas de todo el mundo para garantizar la calidad que espera de Le Creuset.<\/li>\n<\/ul>\n<p>Material: hierro fundido vitrificado<br \/>\nFabricado en: Francia<br \/>\nGarant\u00eda: de por vida<\/p>\n<p><strong>Fuente de calor:<\/strong><\/p>\n<ul>\n<li>Horno<\/li>\n<li>Horno modo grill<\/li>\n<li>Placa el\u00e9ctrica<\/li>\n<li>Vitrocer\u00e1mica<\/li>\n<li>Placa de gas<\/li>\n<li>Placa de inducci\u00f3n<\/li>\n<\/ul>\n<p><strong>Limpieza y cuidados:<\/strong><\/p>\n<ul>\n<li>Espere a que el producto se enfr\u00ede antes de empezar a limpiarlo.<\/li>\n<li>Limpie los restos de comida de la base y los laterales del producto. Si hay comida pegada, llene el producto con agua tibia jabonosa y d\u00e9jelo en remojo durante 15-20 minutos antes de lavarlo como de costumbre.<\/li>\n<li>No utilice limpiadores abrasivos ni esponjas o cepillos met\u00e1licos muy duros en ninguna de las superficies.<\/li>\n<li>S\u00e9quelo bien despu\u00e9s de lavarlo y gu\u00e1rdelo en un lugar seco.<\/li>\n<\/ul>\n<div class=\"su-youtube su-u-responsive-media-yes\"><iframe loading=\"lazy\" width=\"500\" height=\"200\" src=\"https:\/\/www.youtube.com\/embed\/WNBWpKCm0Zc?\" frameborder=\"0\" allowfullscreen allow=\"autoplay; encrypted-media; picture-in-picture\" title=\"\"><\/iframe><\/div>\n","protected":false},"excerpt":{"rendered":"<p>GRASA AL M\u00cdNIMO. M\u00c1XIMO SABOR Nuestra parrilla de hierro fundido vitrificado garantiza el grado de humedad ideal para sus alimentos,<\/p>\n","protected":false},"featured_media":460064,"template":"","meta":{"_acf_changed":false,"inline_featured_image":false},"product_cat":[16060,16058],"product_tag":[16111,16211,16781,23662,17104,24405,16248,16158,16654,22976,24393],"acf":[],"yoast_head":"<!-- This site is optimized with the Yoast SEO Premium plugin v18.6 (Yoast SEO v19.13) - https:\/\/yoast.com\/wordpress\/plugins\/seo\/ -->\n<title>LE CREUSET Sart\u00e9n Skillet Cuadrada Grill de Hierro Fundido 26x26 cm Garnet - Erresse Shop<\/title>\n<meta name=\"description\" content=\"GRASA AL M\u00cdNIMO. M\u00c1XIMO SABOR Nuestra parrilla de hierro fundido vitrificado garantiza el grado de humedad ideal para sus alimentos, creando suculentos\" \/>\n<meta name=\"robots\" content=\"index, follow, max-snippet:-1, max-image-preview:large, max-video-preview:-1\" \/>\n<link rel=\"canonical\" href=\"https:\/\/www.erresse-shop.it\/es\/shop\/sartenes-y-ollas\/parrillas\/le-creuset-sarten-skillet-cuadrada-grill-de-hierro-fundido-26x26-cm-rhone\/\" \/>\n<meta property=\"og:locale\" content=\"es_ES\" \/>\n<meta property=\"og:type\" content=\"article\" \/>\n<meta property=\"og:title\" content=\"LE CREUSET Sart\u00e9n Skillet Cuadrada Grill de Hierro Fundido 26x26 cm Garnet\" \/>\n<meta property=\"og:description\" content=\"GRASA AL M\u00cdNIMO. M\u00c1XIMO SABOR Nuestra parrilla de hierro fundido vitrificado garantiza el grado de humedad ideal para sus alimentos, creando suculentos\" \/>\n<meta property=\"og:url\" content=\"https:\/\/www.erresse-shop.it\/es\/shop\/sartenes-y-ollas\/parrillas\/le-creuset-sarten-skillet-cuadrada-grill-de-hierro-fundido-26x26-cm-rhone\/\" \/>\n<meta property=\"og:site_name\" content=\"Erresse Shop\" \/>\n<meta property=\"article:modified_time\" content=\"2024-11-18T14:35:28+00:00\" \/>\n<meta property=\"og:image\" content=\"https:\/\/www.erresse-shop.it\/wp-content\/uploads\/2024\/02\/LC_20230907_HL_PS_FS_20183269490422_002.jpg\" \/>\n\t<meta property=\"og:image:width\" content=\"1620\" \/>\n\t<meta property=\"og:image:height\" content=\"1080\" \/>\n\t<meta property=\"og:image:type\" content=\"image\/jpeg\" \/>\n<meta name=\"twitter:card\" content=\"summary_large_image\" \/>\n<script type=\"application\/ld+json\" class=\"yoast-schema-graph\">{\"@context\":\"https:\/\/schema.org\",\"@graph\":[{\"@type\":\"WebPage\",\"@id\":\"https:\/\/www.erresse-shop.it\/es\/shop\/sartenes-y-ollas\/parrillas\/le-creuset-sarten-skillet-cuadrada-grill-de-hierro-fundido-26x26-cm-rhone\/\",\"url\":\"https:\/\/www.erresse-shop.it\/es\/shop\/sartenes-y-ollas\/parrillas\/le-creuset-sarten-skillet-cuadrada-grill-de-hierro-fundido-26x26-cm-rhone\/\",\"name\":\"LE CREUSET Sart\u00e9n Skillet Cuadrada Grill de Hierro Fundido 26x26 cm Garnet - Erresse Shop\",\"isPartOf\":{\"@id\":\"https:\/\/www.erresse-shop.it\/es\/#website\"},\"datePublished\":\"2024-02-12T07:42:48+00:00\",\"dateModified\":\"2024-11-18T14:35:28+00:00\",\"description\":\"GRASA AL M\u00cdNIMO. M\u00c1XIMO SABOR Nuestra parrilla de hierro fundido vitrificado garantiza el grado de humedad ideal para sus alimentos, creando suculentos\",\"breadcrumb\":{\"@id\":\"https:\/\/www.erresse-shop.it\/es\/shop\/sartenes-y-ollas\/parrillas\/le-creuset-sarten-skillet-cuadrada-grill-de-hierro-fundido-26x26-cm-rhone\/#breadcrumb\"},\"inLanguage\":\"es\",\"potentialAction\":[{\"@type\":\"ReadAction\",\"target\":[\"https:\/\/www.erresse-shop.it\/es\/shop\/sartenes-y-ollas\/parrillas\/le-creuset-sarten-skillet-cuadrada-grill-de-hierro-fundido-26x26-cm-rhone\/\"]}]},{\"@type\":\"BreadcrumbList\",\"@id\":\"https:\/\/www.erresse-shop.it\/es\/shop\/sartenes-y-ollas\/parrillas\/le-creuset-sarten-skillet-cuadrada-grill-de-hierro-fundido-26x26-cm-rhone\/#breadcrumb\",\"itemListElement\":[{\"@type\":\"ListItem\",\"position\":1,\"name\":\"Home\",\"item\":\"https:\/\/www.erresse-shop.it\/es\/\"},{\"@type\":\"ListItem\",\"position\":2,\"name\":\"Shop\",\"item\":\"https:\/\/www.erresse-shop.it\/es\/shop\/\"},{\"@type\":\"ListItem\",\"position\":3,\"name\":\"LE CREUSET Sart\u00e9n Skillet Cuadrada Grill de Hierro Fundido 26&#215;26 cm Garnet\"}]},{\"@type\":\"WebSite\",\"@id\":\"https:\/\/www.erresse-shop.it\/es\/#website\",\"url\":\"https:\/\/www.erresse-shop.it\/es\/\",\"name\":\"Erresse Shop\",\"description\":\"Articoli di qualit\u00e0 per la casa\",\"potentialAction\":[{\"@type\":\"SearchAction\",\"target\":{\"@type\":\"EntryPoint\",\"urlTemplate\":\"https:\/\/www.erresse-shop.it\/es\/?s={search_term_string}\"},\"query-input\":\"required name=search_term_string\"}],\"inLanguage\":\"es\"}]}<\/script>\n<!-- \/ Yoast SEO Premium plugin. -->","yoast_head_json":{"title":"LE CREUSET Sart\u00e9n Skillet Cuadrada Grill de Hierro Fundido 26x26 cm Garnet - Erresse Shop","description":"GRASA AL M\u00cdNIMO. M\u00c1XIMO SABOR Nuestra parrilla de hierro fundido vitrificado garantiza el grado de humedad ideal para sus alimentos, creando suculentos","robots":{"index":"index","follow":"follow","max-snippet":"max-snippet:-1","max-image-preview":"max-image-preview:large","max-video-preview":"max-video-preview:-1"},"canonical":"https:\/\/www.erresse-shop.it\/es\/shop\/sartenes-y-ollas\/parrillas\/le-creuset-sarten-skillet-cuadrada-grill-de-hierro-fundido-26x26-cm-rhone\/","og_locale":"es_ES","og_type":"article","og_title":"LE CREUSET Sart\u00e9n Skillet Cuadrada Grill de Hierro Fundido 26x26 cm Garnet","og_description":"GRASA AL M\u00cdNIMO. M\u00c1XIMO SABOR Nuestra parrilla de hierro fundido vitrificado garantiza el grado de humedad ideal para sus alimentos, creando suculentos","og_url":"https:\/\/www.erresse-shop.it\/es\/shop\/sartenes-y-ollas\/parrillas\/le-creuset-sarten-skillet-cuadrada-grill-de-hierro-fundido-26x26-cm-rhone\/","og_site_name":"Erresse Shop","article_modified_time":"2024-11-18T14:35:28+00:00","og_image":[{"width":1620,"height":1080,"url":"https:\/\/www.erresse-shop.it\/wp-content\/uploads\/2024\/02\/LC_20230907_HL_PS_FS_20183269490422_002.jpg","type":"image\/jpeg"}],"twitter_card":"summary_large_image","schema":{"@context":"https:\/\/schema.org","@graph":[{"@type":"WebPage","@id":"https:\/\/www.erresse-shop.it\/es\/shop\/sartenes-y-ollas\/parrillas\/le-creuset-sarten-skillet-cuadrada-grill-de-hierro-fundido-26x26-cm-rhone\/","url":"https:\/\/www.erresse-shop.it\/es\/shop\/sartenes-y-ollas\/parrillas\/le-creuset-sarten-skillet-cuadrada-grill-de-hierro-fundido-26x26-cm-rhone\/","name":"LE CREUSET Sart\u00e9n Skillet Cuadrada Grill de Hierro Fundido 26x26 cm Garnet - Erresse Shop","isPartOf":{"@id":"https:\/\/www.erresse-shop.it\/es\/#website"},"datePublished":"2024-02-12T07:42:48+00:00","dateModified":"2024-11-18T14:35:28+00:00","description":"GRASA AL M\u00cdNIMO. M\u00c1XIMO SABOR Nuestra parrilla de hierro fundido vitrificado garantiza el grado de humedad ideal para sus alimentos, creando suculentos","breadcrumb":{"@id":"https:\/\/www.erresse-shop.it\/es\/shop\/sartenes-y-ollas\/parrillas\/le-creuset-sarten-skillet-cuadrada-grill-de-hierro-fundido-26x26-cm-rhone\/#breadcrumb"},"inLanguage":"es","potentialAction":[{"@type":"ReadAction","target":["https:\/\/www.erresse-shop.it\/es\/shop\/sartenes-y-ollas\/parrillas\/le-creuset-sarten-skillet-cuadrada-grill-de-hierro-fundido-26x26-cm-rhone\/"]}]},{"@type":"BreadcrumbList","@id":"https:\/\/www.erresse-shop.it\/es\/shop\/sartenes-y-ollas\/parrillas\/le-creuset-sarten-skillet-cuadrada-grill-de-hierro-fundido-26x26-cm-rhone\/#breadcrumb","itemListElement":[{"@type":"ListItem","position":1,"name":"Home","item":"https:\/\/www.erresse-shop.it\/es\/"},{"@type":"ListItem","position":2,"name":"Shop","item":"https:\/\/www.erresse-shop.it\/es\/shop\/"},{"@type":"ListItem","position":3,"name":"LE CREUSET Sart\u00e9n Skillet Cuadrada Grill de Hierro Fundido 26&#215;26 cm Garnet"}]},{"@type":"WebSite","@id":"https:\/\/www.erresse-shop.it\/es\/#website","url":"https:\/\/www.erresse-shop.it\/es\/","name":"Erresse Shop","description":"Articoli di qualit\u00e0 per la casa","potentialAction":[{"@type":"SearchAction","target":{"@type":"EntryPoint","urlTemplate":"https:\/\/www.erresse-shop.it\/es\/?s={search_term_string}"},"query-input":"required name=search_term_string"}],"inLanguage":"es"}]}},"df_price":80.55,"df_sale_price":80.55,"df_regular_price":179,"df_image_link":"https:\/\/www.erresse-shop.it\/wp-content\/uploads\/2024\/02\/LE-CREUSET-Bistecchiera-Skillet-Quadrata-in-Ghisa-26\u00d726-cm-Garnet-300x300.jpg","_links":{"self":[{"href":"https:\/\/www.erresse-shop.it\/es\/wp-json\/wp\/v2\/product\/388671"}],"collection":[{"href":"https:\/\/www.erresse-shop.it\/es\/wp-json\/wp\/v2\/product"}],"about":[{"href":"https:\/\/www.erresse-shop.it\/es\/wp-json\/wp\/v2\/types\/product"}],"wp:featuredmedia":[{"embeddable":true,"href":"https:\/\/www.erresse-shop.it\/es\/wp-json\/wp\/v2\/media\/460064"}],"wp:attachment":[{"href":"https:\/\/www.erresse-shop.it\/es\/wp-json\/wp\/v2\/media?parent=388671"}],"wp:term":[{"taxonomy":"product_cat","embeddable":true,"href":"https:\/\/www.erresse-shop.it\/es\/wp-json\/wp\/v2\/product_cat?post=388671"},{"taxonomy":"product_tag","embeddable":true,"href":"https:\/\/www.erresse-shop.it\/es\/wp-json\/wp\/v2\/product_tag?post=388671"}],"curies":[{"name":"wp","href":"https:\/\/api.w.org\/{rel}","templated":true}]}}