{"id":387929,"date":"2024-02-09T09:28:01","date_gmt":"2024-02-09T09:28:05","guid":{"rendered":"https:\/\/www.erresse-shop.it\/?post_type=product&#038;p=387929"},"modified":"2024-06-11T00:02:40","modified_gmt":"2024-06-11T00:02:40","slug":"yaxell-zen-cuchillo-deshuesador-curvo-15-cm","status":"publish","type":"product","link":"https:\/\/www.erresse-shop.it\/es\/shop\/cocina\/cuchillos\/cuchillos-de-cocina\/yaxell-zen-cuchillo-deshuesador-curvo-15-cm\/","title":{"rendered":"YAXELL Zen Cuchillo deshuesador curvo 15 cm"},"content":{"rendered":"<p>El cuchillo deshuesador Zen de Yaxell es un elegante cuchillo de cocina japon\u00e9s dise\u00f1ado para cortar la carne de los huesos. Por ejemplo, para cortar un muslo de pollo, un trozo de pato o costillas. Pero tambi\u00e9n se puede utilizar para quitar tendones y grasa.<\/p>\n<p>Hoja Zen Yaxell<br \/>\nLa hoja est\u00e1 fabricada con 37 capas de acero damasco y un n\u00facleo de acero japon\u00e9s VG10 endurecido a 61HRC. El VG10 es conocido por ser muy duro y tambi\u00e9n se puede afilar f\u00e1cilmente. El efecto martillado de la hoja es un acabado tradicional que surgi\u00f3 debido a los golpes de martillo del herrero mientras forjaba la hoja. Adem\u00e1s de tener un buen aspecto, los hoyuelos garantizan que la comida no se pegue a la hoja. El acero damasco contrasta muy bien con las l\u00edneas oscuras y claras que recorren toda la longitud de la hoja. Esta combinaci\u00f3n de tipo de acero y acabado garantiza que los cuchillos Yaxell Zen sean a la vez eficientes y llamativos.<\/p>\n<p>Mango Yaxell Zen<br \/>\nLos mangos est\u00e1n hechos de micarta, Micarta es un material compuesto de lino, impregnado con resina epoxi. Como resultado, el material es muy fuerte, puede manejar muchas situaciones diferentes y es resistente al agua. La micarta es conocida por ofrecer mucho agarre. Incluso cuando est\u00e1 mojada. La forma ovalada y redonda del mango ofrece suficiente agarre, por lo que resulta muy c\u00f3modo de usar.<\/p>\n<p>Yaxell: cuchillos de cocina japoneses que enamoran<br \/>\nYaxell lleva fabricando cuchillos de cocina japoneses profesionales para uso diario desde 1932. Lo hacen en la capital japonesa del cuchillo: Seki. Aqu\u00ed combinan t\u00e9cnicas, dise\u00f1os y materiales modernos con los conocimientos hist\u00f3ricos y la experiencia de los fabricantes tradicionales de espadas y cuchillos. Yaxell cree que un cuchillo de cocina es una parte esencial de su vida diaria. Un cuchillo de cocina debe ser asequible y fiable, pero tambi\u00e9n debe inspirar y entusiasmar. Para conseguirlo, Yaxell ha introducido un par de colecciones para todos los gustos. Los materiales utilizados proporcionan un cuchillo fiable y de alta calidad. Cuchillos que le encantar\u00e1 utilizar a diario.<\/p>\n<p>Altura de la hoja 2,5 cm<br \/>\nLongitud de la hoja 16 Cm<br \/>\nLongitud total 27 Cm<br \/>\nPeso 115 g<\/p>\n<p><strong>Fabricado en Jap\u00f3n<\/strong><\/p>\n","protected":false},"excerpt":{"rendered":"<p>El cuchillo deshuesador Zen de Yaxell es un elegante cuchillo de cocina japon\u00e9s dise\u00f1ado para cortar la carne de los<\/p>\n","protected":false},"featured_media":387943,"template":"","meta":{"_acf_changed":false,"inline_featured_image":false},"product_cat":[16040,16043,16047],"product_tag":[16162,22497,16432,22496],"acf":[],"yoast_head":"<!-- This site is optimized with the Yoast SEO Premium plugin v18.6 (Yoast SEO v19.13) - https:\/\/yoast.com\/wordpress\/plugins\/seo\/ -->\n<title>YAXELL Zen Cuchillo deshuesador curvo 15 cm - Erresse Shop<\/title>\n<meta name=\"description\" content=\"El cuchillo deshuesador Zen de Yaxell es un elegante cuchillo de cocina japon\u00e9s dise\u00f1ado para cortar la carne de los huesos. Por ejemplo, para cortar un\" \/>\n<meta name=\"robots\" content=\"index, follow, max-snippet:-1, max-image-preview:large, max-video-preview:-1\" \/>\n<link rel=\"canonical\" href=\"https:\/\/www.erresse-shop.it\/es\/shop\/cocina\/cuchillos\/cuchillos-de-cocina\/yaxell-zen-cuchillo-deshuesador-curvo-15-cm\/\" \/>\n<meta property=\"og:locale\" content=\"es_ES\" \/>\n<meta property=\"og:type\" content=\"article\" \/>\n<meta property=\"og:title\" content=\"YAXELL Zen Cuchillo deshuesador curvo 15 cm\" \/>\n<meta property=\"og:description\" content=\"El cuchillo deshuesador Zen de Yaxell es un elegante cuchillo de cocina japon\u00e9s dise\u00f1ado para cortar la carne de los huesos. Por ejemplo, para cortar un\" \/>\n<meta property=\"og:url\" content=\"https:\/\/www.erresse-shop.it\/es\/shop\/cocina\/cuchillos\/cuchillos-de-cocina\/yaxell-zen-cuchillo-deshuesador-curvo-15-cm\/\" \/>\n<meta property=\"og:site_name\" content=\"Erresse Shop\" \/>\n<meta property=\"article:modified_time\" content=\"2024-06-11T00:02:40+00:00\" \/>\n<meta property=\"og:image\" content=\"https:\/\/www.erresse-shop.it\/wp-content\/uploads\/2024\/02\/Yaxell-disossare.jpg\" \/>\n\t<meta property=\"og:image:width\" content=\"800\" \/>\n\t<meta property=\"og:image:height\" content=\"800\" \/>\n\t<meta property=\"og:image:type\" content=\"image\/jpeg\" \/>\n<meta name=\"twitter:card\" content=\"summary_large_image\" \/>\n<script type=\"application\/ld+json\" class=\"yoast-schema-graph\">{\"@context\":\"https:\/\/schema.org\",\"@graph\":[{\"@type\":\"WebPage\",\"@id\":\"https:\/\/www.erresse-shop.it\/es\/shop\/cocina\/cuchillos\/cuchillos-de-cocina\/yaxell-zen-cuchillo-deshuesador-curvo-15-cm\/\",\"url\":\"https:\/\/www.erresse-shop.it\/es\/shop\/cocina\/cuchillos\/cuchillos-de-cocina\/yaxell-zen-cuchillo-deshuesador-curvo-15-cm\/\",\"name\":\"YAXELL Zen Cuchillo deshuesador curvo 15 cm - Erresse Shop\",\"isPartOf\":{\"@id\":\"https:\/\/www.erresse-shop.it\/es\/#website\"},\"datePublished\":\"2024-02-09T09:28:05+00:00\",\"dateModified\":\"2024-06-11T00:02:40+00:00\",\"description\":\"El cuchillo deshuesador Zen de Yaxell es un elegante cuchillo de cocina japon\u00e9s dise\u00f1ado para cortar la carne de los huesos. Por ejemplo, para cortar un\",\"breadcrumb\":{\"@id\":\"https:\/\/www.erresse-shop.it\/es\/shop\/cocina\/cuchillos\/cuchillos-de-cocina\/yaxell-zen-cuchillo-deshuesador-curvo-15-cm\/#breadcrumb\"},\"inLanguage\":\"es\",\"potentialAction\":[{\"@type\":\"ReadAction\",\"target\":[\"https:\/\/www.erresse-shop.it\/es\/shop\/cocina\/cuchillos\/cuchillos-de-cocina\/yaxell-zen-cuchillo-deshuesador-curvo-15-cm\/\"]}]},{\"@type\":\"BreadcrumbList\",\"@id\":\"https:\/\/www.erresse-shop.it\/es\/shop\/cocina\/cuchillos\/cuchillos-de-cocina\/yaxell-zen-cuchillo-deshuesador-curvo-15-cm\/#breadcrumb\",\"itemListElement\":[{\"@type\":\"ListItem\",\"position\":1,\"name\":\"Home\",\"item\":\"https:\/\/www.erresse-shop.it\/es\/\"},{\"@type\":\"ListItem\",\"position\":2,\"name\":\"Shop\",\"item\":\"https:\/\/www.erresse-shop.it\/es\/shop\/\"},{\"@type\":\"ListItem\",\"position\":3,\"name\":\"YAXELL Zen Cuchillo deshuesador curvo 15 cm\"}]},{\"@type\":\"WebSite\",\"@id\":\"https:\/\/www.erresse-shop.it\/es\/#website\",\"url\":\"https:\/\/www.erresse-shop.it\/es\/\",\"name\":\"Erresse Shop\",\"description\":\"Articoli di qualit\u00e0 per la casa\",\"potentialAction\":[{\"@type\":\"SearchAction\",\"target\":{\"@type\":\"EntryPoint\",\"urlTemplate\":\"https:\/\/www.erresse-shop.it\/es\/?s={search_term_string}\"},\"query-input\":\"required name=search_term_string\"}],\"inLanguage\":\"es\"}]}<\/script>\n<!-- \/ Yoast SEO Premium plugin. -->","yoast_head_json":{"title":"YAXELL Zen Cuchillo deshuesador curvo 15 cm - Erresse Shop","description":"El cuchillo deshuesador Zen de Yaxell es un elegante cuchillo de cocina japon\u00e9s dise\u00f1ado para cortar la carne de los huesos. Por ejemplo, para cortar un","robots":{"index":"index","follow":"follow","max-snippet":"max-snippet:-1","max-image-preview":"max-image-preview:large","max-video-preview":"max-video-preview:-1"},"canonical":"https:\/\/www.erresse-shop.it\/es\/shop\/cocina\/cuchillos\/cuchillos-de-cocina\/yaxell-zen-cuchillo-deshuesador-curvo-15-cm\/","og_locale":"es_ES","og_type":"article","og_title":"YAXELL Zen Cuchillo deshuesador curvo 15 cm","og_description":"El cuchillo deshuesador Zen de Yaxell es un elegante cuchillo de cocina japon\u00e9s dise\u00f1ado para cortar la carne de los huesos. Por ejemplo, para cortar un","og_url":"https:\/\/www.erresse-shop.it\/es\/shop\/cocina\/cuchillos\/cuchillos-de-cocina\/yaxell-zen-cuchillo-deshuesador-curvo-15-cm\/","og_site_name":"Erresse Shop","article_modified_time":"2024-06-11T00:02:40+00:00","og_image":[{"width":800,"height":800,"url":"https:\/\/www.erresse-shop.it\/wp-content\/uploads\/2024\/02\/Yaxell-disossare.jpg","type":"image\/jpeg"}],"twitter_card":"summary_large_image","schema":{"@context":"https:\/\/schema.org","@graph":[{"@type":"WebPage","@id":"https:\/\/www.erresse-shop.it\/es\/shop\/cocina\/cuchillos\/cuchillos-de-cocina\/yaxell-zen-cuchillo-deshuesador-curvo-15-cm\/","url":"https:\/\/www.erresse-shop.it\/es\/shop\/cocina\/cuchillos\/cuchillos-de-cocina\/yaxell-zen-cuchillo-deshuesador-curvo-15-cm\/","name":"YAXELL Zen Cuchillo deshuesador curvo 15 cm - Erresse Shop","isPartOf":{"@id":"https:\/\/www.erresse-shop.it\/es\/#website"},"datePublished":"2024-02-09T09:28:05+00:00","dateModified":"2024-06-11T00:02:40+00:00","description":"El cuchillo deshuesador Zen de Yaxell es un elegante cuchillo de cocina japon\u00e9s dise\u00f1ado para cortar la carne de los huesos. Por ejemplo, para cortar un","breadcrumb":{"@id":"https:\/\/www.erresse-shop.it\/es\/shop\/cocina\/cuchillos\/cuchillos-de-cocina\/yaxell-zen-cuchillo-deshuesador-curvo-15-cm\/#breadcrumb"},"inLanguage":"es","potentialAction":[{"@type":"ReadAction","target":["https:\/\/www.erresse-shop.it\/es\/shop\/cocina\/cuchillos\/cuchillos-de-cocina\/yaxell-zen-cuchillo-deshuesador-curvo-15-cm\/"]}]},{"@type":"BreadcrumbList","@id":"https:\/\/www.erresse-shop.it\/es\/shop\/cocina\/cuchillos\/cuchillos-de-cocina\/yaxell-zen-cuchillo-deshuesador-curvo-15-cm\/#breadcrumb","itemListElement":[{"@type":"ListItem","position":1,"name":"Home","item":"https:\/\/www.erresse-shop.it\/es\/"},{"@type":"ListItem","position":2,"name":"Shop","item":"https:\/\/www.erresse-shop.it\/es\/shop\/"},{"@type":"ListItem","position":3,"name":"YAXELL Zen Cuchillo deshuesador curvo 15 cm"}]},{"@type":"WebSite","@id":"https:\/\/www.erresse-shop.it\/es\/#website","url":"https:\/\/www.erresse-shop.it\/es\/","name":"Erresse Shop","description":"Articoli di qualit\u00e0 per la casa","potentialAction":[{"@type":"SearchAction","target":{"@type":"EntryPoint","urlTemplate":"https:\/\/www.erresse-shop.it\/es\/?s={search_term_string}"},"query-input":"required name=search_term_string"}],"inLanguage":"es"}]}},"df_price":111.2,"df_sale_price":111.2,"df_regular_price":139,"df_image_link":"https:\/\/www.erresse-shop.it\/wp-content\/uploads\/2024\/02\/Yaxell-disossare-300x300.jpg","_links":{"self":[{"href":"https:\/\/www.erresse-shop.it\/es\/wp-json\/wp\/v2\/product\/387929"}],"collection":[{"href":"https:\/\/www.erresse-shop.it\/es\/wp-json\/wp\/v2\/product"}],"about":[{"href":"https:\/\/www.erresse-shop.it\/es\/wp-json\/wp\/v2\/types\/product"}],"wp:featuredmedia":[{"embeddable":true,"href":"https:\/\/www.erresse-shop.it\/es\/wp-json\/wp\/v2\/media\/387943"}],"wp:attachment":[{"href":"https:\/\/www.erresse-shop.it\/es\/wp-json\/wp\/v2\/media?parent=387929"}],"wp:term":[{"taxonomy":"product_cat","embeddable":true,"href":"https:\/\/www.erresse-shop.it\/es\/wp-json\/wp\/v2\/product_cat?post=387929"},{"taxonomy":"product_tag","embeddable":true,"href":"https:\/\/www.erresse-shop.it\/es\/wp-json\/wp\/v2\/product_tag?post=387929"}],"curies":[{"name":"wp","href":"https:\/\/api.w.org\/{rel}","templated":true}]}}