{"id":385044,"date":"2024-02-01T10:23:34","date_gmt":"2024-02-01T10:23:38","guid":{"rendered":"https:\/\/www.erresse-shop.it\/?post_type=product&#038;p=385044"},"modified":"2024-02-01T10:25:11","modified_gmt":"2024-02-01T10:25:11","slug":"ichendorf-milano-marine-garden-pez-alga-amarillo-ambar","status":"publish","type":"product","link":"https:\/\/www.erresse-shop.it\/es\/shop\/tabla\/vasos\/ichendorf-milano-marine-garden-pez-alga-amarillo-ambar\/","title":{"rendered":"ICHENDORF MILANO Marine Garden Pez Alga Amarillo \u00c1mbar"},"content":{"rendered":"<p><strong>Colecci\u00f3n<\/strong> Marine Garden<br \/>\n<strong>Dise\u00f1o<\/strong> Alessandra Baldereschi<br \/>\n<strong>Material<\/strong> Borosilicato<br \/>\n<strong>Fabricaci\u00f3n<\/strong> Hecho a mano y lampworked<br \/>\n<strong>Dimensiones<\/strong> H. 8 \u2300 8,5<br \/>\n<strong>Lavado<\/strong> Apto para lavavajillas a baja temperatura (se recomienda 40\u00b0).<\/p>\n","protected":false},"excerpt":{"rendered":"<p>Colecci\u00f3n Marine Garden Dise\u00f1o Alessandra Baldereschi Material Borosilicato Fabricaci\u00f3n Hecho a mano y lampworked Dimensiones H. 8 \u2300 8,5 Lavado<\/p>\n","protected":false},"featured_media":385001,"template":"","meta":{"_acf_changed":false,"inline_featured_image":false},"product_cat":[16027,16028],"product_tag":[16119,22558,16610],"acf":[],"yoast_head":"<!-- This site is optimized with the Yoast SEO Premium plugin v18.6 (Yoast SEO v19.13) - https:\/\/yoast.com\/wordpress\/plugins\/seo\/ -->\n<title>ICHENDORF MILANO Marine Garden Pez Alga Amarillo \u00c1mbar - Erresse Shop<\/title>\n<meta name=\"description\" content=\"Colecci\u00f3n Marine Garden Dise\u00f1o Alessandra Baldereschi Material Borosilicato Fabricaci\u00f3n Hecho a mano y lampworked Dimensiones H. 8 \u2300 8,5 Lavado Apto para\" \/>\n<meta name=\"robots\" content=\"index, follow, max-snippet:-1, max-image-preview:large, max-video-preview:-1\" \/>\n<link rel=\"canonical\" href=\"https:\/\/www.erresse-shop.it\/es\/shop\/tabla\/vasos\/ichendorf-milano-marine-garden-pez-alga-amarillo-ambar\/\" \/>\n<meta property=\"og:locale\" content=\"es_ES\" \/>\n<meta property=\"og:type\" content=\"article\" \/>\n<meta property=\"og:title\" content=\"ICHENDORF MILANO Marine Garden Pez Alga Amarillo \u00c1mbar\" \/>\n<meta property=\"og:description\" content=\"Colecci\u00f3n Marine Garden Dise\u00f1o Alessandra Baldereschi Material Borosilicato Fabricaci\u00f3n Hecho a mano y lampworked Dimensiones H. 8 \u2300 8,5 Lavado Apto para\" \/>\n<meta property=\"og:url\" content=\"https:\/\/www.erresse-shop.it\/es\/shop\/tabla\/vasos\/ichendorf-milano-marine-garden-pez-alga-amarillo-ambar\/\" \/>\n<meta property=\"og:site_name\" content=\"Erresse Shop\" \/>\n<meta property=\"article:modified_time\" content=\"2024-02-01T10:25:11+00:00\" \/>\n<meta property=\"og:image\" content=\"https:\/\/www.erresse-shop.it\/wp-content\/uploads\/2024\/02\/ichendorf-pesce-giallo-alga-ambra.jpg\" \/>\n\t<meta property=\"og:image:width\" content=\"800\" \/>\n\t<meta property=\"og:image:height\" content=\"800\" \/>\n\t<meta property=\"og:image:type\" content=\"image\/jpeg\" \/>\n<meta name=\"twitter:card\" content=\"summary_large_image\" \/>\n<script type=\"application\/ld+json\" class=\"yoast-schema-graph\">{\"@context\":\"https:\/\/schema.org\",\"@graph\":[{\"@type\":\"WebPage\",\"@id\":\"https:\/\/www.erresse-shop.it\/es\/shop\/tabla\/vasos\/ichendorf-milano-marine-garden-pez-alga-amarillo-ambar\/\",\"url\":\"https:\/\/www.erresse-shop.it\/es\/shop\/tabla\/vasos\/ichendorf-milano-marine-garden-pez-alga-amarillo-ambar\/\",\"name\":\"ICHENDORF MILANO Marine Garden Pez Alga Amarillo \u00c1mbar - Erresse Shop\",\"isPartOf\":{\"@id\":\"https:\/\/www.erresse-shop.it\/es\/#website\"},\"datePublished\":\"2024-02-01T10:23:38+00:00\",\"dateModified\":\"2024-02-01T10:25:11+00:00\",\"description\":\"Colecci\u00f3n Marine Garden Dise\u00f1o Alessandra Baldereschi Material Borosilicato Fabricaci\u00f3n Hecho a mano y lampworked Dimensiones H. 8 \u2300 8,5 Lavado Apto para\",\"breadcrumb\":{\"@id\":\"https:\/\/www.erresse-shop.it\/es\/shop\/tabla\/vasos\/ichendorf-milano-marine-garden-pez-alga-amarillo-ambar\/#breadcrumb\"},\"inLanguage\":\"es\",\"potentialAction\":[{\"@type\":\"ReadAction\",\"target\":[\"https:\/\/www.erresse-shop.it\/es\/shop\/tabla\/vasos\/ichendorf-milano-marine-garden-pez-alga-amarillo-ambar\/\"]}]},{\"@type\":\"BreadcrumbList\",\"@id\":\"https:\/\/www.erresse-shop.it\/es\/shop\/tabla\/vasos\/ichendorf-milano-marine-garden-pez-alga-amarillo-ambar\/#breadcrumb\",\"itemListElement\":[{\"@type\":\"ListItem\",\"position\":1,\"name\":\"Home\",\"item\":\"https:\/\/www.erresse-shop.it\/es\/\"},{\"@type\":\"ListItem\",\"position\":2,\"name\":\"Shop\",\"item\":\"https:\/\/www.erresse-shop.it\/es\/shop\/\"},{\"@type\":\"ListItem\",\"position\":3,\"name\":\"ICHENDORF MILANO Marine Garden Pez Alga Amarillo \u00c1mbar\"}]},{\"@type\":\"WebSite\",\"@id\":\"https:\/\/www.erresse-shop.it\/es\/#website\",\"url\":\"https:\/\/www.erresse-shop.it\/es\/\",\"name\":\"Erresse Shop\",\"description\":\"Articoli di qualit\u00e0 per la casa\",\"potentialAction\":[{\"@type\":\"SearchAction\",\"target\":{\"@type\":\"EntryPoint\",\"urlTemplate\":\"https:\/\/www.erresse-shop.it\/es\/?s={search_term_string}\"},\"query-input\":\"required name=search_term_string\"}],\"inLanguage\":\"es\"}]}<\/script>\n<!-- \/ Yoast SEO Premium plugin. -->","yoast_head_json":{"title":"ICHENDORF MILANO Marine Garden Pez Alga Amarillo \u00c1mbar - Erresse Shop","description":"Colecci\u00f3n Marine Garden Dise\u00f1o Alessandra Baldereschi Material Borosilicato Fabricaci\u00f3n Hecho a mano y lampworked Dimensiones H. 8 \u2300 8,5 Lavado Apto para","robots":{"index":"index","follow":"follow","max-snippet":"max-snippet:-1","max-image-preview":"max-image-preview:large","max-video-preview":"max-video-preview:-1"},"canonical":"https:\/\/www.erresse-shop.it\/es\/shop\/tabla\/vasos\/ichendorf-milano-marine-garden-pez-alga-amarillo-ambar\/","og_locale":"es_ES","og_type":"article","og_title":"ICHENDORF MILANO Marine Garden Pez Alga Amarillo \u00c1mbar","og_description":"Colecci\u00f3n Marine Garden Dise\u00f1o Alessandra Baldereschi Material Borosilicato Fabricaci\u00f3n Hecho a mano y lampworked Dimensiones H. 8 \u2300 8,5 Lavado Apto para","og_url":"https:\/\/www.erresse-shop.it\/es\/shop\/tabla\/vasos\/ichendorf-milano-marine-garden-pez-alga-amarillo-ambar\/","og_site_name":"Erresse Shop","article_modified_time":"2024-02-01T10:25:11+00:00","og_image":[{"width":800,"height":800,"url":"https:\/\/www.erresse-shop.it\/wp-content\/uploads\/2024\/02\/ichendorf-pesce-giallo-alga-ambra.jpg","type":"image\/jpeg"}],"twitter_card":"summary_large_image","schema":{"@context":"https:\/\/schema.org","@graph":[{"@type":"WebPage","@id":"https:\/\/www.erresse-shop.it\/es\/shop\/tabla\/vasos\/ichendorf-milano-marine-garden-pez-alga-amarillo-ambar\/","url":"https:\/\/www.erresse-shop.it\/es\/shop\/tabla\/vasos\/ichendorf-milano-marine-garden-pez-alga-amarillo-ambar\/","name":"ICHENDORF MILANO Marine Garden Pez Alga Amarillo \u00c1mbar - Erresse Shop","isPartOf":{"@id":"https:\/\/www.erresse-shop.it\/es\/#website"},"datePublished":"2024-02-01T10:23:38+00:00","dateModified":"2024-02-01T10:25:11+00:00","description":"Colecci\u00f3n Marine Garden Dise\u00f1o Alessandra Baldereschi Material Borosilicato Fabricaci\u00f3n Hecho a mano y lampworked Dimensiones H. 8 \u2300 8,5 Lavado Apto para","breadcrumb":{"@id":"https:\/\/www.erresse-shop.it\/es\/shop\/tabla\/vasos\/ichendorf-milano-marine-garden-pez-alga-amarillo-ambar\/#breadcrumb"},"inLanguage":"es","potentialAction":[{"@type":"ReadAction","target":["https:\/\/www.erresse-shop.it\/es\/shop\/tabla\/vasos\/ichendorf-milano-marine-garden-pez-alga-amarillo-ambar\/"]}]},{"@type":"BreadcrumbList","@id":"https:\/\/www.erresse-shop.it\/es\/shop\/tabla\/vasos\/ichendorf-milano-marine-garden-pez-alga-amarillo-ambar\/#breadcrumb","itemListElement":[{"@type":"ListItem","position":1,"name":"Home","item":"https:\/\/www.erresse-shop.it\/es\/"},{"@type":"ListItem","position":2,"name":"Shop","item":"https:\/\/www.erresse-shop.it\/es\/shop\/"},{"@type":"ListItem","position":3,"name":"ICHENDORF MILANO Marine Garden Pez Alga Amarillo \u00c1mbar"}]},{"@type":"WebSite","@id":"https:\/\/www.erresse-shop.it\/es\/#website","url":"https:\/\/www.erresse-shop.it\/es\/","name":"Erresse Shop","description":"Articoli di qualit\u00e0 per la casa","potentialAction":[{"@type":"SearchAction","target":{"@type":"EntryPoint","urlTemplate":"https:\/\/www.erresse-shop.it\/es\/?s={search_term_string}"},"query-input":"required name=search_term_string"}],"inLanguage":"es"}]}},"df_price":8.4,"df_sale_price":8.4,"df_regular_price":14,"df_image_link":"https:\/\/www.erresse-shop.it\/wp-content\/uploads\/2024\/02\/ichendorf-pesce-giallo-alga-ambra-300x300.jpg","_links":{"self":[{"href":"https:\/\/www.erresse-shop.it\/es\/wp-json\/wp\/v2\/product\/385044"}],"collection":[{"href":"https:\/\/www.erresse-shop.it\/es\/wp-json\/wp\/v2\/product"}],"about":[{"href":"https:\/\/www.erresse-shop.it\/es\/wp-json\/wp\/v2\/types\/product"}],"wp:featuredmedia":[{"embeddable":true,"href":"https:\/\/www.erresse-shop.it\/es\/wp-json\/wp\/v2\/media\/385001"}],"wp:attachment":[{"href":"https:\/\/www.erresse-shop.it\/es\/wp-json\/wp\/v2\/media?parent=385044"}],"wp:term":[{"taxonomy":"product_cat","embeddable":true,"href":"https:\/\/www.erresse-shop.it\/es\/wp-json\/wp\/v2\/product_cat?post=385044"},{"taxonomy":"product_tag","embeddable":true,"href":"https:\/\/www.erresse-shop.it\/es\/wp-json\/wp\/v2\/product_tag?post=385044"}],"curies":[{"name":"wp","href":"https:\/\/api.w.org\/{rel}","templated":true}]}}