{"id":384768,"date":"2024-02-01T08:03:48","date_gmt":"2024-02-01T08:03:52","guid":{"rendered":"https:\/\/www.erresse-shop.it\/?post_type=product&#038;p=384768"},"modified":"2024-02-01T08:12:22","modified_gmt":"2024-02-01T08:12:22","slug":"sambonet-servicio-de-cubiertos-30-piezas-siena","status":"publish","type":"product","link":"https:\/\/www.erresse-shop.it\/es\/shop\/tabla\/cubiertos\/sambonet-servicio-de-cubiertos-30-piezas-siena\/","title":{"rendered":"SAMBONET Servicio de Cubiertos 30 Piezas Siena"},"content":{"rendered":"<p><strong>Descripci\u00f3n<\/strong><\/p>\n<p>Cubiertos con texturas \u00fanicas en el mercado.<br \/>\nDecoraci\u00f3n en ambas caras, creada durante el moldeado del propio cubierto.<br \/>\nDetalles que no se ven afectados ni por el uso ni por el tiempo.<br \/>\nUna propuesta de decoraci\u00f3n de mesa para quienes, a contracorriente, empiezan por el cubierto y no por el plato.<br \/>\nLujo contempor\u00e1neo revisitado en clave de moda.<br \/>\nFabricado en acero inoxidable 18\/10 de alta calidad, apto para lavavajillas.<br \/>\nSiena renueva las superficies de acero con un sofisticado bajorrelieve que evoca fuertes sensaciones t\u00e1ctiles.<br \/>\nEl pulido efecto espejo realza la alta calidad del acero inoxidable, resaltando la forma y el dise\u00f1o. Las superficies se pulen con la ayuda de aditivos y cepillos mec\u00e1nicos de diferentes granos y materiales, que abrillantan el acero inoxidable. El objeto se enriquece con reflejos que lo hacen a\u00fan m\u00e1s precioso.<\/p>\n<p>El cuchillo de una pieza se fabrica como una sola pieza de acero. A diferencia del cuchillo de mango hueco, que consta de dos partes, aqu\u00ed no hay huecos entre el mango y la hoja, y se percibe una agradable sensaci\u00f3n de pesadez y solidez al sostener este tipo de cuchillos.<\/p>\n<p>Texturas de moda inspiradas en lugares de vacaciones de ensue\u00f1o y destinos de la jet-set internacional. Siena se distingue por el relieve de moda impreso en todo el cuerpo del cubierto, para una puesta en escena extremadamente refinada.<\/p>\n<p><strong>Ficha t\u00e9cnica<\/strong><\/p>\n<p>Marca: Sambonet<br \/>\nColecci\u00f3n: Siena<br \/>\nMaterial: Acero inoxidable<br \/>\nAspecto: Acero espejo<br \/>\nN\u00famero de art\u00edculo: 52517-N1<br \/>\nEAN: 8014808401961<br \/>\nA\u00f1o de introducci\u00f3n: 2021<br \/>\nN\u00famero de piezas en el juego: 30<br \/>\nApto para cu\u00e1ntas personas: 6<br \/>\nComposici\u00f3n del juego: 6 cucharas de mesa, 6 tenedores de mesa, 6 cuchillos de mesa, 6 tenedores de postre, 6 cucharas de t\u00e9<br \/>\nEspecial para: Todo el a\u00f1o<br \/>\nTipo de mango: Monobloc<\/p>\n<p><strong>Dimensiones<\/strong><\/p>\n<p>Peso del art\u00edculo: 2,49 kg<br \/>\nLongitud del paquete: 59,40 cm<br \/>\nAnchura del paquete: 35,60 cm<br \/>\nAltura del paquete: 5,30 cm<br \/>\nPeso con embalaje: 2,49 kg<br \/>\nVolumen del envase: 11,2000 dm\u00b3<\/p>\n<p><strong>Apto para lavavajillas, m\u00e1x. 55\u00b0 C<\/strong><\/p>\n","protected":false},"excerpt":{"rendered":"<p>Descripci\u00f3n Cubiertos con texturas \u00fanicas en el mercado. Decoraci\u00f3n en ambas caras, creada durante el moldeado del propio cubierto. Detalles<\/p>\n","protected":false},"featured_media":384775,"template":"","meta":{"_acf_changed":false,"inline_featured_image":false},"product_cat":[16033,16027],"product_tag":[23692,17206],"acf":[],"yoast_head":"<!-- This site is optimized with the Yoast SEO Premium plugin v18.6 (Yoast SEO v19.13) - https:\/\/yoast.com\/wordpress\/plugins\/seo\/ -->\n<title>SAMBONET Servicio de Cubiertos 30 Piezas Siena - Erresse Shop<\/title>\n<meta name=\"description\" content=\"Descripci\u00f3n Cubiertos con texturas \u00fanicas en el mercado. Decoraci\u00f3n en ambas caras, creada durante el moldeado del propio cubierto. Detalles que no se ven\" \/>\n<meta name=\"robots\" content=\"index, follow, max-snippet:-1, max-image-preview:large, max-video-preview:-1\" \/>\n<link rel=\"canonical\" href=\"https:\/\/www.erresse-shop.it\/es\/shop\/tabla\/cubiertos\/sambonet-servicio-de-cubiertos-30-piezas-siena\/\" \/>\n<meta property=\"og:locale\" content=\"es_ES\" \/>\n<meta property=\"og:type\" content=\"article\" \/>\n<meta property=\"og:title\" content=\"SAMBONET Servicio de Cubiertos 30 Piezas Siena\" \/>\n<meta property=\"og:description\" content=\"Descripci\u00f3n Cubiertos con texturas \u00fanicas en el mercado. Decoraci\u00f3n en ambas caras, creada durante el moldeado del propio cubierto. Detalles que no se ven\" \/>\n<meta property=\"og:url\" content=\"https:\/\/www.erresse-shop.it\/es\/shop\/tabla\/cubiertos\/sambonet-servicio-de-cubiertos-30-piezas-siena\/\" \/>\n<meta property=\"og:site_name\" content=\"Erresse Shop\" \/>\n<meta property=\"article:modified_time\" content=\"2024-02-01T08:12:22+00:00\" \/>\n<meta property=\"og:image\" content=\"https:\/\/www.erresse-shop.it\/wp-content\/uploads\/2024\/02\/Sambonet-30-pezzi-siena.jpg\" \/>\n\t<meta property=\"og:image:width\" content=\"1024\" \/>\n\t<meta property=\"og:image:height\" content=\"1024\" \/>\n\t<meta property=\"og:image:type\" content=\"image\/jpeg\" \/>\n<meta name=\"twitter:card\" content=\"summary_large_image\" \/>\n<script type=\"application\/ld+json\" class=\"yoast-schema-graph\">{\"@context\":\"https:\/\/schema.org\",\"@graph\":[{\"@type\":\"WebPage\",\"@id\":\"https:\/\/www.erresse-shop.it\/es\/shop\/tabla\/cubiertos\/sambonet-servicio-de-cubiertos-30-piezas-siena\/\",\"url\":\"https:\/\/www.erresse-shop.it\/es\/shop\/tabla\/cubiertos\/sambonet-servicio-de-cubiertos-30-piezas-siena\/\",\"name\":\"SAMBONET Servicio de Cubiertos 30 Piezas Siena - Erresse Shop\",\"isPartOf\":{\"@id\":\"https:\/\/www.erresse-shop.it\/es\/#website\"},\"datePublished\":\"2024-02-01T08:03:52+00:00\",\"dateModified\":\"2024-02-01T08:12:22+00:00\",\"description\":\"Descripci\u00f3n Cubiertos con texturas \u00fanicas en el mercado. Decoraci\u00f3n en ambas caras, creada durante el moldeado del propio cubierto. Detalles que no se ven\",\"breadcrumb\":{\"@id\":\"https:\/\/www.erresse-shop.it\/es\/shop\/tabla\/cubiertos\/sambonet-servicio-de-cubiertos-30-piezas-siena\/#breadcrumb\"},\"inLanguage\":\"es\",\"potentialAction\":[{\"@type\":\"ReadAction\",\"target\":[\"https:\/\/www.erresse-shop.it\/es\/shop\/tabla\/cubiertos\/sambonet-servicio-de-cubiertos-30-piezas-siena\/\"]}]},{\"@type\":\"BreadcrumbList\",\"@id\":\"https:\/\/www.erresse-shop.it\/es\/shop\/tabla\/cubiertos\/sambonet-servicio-de-cubiertos-30-piezas-siena\/#breadcrumb\",\"itemListElement\":[{\"@type\":\"ListItem\",\"position\":1,\"name\":\"Home\",\"item\":\"https:\/\/www.erresse-shop.it\/es\/\"},{\"@type\":\"ListItem\",\"position\":2,\"name\":\"Shop\",\"item\":\"https:\/\/www.erresse-shop.it\/es\/shop\/\"},{\"@type\":\"ListItem\",\"position\":3,\"name\":\"SAMBONET Servicio de Cubiertos 30 Piezas Siena\"}]},{\"@type\":\"WebSite\",\"@id\":\"https:\/\/www.erresse-shop.it\/es\/#website\",\"url\":\"https:\/\/www.erresse-shop.it\/es\/\",\"name\":\"Erresse Shop\",\"description\":\"Articoli di qualit\u00e0 per la casa\",\"potentialAction\":[{\"@type\":\"SearchAction\",\"target\":{\"@type\":\"EntryPoint\",\"urlTemplate\":\"https:\/\/www.erresse-shop.it\/es\/?s={search_term_string}\"},\"query-input\":\"required name=search_term_string\"}],\"inLanguage\":\"es\"}]}<\/script>\n<!-- \/ Yoast SEO Premium plugin. -->","yoast_head_json":{"title":"SAMBONET Servicio de Cubiertos 30 Piezas Siena - Erresse Shop","description":"Descripci\u00f3n Cubiertos con texturas \u00fanicas en el mercado. Decoraci\u00f3n en ambas caras, creada durante el moldeado del propio cubierto. Detalles que no se ven","robots":{"index":"index","follow":"follow","max-snippet":"max-snippet:-1","max-image-preview":"max-image-preview:large","max-video-preview":"max-video-preview:-1"},"canonical":"https:\/\/www.erresse-shop.it\/es\/shop\/tabla\/cubiertos\/sambonet-servicio-de-cubiertos-30-piezas-siena\/","og_locale":"es_ES","og_type":"article","og_title":"SAMBONET Servicio de Cubiertos 30 Piezas Siena","og_description":"Descripci\u00f3n Cubiertos con texturas \u00fanicas en el mercado. Decoraci\u00f3n en ambas caras, creada durante el moldeado del propio cubierto. Detalles que no se ven","og_url":"https:\/\/www.erresse-shop.it\/es\/shop\/tabla\/cubiertos\/sambonet-servicio-de-cubiertos-30-piezas-siena\/","og_site_name":"Erresse Shop","article_modified_time":"2024-02-01T08:12:22+00:00","og_image":[{"width":1024,"height":1024,"url":"https:\/\/www.erresse-shop.it\/wp-content\/uploads\/2024\/02\/Sambonet-30-pezzi-siena.jpg","type":"image\/jpeg"}],"twitter_card":"summary_large_image","schema":{"@context":"https:\/\/schema.org","@graph":[{"@type":"WebPage","@id":"https:\/\/www.erresse-shop.it\/es\/shop\/tabla\/cubiertos\/sambonet-servicio-de-cubiertos-30-piezas-siena\/","url":"https:\/\/www.erresse-shop.it\/es\/shop\/tabla\/cubiertos\/sambonet-servicio-de-cubiertos-30-piezas-siena\/","name":"SAMBONET Servicio de Cubiertos 30 Piezas Siena - Erresse Shop","isPartOf":{"@id":"https:\/\/www.erresse-shop.it\/es\/#website"},"datePublished":"2024-02-01T08:03:52+00:00","dateModified":"2024-02-01T08:12:22+00:00","description":"Descripci\u00f3n Cubiertos con texturas \u00fanicas en el mercado. Decoraci\u00f3n en ambas caras, creada durante el moldeado del propio cubierto. Detalles que no se ven","breadcrumb":{"@id":"https:\/\/www.erresse-shop.it\/es\/shop\/tabla\/cubiertos\/sambonet-servicio-de-cubiertos-30-piezas-siena\/#breadcrumb"},"inLanguage":"es","potentialAction":[{"@type":"ReadAction","target":["https:\/\/www.erresse-shop.it\/es\/shop\/tabla\/cubiertos\/sambonet-servicio-de-cubiertos-30-piezas-siena\/"]}]},{"@type":"BreadcrumbList","@id":"https:\/\/www.erresse-shop.it\/es\/shop\/tabla\/cubiertos\/sambonet-servicio-de-cubiertos-30-piezas-siena\/#breadcrumb","itemListElement":[{"@type":"ListItem","position":1,"name":"Home","item":"https:\/\/www.erresse-shop.it\/es\/"},{"@type":"ListItem","position":2,"name":"Shop","item":"https:\/\/www.erresse-shop.it\/es\/shop\/"},{"@type":"ListItem","position":3,"name":"SAMBONET Servicio de Cubiertos 30 Piezas Siena"}]},{"@type":"WebSite","@id":"https:\/\/www.erresse-shop.it\/es\/#website","url":"https:\/\/www.erresse-shop.it\/es\/","name":"Erresse Shop","description":"Articoli di qualit\u00e0 per la casa","potentialAction":[{"@type":"SearchAction","target":{"@type":"EntryPoint","urlTemplate":"https:\/\/www.erresse-shop.it\/es\/?s={search_term_string}"},"query-input":"required name=search_term_string"}],"inLanguage":"es"}]}},"df_price":239,"df_sale_price":239,"df_regular_price":239,"df_image_link":"https:\/\/www.erresse-shop.it\/wp-content\/uploads\/2024\/02\/Sambonet-30-pezzi-siena-300x300.jpg","_links":{"self":[{"href":"https:\/\/www.erresse-shop.it\/es\/wp-json\/wp\/v2\/product\/384768"}],"collection":[{"href":"https:\/\/www.erresse-shop.it\/es\/wp-json\/wp\/v2\/product"}],"about":[{"href":"https:\/\/www.erresse-shop.it\/es\/wp-json\/wp\/v2\/types\/product"}],"wp:featuredmedia":[{"embeddable":true,"href":"https:\/\/www.erresse-shop.it\/es\/wp-json\/wp\/v2\/media\/384775"}],"wp:attachment":[{"href":"https:\/\/www.erresse-shop.it\/es\/wp-json\/wp\/v2\/media?parent=384768"}],"wp:term":[{"taxonomy":"product_cat","embeddable":true,"href":"https:\/\/www.erresse-shop.it\/es\/wp-json\/wp\/v2\/product_cat?post=384768"},{"taxonomy":"product_tag","embeddable":true,"href":"https:\/\/www.erresse-shop.it\/es\/wp-json\/wp\/v2\/product_tag?post=384768"}],"curies":[{"name":"wp","href":"https:\/\/api.w.org\/{rel}","templated":true}]}}