{"id":384734,"date":"2024-02-01T07:30:28","date_gmt":"2024-02-01T07:30:34","guid":{"rendered":"https:\/\/www.erresse-shop.it\/?post_type=product&#038;p=384734"},"modified":"2024-05-09T14:21:23","modified_gmt":"2024-05-09T14:21:23","slug":"sambonet-servicio-de-30-piezas-monobloc-velvet-acero-de-espejo","status":"publish","type":"product","link":"https:\/\/www.erresse-shop.it\/es\/shop\/tabla\/cubiertos\/sambonet-servicio-de-30-piezas-monobloc-velvet-acero-de-espejo\/","title":{"rendered":"SAMBONET Servicio de 30 piezas Monobloc Velvet Acero de Espejo"},"content":{"rendered":"<p><strong>Descripci\u00f3n<\/strong><\/p>\n<p>Cuberter\u00eda de perfil sinuoso y dise\u00f1o equilibrado.<br \/>\nEstilo minimal chic contempor\u00e1neo, combinable con cualquier equipamiento.<br \/>\n4 mm de grosor.<br \/>\nFabricados en acero inoxidable 18\/10 de alta calidad apto para lavavajillas.<br \/>\nEl pulido efecto espejo realza la alta calidad del acero inoxidable, resaltando la forma y el dise\u00f1o. Las superficies se pulen con la ayuda de aditivos y cepillos mec\u00e1nicos de diferentes granos y materiales, que abrillantan el acero inoxidable. El objeto se enriquece con reflejos que lo hacen a\u00fan m\u00e1s precioso.<\/p>\n<p>El cuchillo de una pieza se fabrica como una sola pieza de acero. A diferencia del cuchillo de mango hueco, que se compone de dos partes, aqu\u00ed no hay huecos entre el mango y la hoja, y al sostener este tipo de cuchillos se tiene una agradable sensaci\u00f3n de pesadez y solidez.<\/p>\n<p>La cuberter\u00eda Velvet de Sambonet adopta la filosof\u00eda minimalista chic en la que la armon\u00eda de las formas se une a una refinada sobriedad est\u00e9tica, ideal para ambientes de mesa informales y contempor\u00e1neos.<\/p>\n<p><strong>Especificaciones t\u00e9cnicas<\/strong><\/p>\n<p>Marca: Sambonet<br \/>\nColecci\u00f3n: Velvet<br \/>\nMaterial: Acero inoxidable<br \/>\nAspecto: Acero Espejo<br \/>\nN\u00famero de art\u00edculo: 52512-N1<br \/>\nA\u00f1o de introducci\u00f3n: 2021<br \/>\nN\u00famero de piezas del juego: 30<br \/>\nApto para cu\u00e1ntas personas: 6<br \/>\nComposici\u00f3n del juego: 6 cucharas de mesa, 6 tenedores de mesa, 6 cuchillos de mesa, 6 tenedores de postre, 6 cucharas de t\u00e9<br \/>\nEspecial para: Todo el a\u00f1o<br \/>\nTipo de mango: Monobloc<\/p>\n<p><strong>Dimensiones<\/strong><\/p>\n<p>Peso del art\u00edculo: 2,56 kg<br \/>\nLongitud del paquete: 59,40 cm<br \/>\nAnchura del paquete: 35,90 cm<br \/>\nAltura del paquete: 5,20 cm<br \/>\nPeso con embalaje: 2,56 kg<br \/>\nVolumen del envase: 11,1000 dm\u00b3<\/p>\n<p><strong>Apto para lavavajillas, m\u00e1x. 55\u00b0 C<\/strong><\/p>\n","protected":false},"excerpt":{"rendered":"<p>Descripci\u00f3n Cuberter\u00eda de perfil sinuoso y dise\u00f1o equilibrado. Estilo minimal chic contempor\u00e1neo, combinable con cualquier equipamiento. 4 mm de grosor.<\/p>\n","protected":false},"featured_media":384747,"template":"","meta":{"_acf_changed":false,"inline_featured_image":false},"product_cat":[16033,16027],"product_tag":[25090,23692,21388,21389,25023],"acf":[],"yoast_head":"<!-- This site is optimized with the Yoast SEO Premium plugin v18.6 (Yoast SEO v19.13) - https:\/\/yoast.com\/wordpress\/plugins\/seo\/ -->\n<title>SAMBONET Servicio de 30 piezas Monobloc Velvet Acero de Espejo - Erresse Shop<\/title>\n<meta name=\"description\" content=\"Descripci\u00f3n Cuberter\u00eda de perfil sinuoso y dise\u00f1o equilibrado. Estilo minimal chic contempor\u00e1neo, combinable con cualquier equipamiento. 4 mm de grosor.\" \/>\n<meta name=\"robots\" content=\"index, follow, max-snippet:-1, max-image-preview:large, max-video-preview:-1\" \/>\n<link rel=\"canonical\" href=\"https:\/\/www.erresse-shop.it\/es\/shop\/tabla\/cubiertos\/sambonet-servicio-de-30-piezas-monobloc-velvet-acero-de-espejo\/\" \/>\n<meta property=\"og:locale\" content=\"es_ES\" \/>\n<meta property=\"og:type\" content=\"article\" \/>\n<meta property=\"og:title\" content=\"SAMBONET Servicio de 30 piezas Monobloc Velvet Acero de Espejo\" \/>\n<meta property=\"og:description\" content=\"Descripci\u00f3n Cuberter\u00eda de perfil sinuoso y dise\u00f1o equilibrado. Estilo minimal chic contempor\u00e1neo, combinable con cualquier equipamiento. 4 mm de grosor.\" \/>\n<meta property=\"og:url\" content=\"https:\/\/www.erresse-shop.it\/es\/shop\/tabla\/cubiertos\/sambonet-servicio-de-30-piezas-monobloc-velvet-acero-de-espejo\/\" \/>\n<meta property=\"og:site_name\" content=\"Erresse Shop\" \/>\n<meta property=\"article:modified_time\" content=\"2024-05-09T14:21:23+00:00\" \/>\n<meta property=\"og:image\" content=\"https:\/\/www.erresse-shop.it\/wp-content\/uploads\/2024\/02\/Sambonet-velvet-set-30-pezzi.jpg\" \/>\n\t<meta property=\"og:image:width\" content=\"1024\" \/>\n\t<meta property=\"og:image:height\" content=\"1024\" \/>\n\t<meta property=\"og:image:type\" content=\"image\/jpeg\" \/>\n<meta name=\"twitter:card\" content=\"summary_large_image\" \/>\n<script type=\"application\/ld+json\" class=\"yoast-schema-graph\">{\"@context\":\"https:\/\/schema.org\",\"@graph\":[{\"@type\":\"WebPage\",\"@id\":\"https:\/\/www.erresse-shop.it\/es\/shop\/tabla\/cubiertos\/sambonet-servicio-de-30-piezas-monobloc-velvet-acero-de-espejo\/\",\"url\":\"https:\/\/www.erresse-shop.it\/es\/shop\/tabla\/cubiertos\/sambonet-servicio-de-30-piezas-monobloc-velvet-acero-de-espejo\/\",\"name\":\"SAMBONET Servicio de 30 piezas Monobloc Velvet Acero de Espejo - Erresse Shop\",\"isPartOf\":{\"@id\":\"https:\/\/www.erresse-shop.it\/es\/#website\"},\"datePublished\":\"2024-02-01T07:30:34+00:00\",\"dateModified\":\"2024-05-09T14:21:23+00:00\",\"description\":\"Descripci\u00f3n Cuberter\u00eda de perfil sinuoso y dise\u00f1o equilibrado. Estilo minimal chic contempor\u00e1neo, combinable con cualquier equipamiento. 4 mm de grosor.\",\"breadcrumb\":{\"@id\":\"https:\/\/www.erresse-shop.it\/es\/shop\/tabla\/cubiertos\/sambonet-servicio-de-30-piezas-monobloc-velvet-acero-de-espejo\/#breadcrumb\"},\"inLanguage\":\"es\",\"potentialAction\":[{\"@type\":\"ReadAction\",\"target\":[\"https:\/\/www.erresse-shop.it\/es\/shop\/tabla\/cubiertos\/sambonet-servicio-de-30-piezas-monobloc-velvet-acero-de-espejo\/\"]}]},{\"@type\":\"BreadcrumbList\",\"@id\":\"https:\/\/www.erresse-shop.it\/es\/shop\/tabla\/cubiertos\/sambonet-servicio-de-30-piezas-monobloc-velvet-acero-de-espejo\/#breadcrumb\",\"itemListElement\":[{\"@type\":\"ListItem\",\"position\":1,\"name\":\"Home\",\"item\":\"https:\/\/www.erresse-shop.it\/es\/\"},{\"@type\":\"ListItem\",\"position\":2,\"name\":\"Shop\",\"item\":\"https:\/\/www.erresse-shop.it\/es\/shop\/\"},{\"@type\":\"ListItem\",\"position\":3,\"name\":\"SAMBONET Servicio de 30 piezas Monobloc Velvet Acero de Espejo\"}]},{\"@type\":\"WebSite\",\"@id\":\"https:\/\/www.erresse-shop.it\/es\/#website\",\"url\":\"https:\/\/www.erresse-shop.it\/es\/\",\"name\":\"Erresse Shop\",\"description\":\"Articoli di qualit\u00e0 per la casa\",\"potentialAction\":[{\"@type\":\"SearchAction\",\"target\":{\"@type\":\"EntryPoint\",\"urlTemplate\":\"https:\/\/www.erresse-shop.it\/es\/?s={search_term_string}\"},\"query-input\":\"required name=search_term_string\"}],\"inLanguage\":\"es\"}]}<\/script>\n<!-- \/ Yoast SEO Premium plugin. -->","yoast_head_json":{"title":"SAMBONET Servicio de 30 piezas Monobloc Velvet Acero de Espejo - Erresse Shop","description":"Descripci\u00f3n Cuberter\u00eda de perfil sinuoso y dise\u00f1o equilibrado. Estilo minimal chic contempor\u00e1neo, combinable con cualquier equipamiento. 4 mm de grosor.","robots":{"index":"index","follow":"follow","max-snippet":"max-snippet:-1","max-image-preview":"max-image-preview:large","max-video-preview":"max-video-preview:-1"},"canonical":"https:\/\/www.erresse-shop.it\/es\/shop\/tabla\/cubiertos\/sambonet-servicio-de-30-piezas-monobloc-velvet-acero-de-espejo\/","og_locale":"es_ES","og_type":"article","og_title":"SAMBONET Servicio de 30 piezas Monobloc Velvet Acero de Espejo","og_description":"Descripci\u00f3n Cuberter\u00eda de perfil sinuoso y dise\u00f1o equilibrado. Estilo minimal chic contempor\u00e1neo, combinable con cualquier equipamiento. 4 mm de grosor.","og_url":"https:\/\/www.erresse-shop.it\/es\/shop\/tabla\/cubiertos\/sambonet-servicio-de-30-piezas-monobloc-velvet-acero-de-espejo\/","og_site_name":"Erresse Shop","article_modified_time":"2024-05-09T14:21:23+00:00","og_image":[{"width":1024,"height":1024,"url":"https:\/\/www.erresse-shop.it\/wp-content\/uploads\/2024\/02\/Sambonet-velvet-set-30-pezzi.jpg","type":"image\/jpeg"}],"twitter_card":"summary_large_image","schema":{"@context":"https:\/\/schema.org","@graph":[{"@type":"WebPage","@id":"https:\/\/www.erresse-shop.it\/es\/shop\/tabla\/cubiertos\/sambonet-servicio-de-30-piezas-monobloc-velvet-acero-de-espejo\/","url":"https:\/\/www.erresse-shop.it\/es\/shop\/tabla\/cubiertos\/sambonet-servicio-de-30-piezas-monobloc-velvet-acero-de-espejo\/","name":"SAMBONET Servicio de 30 piezas Monobloc Velvet Acero de Espejo - Erresse Shop","isPartOf":{"@id":"https:\/\/www.erresse-shop.it\/es\/#website"},"datePublished":"2024-02-01T07:30:34+00:00","dateModified":"2024-05-09T14:21:23+00:00","description":"Descripci\u00f3n Cuberter\u00eda de perfil sinuoso y dise\u00f1o equilibrado. Estilo minimal chic contempor\u00e1neo, combinable con cualquier equipamiento. 4 mm de grosor.","breadcrumb":{"@id":"https:\/\/www.erresse-shop.it\/es\/shop\/tabla\/cubiertos\/sambonet-servicio-de-30-piezas-monobloc-velvet-acero-de-espejo\/#breadcrumb"},"inLanguage":"es","potentialAction":[{"@type":"ReadAction","target":["https:\/\/www.erresse-shop.it\/es\/shop\/tabla\/cubiertos\/sambonet-servicio-de-30-piezas-monobloc-velvet-acero-de-espejo\/"]}]},{"@type":"BreadcrumbList","@id":"https:\/\/www.erresse-shop.it\/es\/shop\/tabla\/cubiertos\/sambonet-servicio-de-30-piezas-monobloc-velvet-acero-de-espejo\/#breadcrumb","itemListElement":[{"@type":"ListItem","position":1,"name":"Home","item":"https:\/\/www.erresse-shop.it\/es\/"},{"@type":"ListItem","position":2,"name":"Shop","item":"https:\/\/www.erresse-shop.it\/es\/shop\/"},{"@type":"ListItem","position":3,"name":"SAMBONET Servicio de 30 piezas Monobloc Velvet Acero de Espejo"}]},{"@type":"WebSite","@id":"https:\/\/www.erresse-shop.it\/es\/#website","url":"https:\/\/www.erresse-shop.it\/es\/","name":"Erresse Shop","description":"Articoli di qualit\u00e0 per la casa","potentialAction":[{"@type":"SearchAction","target":{"@type":"EntryPoint","urlTemplate":"https:\/\/www.erresse-shop.it\/es\/?s={search_term_string}"},"query-input":"required name=search_term_string"}],"inLanguage":"es"}]}},"df_price":139.92000000000002,"df_sale_price":139.92000000000002,"df_regular_price":254.4,"df_image_link":"https:\/\/www.erresse-shop.it\/wp-content\/uploads\/2024\/02\/Sambonet-velvet-set-30-pezzi-300x300.jpg","_links":{"self":[{"href":"https:\/\/www.erresse-shop.it\/es\/wp-json\/wp\/v2\/product\/384734"}],"collection":[{"href":"https:\/\/www.erresse-shop.it\/es\/wp-json\/wp\/v2\/product"}],"about":[{"href":"https:\/\/www.erresse-shop.it\/es\/wp-json\/wp\/v2\/types\/product"}],"wp:featuredmedia":[{"embeddable":true,"href":"https:\/\/www.erresse-shop.it\/es\/wp-json\/wp\/v2\/media\/384747"}],"wp:attachment":[{"href":"https:\/\/www.erresse-shop.it\/es\/wp-json\/wp\/v2\/media?parent=384734"}],"wp:term":[{"taxonomy":"product_cat","embeddable":true,"href":"https:\/\/www.erresse-shop.it\/es\/wp-json\/wp\/v2\/product_cat?post=384734"},{"taxonomy":"product_tag","embeddable":true,"href":"https:\/\/www.erresse-shop.it\/es\/wp-json\/wp\/v2\/product_tag?post=384734"}],"curies":[{"name":"wp","href":"https:\/\/api.w.org\/{rel}","templated":true}]}}