{"id":384303,"date":"2024-01-31T09:08:07","date_gmt":"2024-01-31T09:08:13","guid":{"rendered":"https:\/\/www.erresse-shop.it\/?post_type=product&#038;p=384303"},"modified":"2024-01-31T09:15:17","modified_gmt":"2024-01-31T09:15:17","slug":"toms-drag-home","status":"publish","type":"product","link":"https:\/\/www.erresse-shop.it\/es\/shop\/mobiliario\/articulos-de-decoracion\/toms-drag-home\/","title":{"rendered":"TOM&#8217;S DRAG Home"},"content":{"rendered":"<p>La palabra decorativa de Thomas Hoffmann nos hace sentir como en casa. Su peculiar estilo es tan reconocible como \u00fanico.<\/p>\n<p>Home es una palabra com\u00fan para referirse a la bienvenida y a la forma de sentirse en casa.<\/p>\n<p>\u00a1Todo est\u00e1 en la palabra! Con sutileza e imaginaci\u00f3n, Thomas Hoffmann ha escrito la &#8220;H&#8221; como una chaise longue en la que uno se siente c\u00f3modo y como en casa. \u00a1Los famosos zapatos dorados de Tom tambi\u00e9n est\u00e1n aqu\u00ed!<\/p>\n<p>Las colecciones &#8220;Tom&#8217;s drag&#8221; re\u00fanen objetos y criaturas individuales, divertidos, extravagantes y a menudo provocadores que tienen una cosa en com\u00fan: rompen las r\u00edgidas reglas cotidianas y contagian el buen humor.<\/p>\n<p>Sus ricos detalles y variados motivos son asombrosos. Un mundo estrafalario, colorista y divertido. Los objetos de Thomas Hoffmann son un placer para la vista.<\/p>\n<p>Material: marmorino<br \/>\nDimensiones: An 30 x Al 20 cm.<\/p>\n","protected":false},"excerpt":{"rendered":"<p>La palabra decorativa de Thomas Hoffmann nos hace sentir como en casa. Su peculiar estilo es tan reconocible como \u00fanico.<\/p>\n","protected":false},"featured_media":384314,"template":"","meta":{"_acf_changed":false,"inline_featured_image":false},"product_cat":[16026,16016],"product_tag":[25039,17001,25023],"acf":[],"yoast_head":"<!-- This site is optimized with the Yoast SEO Premium plugin v18.6 (Yoast SEO v19.13) - https:\/\/yoast.com\/wordpress\/plugins\/seo\/ -->\n<title>TOM&#039;S DRAG Home - Erresse Shop<\/title>\n<meta name=\"description\" content=\"La palabra decorativa de Thomas Hoffmann nos hace sentir como en casa. Su peculiar estilo es tan reconocible como \u00fanico. Home es una palabra com\u00fan para\" \/>\n<meta name=\"robots\" content=\"index, follow, max-snippet:-1, max-image-preview:large, max-video-preview:-1\" \/>\n<link rel=\"canonical\" href=\"https:\/\/www.erresse-shop.it\/es\/shop\/mobiliario\/articulos-de-decoracion\/toms-drag-home\/\" \/>\n<meta property=\"og:locale\" content=\"es_ES\" \/>\n<meta property=\"og:type\" content=\"article\" \/>\n<meta property=\"og:title\" content=\"TOM&#039;S DRAG Home\" \/>\n<meta property=\"og:description\" content=\"La palabra decorativa de Thomas Hoffmann nos hace sentir como en casa. Su peculiar estilo es tan reconocible como \u00fanico. Home es una palabra com\u00fan para\" \/>\n<meta property=\"og:url\" content=\"https:\/\/www.erresse-shop.it\/es\/shop\/mobiliario\/articulos-de-decoracion\/toms-drag-home\/\" \/>\n<meta property=\"og:site_name\" content=\"Erresse Shop\" \/>\n<meta property=\"article:modified_time\" content=\"2024-01-31T09:15:17+00:00\" \/>\n<meta property=\"og:image\" content=\"https:\/\/www.erresse-shop.it\/wp-content\/uploads\/2024\/01\/Toms-drag-home.jpg\" \/>\n\t<meta property=\"og:image:width\" content=\"800\" \/>\n\t<meta property=\"og:image:height\" content=\"800\" \/>\n\t<meta property=\"og:image:type\" content=\"image\/jpeg\" \/>\n<meta name=\"twitter:card\" content=\"summary_large_image\" \/>\n<script type=\"application\/ld+json\" class=\"yoast-schema-graph\">{\"@context\":\"https:\/\/schema.org\",\"@graph\":[{\"@type\":\"WebPage\",\"@id\":\"https:\/\/www.erresse-shop.it\/es\/shop\/mobiliario\/articulos-de-decoracion\/toms-drag-home\/\",\"url\":\"https:\/\/www.erresse-shop.it\/es\/shop\/mobiliario\/articulos-de-decoracion\/toms-drag-home\/\",\"name\":\"TOM'S DRAG Home - Erresse Shop\",\"isPartOf\":{\"@id\":\"https:\/\/www.erresse-shop.it\/es\/#website\"},\"datePublished\":\"2024-01-31T09:08:13+00:00\",\"dateModified\":\"2024-01-31T09:15:17+00:00\",\"description\":\"La palabra decorativa de Thomas Hoffmann nos hace sentir como en casa. Su peculiar estilo es tan reconocible como \u00fanico. Home es una palabra com\u00fan para\",\"breadcrumb\":{\"@id\":\"https:\/\/www.erresse-shop.it\/es\/shop\/mobiliario\/articulos-de-decoracion\/toms-drag-home\/#breadcrumb\"},\"inLanguage\":\"es\",\"potentialAction\":[{\"@type\":\"ReadAction\",\"target\":[\"https:\/\/www.erresse-shop.it\/es\/shop\/mobiliario\/articulos-de-decoracion\/toms-drag-home\/\"]}]},{\"@type\":\"BreadcrumbList\",\"@id\":\"https:\/\/www.erresse-shop.it\/es\/shop\/mobiliario\/articulos-de-decoracion\/toms-drag-home\/#breadcrumb\",\"itemListElement\":[{\"@type\":\"ListItem\",\"position\":1,\"name\":\"Home\",\"item\":\"https:\/\/www.erresse-shop.it\/es\/\"},{\"@type\":\"ListItem\",\"position\":2,\"name\":\"Shop\",\"item\":\"https:\/\/www.erresse-shop.it\/es\/shop\/\"},{\"@type\":\"ListItem\",\"position\":3,\"name\":\"TOM&#8217;S DRAG Home\"}]},{\"@type\":\"WebSite\",\"@id\":\"https:\/\/www.erresse-shop.it\/es\/#website\",\"url\":\"https:\/\/www.erresse-shop.it\/es\/\",\"name\":\"Erresse Shop\",\"description\":\"Articoli di qualit\u00e0 per la casa\",\"potentialAction\":[{\"@type\":\"SearchAction\",\"target\":{\"@type\":\"EntryPoint\",\"urlTemplate\":\"https:\/\/www.erresse-shop.it\/es\/?s={search_term_string}\"},\"query-input\":\"required name=search_term_string\"}],\"inLanguage\":\"es\"}]}<\/script>\n<!-- \/ Yoast SEO Premium plugin. -->","yoast_head_json":{"title":"TOM'S DRAG Home - Erresse Shop","description":"La palabra decorativa de Thomas Hoffmann nos hace sentir como en casa. Su peculiar estilo es tan reconocible como \u00fanico. Home es una palabra com\u00fan para","robots":{"index":"index","follow":"follow","max-snippet":"max-snippet:-1","max-image-preview":"max-image-preview:large","max-video-preview":"max-video-preview:-1"},"canonical":"https:\/\/www.erresse-shop.it\/es\/shop\/mobiliario\/articulos-de-decoracion\/toms-drag-home\/","og_locale":"es_ES","og_type":"article","og_title":"TOM'S DRAG Home","og_description":"La palabra decorativa de Thomas Hoffmann nos hace sentir como en casa. Su peculiar estilo es tan reconocible como \u00fanico. Home es una palabra com\u00fan para","og_url":"https:\/\/www.erresse-shop.it\/es\/shop\/mobiliario\/articulos-de-decoracion\/toms-drag-home\/","og_site_name":"Erresse Shop","article_modified_time":"2024-01-31T09:15:17+00:00","og_image":[{"width":800,"height":800,"url":"https:\/\/www.erresse-shop.it\/wp-content\/uploads\/2024\/01\/Toms-drag-home.jpg","type":"image\/jpeg"}],"twitter_card":"summary_large_image","schema":{"@context":"https:\/\/schema.org","@graph":[{"@type":"WebPage","@id":"https:\/\/www.erresse-shop.it\/es\/shop\/mobiliario\/articulos-de-decoracion\/toms-drag-home\/","url":"https:\/\/www.erresse-shop.it\/es\/shop\/mobiliario\/articulos-de-decoracion\/toms-drag-home\/","name":"TOM'S DRAG Home - Erresse Shop","isPartOf":{"@id":"https:\/\/www.erresse-shop.it\/es\/#website"},"datePublished":"2024-01-31T09:08:13+00:00","dateModified":"2024-01-31T09:15:17+00:00","description":"La palabra decorativa de Thomas Hoffmann nos hace sentir como en casa. Su peculiar estilo es tan reconocible como \u00fanico. Home es una palabra com\u00fan para","breadcrumb":{"@id":"https:\/\/www.erresse-shop.it\/es\/shop\/mobiliario\/articulos-de-decoracion\/toms-drag-home\/#breadcrumb"},"inLanguage":"es","potentialAction":[{"@type":"ReadAction","target":["https:\/\/www.erresse-shop.it\/es\/shop\/mobiliario\/articulos-de-decoracion\/toms-drag-home\/"]}]},{"@type":"BreadcrumbList","@id":"https:\/\/www.erresse-shop.it\/es\/shop\/mobiliario\/articulos-de-decoracion\/toms-drag-home\/#breadcrumb","itemListElement":[{"@type":"ListItem","position":1,"name":"Home","item":"https:\/\/www.erresse-shop.it\/es\/"},{"@type":"ListItem","position":2,"name":"Shop","item":"https:\/\/www.erresse-shop.it\/es\/shop\/"},{"@type":"ListItem","position":3,"name":"TOM&#8217;S DRAG Home"}]},{"@type":"WebSite","@id":"https:\/\/www.erresse-shop.it\/es\/#website","url":"https:\/\/www.erresse-shop.it\/es\/","name":"Erresse Shop","description":"Articoli di qualit\u00e0 per la casa","potentialAction":[{"@type":"SearchAction","target":{"@type":"EntryPoint","urlTemplate":"https:\/\/www.erresse-shop.it\/es\/?s={search_term_string}"},"query-input":"required name=search_term_string"}],"inLanguage":"es"}]}},"df_price":69.95,"df_sale_price":69.95,"df_regular_price":89.9,"df_image_link":"https:\/\/www.erresse-shop.it\/wp-content\/uploads\/2024\/01\/Toms-drag-home-300x300.jpg","_links":{"self":[{"href":"https:\/\/www.erresse-shop.it\/es\/wp-json\/wp\/v2\/product\/384303"}],"collection":[{"href":"https:\/\/www.erresse-shop.it\/es\/wp-json\/wp\/v2\/product"}],"about":[{"href":"https:\/\/www.erresse-shop.it\/es\/wp-json\/wp\/v2\/types\/product"}],"wp:featuredmedia":[{"embeddable":true,"href":"https:\/\/www.erresse-shop.it\/es\/wp-json\/wp\/v2\/media\/384314"}],"wp:attachment":[{"href":"https:\/\/www.erresse-shop.it\/es\/wp-json\/wp\/v2\/media?parent=384303"}],"wp:term":[{"taxonomy":"product_cat","embeddable":true,"href":"https:\/\/www.erresse-shop.it\/es\/wp-json\/wp\/v2\/product_cat?post=384303"},{"taxonomy":"product_tag","embeddable":true,"href":"https:\/\/www.erresse-shop.it\/es\/wp-json\/wp\/v2\/product_tag?post=384303"}],"curies":[{"name":"wp","href":"https:\/\/api.w.org\/{rel}","templated":true}]}}