{"id":384234,"date":"2024-01-31T08:23:04","date_gmt":"2024-01-31T08:23:11","guid":{"rendered":"https:\/\/www.erresse-shop.it\/?post_type=product&#038;p=384234"},"modified":"2024-07-30T00:00:11","modified_gmt":"2024-07-30T00:00:11","slug":"toms-drag-perro-l-juliette","status":"publish","type":"product","link":"https:\/\/www.erresse-shop.it\/es\/shop\/mobiliario\/articulos-de-decoracion\/toms-drag-perro-l-juliette\/","title":{"rendered":"TOM&#8217;S DRAG Perro L Juliette"},"content":{"rendered":"<p>Cada objeto de Tom&#8217;s Drag comienza con unos r\u00e1pidos bocetos que el artista dibuja y transforma r\u00e1pidamente en una imagen detallada. En este punto, se talla a mano en la madera una figura aproximada con dimensiones y proporciones que reflejan las que tendr\u00e1 el objeto final. El artista la pinta a mano y se crea el prototipo a partir del cual se tallar\u00e1 la forma de caucho. Esta forma de caucho es la clave de todas las obras de Tom&#8217;s Drag, ya que en ella se verter\u00e1 marmorino l\u00edquido, una mezcla de m\u00e1rmol molido y resina sint\u00e9tica, que luego se solidificar\u00e1. La pieza, inicialmente de un color blanco opaco, se pinta despu\u00e9s de blanco y se pule. En este punto, se dibujan a l\u00e1piz los bordes de los campos de color que servir\u00e1n al artista como referencia para pintar el objeto. El trabajo concluye con la aplicaci\u00f3n de una resina que hace resistentes los colores.<\/p>\n<p>Juliette es una figura de resina pintada a mano. Art\u00edculo de la l\u00ednea Dogs Collection de Tom&#8217;s Drag.<\/p>\n<p>Esta colecci\u00f3n est\u00e1 inspirada en los perros, los mejores amigos del hombre, decorados con disfraces en brillantes colores del arco iris y ex\u00f3ticos adornos como si estuvieran en un desfile de carnaval.<\/p>\n<p>Este art\u00edculo est\u00e1 hecho y pintado a mano, por lo que las variaciones de color, dise\u00f1o, tono, peque\u00f1as imperfecciones de pegamento o color e irregularidades son una caracter\u00edstica espec\u00edfica del producto y dan fe de su elaboraci\u00f3n artesanal.<\/p>\n<p>Todos los animales de arrastre est\u00e1n decorados con disfraces imaginativos y adornos ex\u00f3ticos, como si estuvieran en un desfile de carnaval. Todos tienen los colores del arco iris, emulando el alegre ambiente de una de las canciones favoritas de Tom, &#8220;What a Wonderful World&#8221; de Louis Armstrong.<\/p>\n<p>Material: marmorino<br \/>\nAltura: 33,5 cm<\/p>\n","protected":false},"excerpt":{"rendered":"<p>Cada objeto de Tom&#8217;s Drag comienza con unos r\u00e1pidos bocetos que el artista dibuja y transforma r\u00e1pidamente en una imagen<\/p>\n","protected":false},"featured_media":384243,"template":"","meta":{"_acf_changed":false,"inline_featured_image":false},"product_cat":[16026,16016],"product_tag":[25039,16998,17001,25023],"acf":[],"yoast_head":"<!-- This site is optimized with the Yoast SEO Premium plugin v18.6 (Yoast SEO v19.13) - https:\/\/yoast.com\/wordpress\/plugins\/seo\/ -->\n<title>TOM&#039;S DRAG Perro L Juliette - Erresse Shop<\/title>\n<meta name=\"description\" content=\"Cada objeto de Tom&#039;s Drag comienza con unos r\u00e1pidos bocetos que el artista dibuja y transforma r\u00e1pidamente en una imagen detallada. En este punto, se\" \/>\n<meta name=\"robots\" content=\"index, follow, max-snippet:-1, max-image-preview:large, max-video-preview:-1\" \/>\n<link rel=\"canonical\" href=\"https:\/\/www.erresse-shop.it\/es\/shop\/mobiliario\/articulos-de-decoracion\/toms-drag-perro-l-juliette\/\" \/>\n<meta property=\"og:locale\" content=\"es_ES\" \/>\n<meta property=\"og:type\" content=\"article\" \/>\n<meta property=\"og:title\" content=\"TOM&#039;S DRAG Perro L Juliette\" \/>\n<meta property=\"og:description\" content=\"Cada objeto de Tom&#039;s Drag comienza con unos r\u00e1pidos bocetos que el artista dibuja y transforma r\u00e1pidamente en una imagen detallada. En este punto, se\" \/>\n<meta property=\"og:url\" content=\"https:\/\/www.erresse-shop.it\/es\/shop\/mobiliario\/articulos-de-decoracion\/toms-drag-perro-l-juliette\/\" \/>\n<meta property=\"og:site_name\" content=\"Erresse Shop\" \/>\n<meta property=\"article:modified_time\" content=\"2024-07-30T00:00:11+00:00\" \/>\n<meta property=\"og:image\" content=\"https:\/\/www.erresse-shop.it\/wp-content\/uploads\/2024\/01\/Toms-Drag-cane-juliette-L.jpg\" \/>\n\t<meta property=\"og:image:width\" content=\"800\" \/>\n\t<meta property=\"og:image:height\" content=\"800\" \/>\n\t<meta property=\"og:image:type\" content=\"image\/jpeg\" \/>\n<meta name=\"twitter:card\" content=\"summary_large_image\" \/>\n<script type=\"application\/ld+json\" class=\"yoast-schema-graph\">{\"@context\":\"https:\/\/schema.org\",\"@graph\":[{\"@type\":\"WebPage\",\"@id\":\"https:\/\/www.erresse-shop.it\/es\/shop\/mobiliario\/articulos-de-decoracion\/toms-drag-perro-l-juliette\/\",\"url\":\"https:\/\/www.erresse-shop.it\/es\/shop\/mobiliario\/articulos-de-decoracion\/toms-drag-perro-l-juliette\/\",\"name\":\"TOM'S DRAG Perro L Juliette - Erresse Shop\",\"isPartOf\":{\"@id\":\"https:\/\/www.erresse-shop.it\/es\/#website\"},\"datePublished\":\"2024-01-31T08:23:11+00:00\",\"dateModified\":\"2024-07-30T00:00:11+00:00\",\"description\":\"Cada objeto de Tom's Drag comienza con unos r\u00e1pidos bocetos que el artista dibuja y transforma r\u00e1pidamente en una imagen detallada. En este punto, se\",\"breadcrumb\":{\"@id\":\"https:\/\/www.erresse-shop.it\/es\/shop\/mobiliario\/articulos-de-decoracion\/toms-drag-perro-l-juliette\/#breadcrumb\"},\"inLanguage\":\"es\",\"potentialAction\":[{\"@type\":\"ReadAction\",\"target\":[\"https:\/\/www.erresse-shop.it\/es\/shop\/mobiliario\/articulos-de-decoracion\/toms-drag-perro-l-juliette\/\"]}]},{\"@type\":\"BreadcrumbList\",\"@id\":\"https:\/\/www.erresse-shop.it\/es\/shop\/mobiliario\/articulos-de-decoracion\/toms-drag-perro-l-juliette\/#breadcrumb\",\"itemListElement\":[{\"@type\":\"ListItem\",\"position\":1,\"name\":\"Home\",\"item\":\"https:\/\/www.erresse-shop.it\/es\/\"},{\"@type\":\"ListItem\",\"position\":2,\"name\":\"Shop\",\"item\":\"https:\/\/www.erresse-shop.it\/es\/shop\/\"},{\"@type\":\"ListItem\",\"position\":3,\"name\":\"TOM&#8217;S DRAG Perro L Juliette\"}]},{\"@type\":\"WebSite\",\"@id\":\"https:\/\/www.erresse-shop.it\/es\/#website\",\"url\":\"https:\/\/www.erresse-shop.it\/es\/\",\"name\":\"Erresse Shop\",\"description\":\"Articoli di qualit\u00e0 per la casa\",\"potentialAction\":[{\"@type\":\"SearchAction\",\"target\":{\"@type\":\"EntryPoint\",\"urlTemplate\":\"https:\/\/www.erresse-shop.it\/es\/?s={search_term_string}\"},\"query-input\":\"required name=search_term_string\"}],\"inLanguage\":\"es\"}]}<\/script>\n<!-- \/ Yoast SEO Premium plugin. -->","yoast_head_json":{"title":"TOM'S DRAG Perro L Juliette - Erresse Shop","description":"Cada objeto de Tom's Drag comienza con unos r\u00e1pidos bocetos que el artista dibuja y transforma r\u00e1pidamente en una imagen detallada. En este punto, se","robots":{"index":"index","follow":"follow","max-snippet":"max-snippet:-1","max-image-preview":"max-image-preview:large","max-video-preview":"max-video-preview:-1"},"canonical":"https:\/\/www.erresse-shop.it\/es\/shop\/mobiliario\/articulos-de-decoracion\/toms-drag-perro-l-juliette\/","og_locale":"es_ES","og_type":"article","og_title":"TOM'S DRAG Perro L Juliette","og_description":"Cada objeto de Tom's Drag comienza con unos r\u00e1pidos bocetos que el artista dibuja y transforma r\u00e1pidamente en una imagen detallada. En este punto, se","og_url":"https:\/\/www.erresse-shop.it\/es\/shop\/mobiliario\/articulos-de-decoracion\/toms-drag-perro-l-juliette\/","og_site_name":"Erresse Shop","article_modified_time":"2024-07-30T00:00:11+00:00","og_image":[{"width":800,"height":800,"url":"https:\/\/www.erresse-shop.it\/wp-content\/uploads\/2024\/01\/Toms-Drag-cane-juliette-L.jpg","type":"image\/jpeg"}],"twitter_card":"summary_large_image","schema":{"@context":"https:\/\/schema.org","@graph":[{"@type":"WebPage","@id":"https:\/\/www.erresse-shop.it\/es\/shop\/mobiliario\/articulos-de-decoracion\/toms-drag-perro-l-juliette\/","url":"https:\/\/www.erresse-shop.it\/es\/shop\/mobiliario\/articulos-de-decoracion\/toms-drag-perro-l-juliette\/","name":"TOM'S DRAG Perro L Juliette - Erresse Shop","isPartOf":{"@id":"https:\/\/www.erresse-shop.it\/es\/#website"},"datePublished":"2024-01-31T08:23:11+00:00","dateModified":"2024-07-30T00:00:11+00:00","description":"Cada objeto de Tom's Drag comienza con unos r\u00e1pidos bocetos que el artista dibuja y transforma r\u00e1pidamente en una imagen detallada. En este punto, se","breadcrumb":{"@id":"https:\/\/www.erresse-shop.it\/es\/shop\/mobiliario\/articulos-de-decoracion\/toms-drag-perro-l-juliette\/#breadcrumb"},"inLanguage":"es","potentialAction":[{"@type":"ReadAction","target":["https:\/\/www.erresse-shop.it\/es\/shop\/mobiliario\/articulos-de-decoracion\/toms-drag-perro-l-juliette\/"]}]},{"@type":"BreadcrumbList","@id":"https:\/\/www.erresse-shop.it\/es\/shop\/mobiliario\/articulos-de-decoracion\/toms-drag-perro-l-juliette\/#breadcrumb","itemListElement":[{"@type":"ListItem","position":1,"name":"Home","item":"https:\/\/www.erresse-shop.it\/es\/"},{"@type":"ListItem","position":2,"name":"Shop","item":"https:\/\/www.erresse-shop.it\/es\/shop\/"},{"@type":"ListItem","position":3,"name":"TOM&#8217;S DRAG Perro L Juliette"}]},{"@type":"WebSite","@id":"https:\/\/www.erresse-shop.it\/es\/#website","url":"https:\/\/www.erresse-shop.it\/es\/","name":"Erresse Shop","description":"Articoli di qualit\u00e0 per la casa","potentialAction":[{"@type":"SearchAction","target":{"@type":"EntryPoint","urlTemplate":"https:\/\/www.erresse-shop.it\/es\/?s={search_term_string}"},"query-input":"required name=search_term_string"}],"inLanguage":"es"}]}},"df_price":169.95,"df_sale_price":169.95,"df_regular_price":265,"df_image_link":"https:\/\/www.erresse-shop.it\/wp-content\/uploads\/2024\/01\/Toms-Drag-cane-juliette-L-300x300.jpg","_links":{"self":[{"href":"https:\/\/www.erresse-shop.it\/es\/wp-json\/wp\/v2\/product\/384234"}],"collection":[{"href":"https:\/\/www.erresse-shop.it\/es\/wp-json\/wp\/v2\/product"}],"about":[{"href":"https:\/\/www.erresse-shop.it\/es\/wp-json\/wp\/v2\/types\/product"}],"wp:featuredmedia":[{"embeddable":true,"href":"https:\/\/www.erresse-shop.it\/es\/wp-json\/wp\/v2\/media\/384243"}],"wp:attachment":[{"href":"https:\/\/www.erresse-shop.it\/es\/wp-json\/wp\/v2\/media?parent=384234"}],"wp:term":[{"taxonomy":"product_cat","embeddable":true,"href":"https:\/\/www.erresse-shop.it\/es\/wp-json\/wp\/v2\/product_cat?post=384234"},{"taxonomy":"product_tag","embeddable":true,"href":"https:\/\/www.erresse-shop.it\/es\/wp-json\/wp\/v2\/product_tag?post=384234"}],"curies":[{"name":"wp","href":"https:\/\/api.w.org\/{rel}","templated":true}]}}