{"id":384153,"date":"2024-01-31T07:07:52","date_gmt":"2024-01-31T07:07:56","guid":{"rendered":"https:\/\/www.erresse-shop.it\/?post_type=product&#038;p=384153"},"modified":"2024-11-11T00:00:08","modified_gmt":"2024-11-11T00:00:08","slug":"berkel-cortafiambres-home-line-plus-250-negro","status":"publish","type":"product","link":"https:\/\/www.erresse-shop.it\/es\/shop\/pequenos-electrodomesticos\/cortadoras\/berkel-cortafiambres-home-line-plus-250-negro\/","title":{"rendered":"BERKEL Cortafiambres Home Line Plus 250 Negro"},"content":{"rendered":"<p><strong>L\u00ednea Hogar PLUS : Berkel lleva el dise\u00f1o a la cocina.<\/strong> Esta l\u00ednea de cortadoras dom\u00e9sticas es la s\u00edntesis de los conocimientos t\u00e9cnicos del equipo de Berkel, de los requisitos funcionales y de los altos est\u00e1ndares de seguridad y limpieza. Home Line Plus es la evoluci\u00f3n de la tecnolog\u00eda de las cortadoras de fiambre profesionales de Berkel para una experiencia de cocina \u00fanica capaz de garantizar un alto rendimiento de corte para todo tipo de alimentos: embutidos, pescados, quesos, frutas, verduras y pan. L\u00edneas esenciales y redondeadas dise\u00f1adas para sorprender y fascinar, pero sobre todo para ser exhibidas, en sus dimensiones extraordinariamente compactas. Adem\u00e1s de su dise\u00f1o \u00fanico, Home Line Plus destaca por sus caracter\u00edsticas t\u00e9cnicas y funcionales para mejorar la experiencia del consumidor; la cuchilla de acero cromado de perfil profesional proporciona un corte perfecto, reduciendo el desperdicio y asegurando rebanadas uniformes. El protector de la hoja de perfil continuo mejora la suavidad del producto a cortar y la vela de apertura diagonal facilita la salida de las lonchas para un rendimiento \u00f3ptimo. El bloque motor garantiza un mejor rendimiento incluso al cortar productos m\u00e1s duros. Adem\u00e1s, la integraci\u00f3n del cierre de seguridad con certificaci\u00f3n CE protege y garantiza una limpieza r\u00e1pida y sencilla. Innovaci\u00f3n digital gracias a la etiqueta NFC, incorporada en la cortadora, que permite al consumidor tener una experiencia exclusiva Berkel antes y despu\u00e9s de la compra con un simple smartphone.<\/p>\n<p>Algunos detalles pueden diferir de los mostrados en la foto.<\/p>\n<p><strong>RENDIMIENTO<\/strong><\/p>\n<ul>\n<li>Espesor m\u00ednimo de la \u00faltima rebanada para minimizar el desperdicio de producto<\/li>\n<li>Palanca de apertura de la cuchilla con 18 posiciones para el ajuste milim\u00e9trico de las rodajas<\/li>\n<li>Plano inclinado que aprovecha la gravedad para un corte m\u00e1s preciso y sin esfuerzo<\/li>\n<li>Cuchilla de acero cromado con perfil profesional: reduce el desperdicio y garantiza cortes uniformes<\/li>\n<li>Protector de la cuchilla de perfil continuo para mayor estabilidad y mejor deslizamiento del producto a cortar<\/li>\n<li>Motor profesional de 0,25 CV \/ 0,19 kW para un excelente rendimiento de corte incluso de los productos m\u00e1s duros<\/li>\n<li>Deflector de solapa incorporado para facilitar la liberaci\u00f3n de la rodaja<\/li>\n<li>El bloque de soporte del producto reduce el espacio entre el carro y la vela y permite el apoyo total de la rebanada a cortar para minimizar los residuos<\/li>\n<li>Estructura de la caja y de la base en aleaci\u00f3n especial de aluminio y pies engomados para una m\u00e1xima estabilidad durante el uso<\/li>\n<li>Panel de control totalmente sellado IP65<\/li>\n<li>Sistema de apertura de la vela inclinada para facilitar la salida del producto durante el corte<\/li>\n<li>Afilador disponible para su compra como opci\u00f3n<\/li>\n<li>Etiqueta NFC: busca la pegatina amarilla para disfrutar de la experiencia<\/li>\n<\/ul>\n<p>Berkel con contenidos exclusivos<\/p>\n<p><strong>LIMPIEZA E HIGIENE<\/strong><\/p>\n<ul>\n<li>Estuche con protecci\u00f3n de la cuchilla: una carcasa colocada en la parte posterior de la cuchilla limita los huecos para evitar la acumulaci\u00f3n de restos<\/li>\n<li>Protector de cuchilla de perfil continuo de aluminio alimentario con extracci\u00f3n r\u00e1pida para facilitar la limpieza<\/li>\n<li>Placa basculante para la limpieza r\u00e1pida del cuerpo de la m\u00e1quina<\/li>\n<li>Empujador f\u00e1cilmente extra\u00edble y apto para el lavavajillas<\/li>\n<li>Extractor de cuchillas incluido<\/li>\n<li>Base con placa de aluminio que hace que no haya espacio entre la m\u00e1quina y el banco<\/li>\n<\/ul>\n<p><strong>SEGURIDAD<\/strong><\/p>\n<ul>\n<li>Bloqueo de seguridad CE: en la posici\u00f3n de plato inclinado, la vela permanece cerrada para evitar el riesgo de corte durante las operaciones de limpieza<\/li>\n<li>Panel de control profesional con interruptores LED ON\/OFF de alta visibilidad<\/li>\n<li>Anillo de protecci\u00f3n de la hoja de aluminio de calidad alimentaria para mayor seguridad<\/li>\n<li>Controles ergon\u00f3micos en una posici\u00f3n f\u00e1cil para minimizar el esfuerzo del operador<\/li>\n<li>Desconexi\u00f3n autom\u00e1tica de la m\u00e1quina en caso de fallo de alimentaci\u00f3n<\/li>\n<\/ul>\n<p><strong>CARACTER\u00cdSTICAS T\u00c9CNICAS<\/strong><\/p>\n<p>Peso: 14,5 kg<br \/>\nAltura: 315 mm<br \/>\nProfundidad: 552 mm<br \/>\nAnchura: 340 mm<br \/>\nDi\u00e1metro de la hoja: 250 mm<br \/>\nEnchufe: El cable se suministra con enchufes UE y CH<br \/>\nEspecificaciones el\u00e9ctricas: 230 V 50 Hz<br \/>\nPotencia del motor: 0,19 kW<br \/>\nEspesor de corte: 0 &#8211; 18 mm<br \/>\nCapacidad de corte (circular): 183 mm<br \/>\nCapacidad de corte (rectangular): 200&#215;183 mm<br \/>\nPiezas desmontables: protector de la cuchilla, empujador, placa de corte basculante pero no desmontable<br \/>\nSacapuntas: no incluido, opcional a la venta<br \/>\nExtractor de cuchillas: incluido para una limpieza a fondo<br \/>\nDetalles: Apertura de la vela inclinada para una mejor salida de las lonchas, protecci\u00f3n de la cuchilla de perfil continuo para un mejor deslizamiento, bloque de soporte del producto para un apoyo completo de la loncha y minimizaci\u00f3n de los residuos<\/p>\n<p><span style=\"text-decoration: underline;\"><strong>No se vende fuera de Europa<\/strong><\/span><\/p>\n","protected":false},"excerpt":{"rendered":"<p>L\u00ednea Hogar PLUS : Berkel lleva el dise\u00f1o a la cocina. Esta l\u00ednea de cortadoras dom\u00e9sticas es la s\u00edntesis de<\/p>\n","protected":false},"featured_media":384161,"template":"","meta":{"_acf_changed":false,"inline_featured_image":false},"product_cat":[17345,16073],"product_tag":[17292,16307],"acf":[],"yoast_head":"<!-- This site is optimized with the Yoast SEO Premium plugin v18.6 (Yoast SEO v19.13) - https:\/\/yoast.com\/wordpress\/plugins\/seo\/ -->\n<title>BERKEL Cortafiambres Home Line Plus 250 Negro - Erresse Shop<\/title>\n<meta name=\"description\" content=\"L\u00ednea Hogar PLUS : Berkel lleva el dise\u00f1o a la cocina. Esta l\u00ednea de cortadoras dom\u00e9sticas es la s\u00edntesis de los conocimientos t\u00e9cnicos del equipo de\" \/>\n<meta name=\"robots\" content=\"index, follow, max-snippet:-1, max-image-preview:large, max-video-preview:-1\" \/>\n<link rel=\"canonical\" href=\"https:\/\/www.erresse-shop.it\/es\/shop\/pequenos-electrodomesticos\/cortadoras\/berkel-cortafiambres-home-line-plus-250-negro\/\" \/>\n<meta property=\"og:locale\" content=\"es_ES\" \/>\n<meta property=\"og:type\" content=\"article\" \/>\n<meta property=\"og:title\" content=\"BERKEL Cortafiambres Home Line Plus 250 Negro\" \/>\n<meta property=\"og:description\" content=\"L\u00ednea Hogar PLUS : Berkel lleva el dise\u00f1o a la cocina. Esta l\u00ednea de cortadoras dom\u00e9sticas es la s\u00edntesis de los conocimientos t\u00e9cnicos del equipo de\" \/>\n<meta property=\"og:url\" content=\"https:\/\/www.erresse-shop.it\/es\/shop\/pequenos-electrodomesticos\/cortadoras\/berkel-cortafiambres-home-line-plus-250-negro\/\" \/>\n<meta property=\"og:site_name\" content=\"Erresse Shop\" \/>\n<meta property=\"article:modified_time\" content=\"2024-11-11T00:00:08+00:00\" \/>\n<meta property=\"og:image\" content=\"https:\/\/www.erresse-shop.it\/wp-content\/uploads\/2024\/01\/BERKEL-home-line-250-plus-nera.jpg\" \/>\n\t<meta property=\"og:image:width\" content=\"800\" \/>\n\t<meta property=\"og:image:height\" content=\"800\" \/>\n\t<meta property=\"og:image:type\" content=\"image\/jpeg\" \/>\n<meta name=\"twitter:card\" content=\"summary_large_image\" \/>\n<script type=\"application\/ld+json\" class=\"yoast-schema-graph\">{\"@context\":\"https:\/\/schema.org\",\"@graph\":[{\"@type\":\"WebPage\",\"@id\":\"https:\/\/www.erresse-shop.it\/es\/shop\/pequenos-electrodomesticos\/cortadoras\/berkel-cortafiambres-home-line-plus-250-negro\/\",\"url\":\"https:\/\/www.erresse-shop.it\/es\/shop\/pequenos-electrodomesticos\/cortadoras\/berkel-cortafiambres-home-line-plus-250-negro\/\",\"name\":\"BERKEL Cortafiambres Home Line Plus 250 Negro - Erresse Shop\",\"isPartOf\":{\"@id\":\"https:\/\/www.erresse-shop.it\/es\/#website\"},\"datePublished\":\"2024-01-31T07:07:56+00:00\",\"dateModified\":\"2024-11-11T00:00:08+00:00\",\"description\":\"L\u00ednea Hogar PLUS : Berkel lleva el dise\u00f1o a la cocina. Esta l\u00ednea de cortadoras dom\u00e9sticas es la s\u00edntesis de los conocimientos t\u00e9cnicos del equipo de\",\"breadcrumb\":{\"@id\":\"https:\/\/www.erresse-shop.it\/es\/shop\/pequenos-electrodomesticos\/cortadoras\/berkel-cortafiambres-home-line-plus-250-negro\/#breadcrumb\"},\"inLanguage\":\"es\",\"potentialAction\":[{\"@type\":\"ReadAction\",\"target\":[\"https:\/\/www.erresse-shop.it\/es\/shop\/pequenos-electrodomesticos\/cortadoras\/berkel-cortafiambres-home-line-plus-250-negro\/\"]}]},{\"@type\":\"BreadcrumbList\",\"@id\":\"https:\/\/www.erresse-shop.it\/es\/shop\/pequenos-electrodomesticos\/cortadoras\/berkel-cortafiambres-home-line-plus-250-negro\/#breadcrumb\",\"itemListElement\":[{\"@type\":\"ListItem\",\"position\":1,\"name\":\"Home\",\"item\":\"https:\/\/www.erresse-shop.it\/es\/\"},{\"@type\":\"ListItem\",\"position\":2,\"name\":\"Shop\",\"item\":\"https:\/\/www.erresse-shop.it\/es\/shop\/\"},{\"@type\":\"ListItem\",\"position\":3,\"name\":\"BERKEL Cortafiambres Home Line Plus 250 Negro\"}]},{\"@type\":\"WebSite\",\"@id\":\"https:\/\/www.erresse-shop.it\/es\/#website\",\"url\":\"https:\/\/www.erresse-shop.it\/es\/\",\"name\":\"Erresse Shop\",\"description\":\"Articoli di qualit\u00e0 per la casa\",\"potentialAction\":[{\"@type\":\"SearchAction\",\"target\":{\"@type\":\"EntryPoint\",\"urlTemplate\":\"https:\/\/www.erresse-shop.it\/es\/?s={search_term_string}\"},\"query-input\":\"required name=search_term_string\"}],\"inLanguage\":\"es\"}]}<\/script>\n<!-- \/ Yoast SEO Premium plugin. -->","yoast_head_json":{"title":"BERKEL Cortafiambres Home Line Plus 250 Negro - Erresse Shop","description":"L\u00ednea Hogar PLUS : Berkel lleva el dise\u00f1o a la cocina. Esta l\u00ednea de cortadoras dom\u00e9sticas es la s\u00edntesis de los conocimientos t\u00e9cnicos del equipo de","robots":{"index":"index","follow":"follow","max-snippet":"max-snippet:-1","max-image-preview":"max-image-preview:large","max-video-preview":"max-video-preview:-1"},"canonical":"https:\/\/www.erresse-shop.it\/es\/shop\/pequenos-electrodomesticos\/cortadoras\/berkel-cortafiambres-home-line-plus-250-negro\/","og_locale":"es_ES","og_type":"article","og_title":"BERKEL Cortafiambres Home Line Plus 250 Negro","og_description":"L\u00ednea Hogar PLUS : Berkel lleva el dise\u00f1o a la cocina. Esta l\u00ednea de cortadoras dom\u00e9sticas es la s\u00edntesis de los conocimientos t\u00e9cnicos del equipo de","og_url":"https:\/\/www.erresse-shop.it\/es\/shop\/pequenos-electrodomesticos\/cortadoras\/berkel-cortafiambres-home-line-plus-250-negro\/","og_site_name":"Erresse Shop","article_modified_time":"2024-11-11T00:00:08+00:00","og_image":[{"width":800,"height":800,"url":"https:\/\/www.erresse-shop.it\/wp-content\/uploads\/2024\/01\/BERKEL-home-line-250-plus-nera.jpg","type":"image\/jpeg"}],"twitter_card":"summary_large_image","schema":{"@context":"https:\/\/schema.org","@graph":[{"@type":"WebPage","@id":"https:\/\/www.erresse-shop.it\/es\/shop\/pequenos-electrodomesticos\/cortadoras\/berkel-cortafiambres-home-line-plus-250-negro\/","url":"https:\/\/www.erresse-shop.it\/es\/shop\/pequenos-electrodomesticos\/cortadoras\/berkel-cortafiambres-home-line-plus-250-negro\/","name":"BERKEL Cortafiambres Home Line Plus 250 Negro - Erresse Shop","isPartOf":{"@id":"https:\/\/www.erresse-shop.it\/es\/#website"},"datePublished":"2024-01-31T07:07:56+00:00","dateModified":"2024-11-11T00:00:08+00:00","description":"L\u00ednea Hogar PLUS : Berkel lleva el dise\u00f1o a la cocina. Esta l\u00ednea de cortadoras dom\u00e9sticas es la s\u00edntesis de los conocimientos t\u00e9cnicos del equipo de","breadcrumb":{"@id":"https:\/\/www.erresse-shop.it\/es\/shop\/pequenos-electrodomesticos\/cortadoras\/berkel-cortafiambres-home-line-plus-250-negro\/#breadcrumb"},"inLanguage":"es","potentialAction":[{"@type":"ReadAction","target":["https:\/\/www.erresse-shop.it\/es\/shop\/pequenos-electrodomesticos\/cortadoras\/berkel-cortafiambres-home-line-plus-250-negro\/"]}]},{"@type":"BreadcrumbList","@id":"https:\/\/www.erresse-shop.it\/es\/shop\/pequenos-electrodomesticos\/cortadoras\/berkel-cortafiambres-home-line-plus-250-negro\/#breadcrumb","itemListElement":[{"@type":"ListItem","position":1,"name":"Home","item":"https:\/\/www.erresse-shop.it\/es\/"},{"@type":"ListItem","position":2,"name":"Shop","item":"https:\/\/www.erresse-shop.it\/es\/shop\/"},{"@type":"ListItem","position":3,"name":"BERKEL Cortafiambres Home Line Plus 250 Negro"}]},{"@type":"WebSite","@id":"https:\/\/www.erresse-shop.it\/es\/#website","url":"https:\/\/www.erresse-shop.it\/es\/","name":"Erresse Shop","description":"Articoli di qualit\u00e0 per la casa","potentialAction":[{"@type":"SearchAction","target":{"@type":"EntryPoint","urlTemplate":"https:\/\/www.erresse-shop.it\/es\/?s={search_term_string}"},"query-input":"required name=search_term_string"}],"inLanguage":"es"}]}},"df_price":374.5,"df_sale_price":374.5,"df_regular_price":749,"df_image_link":"https:\/\/www.erresse-shop.it\/wp-content\/uploads\/2024\/01\/BERKEL-home-line-250-plus-nera-300x300.jpg","_links":{"self":[{"href":"https:\/\/www.erresse-shop.it\/es\/wp-json\/wp\/v2\/product\/384153"}],"collection":[{"href":"https:\/\/www.erresse-shop.it\/es\/wp-json\/wp\/v2\/product"}],"about":[{"href":"https:\/\/www.erresse-shop.it\/es\/wp-json\/wp\/v2\/types\/product"}],"wp:featuredmedia":[{"embeddable":true,"href":"https:\/\/www.erresse-shop.it\/es\/wp-json\/wp\/v2\/media\/384161"}],"wp:attachment":[{"href":"https:\/\/www.erresse-shop.it\/es\/wp-json\/wp\/v2\/media?parent=384153"}],"wp:term":[{"taxonomy":"product_cat","embeddable":true,"href":"https:\/\/www.erresse-shop.it\/es\/wp-json\/wp\/v2\/product_cat?post=384153"},{"taxonomy":"product_tag","embeddable":true,"href":"https:\/\/www.erresse-shop.it\/es\/wp-json\/wp\/v2\/product_tag?post=384153"}],"curies":[{"name":"wp","href":"https:\/\/api.w.org\/{rel}","templated":true}]}}