{"id":378868,"date":"2024-01-15T14:23:02","date_gmt":"2024-01-15T14:23:06","guid":{"rendered":"https:\/\/www.erresse-shop.it\/?post_type=product&#038;p=378868"},"modified":"2024-04-23T00:00:14","modified_gmt":"2024-04-23T00:00:14","slug":"jura-maquina-de-cafe-ena-8-touch-full-nordic-blanco-incluyendo-2-kg-de-cafe-2","status":"publish","type":"product","link":"https:\/\/www.erresse-shop.it\/es\/shop\/pequenos-electrodomesticos\/maquinas-de-cafe\/automatico\/jura-maquina-de-cafe-ena-8-touch-full-nordic-blanco-incluyendo-2-kg-de-cafe-2\/","title":{"rendered":"JURA M\u00e1quina de caf\u00e9 ENA 8 Touch Full Nordic Blanco &#8211; incluyendo 2 kg de caf\u00e9"},"content":{"rendered":"<p><strong>Compacta, elegante, sencilla &#8211; reci\u00e9n molido, sin c\u00e1psula<\/strong><br \/>\nLa nueva m\u00e1quina autom\u00e1tica de tazas con caracter\u00edsticas superlativas: compacta, sencilla, elegante &#8211; imprescindible para los estetas y todos los amantes del caf\u00e9. La ENA 8 conquista con especialidades de caf\u00e9 reci\u00e9n molido, no con c\u00e1psulas. Gracias a la variedad disponible con s\u00f3lo pulsar un bot\u00f3n, satisface plenamente incluso a los paladares m\u00e1s exigentes.<\/p>\n<p><strong>Elegante<\/strong><br \/>\nEl dep\u00f3sito de agua circular es lo m\u00e1s destacado del dise\u00f1o. Su estructura y forma cil\u00edndrica se inspiran en las preciosas garrafas de cristal.<\/p>\n<p><strong>Sencillo<\/strong><br \/>\nLa pantalla TFT de 2,8&#8243; situada en la parte frontal y los paneles de control claramente definidos garantizan la m\u00e1xima facilidad de uso.<\/p>\n<p><strong>Reci\u00e9n molido, no en c\u00e1psulas<\/strong><br \/>\nPuede elegir entre diez especialidades diferentes con s\u00f3lo pulsar un bot\u00f3n. Gracias a la primera unidad de erogaci\u00f3n compacta VC (Vacuum-Clean), el caf\u00e9 siempre fluye hacia la taza en condiciones ideales. El proceso de extracci\u00f3n por pulsos (P.E.P.\u00ae) optimiza el aroma de especialidades cortas como el ristretto y el espresso. La tecnolog\u00eda de microespuma prepara una espuma de leche suave y delicada para el cappuccino &amp; Co.<\/p>\n<p><strong>Compacta<\/strong><br \/>\nCon s\u00f3lo 27,1 cm de ancho, 32,3 cm de alto y 44,5 cm de fondo, la m\u00e1quina autom\u00e1tica para una taza cabe f\u00e1cilmente en cualquier sitio.<\/p>\n<p><strong>CARACTER\u00cdSTICAS:<\/strong><br \/>\nN\u00famero de especialidades 10: Ristretto, Espresso, Espresso doble, Espresso macchiato, Cappuccino, Flat white, Latte macchiato, Porci\u00f3n de espuma de leche, Agua caliente<br \/>\nCompatible con J.O.E.\u00ae.<br \/>\nPantalla: pantalla en color de 2,8&#8243; con botones<br \/>\nCantidad de agua para el caf\u00e9 programable individualmente<br \/>\nIntensidad del caf\u00e9 programable individualmente: 10 niveles<br \/>\nCantidad de leche\/espuma programable individualmente<br \/>\nTemperatura de preparaci\u00f3n programable individualmente: 3 niveles<br \/>\nTemperatura del agua caliente programable individualmente: 3 niveles<br \/>\nModo de ahorro de energ\u00eda (E.S.M.\u00a9)<br \/>\nInterruptor de energ\u00eda cero o interruptor de red<br \/>\nHora de desconexi\u00f3n programable<\/p>\n<p><strong>ESPECIFICACIONES:<\/strong><br \/>\nProceso de extracci\u00f3n pulsada (P.E.P.\u00ae)<br \/>\nTecnolog\u00eda de dispensaci\u00f3n 3D<br \/>\nFunci\u00f3n One-Touch<br \/>\nGrupo de preparaci\u00f3n de capacidad variable: 6-10g<br \/>\nMolinillo de caf\u00e9: molinillo multigrado Aroma G3<br \/>\nBomba de alto rendimiento, 15 bar: 1<br \/>\nSistema de calentamiento Thermoblock: 1<br \/>\nSistema de fluido: 1<br \/>\nSistema de leche \/ espumador de leche reemplazable: HP1\/CX1<br \/>\nCompartimento para caf\u00e9 molido<br \/>\nTapa de protecci\u00f3n de aroma<br \/>\nSistema de agua inteligente (I.W.S.)<br \/>\nCartucho de filtro: CLARIS Smart<br \/>\nPrograma integrado de enjuague, limpieza y descalcificaci\u00f3n<br \/>\nBandeja de recogida de agua controlada<br \/>\nJURA Hygiene: certificado T\u00dcV<br \/>\nIluminaci\u00f3n de la taza<\/p>\n<p><strong>DETALLES:<br \/>\n<\/strong>Dispensador combinado ajustable en altura\/anchura: 68-138mm<br \/>\nDispensador de agua caliente regulable en altura: 68-138mm<br \/>\nCapacidad del dep\u00f3sito de agua: 1,1 L<br \/>\nCapacidad del recipiente de caf\u00e9 en grano: 125 g<br \/>\nContenedor de posos de caf\u00e9 (porciones): 10<br \/>\nLongitud del cable: 1,1 m<br \/>\nTensi\u00f3n \/ consumo: 230 V ~\/ 1450 W<br \/>\nIntensidad de corriente: 10 A<br \/>\nConsumo en espera: 0 W<\/p>\n<p><strong>Pa\u00eds fabricante: Made in Portugal<\/strong><br \/>\n<strong>A\u00f1o del modelo: 2018<\/strong><\/p>\n","protected":false},"excerpt":{"rendered":"<p>Compacta, elegante, sencilla &#8211; reci\u00e9n molido, sin c\u00e1psula La nueva m\u00e1quina autom\u00e1tica de tazas con caracter\u00edsticas superlativas: compacta, sencilla, elegante<\/p>\n","protected":false},"featured_media":378882,"template":"","meta":{"_acf_changed":false,"inline_featured_image":false},"product_cat":[25362,16076,16073],"product_tag":[23574,20769,23570,16395],"acf":[],"yoast_head":"<!-- This site is optimized with the Yoast SEO Premium plugin v18.6 (Yoast SEO v19.13) - https:\/\/yoast.com\/wordpress\/plugins\/seo\/ -->\n<title>JURA M\u00e1quina de caf\u00e9 ENA 8 Touch Full Nordic Blanco - incluyendo 2 kg de caf\u00e9 - Erresse Shop<\/title>\n<meta name=\"description\" content=\"Compacta, elegante, sencilla - reci\u00e9n molido, sin c\u00e1psula La nueva m\u00e1quina autom\u00e1tica de tazas con caracter\u00edsticas superlativas: compacta, sencilla,\" \/>\n<meta name=\"robots\" content=\"index, follow, max-snippet:-1, max-image-preview:large, max-video-preview:-1\" \/>\n<link rel=\"canonical\" href=\"https:\/\/www.erresse-shop.it\/es\/shop\/pequenos-electrodomesticos\/maquinas-de-cafe\/automatico\/jura-maquina-de-cafe-ena-8-touch-full-nordic-blanco-incluyendo-2-kg-de-cafe-2\/\" \/>\n<meta property=\"og:locale\" content=\"es_ES\" \/>\n<meta property=\"og:type\" content=\"article\" \/>\n<meta property=\"og:title\" content=\"JURA M\u00e1quina de caf\u00e9 ENA 8 Touch Full Nordic Blanco - incluyendo 2 kg de caf\u00e9\" \/>\n<meta property=\"og:description\" content=\"Compacta, elegante, sencilla - reci\u00e9n molido, sin c\u00e1psula La nueva m\u00e1quina autom\u00e1tica de tazas con caracter\u00edsticas superlativas: compacta, sencilla,\" \/>\n<meta property=\"og:url\" content=\"https:\/\/www.erresse-shop.it\/es\/shop\/pequenos-electrodomesticos\/maquinas-de-cafe\/automatico\/jura-maquina-de-cafe-ena-8-touch-full-nordic-blanco-incluyendo-2-kg-de-cafe-2\/\" \/>\n<meta property=\"og:site_name\" content=\"Erresse Shop\" \/>\n<meta property=\"article:modified_time\" content=\"2024-04-23T00:00:14+00:00\" \/>\n<meta property=\"og:image\" content=\"https:\/\/www.erresse-shop.it\/wp-content\/uploads\/2024\/01\/JURA-Macchina-Da-Caffe\u0300-ENA-8-Nordic-Bianco-inclusi-2-kg-di-caffe\u0300-2.jpg\" \/>\n\t<meta property=\"og:image:width\" content=\"800\" \/>\n\t<meta property=\"og:image:height\" content=\"800\" \/>\n\t<meta property=\"og:image:type\" content=\"image\/jpeg\" \/>\n<meta name=\"twitter:card\" content=\"summary_large_image\" \/>\n<script type=\"application\/ld+json\" class=\"yoast-schema-graph\">{\"@context\":\"https:\/\/schema.org\",\"@graph\":[{\"@type\":\"WebPage\",\"@id\":\"https:\/\/www.erresse-shop.it\/es\/shop\/pequenos-electrodomesticos\/maquinas-de-cafe\/automatico\/jura-maquina-de-cafe-ena-8-touch-full-nordic-blanco-incluyendo-2-kg-de-cafe-2\/\",\"url\":\"https:\/\/www.erresse-shop.it\/es\/shop\/pequenos-electrodomesticos\/maquinas-de-cafe\/automatico\/jura-maquina-de-cafe-ena-8-touch-full-nordic-blanco-incluyendo-2-kg-de-cafe-2\/\",\"name\":\"JURA M\u00e1quina de caf\u00e9 ENA 8 Touch Full Nordic Blanco - incluyendo 2 kg de caf\u00e9 - Erresse Shop\",\"isPartOf\":{\"@id\":\"https:\/\/www.erresse-shop.it\/es\/#website\"},\"datePublished\":\"2024-01-15T14:23:06+00:00\",\"dateModified\":\"2024-04-23T00:00:14+00:00\",\"description\":\"Compacta, elegante, sencilla - reci\u00e9n molido, sin c\u00e1psula La nueva m\u00e1quina autom\u00e1tica de tazas con caracter\u00edsticas superlativas: compacta, sencilla,\",\"breadcrumb\":{\"@id\":\"https:\/\/www.erresse-shop.it\/es\/shop\/pequenos-electrodomesticos\/maquinas-de-cafe\/automatico\/jura-maquina-de-cafe-ena-8-touch-full-nordic-blanco-incluyendo-2-kg-de-cafe-2\/#breadcrumb\"},\"inLanguage\":\"es\",\"potentialAction\":[{\"@type\":\"ReadAction\",\"target\":[\"https:\/\/www.erresse-shop.it\/es\/shop\/pequenos-electrodomesticos\/maquinas-de-cafe\/automatico\/jura-maquina-de-cafe-ena-8-touch-full-nordic-blanco-incluyendo-2-kg-de-cafe-2\/\"]}]},{\"@type\":\"BreadcrumbList\",\"@id\":\"https:\/\/www.erresse-shop.it\/es\/shop\/pequenos-electrodomesticos\/maquinas-de-cafe\/automatico\/jura-maquina-de-cafe-ena-8-touch-full-nordic-blanco-incluyendo-2-kg-de-cafe-2\/#breadcrumb\",\"itemListElement\":[{\"@type\":\"ListItem\",\"position\":1,\"name\":\"Home\",\"item\":\"https:\/\/www.erresse-shop.it\/es\/\"},{\"@type\":\"ListItem\",\"position\":2,\"name\":\"Shop\",\"item\":\"https:\/\/www.erresse-shop.it\/es\/shop\/\"},{\"@type\":\"ListItem\",\"position\":3,\"name\":\"JURA M\u00e1quina de caf\u00e9 ENA 8 Touch Full Nordic Blanco &#8211; incluyendo 2 kg de caf\u00e9\"}]},{\"@type\":\"WebSite\",\"@id\":\"https:\/\/www.erresse-shop.it\/es\/#website\",\"url\":\"https:\/\/www.erresse-shop.it\/es\/\",\"name\":\"Erresse Shop\",\"description\":\"Articoli di qualit\u00e0 per la casa\",\"potentialAction\":[{\"@type\":\"SearchAction\",\"target\":{\"@type\":\"EntryPoint\",\"urlTemplate\":\"https:\/\/www.erresse-shop.it\/es\/?s={search_term_string}\"},\"query-input\":\"required name=search_term_string\"}],\"inLanguage\":\"es\"}]}<\/script>\n<!-- \/ Yoast SEO Premium plugin. -->","yoast_head_json":{"title":"JURA M\u00e1quina de caf\u00e9 ENA 8 Touch Full Nordic Blanco - incluyendo 2 kg de caf\u00e9 - Erresse Shop","description":"Compacta, elegante, sencilla - reci\u00e9n molido, sin c\u00e1psula La nueva m\u00e1quina autom\u00e1tica de tazas con caracter\u00edsticas superlativas: compacta, sencilla,","robots":{"index":"index","follow":"follow","max-snippet":"max-snippet:-1","max-image-preview":"max-image-preview:large","max-video-preview":"max-video-preview:-1"},"canonical":"https:\/\/www.erresse-shop.it\/es\/shop\/pequenos-electrodomesticos\/maquinas-de-cafe\/automatico\/jura-maquina-de-cafe-ena-8-touch-full-nordic-blanco-incluyendo-2-kg-de-cafe-2\/","og_locale":"es_ES","og_type":"article","og_title":"JURA M\u00e1quina de caf\u00e9 ENA 8 Touch Full Nordic Blanco - incluyendo 2 kg de caf\u00e9","og_description":"Compacta, elegante, sencilla - reci\u00e9n molido, sin c\u00e1psula La nueva m\u00e1quina autom\u00e1tica de tazas con caracter\u00edsticas superlativas: compacta, sencilla,","og_url":"https:\/\/www.erresse-shop.it\/es\/shop\/pequenos-electrodomesticos\/maquinas-de-cafe\/automatico\/jura-maquina-de-cafe-ena-8-touch-full-nordic-blanco-incluyendo-2-kg-de-cafe-2\/","og_site_name":"Erresse Shop","article_modified_time":"2024-04-23T00:00:14+00:00","og_image":[{"width":800,"height":800,"url":"https:\/\/www.erresse-shop.it\/wp-content\/uploads\/2024\/01\/JURA-Macchina-Da-Caffe\u0300-ENA-8-Nordic-Bianco-inclusi-2-kg-di-caffe\u0300-2.jpg","type":"image\/jpeg"}],"twitter_card":"summary_large_image","schema":{"@context":"https:\/\/schema.org","@graph":[{"@type":"WebPage","@id":"https:\/\/www.erresse-shop.it\/es\/shop\/pequenos-electrodomesticos\/maquinas-de-cafe\/automatico\/jura-maquina-de-cafe-ena-8-touch-full-nordic-blanco-incluyendo-2-kg-de-cafe-2\/","url":"https:\/\/www.erresse-shop.it\/es\/shop\/pequenos-electrodomesticos\/maquinas-de-cafe\/automatico\/jura-maquina-de-cafe-ena-8-touch-full-nordic-blanco-incluyendo-2-kg-de-cafe-2\/","name":"JURA M\u00e1quina de caf\u00e9 ENA 8 Touch Full Nordic Blanco - incluyendo 2 kg de caf\u00e9 - Erresse Shop","isPartOf":{"@id":"https:\/\/www.erresse-shop.it\/es\/#website"},"datePublished":"2024-01-15T14:23:06+00:00","dateModified":"2024-04-23T00:00:14+00:00","description":"Compacta, elegante, sencilla - reci\u00e9n molido, sin c\u00e1psula La nueva m\u00e1quina autom\u00e1tica de tazas con caracter\u00edsticas superlativas: compacta, sencilla,","breadcrumb":{"@id":"https:\/\/www.erresse-shop.it\/es\/shop\/pequenos-electrodomesticos\/maquinas-de-cafe\/automatico\/jura-maquina-de-cafe-ena-8-touch-full-nordic-blanco-incluyendo-2-kg-de-cafe-2\/#breadcrumb"},"inLanguage":"es","potentialAction":[{"@type":"ReadAction","target":["https:\/\/www.erresse-shop.it\/es\/shop\/pequenos-electrodomesticos\/maquinas-de-cafe\/automatico\/jura-maquina-de-cafe-ena-8-touch-full-nordic-blanco-incluyendo-2-kg-de-cafe-2\/"]}]},{"@type":"BreadcrumbList","@id":"https:\/\/www.erresse-shop.it\/es\/shop\/pequenos-electrodomesticos\/maquinas-de-cafe\/automatico\/jura-maquina-de-cafe-ena-8-touch-full-nordic-blanco-incluyendo-2-kg-de-cafe-2\/#breadcrumb","itemListElement":[{"@type":"ListItem","position":1,"name":"Home","item":"https:\/\/www.erresse-shop.it\/es\/"},{"@type":"ListItem","position":2,"name":"Shop","item":"https:\/\/www.erresse-shop.it\/es\/shop\/"},{"@type":"ListItem","position":3,"name":"JURA M\u00e1quina de caf\u00e9 ENA 8 Touch Full Nordic Blanco &#8211; incluyendo 2 kg de caf\u00e9"}]},{"@type":"WebSite","@id":"https:\/\/www.erresse-shop.it\/es\/#website","url":"https:\/\/www.erresse-shop.it\/es\/","name":"Erresse Shop","description":"Articoli di qualit\u00e0 per la casa","potentialAction":[{"@type":"SearchAction","target":{"@type":"EntryPoint","urlTemplate":"https:\/\/www.erresse-shop.it\/es\/?s={search_term_string}"},"query-input":"required name=search_term_string"}],"inLanguage":"es"}]}},"df_price":926.1,"df_sale_price":926.1,"df_regular_price":1029,"df_image_link":"https:\/\/www.erresse-shop.it\/wp-content\/uploads\/2024\/01\/JURA-Macchina-Da-Caffe\u0300-ENA-8-Nordic-Bianco-inclusi-2-kg-di-caffe\u0300-2-300x300.jpg","_links":{"self":[{"href":"https:\/\/www.erresse-shop.it\/es\/wp-json\/wp\/v2\/product\/378868"}],"collection":[{"href":"https:\/\/www.erresse-shop.it\/es\/wp-json\/wp\/v2\/product"}],"about":[{"href":"https:\/\/www.erresse-shop.it\/es\/wp-json\/wp\/v2\/types\/product"}],"wp:featuredmedia":[{"embeddable":true,"href":"https:\/\/www.erresse-shop.it\/es\/wp-json\/wp\/v2\/media\/378882"}],"wp:attachment":[{"href":"https:\/\/www.erresse-shop.it\/es\/wp-json\/wp\/v2\/media?parent=378868"}],"wp:term":[{"taxonomy":"product_cat","embeddable":true,"href":"https:\/\/www.erresse-shop.it\/es\/wp-json\/wp\/v2\/product_cat?post=378868"},{"taxonomy":"product_tag","embeddable":true,"href":"https:\/\/www.erresse-shop.it\/es\/wp-json\/wp\/v2\/product_tag?post=378868"}],"curies":[{"name":"wp","href":"https:\/\/api.w.org\/{rel}","templated":true}]}}