{"id":378768,"date":"2024-01-15T11:06:06","date_gmt":"2024-01-15T11:06:10","guid":{"rendered":"https:\/\/www.erresse-shop.it\/?post_type=product&#038;p=378768"},"modified":"2024-05-02T00:00:09","modified_gmt":"2024-05-02T00:00:09","slug":"seletti-contenedor-love-in-a-box","status":"publish","type":"product","link":"https:\/\/www.erresse-shop.it\/es\/shop\/mobiliario\/articulos-de-decoracion\/seletti-contenedor-love-in-a-box\/","title":{"rendered":"SELETTI Caja de joya Love in a Box"},"content":{"rendered":"<p>Ideal para San Valent\u00edn, perfecto para cualquier ocasi\u00f3n, Seletti Love in a Box es un recipiente que reproduce fielmente la anatom\u00eda del coraz\u00f3n; pr\u00e1cticamente una emanaci\u00f3n del ic\u00f3nico Love in Bloom. Se cierra con un im\u00e1n y est\u00e1 hecho de fina porcelana blanca. Dise\u00f1o de Marcantonio Raimondi Malerba, un artista que siempre nos proyecta a dimensiones maravillosas.<\/p>\n<p><strong>Caja de joya Love in Bloom<\/strong><\/p>\n<ul>\n<li><strong>Dise\u00f1ador:<\/strong> MARCANTONIO<\/li>\n<li><strong>Material:<\/strong> porcelana<\/li>\n<\/ul>\n","protected":false},"excerpt":{"rendered":"<p>Ideal para San Valent\u00edn, perfecto para cualquier ocasi\u00f3n, Seletti Love in a Box es un recipiente que reproduce fielmente la<\/p>\n","protected":false},"featured_media":378785,"template":"","meta":{"_acf_changed":false,"inline_featured_image":false},"product_cat":[16026,16016],"product_tag":[23667,16877,23662,24417,17941,17942,24302,25023],"acf":[],"yoast_head":"<!-- This site is optimized with the Yoast SEO Premium plugin v18.6 (Yoast SEO v19.13) - https:\/\/yoast.com\/wordpress\/plugins\/seo\/ -->\n<title>SELETTI Caja de joya Love in a Box - Erresse Shop<\/title>\n<meta name=\"description\" content=\"Ideal para San Valent\u00edn, perfecto para cualquier ocasi\u00f3n, Seletti Love in a Box es un recipiente que reproduce fielmente la anatom\u00eda del coraz\u00f3n;\" \/>\n<meta name=\"robots\" content=\"index, follow, max-snippet:-1, max-image-preview:large, max-video-preview:-1\" \/>\n<link rel=\"canonical\" href=\"https:\/\/www.erresse-shop.it\/es\/shop\/mobiliario\/articulos-de-decoracion\/seletti-contenedor-love-in-a-box\/\" \/>\n<meta property=\"og:locale\" content=\"es_ES\" \/>\n<meta property=\"og:type\" content=\"article\" \/>\n<meta property=\"og:title\" content=\"SELETTI Caja de joya Love in a Box\" \/>\n<meta property=\"og:description\" content=\"Ideal para San Valent\u00edn, perfecto para cualquier ocasi\u00f3n, Seletti Love in a Box es un recipiente que reproduce fielmente la anatom\u00eda del coraz\u00f3n;\" \/>\n<meta property=\"og:url\" content=\"https:\/\/www.erresse-shop.it\/es\/shop\/mobiliario\/articulos-de-decoracion\/seletti-contenedor-love-in-a-box\/\" \/>\n<meta property=\"og:site_name\" content=\"Erresse Shop\" \/>\n<meta property=\"article:modified_time\" content=\"2024-05-02T00:00:09+00:00\" \/>\n<meta property=\"og:image\" content=\"https:\/\/www.erresse-shop.it\/wp-content\/uploads\/2024\/01\/SELETTI-Contenitore-Love-in-a-Box.jpg\" \/>\n\t<meta property=\"og:image:width\" content=\"800\" \/>\n\t<meta property=\"og:image:height\" content=\"800\" \/>\n\t<meta property=\"og:image:type\" content=\"image\/jpeg\" \/>\n<meta name=\"twitter:card\" content=\"summary_large_image\" \/>\n<script type=\"application\/ld+json\" class=\"yoast-schema-graph\">{\"@context\":\"https:\/\/schema.org\",\"@graph\":[{\"@type\":\"WebPage\",\"@id\":\"https:\/\/www.erresse-shop.it\/es\/shop\/mobiliario\/articulos-de-decoracion\/seletti-contenedor-love-in-a-box\/\",\"url\":\"https:\/\/www.erresse-shop.it\/es\/shop\/mobiliario\/articulos-de-decoracion\/seletti-contenedor-love-in-a-box\/\",\"name\":\"SELETTI Caja de joya Love in a Box - Erresse Shop\",\"isPartOf\":{\"@id\":\"https:\/\/www.erresse-shop.it\/es\/#website\"},\"datePublished\":\"2024-01-15T11:06:10+00:00\",\"dateModified\":\"2024-05-02T00:00:09+00:00\",\"description\":\"Ideal para San Valent\u00edn, perfecto para cualquier ocasi\u00f3n, Seletti Love in a Box es un recipiente que reproduce fielmente la anatom\u00eda del coraz\u00f3n;\",\"breadcrumb\":{\"@id\":\"https:\/\/www.erresse-shop.it\/es\/shop\/mobiliario\/articulos-de-decoracion\/seletti-contenedor-love-in-a-box\/#breadcrumb\"},\"inLanguage\":\"es\",\"potentialAction\":[{\"@type\":\"ReadAction\",\"target\":[\"https:\/\/www.erresse-shop.it\/es\/shop\/mobiliario\/articulos-de-decoracion\/seletti-contenedor-love-in-a-box\/\"]}]},{\"@type\":\"BreadcrumbList\",\"@id\":\"https:\/\/www.erresse-shop.it\/es\/shop\/mobiliario\/articulos-de-decoracion\/seletti-contenedor-love-in-a-box\/#breadcrumb\",\"itemListElement\":[{\"@type\":\"ListItem\",\"position\":1,\"name\":\"Home\",\"item\":\"https:\/\/www.erresse-shop.it\/es\/\"},{\"@type\":\"ListItem\",\"position\":2,\"name\":\"Shop\",\"item\":\"https:\/\/www.erresse-shop.it\/es\/shop\/\"},{\"@type\":\"ListItem\",\"position\":3,\"name\":\"SELETTI Caja de joya Love in a Box\"}]},{\"@type\":\"WebSite\",\"@id\":\"https:\/\/www.erresse-shop.it\/es\/#website\",\"url\":\"https:\/\/www.erresse-shop.it\/es\/\",\"name\":\"Erresse Shop\",\"description\":\"Articoli di qualit\u00e0 per la casa\",\"potentialAction\":[{\"@type\":\"SearchAction\",\"target\":{\"@type\":\"EntryPoint\",\"urlTemplate\":\"https:\/\/www.erresse-shop.it\/es\/?s={search_term_string}\"},\"query-input\":\"required name=search_term_string\"}],\"inLanguage\":\"es\"}]}<\/script>\n<!-- \/ Yoast SEO Premium plugin. -->","yoast_head_json":{"title":"SELETTI Caja de joya Love in a Box - Erresse Shop","description":"Ideal para San Valent\u00edn, perfecto para cualquier ocasi\u00f3n, Seletti Love in a Box es un recipiente que reproduce fielmente la anatom\u00eda del coraz\u00f3n;","robots":{"index":"index","follow":"follow","max-snippet":"max-snippet:-1","max-image-preview":"max-image-preview:large","max-video-preview":"max-video-preview:-1"},"canonical":"https:\/\/www.erresse-shop.it\/es\/shop\/mobiliario\/articulos-de-decoracion\/seletti-contenedor-love-in-a-box\/","og_locale":"es_ES","og_type":"article","og_title":"SELETTI Caja de joya Love in a Box","og_description":"Ideal para San Valent\u00edn, perfecto para cualquier ocasi\u00f3n, Seletti Love in a Box es un recipiente que reproduce fielmente la anatom\u00eda del coraz\u00f3n;","og_url":"https:\/\/www.erresse-shop.it\/es\/shop\/mobiliario\/articulos-de-decoracion\/seletti-contenedor-love-in-a-box\/","og_site_name":"Erresse Shop","article_modified_time":"2024-05-02T00:00:09+00:00","og_image":[{"width":800,"height":800,"url":"https:\/\/www.erresse-shop.it\/wp-content\/uploads\/2024\/01\/SELETTI-Contenitore-Love-in-a-Box.jpg","type":"image\/jpeg"}],"twitter_card":"summary_large_image","schema":{"@context":"https:\/\/schema.org","@graph":[{"@type":"WebPage","@id":"https:\/\/www.erresse-shop.it\/es\/shop\/mobiliario\/articulos-de-decoracion\/seletti-contenedor-love-in-a-box\/","url":"https:\/\/www.erresse-shop.it\/es\/shop\/mobiliario\/articulos-de-decoracion\/seletti-contenedor-love-in-a-box\/","name":"SELETTI Caja de joya Love in a Box - Erresse Shop","isPartOf":{"@id":"https:\/\/www.erresse-shop.it\/es\/#website"},"datePublished":"2024-01-15T11:06:10+00:00","dateModified":"2024-05-02T00:00:09+00:00","description":"Ideal para San Valent\u00edn, perfecto para cualquier ocasi\u00f3n, Seletti Love in a Box es un recipiente que reproduce fielmente la anatom\u00eda del coraz\u00f3n;","breadcrumb":{"@id":"https:\/\/www.erresse-shop.it\/es\/shop\/mobiliario\/articulos-de-decoracion\/seletti-contenedor-love-in-a-box\/#breadcrumb"},"inLanguage":"es","potentialAction":[{"@type":"ReadAction","target":["https:\/\/www.erresse-shop.it\/es\/shop\/mobiliario\/articulos-de-decoracion\/seletti-contenedor-love-in-a-box\/"]}]},{"@type":"BreadcrumbList","@id":"https:\/\/www.erresse-shop.it\/es\/shop\/mobiliario\/articulos-de-decoracion\/seletti-contenedor-love-in-a-box\/#breadcrumb","itemListElement":[{"@type":"ListItem","position":1,"name":"Home","item":"https:\/\/www.erresse-shop.it\/es\/"},{"@type":"ListItem","position":2,"name":"Shop","item":"https:\/\/www.erresse-shop.it\/es\/shop\/"},{"@type":"ListItem","position":3,"name":"SELETTI Caja de joya Love in a Box"}]},{"@type":"WebSite","@id":"https:\/\/www.erresse-shop.it\/es\/#website","url":"https:\/\/www.erresse-shop.it\/es\/","name":"Erresse Shop","description":"Articoli di qualit\u00e0 per la casa","potentialAction":[{"@type":"SearchAction","target":{"@type":"EntryPoint","urlTemplate":"https:\/\/www.erresse-shop.it\/es\/?s={search_term_string}"},"query-input":"required name=search_term_string"}],"inLanguage":"es"}]}},"df_price":34.65,"df_sale_price":34.65,"df_regular_price":77,"df_image_link":"https:\/\/www.erresse-shop.it\/wp-content\/uploads\/2024\/01\/SELETTI-Contenitore-Love-in-a-Box-300x300.jpg","_links":{"self":[{"href":"https:\/\/www.erresse-shop.it\/es\/wp-json\/wp\/v2\/product\/378768"}],"collection":[{"href":"https:\/\/www.erresse-shop.it\/es\/wp-json\/wp\/v2\/product"}],"about":[{"href":"https:\/\/www.erresse-shop.it\/es\/wp-json\/wp\/v2\/types\/product"}],"wp:featuredmedia":[{"embeddable":true,"href":"https:\/\/www.erresse-shop.it\/es\/wp-json\/wp\/v2\/media\/378785"}],"wp:attachment":[{"href":"https:\/\/www.erresse-shop.it\/es\/wp-json\/wp\/v2\/media?parent=378768"}],"wp:term":[{"taxonomy":"product_cat","embeddable":true,"href":"https:\/\/www.erresse-shop.it\/es\/wp-json\/wp\/v2\/product_cat?post=378768"},{"taxonomy":"product_tag","embeddable":true,"href":"https:\/\/www.erresse-shop.it\/es\/wp-json\/wp\/v2\/product_tag?post=378768"}],"curies":[{"name":"wp","href":"https:\/\/api.w.org\/{rel}","templated":true}]}}