{"id":366409,"date":"2023-12-12T07:45:55","date_gmt":"2023-12-12T07:46:00","guid":{"rendered":"https:\/\/www.erresse-shop.it\/?post_type=product&#038;p=366409"},"modified":"2025-01-15T22:51:31","modified_gmt":"2025-01-15T22:51:31","slug":"ooni-karu-12g-horno-de-pizza-de-combustion-multiple","status":"publish","type":"product","link":"https:\/\/www.erresse-shop.it\/es\/shop\/pequenos-electrodomesticos\/hornos\/ooni-karu-12g-horno-de-pizza-de-combustion-multiple\/","title":{"rendered":"OONI Karu 12G Horno de Pizza de Combusti\u00f3n M\u00faltiple"},"content":{"rendered":"<p>\u00bfQu\u00e9 hace que el horno Ooni Karu 12G sea fant\u00e1stico?<br \/>\nTodo nuestro conocimiento, acumulado en m\u00e1s de una d\u00e9cada de experiencia en la producci\u00f3n de hornos para pizza, ha confluido en el dise\u00f1o del nuevo Ooni Karu 12G. Desde el mango resistente al calor del deflector de la chimenea, la carcasa recubierta de polvo, hasta los pies de goma antideslizantes, cada detalle de este horno ha sido dise\u00f1ado meticulosamente para ofrecer una experiencia de cocci\u00f3n superior.<\/p>\n<p>El horno Ooni Karu 12G combina un rendimiento \u00f3ptimo con un dise\u00f1o de alta calidad. Las dimensiones reducidas, el cuerpo recubierto de polvo resistente a la intemperie y la silueta elegante hacen de Karu 12G un horno para &#8220;exponer&#8221; en cualquier balc\u00f3n, jard\u00edn o cocina al aire libre.<\/p>\n<p>Port\u00e1til y potente, puedes utilizar Ooni Karu 12G donde quieras, sin comprometer el rendimiento.<\/p>\n<p>El horno Ooni Karu 12G tambi\u00e9n es compatible con todos los accesorios existentes para el Karu 12, como el quemador de gas para Ooni Karu 12 y la caja de transporte para Ooni Karu 12.<\/p>\n<p>\u00bfPor qu\u00e9 elegir un horno de combustible m\u00faltiple?<\/p>\n<p>Autenticidad<br \/>\nCocinar con combustibles s\u00f3lidos como la le\u00f1a y el carb\u00f3n es un m\u00e9todo antiguo y tradicional utilizado en todo el mundo: el aroma de la le\u00f1a es inconfundible.<\/p>\n<p>Control<br \/>\nEl quemador de gas para Ooni Karu 12G ofrece m\u00e1s comodidad y control.<\/p>\n<p>Flexibilidad<br \/>\nElige siempre el combustible que prefieras: opta por la le\u00f1a o el carb\u00f3n cuando tu receta requiera un aroma ahumado o temperaturas de cocci\u00f3n m\u00e1s bajas, o utiliza el gas cuando organices una pizza con muchos invitados. Karu 12G es extremadamente vers\u00e1til y se adapta a sus necesidades.<\/p>\n<ul>\n<li>El horno de pizza port\u00e1til m\u00e1s avanzado del mundo.<\/li>\n<li>Panel de vidrio de borosilicato aislado, para controlar la cocci\u00f3n de la pizza sin dispersar el calor.<\/li>\n<li>Tecnolog\u00eda ClearView\u00ae, para evitar la acumulaci\u00f3n de holl\u00edn y cenizas en la puerta de cristal.<\/li>\n<li>Puede usar le\u00f1a o carb\u00f3n para una experiencia de cocci\u00f3n tradicional, o conectar un quemador de gas (se vende por separado) y usar una botella de GLP, consumiendo un 36% menos de gas que en los modelos anteriores.<\/li>\n<li>Temperatura m\u00e1xima de 500 \u00b0C, hornea la pizza en solo 60 segundos.<\/li>\n<li>Alcanza la temperatura de cocci\u00f3n ideal de 450 \u00b0C, hasta un 29% m\u00e1s r\u00e1pido, en solo 15 minutos.<\/li>\n<li>Term\u00f3metro integrado, para controlar f\u00e1cilmente la temperatura.<\/li>\n<li>El mango de toque fresco siempre permanece fresco al tacto.<\/li>\n<li>Puede hornear pizzas de 30 cm de di\u00e1metro y mucho m\u00e1s en piedra refractaria de cordierita de 15 mm de espesor.<\/li>\n<\/ul>\n<p><strong>No se vende fuera de Europa<\/strong><\/p>\n","protected":false},"excerpt":{"rendered":"<p>\u00bfQu\u00e9 hace que el horno Ooni Karu 12G sea fant\u00e1stico? Todo nuestro conocimiento, acumulado en m\u00e1s de una d\u00e9cada de<\/p>\n","protected":false},"featured_media":366423,"template":"","meta":{"_acf_changed":false,"inline_featured_image":false},"product_cat":[16079,16073],"product_tag":[16402,18045,24605],"acf":[],"yoast_head":"<!-- This site is optimized with the Yoast SEO Premium plugin v18.6 (Yoast SEO v19.13) - https:\/\/yoast.com\/wordpress\/plugins\/seo\/ -->\n<title>OONI Karu 12G Horno de Pizza de Combusti\u00f3n M\u00faltiple - Erresse Shop<\/title>\n<meta name=\"description\" content=\"\u00bfQu\u00e9 hace que el horno Ooni Karu 12G sea fant\u00e1stico? Todo nuestro conocimiento, acumulado en m\u00e1s de una d\u00e9cada de experiencia en la producci\u00f3n de hornos\" \/>\n<meta name=\"robots\" content=\"index, follow, max-snippet:-1, max-image-preview:large, max-video-preview:-1\" \/>\n<link rel=\"canonical\" href=\"https:\/\/www.erresse-shop.it\/es\/shop\/pequenos-electrodomesticos\/hornos\/ooni-karu-12g-horno-de-pizza-de-combustion-multiple\/\" \/>\n<meta property=\"og:locale\" content=\"es_ES\" \/>\n<meta property=\"og:type\" content=\"article\" \/>\n<meta property=\"og:title\" content=\"OONI Karu 12G Horno de Pizza de Combusti\u00f3n M\u00faltiple\" \/>\n<meta property=\"og:description\" content=\"\u00bfQu\u00e9 hace que el horno Ooni Karu 12G sea fant\u00e1stico? Todo nuestro conocimiento, acumulado en m\u00e1s de una d\u00e9cada de experiencia en la producci\u00f3n de hornos\" \/>\n<meta property=\"og:url\" content=\"https:\/\/www.erresse-shop.it\/es\/shop\/pequenos-electrodomesticos\/hornos\/ooni-karu-12g-horno-de-pizza-de-combustion-multiple\/\" \/>\n<meta property=\"og:site_name\" content=\"Erresse Shop\" \/>\n<meta property=\"article:modified_time\" content=\"2025-01-15T22:51:31+00:00\" \/>\n<meta property=\"og:image\" content=\"https:\/\/www.erresse-shop.it\/wp-content\/uploads\/2023\/12\/karu-12g.jpg\" \/>\n\t<meta property=\"og:image:width\" content=\"800\" \/>\n\t<meta property=\"og:image:height\" content=\"800\" \/>\n\t<meta property=\"og:image:type\" content=\"image\/jpeg\" \/>\n<meta name=\"twitter:card\" content=\"summary_large_image\" \/>\n<script type=\"application\/ld+json\" class=\"yoast-schema-graph\">{\"@context\":\"https:\/\/schema.org\",\"@graph\":[{\"@type\":\"WebPage\",\"@id\":\"https:\/\/www.erresse-shop.it\/es\/shop\/pequenos-electrodomesticos\/hornos\/ooni-karu-12g-horno-de-pizza-de-combustion-multiple\/\",\"url\":\"https:\/\/www.erresse-shop.it\/es\/shop\/pequenos-electrodomesticos\/hornos\/ooni-karu-12g-horno-de-pizza-de-combustion-multiple\/\",\"name\":\"OONI Karu 12G Horno de Pizza de Combusti\u00f3n M\u00faltiple - Erresse Shop\",\"isPartOf\":{\"@id\":\"https:\/\/www.erresse-shop.it\/es\/#website\"},\"datePublished\":\"2023-12-12T07:46:00+00:00\",\"dateModified\":\"2025-01-15T22:51:31+00:00\",\"description\":\"\u00bfQu\u00e9 hace que el horno Ooni Karu 12G sea fant\u00e1stico? Todo nuestro conocimiento, acumulado en m\u00e1s de una d\u00e9cada de experiencia en la producci\u00f3n de hornos\",\"breadcrumb\":{\"@id\":\"https:\/\/www.erresse-shop.it\/es\/shop\/pequenos-electrodomesticos\/hornos\/ooni-karu-12g-horno-de-pizza-de-combustion-multiple\/#breadcrumb\"},\"inLanguage\":\"es\",\"potentialAction\":[{\"@type\":\"ReadAction\",\"target\":[\"https:\/\/www.erresse-shop.it\/es\/shop\/pequenos-electrodomesticos\/hornos\/ooni-karu-12g-horno-de-pizza-de-combustion-multiple\/\"]}]},{\"@type\":\"BreadcrumbList\",\"@id\":\"https:\/\/www.erresse-shop.it\/es\/shop\/pequenos-electrodomesticos\/hornos\/ooni-karu-12g-horno-de-pizza-de-combustion-multiple\/#breadcrumb\",\"itemListElement\":[{\"@type\":\"ListItem\",\"position\":1,\"name\":\"Home\",\"item\":\"https:\/\/www.erresse-shop.it\/es\/\"},{\"@type\":\"ListItem\",\"position\":2,\"name\":\"Shop\",\"item\":\"https:\/\/www.erresse-shop.it\/es\/shop\/\"},{\"@type\":\"ListItem\",\"position\":3,\"name\":\"OONI Karu 12G Horno de Pizza de Combusti\u00f3n M\u00faltiple\"}]},{\"@type\":\"WebSite\",\"@id\":\"https:\/\/www.erresse-shop.it\/es\/#website\",\"url\":\"https:\/\/www.erresse-shop.it\/es\/\",\"name\":\"Erresse Shop\",\"description\":\"Articoli di qualit\u00e0 per la casa\",\"potentialAction\":[{\"@type\":\"SearchAction\",\"target\":{\"@type\":\"EntryPoint\",\"urlTemplate\":\"https:\/\/www.erresse-shop.it\/es\/?s={search_term_string}\"},\"query-input\":\"required name=search_term_string\"}],\"inLanguage\":\"es\"}]}<\/script>\n<!-- \/ Yoast SEO Premium plugin. -->","yoast_head_json":{"title":"OONI Karu 12G Horno de Pizza de Combusti\u00f3n M\u00faltiple - Erresse Shop","description":"\u00bfQu\u00e9 hace que el horno Ooni Karu 12G sea fant\u00e1stico? Todo nuestro conocimiento, acumulado en m\u00e1s de una d\u00e9cada de experiencia en la producci\u00f3n de hornos","robots":{"index":"index","follow":"follow","max-snippet":"max-snippet:-1","max-image-preview":"max-image-preview:large","max-video-preview":"max-video-preview:-1"},"canonical":"https:\/\/www.erresse-shop.it\/es\/shop\/pequenos-electrodomesticos\/hornos\/ooni-karu-12g-horno-de-pizza-de-combustion-multiple\/","og_locale":"es_ES","og_type":"article","og_title":"OONI Karu 12G Horno de Pizza de Combusti\u00f3n M\u00faltiple","og_description":"\u00bfQu\u00e9 hace que el horno Ooni Karu 12G sea fant\u00e1stico? Todo nuestro conocimiento, acumulado en m\u00e1s de una d\u00e9cada de experiencia en la producci\u00f3n de hornos","og_url":"https:\/\/www.erresse-shop.it\/es\/shop\/pequenos-electrodomesticos\/hornos\/ooni-karu-12g-horno-de-pizza-de-combustion-multiple\/","og_site_name":"Erresse Shop","article_modified_time":"2025-01-15T22:51:31+00:00","og_image":[{"width":800,"height":800,"url":"https:\/\/www.erresse-shop.it\/wp-content\/uploads\/2023\/12\/karu-12g.jpg","type":"image\/jpeg"}],"twitter_card":"summary_large_image","schema":{"@context":"https:\/\/schema.org","@graph":[{"@type":"WebPage","@id":"https:\/\/www.erresse-shop.it\/es\/shop\/pequenos-electrodomesticos\/hornos\/ooni-karu-12g-horno-de-pizza-de-combustion-multiple\/","url":"https:\/\/www.erresse-shop.it\/es\/shop\/pequenos-electrodomesticos\/hornos\/ooni-karu-12g-horno-de-pizza-de-combustion-multiple\/","name":"OONI Karu 12G Horno de Pizza de Combusti\u00f3n M\u00faltiple - Erresse Shop","isPartOf":{"@id":"https:\/\/www.erresse-shop.it\/es\/#website"},"datePublished":"2023-12-12T07:46:00+00:00","dateModified":"2025-01-15T22:51:31+00:00","description":"\u00bfQu\u00e9 hace que el horno Ooni Karu 12G sea fant\u00e1stico? Todo nuestro conocimiento, acumulado en m\u00e1s de una d\u00e9cada de experiencia en la producci\u00f3n de hornos","breadcrumb":{"@id":"https:\/\/www.erresse-shop.it\/es\/shop\/pequenos-electrodomesticos\/hornos\/ooni-karu-12g-horno-de-pizza-de-combustion-multiple\/#breadcrumb"},"inLanguage":"es","potentialAction":[{"@type":"ReadAction","target":["https:\/\/www.erresse-shop.it\/es\/shop\/pequenos-electrodomesticos\/hornos\/ooni-karu-12g-horno-de-pizza-de-combustion-multiple\/"]}]},{"@type":"BreadcrumbList","@id":"https:\/\/www.erresse-shop.it\/es\/shop\/pequenos-electrodomesticos\/hornos\/ooni-karu-12g-horno-de-pizza-de-combustion-multiple\/#breadcrumb","itemListElement":[{"@type":"ListItem","position":1,"name":"Home","item":"https:\/\/www.erresse-shop.it\/es\/"},{"@type":"ListItem","position":2,"name":"Shop","item":"https:\/\/www.erresse-shop.it\/es\/shop\/"},{"@type":"ListItem","position":3,"name":"OONI Karu 12G Horno de Pizza de Combusti\u00f3n M\u00faltiple"}]},{"@type":"WebSite","@id":"https:\/\/www.erresse-shop.it\/es\/#website","url":"https:\/\/www.erresse-shop.it\/es\/","name":"Erresse Shop","description":"Articoli di qualit\u00e0 per la casa","potentialAction":[{"@type":"SearchAction","target":{"@type":"EntryPoint","urlTemplate":"https:\/\/www.erresse-shop.it\/es\/?s={search_term_string}"},"query-input":"required name=search_term_string"}],"inLanguage":"es"}]}},"df_price":349.95,"df_sale_price":349.95,"df_regular_price":429,"df_image_link":"https:\/\/www.erresse-shop.it\/wp-content\/uploads\/2023\/12\/karu-12g-300x300.jpg","_links":{"self":[{"href":"https:\/\/www.erresse-shop.it\/es\/wp-json\/wp\/v2\/product\/366409"}],"collection":[{"href":"https:\/\/www.erresse-shop.it\/es\/wp-json\/wp\/v2\/product"}],"about":[{"href":"https:\/\/www.erresse-shop.it\/es\/wp-json\/wp\/v2\/types\/product"}],"wp:featuredmedia":[{"embeddable":true,"href":"https:\/\/www.erresse-shop.it\/es\/wp-json\/wp\/v2\/media\/366423"}],"wp:attachment":[{"href":"https:\/\/www.erresse-shop.it\/es\/wp-json\/wp\/v2\/media?parent=366409"}],"wp:term":[{"taxonomy":"product_cat","embeddable":true,"href":"https:\/\/www.erresse-shop.it\/es\/wp-json\/wp\/v2\/product_cat?post=366409"},{"taxonomy":"product_tag","embeddable":true,"href":"https:\/\/www.erresse-shop.it\/es\/wp-json\/wp\/v2\/product_tag?post=366409"}],"curies":[{"name":"wp","href":"https:\/\/api.w.org\/{rel}","templated":true}]}}