{"id":359537,"date":"2023-11-30T11:41:39","date_gmt":"2023-11-30T11:41:45","guid":{"rendered":"https:\/\/www.erresse-shop.it\/?post_type=product&#038;p=359537"},"modified":"2023-11-30T11:58:56","modified_gmt":"2023-11-30T11:58:56","slug":"cookut-shaker-para-crepes-gofres-y-panqueques-veganos","status":"publish","type":"product","link":"https:\/\/www.erresse-shop.it\/es\/shop\/cocina\/accesorios\/cookut-shaker-para-crepes-gofres-y-panqueques-veganos\/","title":{"rendered":"COOKUT Shaker Para Crepes, Gofres y Panqueques Veganos"},"content":{"rendered":"<p>S\u00faper pr\u00e1ctica!<br \/>\n\u00a1No m\u00e1s recetas, robots, b\u00e1sculas, l\u00e1tigos, ensaladeras o cucharones!<br \/>\nSolo tienes que seguir la receta de los panqueques veganos con las medidas de los ingredientes indicados en el frasco: leche vegetal, harina (con o sin gluten) y almid\u00f3n de ma\u00edz.<br \/>\nLuego agitar durante unos segundos. \u00a1Est\u00e1 listo!<br \/>\nVierte directamente en la sart\u00e9n.<\/p>\n<p>Esta licuadora vegana para panqueques es muy conveniente para almacenar la masa en la nevera y usarla al d\u00eda siguiente.<\/p>\n<p>No m\u00e1s grumos<br \/>\nLa coctelera Miam est\u00e1 equipada con una espiral de acero inoxidable que le garantizar\u00e1 una pasta fluida e inratable destruyendo los grumos y una rejilla adicional anti-grumos para agregar al verter la masa en la sart\u00e9n. \u00a1Qu\u00e9 conseguir tortitas siempre perfectas!<\/p>\n<p>Receta vegana crepe, receta vegana de panqueques y receta vegana de gofres<br \/>\nHay varias recetas veganas en el frasco para hacer f\u00e1cilmente masa para panqueques, panqueques o gofres VEGAN. \u00bfNecesita m\u00e1s para los golosos? \u00a1Simplemente prepare de nuevo en 2 minutos!<\/p>\n<p>Ninguna suciedad<br \/>\nAl verter la masa para panqueques veganos directamente en la sart\u00e9n, se evita la suciedad del cuchar\u00f3n que se desborda en el momento del delicado paso entre el taz\u00f3n y la sart\u00e9n.<\/p>\n<p>Apto para el lavavajillas.<\/p>\n","protected":false},"excerpt":{"rendered":"<p>S\u00faper pr\u00e1ctica! \u00a1No m\u00e1s recetas, robots, b\u00e1sculas, l\u00e1tigos, ensaladeras o cucharones! Solo tienes que seguir la receta de los panqueques<\/p>\n","protected":false},"featured_media":359542,"template":"","meta":{"_acf_changed":false,"inline_featured_image":false},"product_cat":[16041,16040],"product_tag":[25039,16155,21307,25023,21025],"acf":[],"yoast_head":"<!-- This site is optimized with the Yoast SEO Premium plugin v18.6 (Yoast SEO v19.13) - https:\/\/yoast.com\/wordpress\/plugins\/seo\/ -->\n<title>COOKUT Shaker Para Crepes, Gofres y Panqueques Veganos - Erresse Shop<\/title>\n<meta name=\"description\" content=\"S\u00faper pr\u00e1ctica! \u00a1No m\u00e1s recetas, robots, b\u00e1sculas, l\u00e1tigos, ensaladeras o cucharones! Solo tienes que seguir la receta de los panqueques veganos con las\" \/>\n<meta name=\"robots\" content=\"index, follow, max-snippet:-1, max-image-preview:large, max-video-preview:-1\" \/>\n<link rel=\"canonical\" href=\"https:\/\/www.erresse-shop.it\/es\/shop\/cocina\/accesorios\/cookut-shaker-para-crepes-gofres-y-panqueques-veganos\/\" \/>\n<meta property=\"og:locale\" content=\"es_ES\" \/>\n<meta property=\"og:type\" content=\"article\" \/>\n<meta property=\"og:title\" content=\"COOKUT Shaker Para Crepes, Gofres y Panqueques Veganos\" \/>\n<meta property=\"og:description\" content=\"S\u00faper pr\u00e1ctica! \u00a1No m\u00e1s recetas, robots, b\u00e1sculas, l\u00e1tigos, ensaladeras o cucharones! Solo tienes que seguir la receta de los panqueques veganos con las\" \/>\n<meta property=\"og:url\" content=\"https:\/\/www.erresse-shop.it\/es\/shop\/cocina\/accesorios\/cookut-shaker-para-crepes-gofres-y-panqueques-veganos\/\" \/>\n<meta property=\"og:site_name\" content=\"Erresse Shop\" \/>\n<meta property=\"article:modified_time\" content=\"2023-11-30T11:58:56+00:00\" \/>\n<meta property=\"og:image\" content=\"https:\/\/www.erresse-shop.it\/wp-content\/uploads\/2023\/11\/cookut-vegan-miam.jpg\" \/>\n\t<meta property=\"og:image:width\" content=\"800\" \/>\n\t<meta property=\"og:image:height\" content=\"800\" \/>\n\t<meta property=\"og:image:type\" content=\"image\/jpeg\" \/>\n<meta name=\"twitter:card\" content=\"summary_large_image\" \/>\n<script type=\"application\/ld+json\" class=\"yoast-schema-graph\">{\"@context\":\"https:\/\/schema.org\",\"@graph\":[{\"@type\":\"WebPage\",\"@id\":\"https:\/\/www.erresse-shop.it\/es\/shop\/cocina\/accesorios\/cookut-shaker-para-crepes-gofres-y-panqueques-veganos\/\",\"url\":\"https:\/\/www.erresse-shop.it\/es\/shop\/cocina\/accesorios\/cookut-shaker-para-crepes-gofres-y-panqueques-veganos\/\",\"name\":\"COOKUT Shaker Para Crepes, Gofres y Panqueques Veganos - Erresse Shop\",\"isPartOf\":{\"@id\":\"https:\/\/www.erresse-shop.it\/es\/#website\"},\"datePublished\":\"2023-11-30T11:41:45+00:00\",\"dateModified\":\"2023-11-30T11:58:56+00:00\",\"description\":\"S\u00faper pr\u00e1ctica! \u00a1No m\u00e1s recetas, robots, b\u00e1sculas, l\u00e1tigos, ensaladeras o cucharones! Solo tienes que seguir la receta de los panqueques veganos con las\",\"breadcrumb\":{\"@id\":\"https:\/\/www.erresse-shop.it\/es\/shop\/cocina\/accesorios\/cookut-shaker-para-crepes-gofres-y-panqueques-veganos\/#breadcrumb\"},\"inLanguage\":\"es\",\"potentialAction\":[{\"@type\":\"ReadAction\",\"target\":[\"https:\/\/www.erresse-shop.it\/es\/shop\/cocina\/accesorios\/cookut-shaker-para-crepes-gofres-y-panqueques-veganos\/\"]}]},{\"@type\":\"BreadcrumbList\",\"@id\":\"https:\/\/www.erresse-shop.it\/es\/shop\/cocina\/accesorios\/cookut-shaker-para-crepes-gofres-y-panqueques-veganos\/#breadcrumb\",\"itemListElement\":[{\"@type\":\"ListItem\",\"position\":1,\"name\":\"Home\",\"item\":\"https:\/\/www.erresse-shop.it\/es\/\"},{\"@type\":\"ListItem\",\"position\":2,\"name\":\"Shop\",\"item\":\"https:\/\/www.erresse-shop.it\/es\/shop\/\"},{\"@type\":\"ListItem\",\"position\":3,\"name\":\"COOKUT Shaker Para Crepes, Gofres y Panqueques Veganos\"}]},{\"@type\":\"WebSite\",\"@id\":\"https:\/\/www.erresse-shop.it\/es\/#website\",\"url\":\"https:\/\/www.erresse-shop.it\/es\/\",\"name\":\"Erresse Shop\",\"description\":\"Articoli di qualit\u00e0 per la casa\",\"potentialAction\":[{\"@type\":\"SearchAction\",\"target\":{\"@type\":\"EntryPoint\",\"urlTemplate\":\"https:\/\/www.erresse-shop.it\/es\/?s={search_term_string}\"},\"query-input\":\"required name=search_term_string\"}],\"inLanguage\":\"es\"}]}<\/script>\n<!-- \/ Yoast SEO Premium plugin. -->","yoast_head_json":{"title":"COOKUT Shaker Para Crepes, Gofres y Panqueques Veganos - Erresse Shop","description":"S\u00faper pr\u00e1ctica! \u00a1No m\u00e1s recetas, robots, b\u00e1sculas, l\u00e1tigos, ensaladeras o cucharones! Solo tienes que seguir la receta de los panqueques veganos con las","robots":{"index":"index","follow":"follow","max-snippet":"max-snippet:-1","max-image-preview":"max-image-preview:large","max-video-preview":"max-video-preview:-1"},"canonical":"https:\/\/www.erresse-shop.it\/es\/shop\/cocina\/accesorios\/cookut-shaker-para-crepes-gofres-y-panqueques-veganos\/","og_locale":"es_ES","og_type":"article","og_title":"COOKUT Shaker Para Crepes, Gofres y Panqueques Veganos","og_description":"S\u00faper pr\u00e1ctica! \u00a1No m\u00e1s recetas, robots, b\u00e1sculas, l\u00e1tigos, ensaladeras o cucharones! Solo tienes que seguir la receta de los panqueques veganos con las","og_url":"https:\/\/www.erresse-shop.it\/es\/shop\/cocina\/accesorios\/cookut-shaker-para-crepes-gofres-y-panqueques-veganos\/","og_site_name":"Erresse Shop","article_modified_time":"2023-11-30T11:58:56+00:00","og_image":[{"width":800,"height":800,"url":"https:\/\/www.erresse-shop.it\/wp-content\/uploads\/2023\/11\/cookut-vegan-miam.jpg","type":"image\/jpeg"}],"twitter_card":"summary_large_image","schema":{"@context":"https:\/\/schema.org","@graph":[{"@type":"WebPage","@id":"https:\/\/www.erresse-shop.it\/es\/shop\/cocina\/accesorios\/cookut-shaker-para-crepes-gofres-y-panqueques-veganos\/","url":"https:\/\/www.erresse-shop.it\/es\/shop\/cocina\/accesorios\/cookut-shaker-para-crepes-gofres-y-panqueques-veganos\/","name":"COOKUT Shaker Para Crepes, Gofres y Panqueques Veganos - Erresse Shop","isPartOf":{"@id":"https:\/\/www.erresse-shop.it\/es\/#website"},"datePublished":"2023-11-30T11:41:45+00:00","dateModified":"2023-11-30T11:58:56+00:00","description":"S\u00faper pr\u00e1ctica! \u00a1No m\u00e1s recetas, robots, b\u00e1sculas, l\u00e1tigos, ensaladeras o cucharones! Solo tienes que seguir la receta de los panqueques veganos con las","breadcrumb":{"@id":"https:\/\/www.erresse-shop.it\/es\/shop\/cocina\/accesorios\/cookut-shaker-para-crepes-gofres-y-panqueques-veganos\/#breadcrumb"},"inLanguage":"es","potentialAction":[{"@type":"ReadAction","target":["https:\/\/www.erresse-shop.it\/es\/shop\/cocina\/accesorios\/cookut-shaker-para-crepes-gofres-y-panqueques-veganos\/"]}]},{"@type":"BreadcrumbList","@id":"https:\/\/www.erresse-shop.it\/es\/shop\/cocina\/accesorios\/cookut-shaker-para-crepes-gofres-y-panqueques-veganos\/#breadcrumb","itemListElement":[{"@type":"ListItem","position":1,"name":"Home","item":"https:\/\/www.erresse-shop.it\/es\/"},{"@type":"ListItem","position":2,"name":"Shop","item":"https:\/\/www.erresse-shop.it\/es\/shop\/"},{"@type":"ListItem","position":3,"name":"COOKUT Shaker Para Crepes, Gofres y Panqueques Veganos"}]},{"@type":"WebSite","@id":"https:\/\/www.erresse-shop.it\/es\/#website","url":"https:\/\/www.erresse-shop.it\/es\/","name":"Erresse Shop","description":"Articoli di qualit\u00e0 per la casa","potentialAction":[{"@type":"SearchAction","target":{"@type":"EntryPoint","urlTemplate":"https:\/\/www.erresse-shop.it\/es\/?s={search_term_string}"},"query-input":"required name=search_term_string"}],"inLanguage":"es"}]}},"df_price":10.945,"df_sale_price":10.945,"df_regular_price":19.9,"df_image_link":"https:\/\/www.erresse-shop.it\/wp-content\/uploads\/2023\/11\/cookut-vegan-miam-300x300.jpg","_links":{"self":[{"href":"https:\/\/www.erresse-shop.it\/es\/wp-json\/wp\/v2\/product\/359537"}],"collection":[{"href":"https:\/\/www.erresse-shop.it\/es\/wp-json\/wp\/v2\/product"}],"about":[{"href":"https:\/\/www.erresse-shop.it\/es\/wp-json\/wp\/v2\/types\/product"}],"wp:featuredmedia":[{"embeddable":true,"href":"https:\/\/www.erresse-shop.it\/es\/wp-json\/wp\/v2\/media\/359542"}],"wp:attachment":[{"href":"https:\/\/www.erresse-shop.it\/es\/wp-json\/wp\/v2\/media?parent=359537"}],"wp:term":[{"taxonomy":"product_cat","embeddable":true,"href":"https:\/\/www.erresse-shop.it\/es\/wp-json\/wp\/v2\/product_cat?post=359537"},{"taxonomy":"product_tag","embeddable":true,"href":"https:\/\/www.erresse-shop.it\/es\/wp-json\/wp\/v2\/product_tag?post=359537"}],"curies":[{"name":"wp","href":"https:\/\/api.w.org\/{rel}","templated":true}]}}