{"id":358606,"date":"2023-11-29T11:40:48","date_gmt":"2023-11-29T11:40:52","guid":{"rendered":"https:\/\/www.erresse-shop.it\/?post_type=product&#038;p=358606"},"modified":"2024-06-11T00:02:44","modified_gmt":"2024-06-11T00:02:44","slug":"yaxell-super-gou-cuchillo-para-roscar-15-cm","status":"publish","type":"product","link":"https:\/\/www.erresse-shop.it\/es\/shop\/cocina\/cuchillos\/cuchillos-de-cocina\/yaxell-super-gou-cuchillo-para-roscar-15-cm\/","title":{"rendered":"YAXELL Super Gou Cuchillo Para Roscar 15 cm"},"content":{"rendered":"<p><strong>El cuchillo de corte Yaxell Super Gou de 15 cm<\/strong> es un peque\u00f1o cuchillo de corte tradicional japon\u00e9s con un toque moderno. La hoja de 15 cm es perfecta para trabajos peque\u00f1os y delicados. Por ejemplo, retire los tendones o la grasa de los trozos de carne.<\/p>\n<p><strong>Hoja Yaxell Super Gou: 161 capas de acero damasco<\/strong><br \/>\nLos cuchillos de cocina Yaxell Super Gou est\u00e1n hechos de 161 capas de acero Damasco. \u00bfUna cantidad extra\u00f1a? \u00a1En absoluto! Esto se debe a que cada lado de la hoja tiene 80 capas de acero inoxidable de Damasco, entre las que se encuentra un n\u00facleo de acero en polvo SG2 duro como la roca. Esta combinaci\u00f3n hace que los cuchillos afilados como navajas, inoxidables y de una belleza deslumbrante.<\/p>\n<p>El acero de Damasco se compone de dos aceros inoxidables que se forjan junto con capas. Estos dos tipos de acero tienen un contenido de carbono diferente, lo que hace que el acero cambie de color de manera diferente seg\u00fan c\u00f3mo se grabe. Con el grabado se produce un patr\u00f3n en el acero con la ayuda de un \u00e1cido. El acero inoxidable, ya sea Damasco o no, generalmente no es el tipo de acero m\u00e1s duro. Es por eso que se agreg\u00f3 un n\u00facleo de acero pulverizado SG2. \u00a1El resultado es un borde s\u00f3lido como una roca con una dureza de 63 HRC! El nombre de la colecci\u00f3n est\u00e1 grabado a mano en el lado de la hoja y en la parte posterior del mango.<\/p>\n<p><strong>Mango Yaxell Super Gou<\/strong><br \/>\nDebido a las formas redondas y los tres remaches, este mango se parece mucho al de un cuchillo de cocina europeo. Esto asegura que el mango no solo sea s\u00f3lido sino tambi\u00e9n c\u00f3modo. El mango est\u00e1 hecho de micarta roja y negra. La micarta es un material compuesto de lino, impregnado de resina epox\u00eddica. Lo que lo convierte en un material muy fuerte. Puede soportar pr\u00e1cticamente todo y tiene una gran resistencia al agua. La micarta es conocida por ofrecer mucho agarre. Incluso cuando est\u00e1 mojada. La forma ovalada y redonda del mango proporciona un buen agarre y es c\u00f3modo de sostener.<\/p>\n<p><strong>Hecho en Jap\u00f3n<\/strong><\/p>\n","protected":false},"excerpt":{"rendered":"<p>El cuchillo de corte Yaxell Super Gou de 15 cm es un peque\u00f1o cuchillo de corte tradicional japon\u00e9s con un<\/p>\n","protected":false},"featured_media":358623,"template":"","meta":{"_acf_changed":false,"inline_featured_image":false},"product_cat":[16040,16043,16047],"product_tag":[16698,24682],"acf":[],"yoast_head":"<!-- This site is optimized with the Yoast SEO Premium plugin v18.6 (Yoast SEO v19.13) - https:\/\/yoast.com\/wordpress\/plugins\/seo\/ -->\n<title>YAXELL Super Gou Cuchillo Para Roscar 15 cm - Erresse Shop<\/title>\n<meta name=\"description\" content=\"El cuchillo de corte Yaxell Super Gou de 15 cm es un peque\u00f1o cuchillo de corte tradicional japon\u00e9s con un toque moderno. La hoja de 15 cm es perfecta para\" \/>\n<meta name=\"robots\" content=\"index, follow, max-snippet:-1, max-image-preview:large, max-video-preview:-1\" \/>\n<link rel=\"canonical\" href=\"https:\/\/www.erresse-shop.it\/es\/shop\/cocina\/cuchillos\/cuchillos-de-cocina\/yaxell-super-gou-cuchillo-para-roscar-15-cm\/\" \/>\n<meta property=\"og:locale\" content=\"es_ES\" \/>\n<meta property=\"og:type\" content=\"article\" \/>\n<meta property=\"og:title\" content=\"YAXELL Super Gou Cuchillo Para Roscar 15 cm\" \/>\n<meta property=\"og:description\" content=\"El cuchillo de corte Yaxell Super Gou de 15 cm es un peque\u00f1o cuchillo de corte tradicional japon\u00e9s con un toque moderno. La hoja de 15 cm es perfecta para\" \/>\n<meta property=\"og:url\" content=\"https:\/\/www.erresse-shop.it\/es\/shop\/cocina\/cuchillos\/cuchillos-de-cocina\/yaxell-super-gou-cuchillo-para-roscar-15-cm\/\" \/>\n<meta property=\"og:site_name\" content=\"Erresse Shop\" \/>\n<meta property=\"article:modified_time\" content=\"2024-06-11T00:02:44+00:00\" \/>\n<meta property=\"og:image\" content=\"https:\/\/www.erresse-shop.it\/wp-content\/uploads\/2023\/11\/Yaxell-coltello-37116.jpg\" \/>\n\t<meta property=\"og:image:width\" content=\"800\" \/>\n\t<meta property=\"og:image:height\" content=\"800\" \/>\n\t<meta property=\"og:image:type\" content=\"image\/jpeg\" \/>\n<meta name=\"twitter:card\" content=\"summary_large_image\" \/>\n<script type=\"application\/ld+json\" class=\"yoast-schema-graph\">{\"@context\":\"https:\/\/schema.org\",\"@graph\":[{\"@type\":\"WebPage\",\"@id\":\"https:\/\/www.erresse-shop.it\/es\/shop\/cocina\/cuchillos\/cuchillos-de-cocina\/yaxell-super-gou-cuchillo-para-roscar-15-cm\/\",\"url\":\"https:\/\/www.erresse-shop.it\/es\/shop\/cocina\/cuchillos\/cuchillos-de-cocina\/yaxell-super-gou-cuchillo-para-roscar-15-cm\/\",\"name\":\"YAXELL Super Gou Cuchillo Para Roscar 15 cm - Erresse Shop\",\"isPartOf\":{\"@id\":\"https:\/\/www.erresse-shop.it\/es\/#website\"},\"datePublished\":\"2023-11-29T11:40:52+00:00\",\"dateModified\":\"2024-06-11T00:02:44+00:00\",\"description\":\"El cuchillo de corte Yaxell Super Gou de 15 cm es un peque\u00f1o cuchillo de corte tradicional japon\u00e9s con un toque moderno. La hoja de 15 cm es perfecta para\",\"breadcrumb\":{\"@id\":\"https:\/\/www.erresse-shop.it\/es\/shop\/cocina\/cuchillos\/cuchillos-de-cocina\/yaxell-super-gou-cuchillo-para-roscar-15-cm\/#breadcrumb\"},\"inLanguage\":\"es\",\"potentialAction\":[{\"@type\":\"ReadAction\",\"target\":[\"https:\/\/www.erresse-shop.it\/es\/shop\/cocina\/cuchillos\/cuchillos-de-cocina\/yaxell-super-gou-cuchillo-para-roscar-15-cm\/\"]}]},{\"@type\":\"BreadcrumbList\",\"@id\":\"https:\/\/www.erresse-shop.it\/es\/shop\/cocina\/cuchillos\/cuchillos-de-cocina\/yaxell-super-gou-cuchillo-para-roscar-15-cm\/#breadcrumb\",\"itemListElement\":[{\"@type\":\"ListItem\",\"position\":1,\"name\":\"Home\",\"item\":\"https:\/\/www.erresse-shop.it\/es\/\"},{\"@type\":\"ListItem\",\"position\":2,\"name\":\"Shop\",\"item\":\"https:\/\/www.erresse-shop.it\/es\/shop\/\"},{\"@type\":\"ListItem\",\"position\":3,\"name\":\"YAXELL Super Gou Cuchillo Para Roscar 15 cm\"}]},{\"@type\":\"WebSite\",\"@id\":\"https:\/\/www.erresse-shop.it\/es\/#website\",\"url\":\"https:\/\/www.erresse-shop.it\/es\/\",\"name\":\"Erresse Shop\",\"description\":\"Articoli di qualit\u00e0 per la casa\",\"potentialAction\":[{\"@type\":\"SearchAction\",\"target\":{\"@type\":\"EntryPoint\",\"urlTemplate\":\"https:\/\/www.erresse-shop.it\/es\/?s={search_term_string}\"},\"query-input\":\"required name=search_term_string\"}],\"inLanguage\":\"es\"}]}<\/script>\n<!-- \/ Yoast SEO Premium plugin. -->","yoast_head_json":{"title":"YAXELL Super Gou Cuchillo Para Roscar 15 cm - Erresse Shop","description":"El cuchillo de corte Yaxell Super Gou de 15 cm es un peque\u00f1o cuchillo de corte tradicional japon\u00e9s con un toque moderno. La hoja de 15 cm es perfecta para","robots":{"index":"index","follow":"follow","max-snippet":"max-snippet:-1","max-image-preview":"max-image-preview:large","max-video-preview":"max-video-preview:-1"},"canonical":"https:\/\/www.erresse-shop.it\/es\/shop\/cocina\/cuchillos\/cuchillos-de-cocina\/yaxell-super-gou-cuchillo-para-roscar-15-cm\/","og_locale":"es_ES","og_type":"article","og_title":"YAXELL Super Gou Cuchillo Para Roscar 15 cm","og_description":"El cuchillo de corte Yaxell Super Gou de 15 cm es un peque\u00f1o cuchillo de corte tradicional japon\u00e9s con un toque moderno. La hoja de 15 cm es perfecta para","og_url":"https:\/\/www.erresse-shop.it\/es\/shop\/cocina\/cuchillos\/cuchillos-de-cocina\/yaxell-super-gou-cuchillo-para-roscar-15-cm\/","og_site_name":"Erresse Shop","article_modified_time":"2024-06-11T00:02:44+00:00","og_image":[{"width":800,"height":800,"url":"https:\/\/www.erresse-shop.it\/wp-content\/uploads\/2023\/11\/Yaxell-coltello-37116.jpg","type":"image\/jpeg"}],"twitter_card":"summary_large_image","schema":{"@context":"https:\/\/schema.org","@graph":[{"@type":"WebPage","@id":"https:\/\/www.erresse-shop.it\/es\/shop\/cocina\/cuchillos\/cuchillos-de-cocina\/yaxell-super-gou-cuchillo-para-roscar-15-cm\/","url":"https:\/\/www.erresse-shop.it\/es\/shop\/cocina\/cuchillos\/cuchillos-de-cocina\/yaxell-super-gou-cuchillo-para-roscar-15-cm\/","name":"YAXELL Super Gou Cuchillo Para Roscar 15 cm - Erresse Shop","isPartOf":{"@id":"https:\/\/www.erresse-shop.it\/es\/#website"},"datePublished":"2023-11-29T11:40:52+00:00","dateModified":"2024-06-11T00:02:44+00:00","description":"El cuchillo de corte Yaxell Super Gou de 15 cm es un peque\u00f1o cuchillo de corte tradicional japon\u00e9s con un toque moderno. La hoja de 15 cm es perfecta para","breadcrumb":{"@id":"https:\/\/www.erresse-shop.it\/es\/shop\/cocina\/cuchillos\/cuchillos-de-cocina\/yaxell-super-gou-cuchillo-para-roscar-15-cm\/#breadcrumb"},"inLanguage":"es","potentialAction":[{"@type":"ReadAction","target":["https:\/\/www.erresse-shop.it\/es\/shop\/cocina\/cuchillos\/cuchillos-de-cocina\/yaxell-super-gou-cuchillo-para-roscar-15-cm\/"]}]},{"@type":"BreadcrumbList","@id":"https:\/\/www.erresse-shop.it\/es\/shop\/cocina\/cuchillos\/cuchillos-de-cocina\/yaxell-super-gou-cuchillo-para-roscar-15-cm\/#breadcrumb","itemListElement":[{"@type":"ListItem","position":1,"name":"Home","item":"https:\/\/www.erresse-shop.it\/es\/"},{"@type":"ListItem","position":2,"name":"Shop","item":"https:\/\/www.erresse-shop.it\/es\/shop\/"},{"@type":"ListItem","position":3,"name":"YAXELL Super Gou Cuchillo Para Roscar 15 cm"}]},{"@type":"WebSite","@id":"https:\/\/www.erresse-shop.it\/es\/#website","url":"https:\/\/www.erresse-shop.it\/es\/","name":"Erresse Shop","description":"Articoli di qualit\u00e0 per la casa","potentialAction":[{"@type":"SearchAction","target":{"@type":"EntryPoint","urlTemplate":"https:\/\/www.erresse-shop.it\/es\/?s={search_term_string}"},"query-input":"required name=search_term_string"}],"inLanguage":"es"}]}},"df_price":263.2,"df_sale_price":263.2,"df_regular_price":329,"df_image_link":"https:\/\/www.erresse-shop.it\/wp-content\/uploads\/2023\/11\/Yaxell-coltello-37116-300x300.jpg","_links":{"self":[{"href":"https:\/\/www.erresse-shop.it\/es\/wp-json\/wp\/v2\/product\/358606"}],"collection":[{"href":"https:\/\/www.erresse-shop.it\/es\/wp-json\/wp\/v2\/product"}],"about":[{"href":"https:\/\/www.erresse-shop.it\/es\/wp-json\/wp\/v2\/types\/product"}],"wp:featuredmedia":[{"embeddable":true,"href":"https:\/\/www.erresse-shop.it\/es\/wp-json\/wp\/v2\/media\/358623"}],"wp:attachment":[{"href":"https:\/\/www.erresse-shop.it\/es\/wp-json\/wp\/v2\/media?parent=358606"}],"wp:term":[{"taxonomy":"product_cat","embeddable":true,"href":"https:\/\/www.erresse-shop.it\/es\/wp-json\/wp\/v2\/product_cat?post=358606"},{"taxonomy":"product_tag","embeddable":true,"href":"https:\/\/www.erresse-shop.it\/es\/wp-json\/wp\/v2\/product_tag?post=358606"}],"curies":[{"name":"wp","href":"https:\/\/api.w.org\/{rel}","templated":true}]}}