{"id":354919,"date":"2023-11-24T11:52:24","date_gmt":"2023-11-24T11:52:28","guid":{"rendered":"https:\/\/www.erresse-shop.it\/?post_type=product&#038;p=354919"},"modified":"2024-04-08T00:06:08","modified_gmt":"2024-04-08T00:06:08","slug":"zafferano-poldina-pro-lampara-de-mesa-negro-hoja-oro-craquele","status":"publish","type":"product","link":"https:\/\/www.erresse-shop.it\/es\/shop\/mobiliario\/lamparas\/zafferano-poldina-pro-lampara-de-mesa-negro-hoja-oro-craquele\/","title":{"rendered":"ZAFFERANO Poldina PRO L\u00e1mpara de Mesa Negro Hoja Oro Craquel\u00e9"},"content":{"rendered":"<p>L\u00e1mpara de sobremesa recargable, incluida la base de carga de contacto, con cuerpo de aluminio pintado, difusor de policarbonato y fuente de luz led.<\/p>\n<p>Se enciende, se apaga y se apaga gracias a un bot\u00f3n t\u00e1ctil en el difusor y est\u00e1 equipado con la funci\u00f3n de selecci\u00f3n de la temperatura de color de la luz (2200K-2700K-3000K).<\/p>\n<p>Grado de protecci\u00f3n IP65.<\/p>\n<p>La duraci\u00f3n de la bater\u00eda est\u00e1 garantizada durante al menos 12 horas.<\/p>\n<p>Las l\u00e1mparas con acabado de hoja de oro no son adecuadas para uso en exteriores.<\/p>\n<p>Como resultado de la t\u00e9cnica empleada en el procesamiento de la hoja met\u00e1lica, el aspecto final de las l\u00e1mparas puede ser diferente. Cualquier discrepancia atestigua el valor y la singularidad de cada l\u00e1mpara y no debe considerarse como imperfecci\u00f3n.<\/p>\n<p><strong>DIMENSIONES<\/strong><br \/>\nAltura: 380 mm<br \/>\nDi\u00e1metro: 110 mm<\/p>\n","protected":false},"excerpt":{"rendered":"<p>L\u00e1mpara de sobremesa recargable, incluida la base de carga de contacto, con cuerpo de aluminio pintado, difusor de policarbonato y<\/p>\n","protected":false},"featured_media":354926,"template":"","meta":{"_acf_changed":false,"inline_featured_image":false},"product_cat":[16017,16016],"product_tag":[25029,16110,16149,16236,16237,16327,16328,24605,25023],"acf":[],"yoast_head":"<!-- This site is optimized with the Yoast SEO Premium plugin v18.6 (Yoast SEO v19.13) - https:\/\/yoast.com\/wordpress\/plugins\/seo\/ -->\n<title>ZAFFERANO Poldina PRO L\u00e1mpara de Mesa Negro Hoja Oro Craquel\u00e9 - Erresse Shop<\/title>\n<meta name=\"description\" content=\"L\u00e1mpara de sobremesa recargable, incluida la base de carga de contacto, con cuerpo de aluminio pintado, difusor de policarbonato y fuente de luz led. Se\" \/>\n<meta name=\"robots\" content=\"index, follow, max-snippet:-1, max-image-preview:large, max-video-preview:-1\" \/>\n<link rel=\"canonical\" href=\"https:\/\/www.erresse-shop.it\/es\/shop\/mobiliario\/lamparas\/zafferano-poldina-pro-lampara-de-mesa-negro-hoja-oro-craquele\/\" \/>\n<meta property=\"og:locale\" content=\"es_ES\" \/>\n<meta property=\"og:type\" content=\"article\" \/>\n<meta property=\"og:title\" content=\"ZAFFERANO Poldina PRO L\u00e1mpara de Mesa Negro Hoja Oro Craquel\u00e9\" \/>\n<meta property=\"og:description\" content=\"L\u00e1mpara de sobremesa recargable, incluida la base de carga de contacto, con cuerpo de aluminio pintado, difusor de policarbonato y fuente de luz led. Se\" \/>\n<meta property=\"og:url\" content=\"https:\/\/www.erresse-shop.it\/es\/shop\/mobiliario\/lamparas\/zafferano-poldina-pro-lampara-de-mesa-negro-hoja-oro-craquele\/\" \/>\n<meta property=\"og:site_name\" content=\"Erresse Shop\" \/>\n<meta property=\"article:modified_time\" content=\"2024-04-08T00:06:08+00:00\" \/>\n<meta property=\"og:image\" content=\"https:\/\/www.erresse-shop.it\/wp-content\/uploads\/2023\/11\/Zafferano-poldina-nero-oro.jpg\" \/>\n\t<meta property=\"og:image:width\" content=\"800\" \/>\n\t<meta property=\"og:image:height\" content=\"800\" \/>\n\t<meta property=\"og:image:type\" content=\"image\/jpeg\" \/>\n<meta name=\"twitter:card\" content=\"summary_large_image\" \/>\n<script type=\"application\/ld+json\" class=\"yoast-schema-graph\">{\"@context\":\"https:\/\/schema.org\",\"@graph\":[{\"@type\":\"WebPage\",\"@id\":\"https:\/\/www.erresse-shop.it\/es\/shop\/mobiliario\/lamparas\/zafferano-poldina-pro-lampara-de-mesa-negro-hoja-oro-craquele\/\",\"url\":\"https:\/\/www.erresse-shop.it\/es\/shop\/mobiliario\/lamparas\/zafferano-poldina-pro-lampara-de-mesa-negro-hoja-oro-craquele\/\",\"name\":\"ZAFFERANO Poldina PRO L\u00e1mpara de Mesa Negro Hoja Oro Craquel\u00e9 - Erresse Shop\",\"isPartOf\":{\"@id\":\"https:\/\/www.erresse-shop.it\/es\/#website\"},\"datePublished\":\"2023-11-24T11:52:28+00:00\",\"dateModified\":\"2024-04-08T00:06:08+00:00\",\"description\":\"L\u00e1mpara de sobremesa recargable, incluida la base de carga de contacto, con cuerpo de aluminio pintado, difusor de policarbonato y fuente de luz led. Se\",\"breadcrumb\":{\"@id\":\"https:\/\/www.erresse-shop.it\/es\/shop\/mobiliario\/lamparas\/zafferano-poldina-pro-lampara-de-mesa-negro-hoja-oro-craquele\/#breadcrumb\"},\"inLanguage\":\"es\",\"potentialAction\":[{\"@type\":\"ReadAction\",\"target\":[\"https:\/\/www.erresse-shop.it\/es\/shop\/mobiliario\/lamparas\/zafferano-poldina-pro-lampara-de-mesa-negro-hoja-oro-craquele\/\"]}]},{\"@type\":\"BreadcrumbList\",\"@id\":\"https:\/\/www.erresse-shop.it\/es\/shop\/mobiliario\/lamparas\/zafferano-poldina-pro-lampara-de-mesa-negro-hoja-oro-craquele\/#breadcrumb\",\"itemListElement\":[{\"@type\":\"ListItem\",\"position\":1,\"name\":\"Home\",\"item\":\"https:\/\/www.erresse-shop.it\/es\/\"},{\"@type\":\"ListItem\",\"position\":2,\"name\":\"Shop\",\"item\":\"https:\/\/www.erresse-shop.it\/es\/shop\/\"},{\"@type\":\"ListItem\",\"position\":3,\"name\":\"ZAFFERANO Poldina PRO L\u00e1mpara de Mesa Negro Hoja Oro Craquel\u00e9\"}]},{\"@type\":\"WebSite\",\"@id\":\"https:\/\/www.erresse-shop.it\/es\/#website\",\"url\":\"https:\/\/www.erresse-shop.it\/es\/\",\"name\":\"Erresse Shop\",\"description\":\"Articoli di qualit\u00e0 per la casa\",\"potentialAction\":[{\"@type\":\"SearchAction\",\"target\":{\"@type\":\"EntryPoint\",\"urlTemplate\":\"https:\/\/www.erresse-shop.it\/es\/?s={search_term_string}\"},\"query-input\":\"required name=search_term_string\"}],\"inLanguage\":\"es\"}]}<\/script>\n<!-- \/ Yoast SEO Premium plugin. -->","yoast_head_json":{"title":"ZAFFERANO Poldina PRO L\u00e1mpara de Mesa Negro Hoja Oro Craquel\u00e9 - Erresse Shop","description":"L\u00e1mpara de sobremesa recargable, incluida la base de carga de contacto, con cuerpo de aluminio pintado, difusor de policarbonato y fuente de luz led. Se","robots":{"index":"index","follow":"follow","max-snippet":"max-snippet:-1","max-image-preview":"max-image-preview:large","max-video-preview":"max-video-preview:-1"},"canonical":"https:\/\/www.erresse-shop.it\/es\/shop\/mobiliario\/lamparas\/zafferano-poldina-pro-lampara-de-mesa-negro-hoja-oro-craquele\/","og_locale":"es_ES","og_type":"article","og_title":"ZAFFERANO Poldina PRO L\u00e1mpara de Mesa Negro Hoja Oro Craquel\u00e9","og_description":"L\u00e1mpara de sobremesa recargable, incluida la base de carga de contacto, con cuerpo de aluminio pintado, difusor de policarbonato y fuente de luz led. Se","og_url":"https:\/\/www.erresse-shop.it\/es\/shop\/mobiliario\/lamparas\/zafferano-poldina-pro-lampara-de-mesa-negro-hoja-oro-craquele\/","og_site_name":"Erresse Shop","article_modified_time":"2024-04-08T00:06:08+00:00","og_image":[{"width":800,"height":800,"url":"https:\/\/www.erresse-shop.it\/wp-content\/uploads\/2023\/11\/Zafferano-poldina-nero-oro.jpg","type":"image\/jpeg"}],"twitter_card":"summary_large_image","schema":{"@context":"https:\/\/schema.org","@graph":[{"@type":"WebPage","@id":"https:\/\/www.erresse-shop.it\/es\/shop\/mobiliario\/lamparas\/zafferano-poldina-pro-lampara-de-mesa-negro-hoja-oro-craquele\/","url":"https:\/\/www.erresse-shop.it\/es\/shop\/mobiliario\/lamparas\/zafferano-poldina-pro-lampara-de-mesa-negro-hoja-oro-craquele\/","name":"ZAFFERANO Poldina PRO L\u00e1mpara de Mesa Negro Hoja Oro Craquel\u00e9 - Erresse Shop","isPartOf":{"@id":"https:\/\/www.erresse-shop.it\/es\/#website"},"datePublished":"2023-11-24T11:52:28+00:00","dateModified":"2024-04-08T00:06:08+00:00","description":"L\u00e1mpara de sobremesa recargable, incluida la base de carga de contacto, con cuerpo de aluminio pintado, difusor de policarbonato y fuente de luz led. Se","breadcrumb":{"@id":"https:\/\/www.erresse-shop.it\/es\/shop\/mobiliario\/lamparas\/zafferano-poldina-pro-lampara-de-mesa-negro-hoja-oro-craquele\/#breadcrumb"},"inLanguage":"es","potentialAction":[{"@type":"ReadAction","target":["https:\/\/www.erresse-shop.it\/es\/shop\/mobiliario\/lamparas\/zafferano-poldina-pro-lampara-de-mesa-negro-hoja-oro-craquele\/"]}]},{"@type":"BreadcrumbList","@id":"https:\/\/www.erresse-shop.it\/es\/shop\/mobiliario\/lamparas\/zafferano-poldina-pro-lampara-de-mesa-negro-hoja-oro-craquele\/#breadcrumb","itemListElement":[{"@type":"ListItem","position":1,"name":"Home","item":"https:\/\/www.erresse-shop.it\/es\/"},{"@type":"ListItem","position":2,"name":"Shop","item":"https:\/\/www.erresse-shop.it\/es\/shop\/"},{"@type":"ListItem","position":3,"name":"ZAFFERANO Poldina PRO L\u00e1mpara de Mesa Negro Hoja Oro Craquel\u00e9"}]},{"@type":"WebSite","@id":"https:\/\/www.erresse-shop.it\/es\/#website","url":"https:\/\/www.erresse-shop.it\/es\/","name":"Erresse Shop","description":"Articoli di qualit\u00e0 per la casa","potentialAction":[{"@type":"SearchAction","target":{"@type":"EntryPoint","urlTemplate":"https:\/\/www.erresse-shop.it\/es\/?s={search_term_string}"},"query-input":"required name=search_term_string"}],"inLanguage":"es"}]}},"df_price":179,"df_sale_price":179,"df_regular_price":262,"df_image_link":"https:\/\/www.erresse-shop.it\/wp-content\/uploads\/2023\/11\/Zafferano-poldina-nero-oro-300x300.jpg","_links":{"self":[{"href":"https:\/\/www.erresse-shop.it\/es\/wp-json\/wp\/v2\/product\/354919"}],"collection":[{"href":"https:\/\/www.erresse-shop.it\/es\/wp-json\/wp\/v2\/product"}],"about":[{"href":"https:\/\/www.erresse-shop.it\/es\/wp-json\/wp\/v2\/types\/product"}],"wp:featuredmedia":[{"embeddable":true,"href":"https:\/\/www.erresse-shop.it\/es\/wp-json\/wp\/v2\/media\/354926"}],"wp:attachment":[{"href":"https:\/\/www.erresse-shop.it\/es\/wp-json\/wp\/v2\/media?parent=354919"}],"wp:term":[{"taxonomy":"product_cat","embeddable":true,"href":"https:\/\/www.erresse-shop.it\/es\/wp-json\/wp\/v2\/product_cat?post=354919"},{"taxonomy":"product_tag","embeddable":true,"href":"https:\/\/www.erresse-shop.it\/es\/wp-json\/wp\/v2\/product_tag?post=354919"}],"curies":[{"name":"wp","href":"https:\/\/api.w.org\/{rel}","templated":true}]}}