{"id":354692,"date":"2023-11-24T09:38:28","date_gmt":"2023-11-24T09:38:32","guid":{"rendered":"https:\/\/www.erresse-shop.it\/?post_type=product&#038;p=354692"},"modified":"2023-11-24T09:41:42","modified_gmt":"2023-11-24T09:41:42","slug":"seletti-toiletpaper-alfombra-de-bano-milky-boots","status":"publish","type":"product","link":"https:\/\/www.erresse-shop.it\/es\/shop\/mobiliario\/articulos-de-decoracion\/seletti-toiletpaper-alfombra-de-bano-milky-boots\/","title":{"rendered":"SELETTI Toiletpaper Alfombra de Ba\u00f1o Milky Boots"},"content":{"rendered":"<p>Serie de alfombras decoradas con algunas de las im\u00e1genes m\u00e1s irreverentes de TOILETPAPER.<\/p>\n<p><strong>Mat<\/strong><\/p>\n<p><strong>Dise\u00f1o<\/strong>: Toiletaper<br \/>\n<strong>Material<\/strong>: Poli\u00e9ster, frente hecho 100% de pl\u00e1stico reciclado<br \/>\n<strong>Medidas<\/strong>: cm 60.00 x 90.00 \u2248 | IN 23,6 x 35,43.00 \u2248<\/p>\n","protected":false},"excerpt":{"rendered":"<p>Serie de alfombras decoradas con algunas de las im\u00e1genes m\u00e1s irreverentes de TOILETPAPER. Mat Dise\u00f1o: Toiletaper Material: Poli\u00e9ster, frente hecho<\/p>\n","protected":false},"featured_media":492586,"template":"","meta":{"_acf_changed":false,"inline_featured_image":false},"product_cat":[16026,16016],"product_tag":[22580,16335,25023],"acf":[],"yoast_head":"<!-- This site is optimized with the Yoast SEO Premium plugin v18.6 (Yoast SEO v19.13) - https:\/\/yoast.com\/wordpress\/plugins\/seo\/ -->\n<title>SELETTI Toiletpaper Alfombra de Ba\u00f1o Milky Boots - Erresse Shop<\/title>\n<meta name=\"description\" content=\"Serie de alfombras decoradas con algunas de las im\u00e1genes m\u00e1s irreverentes de TOILETPAPER. Mat Dise\u00f1o: Toiletaper Material: Poli\u00e9ster, frente hecho 100% de\" \/>\n<meta name=\"robots\" content=\"index, follow, max-snippet:-1, max-image-preview:large, max-video-preview:-1\" \/>\n<link rel=\"canonical\" href=\"https:\/\/www.erresse-shop.it\/es\/shop\/mobiliario\/articulos-de-decoracion\/seletti-toiletpaper-alfombra-de-bano-milky-boots\/\" \/>\n<meta property=\"og:locale\" content=\"es_ES\" \/>\n<meta property=\"og:type\" content=\"article\" \/>\n<meta property=\"og:title\" content=\"SELETTI Toiletpaper Alfombra de Ba\u00f1o Milky Boots\" \/>\n<meta property=\"og:description\" content=\"Serie de alfombras decoradas con algunas de las im\u00e1genes m\u00e1s irreverentes de TOILETPAPER. Mat Dise\u00f1o: Toiletaper Material: Poli\u00e9ster, frente hecho 100% de\" \/>\n<meta property=\"og:url\" content=\"https:\/\/www.erresse-shop.it\/es\/shop\/mobiliario\/articulos-de-decoracion\/seletti-toiletpaper-alfombra-de-bano-milky-boots\/\" \/>\n<meta property=\"og:site_name\" content=\"Erresse Shop\" \/>\n<meta property=\"article:modified_time\" content=\"2023-11-24T09:41:42+00:00\" \/>\n<meta property=\"og:image\" content=\"https:\/\/www.erresse-shop.it\/wp-content\/uploads\/2023\/11\/Seletti-Toiletpaper-Milky-Boots.jpg\" \/>\n\t<meta property=\"og:image:width\" content=\"800\" \/>\n\t<meta property=\"og:image:height\" content=\"800\" \/>\n\t<meta property=\"og:image:type\" content=\"image\/jpeg\" \/>\n<meta name=\"twitter:card\" content=\"summary_large_image\" \/>\n<script type=\"application\/ld+json\" class=\"yoast-schema-graph\">{\"@context\":\"https:\/\/schema.org\",\"@graph\":[{\"@type\":\"WebPage\",\"@id\":\"https:\/\/www.erresse-shop.it\/es\/shop\/mobiliario\/articulos-de-decoracion\/seletti-toiletpaper-alfombra-de-bano-milky-boots\/\",\"url\":\"https:\/\/www.erresse-shop.it\/es\/shop\/mobiliario\/articulos-de-decoracion\/seletti-toiletpaper-alfombra-de-bano-milky-boots\/\",\"name\":\"SELETTI Toiletpaper Alfombra de Ba\u00f1o Milky Boots - Erresse Shop\",\"isPartOf\":{\"@id\":\"https:\/\/www.erresse-shop.it\/es\/#website\"},\"datePublished\":\"2023-11-24T09:38:32+00:00\",\"dateModified\":\"2023-11-24T09:41:42+00:00\",\"description\":\"Serie de alfombras decoradas con algunas de las im\u00e1genes m\u00e1s irreverentes de TOILETPAPER. Mat Dise\u00f1o: Toiletaper Material: Poli\u00e9ster, frente hecho 100% de\",\"breadcrumb\":{\"@id\":\"https:\/\/www.erresse-shop.it\/es\/shop\/mobiliario\/articulos-de-decoracion\/seletti-toiletpaper-alfombra-de-bano-milky-boots\/#breadcrumb\"},\"inLanguage\":\"es\",\"potentialAction\":[{\"@type\":\"ReadAction\",\"target\":[\"https:\/\/www.erresse-shop.it\/es\/shop\/mobiliario\/articulos-de-decoracion\/seletti-toiletpaper-alfombra-de-bano-milky-boots\/\"]}]},{\"@type\":\"BreadcrumbList\",\"@id\":\"https:\/\/www.erresse-shop.it\/es\/shop\/mobiliario\/articulos-de-decoracion\/seletti-toiletpaper-alfombra-de-bano-milky-boots\/#breadcrumb\",\"itemListElement\":[{\"@type\":\"ListItem\",\"position\":1,\"name\":\"Home\",\"item\":\"https:\/\/www.erresse-shop.it\/es\/\"},{\"@type\":\"ListItem\",\"position\":2,\"name\":\"Shop\",\"item\":\"https:\/\/www.erresse-shop.it\/es\/shop\/\"},{\"@type\":\"ListItem\",\"position\":3,\"name\":\"SELETTI Toiletpaper Alfombra de Ba\u00f1o Milky Boots\"}]},{\"@type\":\"WebSite\",\"@id\":\"https:\/\/www.erresse-shop.it\/es\/#website\",\"url\":\"https:\/\/www.erresse-shop.it\/es\/\",\"name\":\"Erresse Shop\",\"description\":\"Articoli di qualit\u00e0 per la casa\",\"potentialAction\":[{\"@type\":\"SearchAction\",\"target\":{\"@type\":\"EntryPoint\",\"urlTemplate\":\"https:\/\/www.erresse-shop.it\/es\/?s={search_term_string}\"},\"query-input\":\"required name=search_term_string\"}],\"inLanguage\":\"es\"}]}<\/script>\n<!-- \/ Yoast SEO Premium plugin. -->","yoast_head_json":{"title":"SELETTI Toiletpaper Alfombra de Ba\u00f1o Milky Boots - Erresse Shop","description":"Serie de alfombras decoradas con algunas de las im\u00e1genes m\u00e1s irreverentes de TOILETPAPER. Mat Dise\u00f1o: Toiletaper Material: Poli\u00e9ster, frente hecho 100% de","robots":{"index":"index","follow":"follow","max-snippet":"max-snippet:-1","max-image-preview":"max-image-preview:large","max-video-preview":"max-video-preview:-1"},"canonical":"https:\/\/www.erresse-shop.it\/es\/shop\/mobiliario\/articulos-de-decoracion\/seletti-toiletpaper-alfombra-de-bano-milky-boots\/","og_locale":"es_ES","og_type":"article","og_title":"SELETTI Toiletpaper Alfombra de Ba\u00f1o Milky Boots","og_description":"Serie de alfombras decoradas con algunas de las im\u00e1genes m\u00e1s irreverentes de TOILETPAPER. Mat Dise\u00f1o: Toiletaper Material: Poli\u00e9ster, frente hecho 100% de","og_url":"https:\/\/www.erresse-shop.it\/es\/shop\/mobiliario\/articulos-de-decoracion\/seletti-toiletpaper-alfombra-de-bano-milky-boots\/","og_site_name":"Erresse Shop","article_modified_time":"2023-11-24T09:41:42+00:00","og_image":[{"width":800,"height":800,"url":"https:\/\/www.erresse-shop.it\/wp-content\/uploads\/2023\/11\/Seletti-Toiletpaper-Milky-Boots.jpg","type":"image\/jpeg"}],"twitter_card":"summary_large_image","schema":{"@context":"https:\/\/schema.org","@graph":[{"@type":"WebPage","@id":"https:\/\/www.erresse-shop.it\/es\/shop\/mobiliario\/articulos-de-decoracion\/seletti-toiletpaper-alfombra-de-bano-milky-boots\/","url":"https:\/\/www.erresse-shop.it\/es\/shop\/mobiliario\/articulos-de-decoracion\/seletti-toiletpaper-alfombra-de-bano-milky-boots\/","name":"SELETTI Toiletpaper Alfombra de Ba\u00f1o Milky Boots - Erresse Shop","isPartOf":{"@id":"https:\/\/www.erresse-shop.it\/es\/#website"},"datePublished":"2023-11-24T09:38:32+00:00","dateModified":"2023-11-24T09:41:42+00:00","description":"Serie de alfombras decoradas con algunas de las im\u00e1genes m\u00e1s irreverentes de TOILETPAPER. Mat Dise\u00f1o: Toiletaper Material: Poli\u00e9ster, frente hecho 100% de","breadcrumb":{"@id":"https:\/\/www.erresse-shop.it\/es\/shop\/mobiliario\/articulos-de-decoracion\/seletti-toiletpaper-alfombra-de-bano-milky-boots\/#breadcrumb"},"inLanguage":"es","potentialAction":[{"@type":"ReadAction","target":["https:\/\/www.erresse-shop.it\/es\/shop\/mobiliario\/articulos-de-decoracion\/seletti-toiletpaper-alfombra-de-bano-milky-boots\/"]}]},{"@type":"BreadcrumbList","@id":"https:\/\/www.erresse-shop.it\/es\/shop\/mobiliario\/articulos-de-decoracion\/seletti-toiletpaper-alfombra-de-bano-milky-boots\/#breadcrumb","itemListElement":[{"@type":"ListItem","position":1,"name":"Home","item":"https:\/\/www.erresse-shop.it\/es\/"},{"@type":"ListItem","position":2,"name":"Shop","item":"https:\/\/www.erresse-shop.it\/es\/shop\/"},{"@type":"ListItem","position":3,"name":"SELETTI Toiletpaper Alfombra de Ba\u00f1o Milky Boots"}]},{"@type":"WebSite","@id":"https:\/\/www.erresse-shop.it\/es\/#website","url":"https:\/\/www.erresse-shop.it\/es\/","name":"Erresse Shop","description":"Articoli di qualit\u00e0 per la casa","potentialAction":[{"@type":"SearchAction","target":{"@type":"EntryPoint","urlTemplate":"https:\/\/www.erresse-shop.it\/es\/?s={search_term_string}"},"query-input":"required name=search_term_string"}],"inLanguage":"es"}]}},"df_price":17.55,"df_sale_price":17.55,"df_regular_price":39,"df_image_link":"https:\/\/www.erresse-shop.it\/wp-content\/uploads\/2023\/11\/SELETTI-Toiletpaper-Tappeto-Bagno-Milky-Boots-300x300.jpg","_links":{"self":[{"href":"https:\/\/www.erresse-shop.it\/es\/wp-json\/wp\/v2\/product\/354692"}],"collection":[{"href":"https:\/\/www.erresse-shop.it\/es\/wp-json\/wp\/v2\/product"}],"about":[{"href":"https:\/\/www.erresse-shop.it\/es\/wp-json\/wp\/v2\/types\/product"}],"wp:featuredmedia":[{"embeddable":true,"href":"https:\/\/www.erresse-shop.it\/es\/wp-json\/wp\/v2\/media\/492586"}],"wp:attachment":[{"href":"https:\/\/www.erresse-shop.it\/es\/wp-json\/wp\/v2\/media?parent=354692"}],"wp:term":[{"taxonomy":"product_cat","embeddable":true,"href":"https:\/\/www.erresse-shop.it\/es\/wp-json\/wp\/v2\/product_cat?post=354692"},{"taxonomy":"product_tag","embeddable":true,"href":"https:\/\/www.erresse-shop.it\/es\/wp-json\/wp\/v2\/product_tag?post=354692"}],"curies":[{"name":"wp","href":"https:\/\/api.w.org\/{rel}","templated":true}]}}