{"id":347651,"date":"2023-11-10T14:48:45","date_gmt":"2023-11-10T14:48:49","guid":{"rendered":"https:\/\/www.erresse-shop.it\/?post_type=product&#038;p=347651"},"modified":"2024-04-15T00:04:15","modified_gmt":"2024-04-15T00:04:15","slug":"sage-the-citrus-press-pro","status":"publish","type":"product","link":"https:\/\/www.erresse-shop.it\/es\/shop\/pequenos-electrodomesticos\/exprimidores\/sage-the-citrus-press-pro\/","title":{"rendered":"SAGE The Citrus Press Pro"},"content":{"rendered":"<p><strong>Cono exprimidor Quadra-Fin\u2122<\/strong><br \/>\nNuestro cono exprimidor tiene ranuras que permiten extraer hasta la \u00faltima gota de zumo de c\u00edtricos de cualquier tama\u00f1o. Adem\u00e1s, es apto para el lavavajillas.<\/p>\n<p><strong>Empu\u00f1adura con doble interruptor de seguridad<\/strong><br \/>\nEl exclusivo dise\u00f1o ergon\u00f3mico del mango con triple bisagra garantiza una presi\u00f3n constante hacia abajo mientras exprime los c\u00edtricos. El interruptor de seguridad garantiza que el cono s\u00f3lo comience a girar cuando el mango est\u00e9 completamente hacia abajo y cuando se aplique suficiente presi\u00f3n al cono.<\/p>\n<p><strong>Cono de metal fundido resistente a los \u00e1cidos<\/strong><br \/>\nGracias al cono de acero inoxidable fundido a presi\u00f3n y a la robusta construcci\u00f3n, ambos resistentes a la corrosi\u00f3n del \u00e1cido c\u00edtrico, podr\u00e1 disfrutar de sus zumos durante a\u00f1os.<\/p>\n<p><strong>Boquilla de salida con sistema antigoteo<\/strong><br \/>\nDedique menos tiempo a la limpieza. El pr\u00e1ctico e innovador sistema antigoteo atrapa el zumo, evitando que gotee sobre la encimera.<\/p>\n<p><strong>C\u00fapula de fruta<\/strong><br \/>\nLa c\u00fapula de frutas se desmonta f\u00e1cilmente para su limpieza y se vuelve a montar con la misma facilidad.<\/p>\n<p><strong>Dimensiones (AnxPrxAl)<\/strong><br \/>\n26,2 x 19,3 x 435,6 cm<\/p>\n<p><strong>Materiales de construcci\u00f3n<\/strong><br \/>\n&#8211; Robusta base de metal fundido a presi\u00f3n<br \/>\n&#8211; Cono exprimidor totalmente de acero inoxidable<br \/>\n&#8211; Cesta filtrante de acero inoxidable<br \/>\n&#8211; Asa de agarre suave<\/p>\n<p><strong>Ajustes<\/strong><br \/>\nEncendido y apagado<\/p>\n<p><strong>Alimentaci\u00f3n<\/strong><br \/>\n110 vatios<\/p>\n<p><strong>Tensi\u00f3n<\/strong><br \/>\n-220-240 voltios<\/p>\n<p><strong>Sistema de extracci\u00f3n<\/strong><br \/>\nEl cono de acero inoxidable Quadra-Fin\u2122 extrae hasta la \u00faltima gota de zumo de cualquier c\u00edtrico, desde limas hasta pomelos<\/p>\n<p><strong>Potente motor<\/strong><br \/>\nSe pone en marcha autom\u00e1ticamente cuando se aplica presi\u00f3n al cono exprimidor<\/p>\n<p><strong>Mango asistido por presi\u00f3n<\/strong><br \/>\nPermite exprimir los c\u00edtricos r\u00e1pidamente y sin esfuerzo<\/p>\n<p><strong>Doble interruptor de seguridad<\/strong><br \/>\nEl cono no puede girar a menos que el brazo est\u00e9 completamente bajado y se aplique suficiente presi\u00f3n al cono<\/p>\n<p><strong>Garant\u00eda<\/strong><br \/>\n2 a\u00f1os de garant\u00eda para reparaci\u00f3n, sustituci\u00f3n o reembolso (a discreci\u00f3n exclusiva de Sage Appliances)<\/p>\n<p><strong>No se vende fuera de Europa<\/strong><\/p>\n","protected":false},"excerpt":{"rendered":"<p>Cono exprimidor Quadra-Fin\u2122 Nuestro cono exprimidor tiene ranuras que permiten extraer hasta la \u00faltima gota de zumo de c\u00edtricos de<\/p>\n","protected":false},"featured_media":347700,"template":"","meta":{"_acf_changed":false,"inline_featured_image":false},"product_cat":[16078,16073],"product_tag":[22062,16673],"acf":[],"yoast_head":"<!-- This site is optimized with the Yoast SEO Premium plugin v18.6 (Yoast SEO v19.13) - https:\/\/yoast.com\/wordpress\/plugins\/seo\/ -->\n<title>SAGE The Citrus Press Pro - Erresse Shop<\/title>\n<meta name=\"description\" content=\"Cono exprimidor Quadra-Fin\u2122 Nuestro cono exprimidor tiene ranuras que permiten extraer hasta la \u00faltima gota de zumo de c\u00edtricos de cualquier tama\u00f1o.\" \/>\n<meta name=\"robots\" content=\"index, follow, max-snippet:-1, max-image-preview:large, max-video-preview:-1\" \/>\n<link rel=\"canonical\" href=\"https:\/\/www.erresse-shop.it\/es\/shop\/pequenos-electrodomesticos\/exprimidores\/sage-the-citrus-press-pro\/\" \/>\n<meta property=\"og:locale\" content=\"es_ES\" \/>\n<meta property=\"og:type\" content=\"article\" \/>\n<meta property=\"og:title\" content=\"SAGE The Citrus Press Pro\" \/>\n<meta property=\"og:description\" content=\"Cono exprimidor Quadra-Fin\u2122 Nuestro cono exprimidor tiene ranuras que permiten extraer hasta la \u00faltima gota de zumo de c\u00edtricos de cualquier tama\u00f1o.\" \/>\n<meta property=\"og:url\" content=\"https:\/\/www.erresse-shop.it\/es\/shop\/pequenos-electrodomesticos\/exprimidores\/sage-the-citrus-press-pro\/\" \/>\n<meta property=\"og:site_name\" content=\"Erresse Shop\" \/>\n<meta property=\"article:modified_time\" content=\"2024-04-15T00:04:15+00:00\" \/>\n<meta property=\"og:image\" content=\"https:\/\/www.erresse-shop.it\/wp-content\/uploads\/2023\/11\/SAGE-The-Citrus-Press-Pro.jpg\" \/>\n\t<meta property=\"og:image:width\" content=\"800\" \/>\n\t<meta property=\"og:image:height\" content=\"800\" \/>\n\t<meta property=\"og:image:type\" content=\"image\/jpeg\" \/>\n<meta name=\"twitter:card\" content=\"summary_large_image\" \/>\n<script type=\"application\/ld+json\" class=\"yoast-schema-graph\">{\"@context\":\"https:\/\/schema.org\",\"@graph\":[{\"@type\":\"WebPage\",\"@id\":\"https:\/\/www.erresse-shop.it\/es\/shop\/pequenos-electrodomesticos\/exprimidores\/sage-the-citrus-press-pro\/\",\"url\":\"https:\/\/www.erresse-shop.it\/es\/shop\/pequenos-electrodomesticos\/exprimidores\/sage-the-citrus-press-pro\/\",\"name\":\"SAGE The Citrus Press Pro - Erresse Shop\",\"isPartOf\":{\"@id\":\"https:\/\/www.erresse-shop.it\/es\/#website\"},\"datePublished\":\"2023-11-10T14:48:49+00:00\",\"dateModified\":\"2024-04-15T00:04:15+00:00\",\"description\":\"Cono exprimidor Quadra-Fin\u2122 Nuestro cono exprimidor tiene ranuras que permiten extraer hasta la \u00faltima gota de zumo de c\u00edtricos de cualquier tama\u00f1o.\",\"breadcrumb\":{\"@id\":\"https:\/\/www.erresse-shop.it\/es\/shop\/pequenos-electrodomesticos\/exprimidores\/sage-the-citrus-press-pro\/#breadcrumb\"},\"inLanguage\":\"es\",\"potentialAction\":[{\"@type\":\"ReadAction\",\"target\":[\"https:\/\/www.erresse-shop.it\/es\/shop\/pequenos-electrodomesticos\/exprimidores\/sage-the-citrus-press-pro\/\"]}]},{\"@type\":\"BreadcrumbList\",\"@id\":\"https:\/\/www.erresse-shop.it\/es\/shop\/pequenos-electrodomesticos\/exprimidores\/sage-the-citrus-press-pro\/#breadcrumb\",\"itemListElement\":[{\"@type\":\"ListItem\",\"position\":1,\"name\":\"Home\",\"item\":\"https:\/\/www.erresse-shop.it\/es\/\"},{\"@type\":\"ListItem\",\"position\":2,\"name\":\"Shop\",\"item\":\"https:\/\/www.erresse-shop.it\/es\/shop\/\"},{\"@type\":\"ListItem\",\"position\":3,\"name\":\"SAGE The Citrus Press Pro\"}]},{\"@type\":\"WebSite\",\"@id\":\"https:\/\/www.erresse-shop.it\/es\/#website\",\"url\":\"https:\/\/www.erresse-shop.it\/es\/\",\"name\":\"Erresse Shop\",\"description\":\"Articoli di qualit\u00e0 per la casa\",\"potentialAction\":[{\"@type\":\"SearchAction\",\"target\":{\"@type\":\"EntryPoint\",\"urlTemplate\":\"https:\/\/www.erresse-shop.it\/es\/?s={search_term_string}\"},\"query-input\":\"required name=search_term_string\"}],\"inLanguage\":\"es\"}]}<\/script>\n<!-- \/ Yoast SEO Premium plugin. -->","yoast_head_json":{"title":"SAGE The Citrus Press Pro - Erresse Shop","description":"Cono exprimidor Quadra-Fin\u2122 Nuestro cono exprimidor tiene ranuras que permiten extraer hasta la \u00faltima gota de zumo de c\u00edtricos de cualquier tama\u00f1o.","robots":{"index":"index","follow":"follow","max-snippet":"max-snippet:-1","max-image-preview":"max-image-preview:large","max-video-preview":"max-video-preview:-1"},"canonical":"https:\/\/www.erresse-shop.it\/es\/shop\/pequenos-electrodomesticos\/exprimidores\/sage-the-citrus-press-pro\/","og_locale":"es_ES","og_type":"article","og_title":"SAGE The Citrus Press Pro","og_description":"Cono exprimidor Quadra-Fin\u2122 Nuestro cono exprimidor tiene ranuras que permiten extraer hasta la \u00faltima gota de zumo de c\u00edtricos de cualquier tama\u00f1o.","og_url":"https:\/\/www.erresse-shop.it\/es\/shop\/pequenos-electrodomesticos\/exprimidores\/sage-the-citrus-press-pro\/","og_site_name":"Erresse Shop","article_modified_time":"2024-04-15T00:04:15+00:00","og_image":[{"width":800,"height":800,"url":"https:\/\/www.erresse-shop.it\/wp-content\/uploads\/2023\/11\/SAGE-The-Citrus-Press-Pro.jpg","type":"image\/jpeg"}],"twitter_card":"summary_large_image","schema":{"@context":"https:\/\/schema.org","@graph":[{"@type":"WebPage","@id":"https:\/\/www.erresse-shop.it\/es\/shop\/pequenos-electrodomesticos\/exprimidores\/sage-the-citrus-press-pro\/","url":"https:\/\/www.erresse-shop.it\/es\/shop\/pequenos-electrodomesticos\/exprimidores\/sage-the-citrus-press-pro\/","name":"SAGE The Citrus Press Pro - Erresse Shop","isPartOf":{"@id":"https:\/\/www.erresse-shop.it\/es\/#website"},"datePublished":"2023-11-10T14:48:49+00:00","dateModified":"2024-04-15T00:04:15+00:00","description":"Cono exprimidor Quadra-Fin\u2122 Nuestro cono exprimidor tiene ranuras que permiten extraer hasta la \u00faltima gota de zumo de c\u00edtricos de cualquier tama\u00f1o.","breadcrumb":{"@id":"https:\/\/www.erresse-shop.it\/es\/shop\/pequenos-electrodomesticos\/exprimidores\/sage-the-citrus-press-pro\/#breadcrumb"},"inLanguage":"es","potentialAction":[{"@type":"ReadAction","target":["https:\/\/www.erresse-shop.it\/es\/shop\/pequenos-electrodomesticos\/exprimidores\/sage-the-citrus-press-pro\/"]}]},{"@type":"BreadcrumbList","@id":"https:\/\/www.erresse-shop.it\/es\/shop\/pequenos-electrodomesticos\/exprimidores\/sage-the-citrus-press-pro\/#breadcrumb","itemListElement":[{"@type":"ListItem","position":1,"name":"Home","item":"https:\/\/www.erresse-shop.it\/es\/"},{"@type":"ListItem","position":2,"name":"Shop","item":"https:\/\/www.erresse-shop.it\/es\/shop\/"},{"@type":"ListItem","position":3,"name":"SAGE The Citrus Press Pro"}]},{"@type":"WebSite","@id":"https:\/\/www.erresse-shop.it\/es\/#website","url":"https:\/\/www.erresse-shop.it\/es\/","name":"Erresse Shop","description":"Articoli di qualit\u00e0 per la casa","potentialAction":[{"@type":"SearchAction","target":{"@type":"EntryPoint","urlTemplate":"https:\/\/www.erresse-shop.it\/es\/?s={search_term_string}"},"query-input":"required name=search_term_string"}],"inLanguage":"es"}]}},"df_price":259.9,"df_sale_price":259.9,"df_regular_price":259.9,"df_image_link":"https:\/\/www.erresse-shop.it\/wp-content\/uploads\/2023\/11\/SAGE-The-Citrus-Press-Pro-300x300.jpg","_links":{"self":[{"href":"https:\/\/www.erresse-shop.it\/es\/wp-json\/wp\/v2\/product\/347651"}],"collection":[{"href":"https:\/\/www.erresse-shop.it\/es\/wp-json\/wp\/v2\/product"}],"about":[{"href":"https:\/\/www.erresse-shop.it\/es\/wp-json\/wp\/v2\/types\/product"}],"wp:featuredmedia":[{"embeddable":true,"href":"https:\/\/www.erresse-shop.it\/es\/wp-json\/wp\/v2\/media\/347700"}],"wp:attachment":[{"href":"https:\/\/www.erresse-shop.it\/es\/wp-json\/wp\/v2\/media?parent=347651"}],"wp:term":[{"taxonomy":"product_cat","embeddable":true,"href":"https:\/\/www.erresse-shop.it\/es\/wp-json\/wp\/v2\/product_cat?post=347651"},{"taxonomy":"product_tag","embeddable":true,"href":"https:\/\/www.erresse-shop.it\/es\/wp-json\/wp\/v2\/product_tag?post=347651"}],"curies":[{"name":"wp","href":"https:\/\/api.w.org\/{rel}","templated":true}]}}