{"id":347585,"date":"2023-11-10T10:12:49","date_gmt":"2023-11-10T10:12:53","guid":{"rendered":"https:\/\/www.erresse-shop.it\/?post_type=product&#038;p=347585"},"modified":"2024-06-11T00:02:57","modified_gmt":"2024-06-11T00:02:57","slug":"sage-the-dose-control-pro-negro","status":"publish","type":"product","link":"https:\/\/www.erresse-shop.it\/es\/shop\/pequenos-electrodomesticos\/molinillos-de-cafe\/sage-the-dose-control-pro-negro\/","title":{"rendered":"SAGE The Dose Control Pro Negro"},"content":{"rendered":"<p>Controla la molienda de tus granos de caf\u00e9 reci\u00e9n tostados con 60 ajustes de precisi\u00f3n. El molido c\u00f3nico de precisi\u00f3n de esta m\u00e1quina minimiza el calor desarrollado durante la molienda de los granos y preserva los aceites esenciales que liberan el sabor del caf\u00e9 fresco.<\/p>\n<p><strong>Dosificaci\u00f3n f\u00e1cil<\/strong><br \/>\nEl Dose Control Pro permite moler el caf\u00e9 directamente en el portafiltro, el filtro de oro o los filtros de papel. La elecci\u00f3n es tuya.<\/p>\n<p><strong>60 ajustes de molienda<\/strong><br \/>\nEsta amplia gama de ajustes le permite conseguir un molido fino adecuado para el caf\u00e9 espresso o un molido grueso para la cafetera de \u00e9mbolo.<\/p>\n<p><strong>Temporizador electr\u00f3nico de precisi\u00f3n<\/strong><br \/>\nAjuste el tiempo de molienda en incrementos de 1 segundo y obtenga la dosis perfecta para cualquier tama\u00f1o de molienda.<\/p>\n<p><strong>Mecanismo de molienda<\/strong><br \/>\nLos molinillos c\u00f3nicos de acero inoxidable est\u00e1n dise\u00f1ados para minimizar el calor desarrollado durante la molienda y preservar los aceites esenciales contenidos en los granos de caf\u00e9.<\/p>\n<p>Fuente de alimentaci\u00f3n: 130 W<br \/>\nCapacidad del portaplumillas: 340 gramos<br \/>\nDimensiones (ancho x fondo x alto): 20,4 x 16 x 34,2 cm<br \/>\nFunci\u00f3n: Muele el caf\u00e9 directamente en el portafiltro, el filtro de oro o los filtros de papel<br \/>\nGarant\u00eda: 2 a\u00f1os de garant\u00eda para reparaci\u00f3n, sustituci\u00f3n o reembolso (a discreci\u00f3n de Sage Appliances)<br \/>\nMolinillo integrado: Molinillos c\u00f3nicos de acero inoxidable<br \/>\nMecanismo de molienda: Los molinillos c\u00f3nicos de acero inoxidable est\u00e1n dise\u00f1ados para minimizar el calor desarrollado durante la molienda y preservar los aceites esenciales contenidos en los granos de caf\u00e9.<br \/>\nTensi\u00f3n: 220-240 voltios<\/p>\n<p><strong>Accesorios incluidos:<\/strong><\/p>\n<ul>\n<li>Carcasa del portafiltros-Peque\u00f1o 50-54 mm<\/li>\n<li>Carcasa del portafiltros-Grande 58 mm<\/li>\n<li>Cuchilla ajustable para nivelar la dosis-Nivela el caf\u00e9 molido para una extracci\u00f3n uniforme<\/li>\n<li>Incluye cuchilla intercambiable para portafiltros de 50 mm, 54 mm y 58 mm<\/li>\n<\/ul>\n<p><strong>No se vende fuera de Europa<\/strong><\/p>\n","protected":false},"excerpt":{"rendered":"<p>Controla la molienda de tus granos de caf\u00e9 reci\u00e9n tostados con 60 ajustes de precisi\u00f3n. El molido c\u00f3nico de precisi\u00f3n<\/p>\n","protected":false},"featured_media":348771,"template":"","meta":{"_acf_changed":false,"inline_featured_image":false},"product_cat":[25387,16073],"product_tag":[23574,23970],"acf":[],"yoast_head":"<!-- This site is optimized with the Yoast SEO Premium plugin v18.6 (Yoast SEO v19.13) - https:\/\/yoast.com\/wordpress\/plugins\/seo\/ -->\n<title>SAGE The Dose Control Pro Negro - Erresse Shop<\/title>\n<meta name=\"description\" content=\"Controla la molienda de tus granos de caf\u00e9 reci\u00e9n tostados con 60 ajustes de precisi\u00f3n. El molido c\u00f3nico de precisi\u00f3n de esta m\u00e1quina minimiza el calor\" \/>\n<meta name=\"robots\" content=\"index, follow, max-snippet:-1, max-image-preview:large, max-video-preview:-1\" \/>\n<link rel=\"canonical\" href=\"https:\/\/www.erresse-shop.it\/es\/shop\/pequenos-electrodomesticos\/molinillos-de-cafe\/sage-the-dose-control-pro-negro\/\" \/>\n<meta property=\"og:locale\" content=\"es_ES\" \/>\n<meta property=\"og:type\" content=\"article\" \/>\n<meta property=\"og:title\" content=\"SAGE The Dose Control Pro Negro\" \/>\n<meta property=\"og:description\" content=\"Controla la molienda de tus granos de caf\u00e9 reci\u00e9n tostados con 60 ajustes de precisi\u00f3n. El molido c\u00f3nico de precisi\u00f3n de esta m\u00e1quina minimiza el calor\" \/>\n<meta property=\"og:url\" content=\"https:\/\/www.erresse-shop.it\/es\/shop\/pequenos-electrodomesticos\/molinillos-de-cafe\/sage-the-dose-control-pro-negro\/\" \/>\n<meta property=\"og:site_name\" content=\"Erresse Shop\" \/>\n<meta property=\"article:modified_time\" content=\"2024-06-11T00:02:57+00:00\" \/>\n<meta property=\"og:image\" content=\"https:\/\/www.erresse-shop.it\/wp-content\/uploads\/2023\/11\/SAGE-The-Dose-Control-Pro-Nero-3.jpg\" \/>\n\t<meta property=\"og:image:width\" content=\"800\" \/>\n\t<meta property=\"og:image:height\" content=\"800\" \/>\n\t<meta property=\"og:image:type\" content=\"image\/jpeg\" \/>\n<meta name=\"twitter:card\" content=\"summary_large_image\" \/>\n<script type=\"application\/ld+json\" class=\"yoast-schema-graph\">{\"@context\":\"https:\/\/schema.org\",\"@graph\":[{\"@type\":\"WebPage\",\"@id\":\"https:\/\/www.erresse-shop.it\/es\/shop\/pequenos-electrodomesticos\/molinillos-de-cafe\/sage-the-dose-control-pro-negro\/\",\"url\":\"https:\/\/www.erresse-shop.it\/es\/shop\/pequenos-electrodomesticos\/molinillos-de-cafe\/sage-the-dose-control-pro-negro\/\",\"name\":\"SAGE The Dose Control Pro Negro - Erresse Shop\",\"isPartOf\":{\"@id\":\"https:\/\/www.erresse-shop.it\/es\/#website\"},\"datePublished\":\"2023-11-10T10:12:53+00:00\",\"dateModified\":\"2024-06-11T00:02:57+00:00\",\"description\":\"Controla la molienda de tus granos de caf\u00e9 reci\u00e9n tostados con 60 ajustes de precisi\u00f3n. El molido c\u00f3nico de precisi\u00f3n de esta m\u00e1quina minimiza el calor\",\"breadcrumb\":{\"@id\":\"https:\/\/www.erresse-shop.it\/es\/shop\/pequenos-electrodomesticos\/molinillos-de-cafe\/sage-the-dose-control-pro-negro\/#breadcrumb\"},\"inLanguage\":\"es\",\"potentialAction\":[{\"@type\":\"ReadAction\",\"target\":[\"https:\/\/www.erresse-shop.it\/es\/shop\/pequenos-electrodomesticos\/molinillos-de-cafe\/sage-the-dose-control-pro-negro\/\"]}]},{\"@type\":\"BreadcrumbList\",\"@id\":\"https:\/\/www.erresse-shop.it\/es\/shop\/pequenos-electrodomesticos\/molinillos-de-cafe\/sage-the-dose-control-pro-negro\/#breadcrumb\",\"itemListElement\":[{\"@type\":\"ListItem\",\"position\":1,\"name\":\"Home\",\"item\":\"https:\/\/www.erresse-shop.it\/es\/\"},{\"@type\":\"ListItem\",\"position\":2,\"name\":\"Shop\",\"item\":\"https:\/\/www.erresse-shop.it\/es\/shop\/\"},{\"@type\":\"ListItem\",\"position\":3,\"name\":\"SAGE The Dose Control Pro Negro\"}]},{\"@type\":\"WebSite\",\"@id\":\"https:\/\/www.erresse-shop.it\/es\/#website\",\"url\":\"https:\/\/www.erresse-shop.it\/es\/\",\"name\":\"Erresse Shop\",\"description\":\"Articoli di qualit\u00e0 per la casa\",\"potentialAction\":[{\"@type\":\"SearchAction\",\"target\":{\"@type\":\"EntryPoint\",\"urlTemplate\":\"https:\/\/www.erresse-shop.it\/es\/?s={search_term_string}\"},\"query-input\":\"required name=search_term_string\"}],\"inLanguage\":\"es\"}]}<\/script>\n<!-- \/ Yoast SEO Premium plugin. -->","yoast_head_json":{"title":"SAGE The Dose Control Pro Negro - Erresse Shop","description":"Controla la molienda de tus granos de caf\u00e9 reci\u00e9n tostados con 60 ajustes de precisi\u00f3n. El molido c\u00f3nico de precisi\u00f3n de esta m\u00e1quina minimiza el calor","robots":{"index":"index","follow":"follow","max-snippet":"max-snippet:-1","max-image-preview":"max-image-preview:large","max-video-preview":"max-video-preview:-1"},"canonical":"https:\/\/www.erresse-shop.it\/es\/shop\/pequenos-electrodomesticos\/molinillos-de-cafe\/sage-the-dose-control-pro-negro\/","og_locale":"es_ES","og_type":"article","og_title":"SAGE The Dose Control Pro Negro","og_description":"Controla la molienda de tus granos de caf\u00e9 reci\u00e9n tostados con 60 ajustes de precisi\u00f3n. El molido c\u00f3nico de precisi\u00f3n de esta m\u00e1quina minimiza el calor","og_url":"https:\/\/www.erresse-shop.it\/es\/shop\/pequenos-electrodomesticos\/molinillos-de-cafe\/sage-the-dose-control-pro-negro\/","og_site_name":"Erresse Shop","article_modified_time":"2024-06-11T00:02:57+00:00","og_image":[{"width":800,"height":800,"url":"https:\/\/www.erresse-shop.it\/wp-content\/uploads\/2023\/11\/SAGE-The-Dose-Control-Pro-Nero-3.jpg","type":"image\/jpeg"}],"twitter_card":"summary_large_image","schema":{"@context":"https:\/\/schema.org","@graph":[{"@type":"WebPage","@id":"https:\/\/www.erresse-shop.it\/es\/shop\/pequenos-electrodomesticos\/molinillos-de-cafe\/sage-the-dose-control-pro-negro\/","url":"https:\/\/www.erresse-shop.it\/es\/shop\/pequenos-electrodomesticos\/molinillos-de-cafe\/sage-the-dose-control-pro-negro\/","name":"SAGE The Dose Control Pro Negro - Erresse Shop","isPartOf":{"@id":"https:\/\/www.erresse-shop.it\/es\/#website"},"datePublished":"2023-11-10T10:12:53+00:00","dateModified":"2024-06-11T00:02:57+00:00","description":"Controla la molienda de tus granos de caf\u00e9 reci\u00e9n tostados con 60 ajustes de precisi\u00f3n. El molido c\u00f3nico de precisi\u00f3n de esta m\u00e1quina minimiza el calor","breadcrumb":{"@id":"https:\/\/www.erresse-shop.it\/es\/shop\/pequenos-electrodomesticos\/molinillos-de-cafe\/sage-the-dose-control-pro-negro\/#breadcrumb"},"inLanguage":"es","potentialAction":[{"@type":"ReadAction","target":["https:\/\/www.erresse-shop.it\/es\/shop\/pequenos-electrodomesticos\/molinillos-de-cafe\/sage-the-dose-control-pro-negro\/"]}]},{"@type":"BreadcrumbList","@id":"https:\/\/www.erresse-shop.it\/es\/shop\/pequenos-electrodomesticos\/molinillos-de-cafe\/sage-the-dose-control-pro-negro\/#breadcrumb","itemListElement":[{"@type":"ListItem","position":1,"name":"Home","item":"https:\/\/www.erresse-shop.it\/es\/"},{"@type":"ListItem","position":2,"name":"Shop","item":"https:\/\/www.erresse-shop.it\/es\/shop\/"},{"@type":"ListItem","position":3,"name":"SAGE The Dose Control Pro Negro"}]},{"@type":"WebSite","@id":"https:\/\/www.erresse-shop.it\/es\/#website","url":"https:\/\/www.erresse-shop.it\/es\/","name":"Erresse Shop","description":"Articoli di qualit\u00e0 per la casa","potentialAction":[{"@type":"SearchAction","target":{"@type":"EntryPoint","urlTemplate":"https:\/\/www.erresse-shop.it\/es\/?s={search_term_string}"},"query-input":"required name=search_term_string"}],"inLanguage":"es"}]}},"df_price":189,"df_sale_price":189,"df_regular_price":219.9,"df_image_link":"https:\/\/www.erresse-shop.it\/wp-content\/uploads\/2023\/11\/SAGE-The-Dose-Control-Pro-Nero-3-300x300.jpg","_links":{"self":[{"href":"https:\/\/www.erresse-shop.it\/es\/wp-json\/wp\/v2\/product\/347585"}],"collection":[{"href":"https:\/\/www.erresse-shop.it\/es\/wp-json\/wp\/v2\/product"}],"about":[{"href":"https:\/\/www.erresse-shop.it\/es\/wp-json\/wp\/v2\/types\/product"}],"wp:featuredmedia":[{"embeddable":true,"href":"https:\/\/www.erresse-shop.it\/es\/wp-json\/wp\/v2\/media\/348771"}],"wp:attachment":[{"href":"https:\/\/www.erresse-shop.it\/es\/wp-json\/wp\/v2\/media?parent=347585"}],"wp:term":[{"taxonomy":"product_cat","embeddable":true,"href":"https:\/\/www.erresse-shop.it\/es\/wp-json\/wp\/v2\/product_cat?post=347585"},{"taxonomy":"product_tag","embeddable":true,"href":"https:\/\/www.erresse-shop.it\/es\/wp-json\/wp\/v2\/product_tag?post=347585"}],"curies":[{"name":"wp","href":"https:\/\/api.w.org\/{rel}","templated":true}]}}