{"id":342632,"date":"2023-10-27T08:15:29","date_gmt":"2023-10-27T08:15:36","guid":{"rendered":"https:\/\/www.erresse-shop.it\/?post_type=product&#038;p=342632"},"modified":"2023-11-03T09:30:45","modified_gmt":"2023-11-03T09:30:45","slug":"leonardo-milano-jarron-14-cm-blanco","status":"publish","type":"product","link":"https:\/\/www.erresse-shop.it\/es\/shop\/mobiliario\/jarrones\/leonardo-milano-jarron-14-cm-blanco\/","title":{"rendered":"LEONARDO Milano Jarr\u00f3n 14 cm Blanco"},"content":{"rendered":"<p>Crea un oasis de bienestar desde tu casa: con el jarr\u00f3n hecho a mano de la serie MILANO no hay nada m\u00e1s f\u00e1cil. D\u00e9jate llevar en un mundo moderno por este jarr\u00f3n, caracterizado por un hermoso tono gris que subraya su aspecto moderno y refinado. Mostrar su mirada a las cosas hermosas con este jarr\u00f3n Leonardo hecho a mano. Con cada producto hecho a mano se obtiene una pieza \u00fanica. Armonioso, moderno y con estilo, Leonardo te inspira en el dise\u00f1o de tu casa &#8211; juega con tu creatividad y crea un ambiente fant\u00e1stico e individual. Decoraci\u00f3n para enamorarse, no lo pienses demasiado. Compra hoy y haz que tu decoraci\u00f3n sea a\u00fan m\u00e1s variada: con el jarr\u00f3n gris.<\/p>\n<p><strong>Detalles<\/strong>:<\/p>\n<p>Material: vidrio<\/p>\n<p>Pa\u00eds de fabricaci\u00f3n: Europa<\/p>\n","protected":false},"excerpt":{"rendered":"<p>Crea un oasis de bienestar desde tu casa: con el jarr\u00f3n hecho a mano de la serie MILANO no hay<\/p>\n","protected":false},"featured_media":342643,"template":"","meta":{"_acf_changed":false,"inline_featured_image":false},"product_cat":[16024,16016],"product_tag":[19361,23662,24430,16122,23877,23884,25023,16308],"acf":[],"yoast_head":"<!-- This site is optimized with the Yoast SEO Premium plugin v18.6 (Yoast SEO v19.13) - https:\/\/yoast.com\/wordpress\/plugins\/seo\/ -->\n<title>LEONARDO Milano Jarr\u00f3n 14 cm Blanco - Erresse Shop<\/title>\n<meta name=\"description\" content=\"Crea un oasis de bienestar desde tu casa: con el jarr\u00f3n hecho a mano de la serie MILANO no hay nada m\u00e1s f\u00e1cil. D\u00e9jate llevar en un mundo moderno por este\" \/>\n<meta name=\"robots\" content=\"index, follow, max-snippet:-1, max-image-preview:large, max-video-preview:-1\" \/>\n<link rel=\"canonical\" href=\"https:\/\/www.erresse-shop.it\/es\/shop\/mobiliario\/jarrones\/leonardo-milano-jarron-14-cm-blanco\/\" \/>\n<meta property=\"og:locale\" content=\"es_ES\" \/>\n<meta property=\"og:type\" content=\"article\" \/>\n<meta property=\"og:title\" content=\"LEONARDO Milano Jarr\u00f3n 14 cm Blanco\" \/>\n<meta property=\"og:description\" content=\"Crea un oasis de bienestar desde tu casa: con el jarr\u00f3n hecho a mano de la serie MILANO no hay nada m\u00e1s f\u00e1cil. D\u00e9jate llevar en un mundo moderno por este\" \/>\n<meta property=\"og:url\" content=\"https:\/\/www.erresse-shop.it\/es\/shop\/mobiliario\/jarrones\/leonardo-milano-jarron-14-cm-blanco\/\" \/>\n<meta property=\"og:site_name\" content=\"Erresse Shop\" \/>\n<meta property=\"article:modified_time\" content=\"2023-11-03T09:30:45+00:00\" \/>\n<meta property=\"og:image\" content=\"https:\/\/www.erresse-shop.it\/wp-content\/uploads\/2023\/10\/Leonardo-milano-14-cm-bianco.jpg\" \/>\n\t<meta property=\"og:image:width\" content=\"800\" \/>\n\t<meta property=\"og:image:height\" content=\"800\" \/>\n\t<meta property=\"og:image:type\" content=\"image\/jpeg\" \/>\n<meta name=\"twitter:card\" content=\"summary_large_image\" \/>\n<script type=\"application\/ld+json\" class=\"yoast-schema-graph\">{\"@context\":\"https:\/\/schema.org\",\"@graph\":[{\"@type\":\"WebPage\",\"@id\":\"https:\/\/www.erresse-shop.it\/es\/shop\/mobiliario\/jarrones\/leonardo-milano-jarron-14-cm-blanco\/\",\"url\":\"https:\/\/www.erresse-shop.it\/es\/shop\/mobiliario\/jarrones\/leonardo-milano-jarron-14-cm-blanco\/\",\"name\":\"LEONARDO Milano Jarr\u00f3n 14 cm Blanco - Erresse Shop\",\"isPartOf\":{\"@id\":\"https:\/\/www.erresse-shop.it\/es\/#website\"},\"datePublished\":\"2023-10-27T08:15:36+00:00\",\"dateModified\":\"2023-11-03T09:30:45+00:00\",\"description\":\"Crea un oasis de bienestar desde tu casa: con el jarr\u00f3n hecho a mano de la serie MILANO no hay nada m\u00e1s f\u00e1cil. D\u00e9jate llevar en un mundo moderno por este\",\"breadcrumb\":{\"@id\":\"https:\/\/www.erresse-shop.it\/es\/shop\/mobiliario\/jarrones\/leonardo-milano-jarron-14-cm-blanco\/#breadcrumb\"},\"inLanguage\":\"es\",\"potentialAction\":[{\"@type\":\"ReadAction\",\"target\":[\"https:\/\/www.erresse-shop.it\/es\/shop\/mobiliario\/jarrones\/leonardo-milano-jarron-14-cm-blanco\/\"]}]},{\"@type\":\"BreadcrumbList\",\"@id\":\"https:\/\/www.erresse-shop.it\/es\/shop\/mobiliario\/jarrones\/leonardo-milano-jarron-14-cm-blanco\/#breadcrumb\",\"itemListElement\":[{\"@type\":\"ListItem\",\"position\":1,\"name\":\"Home\",\"item\":\"https:\/\/www.erresse-shop.it\/es\/\"},{\"@type\":\"ListItem\",\"position\":2,\"name\":\"Shop\",\"item\":\"https:\/\/www.erresse-shop.it\/es\/shop\/\"},{\"@type\":\"ListItem\",\"position\":3,\"name\":\"LEONARDO Milano Jarr\u00f3n 14 cm Blanco\"}]},{\"@type\":\"WebSite\",\"@id\":\"https:\/\/www.erresse-shop.it\/es\/#website\",\"url\":\"https:\/\/www.erresse-shop.it\/es\/\",\"name\":\"Erresse Shop\",\"description\":\"Articoli di qualit\u00e0 per la casa\",\"potentialAction\":[{\"@type\":\"SearchAction\",\"target\":{\"@type\":\"EntryPoint\",\"urlTemplate\":\"https:\/\/www.erresse-shop.it\/es\/?s={search_term_string}\"},\"query-input\":\"required name=search_term_string\"}],\"inLanguage\":\"es\"}]}<\/script>\n<!-- \/ Yoast SEO Premium plugin. -->","yoast_head_json":{"title":"LEONARDO Milano Jarr\u00f3n 14 cm Blanco - Erresse Shop","description":"Crea un oasis de bienestar desde tu casa: con el jarr\u00f3n hecho a mano de la serie MILANO no hay nada m\u00e1s f\u00e1cil. D\u00e9jate llevar en un mundo moderno por este","robots":{"index":"index","follow":"follow","max-snippet":"max-snippet:-1","max-image-preview":"max-image-preview:large","max-video-preview":"max-video-preview:-1"},"canonical":"https:\/\/www.erresse-shop.it\/es\/shop\/mobiliario\/jarrones\/leonardo-milano-jarron-14-cm-blanco\/","og_locale":"es_ES","og_type":"article","og_title":"LEONARDO Milano Jarr\u00f3n 14 cm Blanco","og_description":"Crea un oasis de bienestar desde tu casa: con el jarr\u00f3n hecho a mano de la serie MILANO no hay nada m\u00e1s f\u00e1cil. D\u00e9jate llevar en un mundo moderno por este","og_url":"https:\/\/www.erresse-shop.it\/es\/shop\/mobiliario\/jarrones\/leonardo-milano-jarron-14-cm-blanco\/","og_site_name":"Erresse Shop","article_modified_time":"2023-11-03T09:30:45+00:00","og_image":[{"width":800,"height":800,"url":"https:\/\/www.erresse-shop.it\/wp-content\/uploads\/2023\/10\/Leonardo-milano-14-cm-bianco.jpg","type":"image\/jpeg"}],"twitter_card":"summary_large_image","schema":{"@context":"https:\/\/schema.org","@graph":[{"@type":"WebPage","@id":"https:\/\/www.erresse-shop.it\/es\/shop\/mobiliario\/jarrones\/leonardo-milano-jarron-14-cm-blanco\/","url":"https:\/\/www.erresse-shop.it\/es\/shop\/mobiliario\/jarrones\/leonardo-milano-jarron-14-cm-blanco\/","name":"LEONARDO Milano Jarr\u00f3n 14 cm Blanco - Erresse Shop","isPartOf":{"@id":"https:\/\/www.erresse-shop.it\/es\/#website"},"datePublished":"2023-10-27T08:15:36+00:00","dateModified":"2023-11-03T09:30:45+00:00","description":"Crea un oasis de bienestar desde tu casa: con el jarr\u00f3n hecho a mano de la serie MILANO no hay nada m\u00e1s f\u00e1cil. D\u00e9jate llevar en un mundo moderno por este","breadcrumb":{"@id":"https:\/\/www.erresse-shop.it\/es\/shop\/mobiliario\/jarrones\/leonardo-milano-jarron-14-cm-blanco\/#breadcrumb"},"inLanguage":"es","potentialAction":[{"@type":"ReadAction","target":["https:\/\/www.erresse-shop.it\/es\/shop\/mobiliario\/jarrones\/leonardo-milano-jarron-14-cm-blanco\/"]}]},{"@type":"BreadcrumbList","@id":"https:\/\/www.erresse-shop.it\/es\/shop\/mobiliario\/jarrones\/leonardo-milano-jarron-14-cm-blanco\/#breadcrumb","itemListElement":[{"@type":"ListItem","position":1,"name":"Home","item":"https:\/\/www.erresse-shop.it\/es\/"},{"@type":"ListItem","position":2,"name":"Shop","item":"https:\/\/www.erresse-shop.it\/es\/shop\/"},{"@type":"ListItem","position":3,"name":"LEONARDO Milano Jarr\u00f3n 14 cm Blanco"}]},{"@type":"WebSite","@id":"https:\/\/www.erresse-shop.it\/es\/#website","url":"https:\/\/www.erresse-shop.it\/es\/","name":"Erresse Shop","description":"Articoli di qualit\u00e0 per la casa","potentialAction":[{"@type":"SearchAction","target":{"@type":"EntryPoint","urlTemplate":"https:\/\/www.erresse-shop.it\/es\/?s={search_term_string}"},"query-input":"required name=search_term_string"}],"inLanguage":"es"}]}},"df_price":19.95,"df_sale_price":19.95,"df_regular_price":36.95,"df_image_link":"https:\/\/www.erresse-shop.it\/wp-content\/uploads\/2023\/10\/Leonardo-milano-14-cm-bianco-300x300.jpg","_links":{"self":[{"href":"https:\/\/www.erresse-shop.it\/es\/wp-json\/wp\/v2\/product\/342632"}],"collection":[{"href":"https:\/\/www.erresse-shop.it\/es\/wp-json\/wp\/v2\/product"}],"about":[{"href":"https:\/\/www.erresse-shop.it\/es\/wp-json\/wp\/v2\/types\/product"}],"wp:featuredmedia":[{"embeddable":true,"href":"https:\/\/www.erresse-shop.it\/es\/wp-json\/wp\/v2\/media\/342643"}],"wp:attachment":[{"href":"https:\/\/www.erresse-shop.it\/es\/wp-json\/wp\/v2\/media?parent=342632"}],"wp:term":[{"taxonomy":"product_cat","embeddable":true,"href":"https:\/\/www.erresse-shop.it\/es\/wp-json\/wp\/v2\/product_cat?post=342632"},{"taxonomy":"product_tag","embeddable":true,"href":"https:\/\/www.erresse-shop.it\/es\/wp-json\/wp\/v2\/product_tag?post=342632"}],"curies":[{"name":"wp","href":"https:\/\/api.w.org\/{rel}","templated":true}]}}