{"id":341322,"date":"2023-10-24T12:49:22","date_gmt":"2023-10-24T12:49:23","guid":{"rendered":"https:\/\/www.erresse-shop.it\/?post_type=product&#038;p=341322"},"modified":"2023-10-25T06:23:15","modified_gmt":"2023-10-25T06:23:15","slug":"guzzini-tierra-jarra-con-tapa-arcilla","status":"publish","type":"product","link":"https:\/\/www.erresse-shop.it\/es\/shop\/tabla\/jarras-garaffas-botellas\/guzzini-tierra-jarra-con-tapa-arcilla\/","title":{"rendered":"GUZZINI Tierra Jarra con Tapa Arcilla"},"content":{"rendered":"<p>Una jarra de forma elegante con una pr\u00e1ctica tapa que protege el contenido, especialmente cuando est\u00e1 al aire libre. La rejilla incorporada permite verter el l\u00edquido sin derramar cubitos de hielo ni trozos de<\/p>\n<p>Detalle del color: Arcilla<br \/>\nDimensiones: 18,7 x 13,4 x h26,9 cm &#8211; 1800cc<br \/>\nMaterial: Pl\u00e1stico reciclado<br \/>\nDise\u00f1ador: Pio&amp;Tito Toso<br \/>\nFabricado en Italia<\/p>\n","protected":false},"excerpt":{"rendered":"<p>Una jarra de forma elegante con una pr\u00e1ctica tapa que protege el contenido, especialmente cuando est\u00e1 al aire libre. La<\/p>\n","protected":false},"featured_media":341319,"template":"","meta":{"_acf_changed":false,"inline_featured_image":false},"product_cat":[16029,16027],"product_tag":[25029,16384,22143,24871,23662,24430,16314,23835,24605,21823,25023],"acf":[],"yoast_head":"<!-- This site is optimized with the Yoast SEO Premium plugin v18.6 (Yoast SEO v19.13) - https:\/\/yoast.com\/wordpress\/plugins\/seo\/ -->\n<title>GUZZINI Tierra Jarra con Tapa Arcilla - Erresse Shop<\/title>\n<meta name=\"description\" content=\"Una jarra de forma elegante con una pr\u00e1ctica tapa que protege el contenido, especialmente cuando est\u00e1 al aire libre. La rejilla incorporada permite verter\" \/>\n<meta name=\"robots\" content=\"index, follow, max-snippet:-1, max-image-preview:large, max-video-preview:-1\" \/>\n<link rel=\"canonical\" href=\"https:\/\/www.erresse-shop.it\/es\/shop\/tabla\/jarras-garaffas-botellas\/guzzini-tierra-jarra-con-tapa-arcilla\/\" \/>\n<meta property=\"og:locale\" content=\"es_ES\" \/>\n<meta property=\"og:type\" content=\"article\" \/>\n<meta property=\"og:title\" content=\"GUZZINI Tierra Jarra con Tapa Arcilla\" \/>\n<meta property=\"og:description\" content=\"Una jarra de forma elegante con una pr\u00e1ctica tapa que protege el contenido, especialmente cuando est\u00e1 al aire libre. La rejilla incorporada permite verter\" \/>\n<meta property=\"og:url\" content=\"https:\/\/www.erresse-shop.it\/es\/shop\/tabla\/jarras-garaffas-botellas\/guzzini-tierra-jarra-con-tapa-arcilla\/\" \/>\n<meta property=\"og:site_name\" content=\"Erresse Shop\" \/>\n<meta property=\"article:modified_time\" content=\"2023-10-25T06:23:15+00:00\" \/>\n<meta property=\"og:image\" content=\"https:\/\/www.erresse-shop.it\/wp-content\/uploads\/2020\/09\/GUZZINI-Tierra-Caraffa-con-Coperchio.jpg\" \/>\n\t<meta property=\"og:image:width\" content=\"800\" \/>\n\t<meta property=\"og:image:height\" content=\"800\" \/>\n\t<meta property=\"og:image:type\" content=\"image\/jpeg\" \/>\n<meta name=\"twitter:card\" content=\"summary_large_image\" \/>\n<script type=\"application\/ld+json\" class=\"yoast-schema-graph\">{\"@context\":\"https:\/\/schema.org\",\"@graph\":[{\"@type\":\"WebPage\",\"@id\":\"https:\/\/www.erresse-shop.it\/es\/shop\/tabla\/jarras-garaffas-botellas\/guzzini-tierra-jarra-con-tapa-arcilla\/\",\"url\":\"https:\/\/www.erresse-shop.it\/es\/shop\/tabla\/jarras-garaffas-botellas\/guzzini-tierra-jarra-con-tapa-arcilla\/\",\"name\":\"GUZZINI Tierra Jarra con Tapa Arcilla - Erresse Shop\",\"isPartOf\":{\"@id\":\"https:\/\/www.erresse-shop.it\/es\/#website\"},\"datePublished\":\"2023-10-24T12:49:23+00:00\",\"dateModified\":\"2023-10-25T06:23:15+00:00\",\"description\":\"Una jarra de forma elegante con una pr\u00e1ctica tapa que protege el contenido, especialmente cuando est\u00e1 al aire libre. La rejilla incorporada permite verter\",\"breadcrumb\":{\"@id\":\"https:\/\/www.erresse-shop.it\/es\/shop\/tabla\/jarras-garaffas-botellas\/guzzini-tierra-jarra-con-tapa-arcilla\/#breadcrumb\"},\"inLanguage\":\"es\",\"potentialAction\":[{\"@type\":\"ReadAction\",\"target\":[\"https:\/\/www.erresse-shop.it\/es\/shop\/tabla\/jarras-garaffas-botellas\/guzzini-tierra-jarra-con-tapa-arcilla\/\"]}]},{\"@type\":\"BreadcrumbList\",\"@id\":\"https:\/\/www.erresse-shop.it\/es\/shop\/tabla\/jarras-garaffas-botellas\/guzzini-tierra-jarra-con-tapa-arcilla\/#breadcrumb\",\"itemListElement\":[{\"@type\":\"ListItem\",\"position\":1,\"name\":\"Home\",\"item\":\"https:\/\/www.erresse-shop.it\/es\/\"},{\"@type\":\"ListItem\",\"position\":2,\"name\":\"Shop\",\"item\":\"https:\/\/www.erresse-shop.it\/es\/shop\/\"},{\"@type\":\"ListItem\",\"position\":3,\"name\":\"GUZZINI Tierra Jarra con Tapa Arcilla\"}]},{\"@type\":\"WebSite\",\"@id\":\"https:\/\/www.erresse-shop.it\/es\/#website\",\"url\":\"https:\/\/www.erresse-shop.it\/es\/\",\"name\":\"Erresse Shop\",\"description\":\"Articoli di qualit\u00e0 per la casa\",\"potentialAction\":[{\"@type\":\"SearchAction\",\"target\":{\"@type\":\"EntryPoint\",\"urlTemplate\":\"https:\/\/www.erresse-shop.it\/es\/?s={search_term_string}\"},\"query-input\":\"required name=search_term_string\"}],\"inLanguage\":\"es\"}]}<\/script>\n<!-- \/ Yoast SEO Premium plugin. -->","yoast_head_json":{"title":"GUZZINI Tierra Jarra con Tapa Arcilla - Erresse Shop","description":"Una jarra de forma elegante con una pr\u00e1ctica tapa que protege el contenido, especialmente cuando est\u00e1 al aire libre. La rejilla incorporada permite verter","robots":{"index":"index","follow":"follow","max-snippet":"max-snippet:-1","max-image-preview":"max-image-preview:large","max-video-preview":"max-video-preview:-1"},"canonical":"https:\/\/www.erresse-shop.it\/es\/shop\/tabla\/jarras-garaffas-botellas\/guzzini-tierra-jarra-con-tapa-arcilla\/","og_locale":"es_ES","og_type":"article","og_title":"GUZZINI Tierra Jarra con Tapa Arcilla","og_description":"Una jarra de forma elegante con una pr\u00e1ctica tapa que protege el contenido, especialmente cuando est\u00e1 al aire libre. La rejilla incorporada permite verter","og_url":"https:\/\/www.erresse-shop.it\/es\/shop\/tabla\/jarras-garaffas-botellas\/guzzini-tierra-jarra-con-tapa-arcilla\/","og_site_name":"Erresse Shop","article_modified_time":"2023-10-25T06:23:15+00:00","og_image":[{"width":800,"height":800,"url":"https:\/\/www.erresse-shop.it\/wp-content\/uploads\/2020\/09\/GUZZINI-Tierra-Caraffa-con-Coperchio.jpg","type":"image\/jpeg"}],"twitter_card":"summary_large_image","schema":{"@context":"https:\/\/schema.org","@graph":[{"@type":"WebPage","@id":"https:\/\/www.erresse-shop.it\/es\/shop\/tabla\/jarras-garaffas-botellas\/guzzini-tierra-jarra-con-tapa-arcilla\/","url":"https:\/\/www.erresse-shop.it\/es\/shop\/tabla\/jarras-garaffas-botellas\/guzzini-tierra-jarra-con-tapa-arcilla\/","name":"GUZZINI Tierra Jarra con Tapa Arcilla - Erresse Shop","isPartOf":{"@id":"https:\/\/www.erresse-shop.it\/es\/#website"},"datePublished":"2023-10-24T12:49:23+00:00","dateModified":"2023-10-25T06:23:15+00:00","description":"Una jarra de forma elegante con una pr\u00e1ctica tapa que protege el contenido, especialmente cuando est\u00e1 al aire libre. La rejilla incorporada permite verter","breadcrumb":{"@id":"https:\/\/www.erresse-shop.it\/es\/shop\/tabla\/jarras-garaffas-botellas\/guzzini-tierra-jarra-con-tapa-arcilla\/#breadcrumb"},"inLanguage":"es","potentialAction":[{"@type":"ReadAction","target":["https:\/\/www.erresse-shop.it\/es\/shop\/tabla\/jarras-garaffas-botellas\/guzzini-tierra-jarra-con-tapa-arcilla\/"]}]},{"@type":"BreadcrumbList","@id":"https:\/\/www.erresse-shop.it\/es\/shop\/tabla\/jarras-garaffas-botellas\/guzzini-tierra-jarra-con-tapa-arcilla\/#breadcrumb","itemListElement":[{"@type":"ListItem","position":1,"name":"Home","item":"https:\/\/www.erresse-shop.it\/es\/"},{"@type":"ListItem","position":2,"name":"Shop","item":"https:\/\/www.erresse-shop.it\/es\/shop\/"},{"@type":"ListItem","position":3,"name":"GUZZINI Tierra Jarra con Tapa Arcilla"}]},{"@type":"WebSite","@id":"https:\/\/www.erresse-shop.it\/es\/#website","url":"https:\/\/www.erresse-shop.it\/es\/","name":"Erresse Shop","description":"Articoli di qualit\u00e0 per la casa","potentialAction":[{"@type":"SearchAction","target":{"@type":"EntryPoint","urlTemplate":"https:\/\/www.erresse-shop.it\/es\/?s={search_term_string}"},"query-input":"required name=search_term_string"}],"inLanguage":"es"}]}},"df_price":14.95,"df_sale_price":14.95,"df_regular_price":26,"df_image_link":"https:\/\/www.erresse-shop.it\/wp-content\/uploads\/2020\/09\/GUZZINI-Tierra-Caraffa-con-Coperchio-300x300.jpg","_links":{"self":[{"href":"https:\/\/www.erresse-shop.it\/es\/wp-json\/wp\/v2\/product\/341322"}],"collection":[{"href":"https:\/\/www.erresse-shop.it\/es\/wp-json\/wp\/v2\/product"}],"about":[{"href":"https:\/\/www.erresse-shop.it\/es\/wp-json\/wp\/v2\/types\/product"}],"wp:featuredmedia":[{"embeddable":true,"href":"https:\/\/www.erresse-shop.it\/es\/wp-json\/wp\/v2\/media\/341319"}],"wp:attachment":[{"href":"https:\/\/www.erresse-shop.it\/es\/wp-json\/wp\/v2\/media?parent=341322"}],"wp:term":[{"taxonomy":"product_cat","embeddable":true,"href":"https:\/\/www.erresse-shop.it\/es\/wp-json\/wp\/v2\/product_cat?post=341322"},{"taxonomy":"product_tag","embeddable":true,"href":"https:\/\/www.erresse-shop.it\/es\/wp-json\/wp\/v2\/product_tag?post=341322"}],"curies":[{"name":"wp","href":"https:\/\/api.w.org\/{rel}","templated":true}]}}